{"id":113,"date":"2025-09-10T14:21:07","date_gmt":"2025-09-10T07:21:07","guid":{"rendered":"https:\/\/zcsggp.sa.com\/?page_id=113"},"modified":"2025-10-10T19:45:01","modified_gmt":"2025-10-10T12:45:01","slug":"khuyen-mai-hoan-tra","status":"publish","type":"page","link":"https:\/\/firstconsultingservices.com\/vi-vn\/khuyen-mai-hoan-tra\/","title":{"rendered":"Khuy\u1ebfn M\u00e3i Ho\u00e0n Tr\u1ea3"},"content":{"rendered":"<div id=\"ez-toc-container\" class=\"ez-toc-v2_0_76 counter-hierarchy ez-toc-counter ez-toc-grey ez-toc-container-direction\">\n<div class=\"ez-toc-title-container\">\n<p class=\"ez-toc-title\" style=\"cursor:inherit\">Table of Contents<\/p>\n<span class=\"ez-toc-title-toggle\"><a href=\"#\" class=\"ez-toc-pull-right ez-toc-btn ez-toc-btn-xs ez-toc-btn-default ez-toc-toggle\" aria-label=\"Toggle Table of Content\"><span class=\"ez-toc-js-icon-con\"><span class=\"\"><span class=\"eztoc-hide\" style=\"display:none;\">Toggle<\/span><span class=\"ez-toc-icon-toggle-span\"><svg style=\"fill: #999;color:#999\" xmlns=\"http:\/\/www.w3.org\/2000\/svg\" class=\"list-377408\" width=\"20px\" height=\"20px\" viewbox=\"0 0 24 24\" fill=\"none\"><path d=\"M6 6H4v2h2V6zm14 0H8v2h12V6zM4 11h2v2H4v-2zm16 0H8v2h12v-2zM4 16h2v2H4v-2zm16 0H8v2h12v-2z\" fill=\"currentColor\"><\/path><\/svg><svg style=\"fill: #999;color:#999\" class=\"arrow-unsorted-368013\" xmlns=\"http:\/\/www.w3.org\/2000\/svg\" width=\"10px\" height=\"10px\" viewbox=\"0 0 24 24\" version=\"1.2\" baseprofile=\"tiny\"><path d=\"M18.2 9.3l-6.2-6.3-6.2 6.3c-.2.2-.3.4-.3.7s.1.5.3.7c.2.2.4.3.7.3h11c.3 0 .5-.1.7-.3.2-.2.3-.5.3-.7s-.1-.5-.3-.7zM5.8 14.7l6.2 6.3 6.2-6.3c.2-.2.3-.5.3-.7s-.1-.5-.3-.7c-.2-.2-.4-.3-.7-.3h-11c-.3 0-.5.1-.7.3-.2.2-.3.5-.3.7s.1.5.3.7z\"\/><\/svg><\/span><\/span><\/span><\/a><\/span><\/div>\n<nav><ul class='ez-toc-list ez-toc-list-level-1' ><li class='ez-toc-page-1 ez-toc-heading-level-1'><a class=\"ez-toc-link ez-toc-heading-1\" href=\"https:\/\/firstconsultingservices.com\/vi-vn\/khuyen-mai-hoan-tra\/#Khuyen_Mai_Hoan_Tra_%E2%80%93_Sieu_Uu_Dai_Danh_Cho_Hoi_Vien_T9\" >Khuy\u1ebfn M\u00e3i Ho\u00e0n Tr\u1ea3 &#8211; Si\u00eau \u01afu \u0110\u00e3i D\u00e0nh Cho H\u1ed9i Vi\u00ean T9<\/a><ul class='ez-toc-list-level-2' ><li class='ez-toc-heading-level-2'><a class=\"ez-toc-link ez-toc-heading-2\" href=\"https:\/\/firstconsultingservices.com\/vi-vn\/khuyen-mai-hoan-tra\/#Vai_net_co_ban_can_biet_ve_khuyen_mai_hoan_tra\" >V\u00e0i n\u00e9t c\u01a1 b\u1ea3n c\u1ea7n bi\u1ebft v\u1ec1 khuy\u1ebfn m\u00e3i ho\u00e0n tr\u1ea3<\/a><\/li><li class='ez-toc-page-1 ez-toc-heading-level-2'><a class=\"ez-toc-link ez-toc-heading-3\" href=\"https:\/\/firstconsultingservices.com\/vi-vn\/khuyen-mai-hoan-tra\/#Chi_tiet_gia_tri_hoan_trong_quy_dinh\" >Chi ti\u1ebft gi\u00e1 tr\u1ecb ho\u00e0n trong quy \u0111\u1ecbnh\u00a0<\/a><ul class='ez-toc-list-level-3' ><li class='ez-toc-heading-level-3'><a class=\"ez-toc-link ez-toc-heading-4\" href=\"https:\/\/firstconsultingservices.com\/vi-vn\/khuyen-mai-hoan-tra\/#Dieu_kien_nhan_khuyen_mai_hoan_tra_tai_nha_cai\" >\u0110i\u1ec1u ki\u1ec7n nh\u1eadn khuy\u1ebfn m\u00e3i ho\u00e0n tr\u1ea3 t\u1ea1i nh\u00e0 c\u00e1i<\/a><\/li><li class='ez-toc-page-1 ez-toc-heading-level-3'><a class=\"ez-toc-link ez-toc-heading-5\" href=\"https:\/\/firstconsultingservices.com\/vi-vn\/khuyen-mai-hoan-tra\/#Ty_le_hoan_tai_sanh_ban_ca_no_hu\" >T\u1ef7 l\u1ec7 ho\u00e0n t\u1ea1i s\u1ea3nh b\u1eafn c\u00e1, n\u1ed5 h\u0169<\/a><\/li><li class='ez-toc-page-1 ez-toc-heading-level-3'><a class=\"ez-toc-link ez-toc-heading-6\" href=\"https:\/\/firstconsultingservices.com\/vi-vn\/khuyen-mai-hoan-tra\/#Tham_gia_the_thao_voi_uu_dai_khung\" >Tham gia th\u1ec3 thao v\u1edbi \u01b0u \u0111\u00e3i kh\u1ee7ng<\/a><\/li><\/ul><\/li><li class='ez-toc-page-1 ez-toc-heading-level-2'><a class=\"ez-toc-link ez-toc-heading-7\" href=\"https:\/\/firstconsultingservices.com\/vi-vn\/khuyen-mai-hoan-tra\/#Danh_gia_uu_diem_cua_chuong_trinh_hoan_tra\" >\u0110\u00e1nh gi\u00e1 \u01b0u \u0111i\u1ec3m c\u1ee7a ch\u01b0\u01a1ng tr\u00ecnh ho\u00e0n tr\u1ea3<\/a><\/li><li class='ez-toc-page-1 ez-toc-heading-level-2'><a class=\"ez-toc-link ez-toc-heading-8\" href=\"https:\/\/firstconsultingservices.com\/vi-vn\/khuyen-mai-hoan-tra\/#Chi_tiet_tung_buoc_nhan_khuyen_mai_hoan_tra_cho_tan_binh\" >Chi ti\u1ebft t\u1eebng b\u01b0\u1edbc nh\u1eadn khuy\u1ebfn m\u00e3i ho\u00e0n tr\u1ea3 cho t\u00e2n binh<\/a><\/li><li class='ez-toc-page-1 ez-toc-heading-level-2'><a class=\"ez-toc-link ez-toc-heading-9\" href=\"https:\/\/firstconsultingservices.com\/vi-vn\/khuyen-mai-hoan-tra\/#Ket_luan\" >K\u1ebft lu\u1eadn<\/a><\/li><\/ul><\/li><\/ul><\/nav><\/div>\n<h1 style=\"text-align: center;\"><span class=\"ez-toc-section\" id=\"Khuyen_Mai_Hoan_Tra_%E2%80%93_Sieu_Uu_Dai_Danh_Cho_Hoi_Vien_T9\"><\/span><b>Khuy\u1ebfn M\u00e3i Ho\u00e0n Tr\u1ea3 &#8211; Si\u00eau \u01afu \u0110\u00e3i D\u00e0nh Cho H\u1ed9i Vi\u00ean T9<\/b><span class=\"ez-toc-section-end\"><\/span><\/h1>\n<p><b>Khuy\u1ebfn m\u00e3i ho\u00e0n tr\u1ea3<\/b><span style=\"font-weight: 400;\"> t\u1ea1i <strong><a class=\"in-cell-link\" href=\"https:\/\/firstconsultingservices.com\/vi-vn\/\" target=\"_blank\" rel=\"noopener\">99OK<\/a><\/strong> \u0111ang l\u00e0m m\u01b0a l\u00e0m gi\u00f3 tr\u00ean th\u1ecb tr\u01b0\u1eddng khi mang l\u1ea1i gi\u00e1 tr\u1ecb kinh t\u1ebf cao. Th\u00e0nh vi\u00ean tham gia c\u00e1 c\u01b0\u1ee3c c\u1ea7n hi\u1ec3u r\u00f5 n\u1ed9i dung c\u01a1 b\u1ea3n \u0111\u1ec3 \u0111\u01b0a ra l\u1ef1a ch\u1ecdn ph\u00f9 h\u1ee3p, kh\u00f4ng b\u1ecf l\u1ee1 c\u01a1 h\u1ed9i nh\u1eadn th\u01b0\u1edfng gi\u00e1 tr\u1ecb.<\/span><\/p>\n<h2><span class=\"ez-toc-section\" id=\"Vai_net_co_ban_can_biet_ve_khuyen_mai_hoan_tra\"><\/span><b>V\u00e0i n\u00e9t c\u01a1 b\u1ea3n c\u1ea7n bi\u1ebft v\u1ec1 khuy\u1ebfn m\u00e3i ho\u00e0n tr\u1ea3<\/b><span class=\"ez-toc-section-end\"><\/span><\/h2>\n<p><span style=\"font-weight: 400;\">Nhi\u1ec1u ng\u01b0\u1eddi ch\u01a1i khi tham gia gi\u1ea3i tr\u00ed ch\u01b0a hi\u1ec3u r\u00f5 v\u1ec1 ch\u01b0\u01a1ng tr\u00ecnh n\u00e0y. \u0110\u00e2y l\u00e0 m\u1ed9t trong s\u1ed1 nh\u1eefng s\u1ef1 ki\u1ec7n h\u1ea5p d\u1eabn b\u1eadc nh\u1ea5t t\u1ea1i 99OK khi ho\u00e0n l\u1ea1i m\u1ed9t ph\u1ea7n ti\u1ec1n c\u01b0\u1ee3c tr\u00ean t\u1ed5ng \u0111\u1ea7u t\u01b0.<\/span><\/p>\n<figure id=\"attachment_135\" aria-describedby=\"caption-attachment-135\" style=\"width: 800px\" class=\"wp-caption aligncenter\"><img loading=\"lazy\" decoding=\"async\" class=\"size-full wp-image-135\" src=\"https:\/\/firstconsultingservices.com\/wp-content\/uploads\/2025\/09\/khuyen-mai-hoan-tra-99ok-la-mon-qua-tri-an-gia-tri-cao.jpg\" alt=\"Khuy\u1ebfn m\u00e3i ho\u00e0n tr\u1ea3 99OK l\u00e0 m\u00f3n qu\u00e0 tri \u00e2n gi\u00e1 tr\u1ecb cao\" width=\"800\" height=\"400\" title=\"\" srcset=\"https:\/\/firstconsultingservices.com\/wp-content\/uploads\/2025\/09\/khuyen-mai-hoan-tra-99ok-la-mon-qua-tri-an-gia-tri-cao.jpg 800w, https:\/\/firstconsultingservices.com\/wp-content\/uploads\/2025\/09\/khuyen-mai-hoan-tra-99ok-la-mon-qua-tri-an-gia-tri-cao-300x150.jpg 300w, https:\/\/firstconsultingservices.com\/wp-content\/uploads\/2025\/09\/khuyen-mai-hoan-tra-99ok-la-mon-qua-tri-an-gia-tri-cao-768x384.jpg 768w\" sizes=\"auto, (max-width: 800px) 100vw, 800px\" \/><figcaption id=\"caption-attachment-135\" class=\"wp-caption-text\">Khuy\u1ebfn m\u00e3i ho\u00e0n tr\u1ea3 99OK l\u00e0 m\u00f3n qu\u00e0 tri \u00e2n gi\u00e1 tr\u1ecb cao<\/figcaption><\/figure>\n<p><span style=\"font-weight: 400;\">Ch\u00ednh s\u00e1ch nh\u1eb1m h\u1ed7 tr\u1ee3 h\u1ea1n ch\u1ebf r\u1ee7i ro v\u1ec1 t\u00e0i ch\u00ednh \u0111\u1ed3ng th\u1eddi gi\u00fap h\u1ed9i vi\u00ean t\u1ed1i \u01b0u ngu\u1ed3n v\u1ed1n c\u01b0\u1ee3c. Th\u00e0nh vi\u00ean c\u00f3 th\u1ec3 duy tr\u00ec qu\u00e1 tr\u00ecnh gi\u1ea3i tr\u00ed d\u00e0i h\u1ea1n h\u01a1n nh\u1edd \u01b0u \u0111\u00e3i n\u00e0y. S\u1ef1 xu\u1ea5t hi\u1ec7n c\u1ee7a ch\u01b0\u01a1ng tr\u00ecnh gi\u00fap n\u1ec1n t\u1ea3ng thu h\u00fat s\u1ef1 quan t\u00e2m c\u1ee7a \u0111\u00f4ng \u0111\u1ea3o h\u1ed9i vi\u00ean.<\/span><\/p>\n<h2><span class=\"ez-toc-section\" id=\"Chi_tiet_gia_tri_hoan_trong_quy_dinh\"><\/span><b>Chi ti\u1ebft gi\u00e1 tr\u1ecb ho\u00e0n trong quy \u0111\u1ecbnh\u00a0<\/b><span class=\"ez-toc-section-end\"><\/span><\/h2>\n<p><span style=\"font-weight: 400;\">Ngay t\u1eeb khi ra m\u1eaft, ch\u01b0\u01a1ng tr\u00ecnh <strong><span data-sheets-root=\"1\">99ok com \u0111\u0103ng nh\u1eadp <\/span><\/strong>\u0111\u00e3 nh\u1eadn v\u1ec1 nhi\u1ec1u s\u1ef1 \u1ee7ng h\u1ed9 t\u1eeb h\u1ed9i vi\u00ean. M\u1ecdi ng\u01b0\u1eddi c\u1ea7n t\u00ecm hi\u1ec3u k\u1ef9 c\u00e0ng th\u00f4ng tin quan tr\u1ecdng \u0111\u1ec3 n\u1eafm b\u1eaft c\u01a1 h\u1ed9i hi\u1ebfm c\u00f3 n\u00e0y.<\/span><\/p>\n<h3><span class=\"ez-toc-section\" id=\"Dieu_kien_nhan_khuyen_mai_hoan_tra_tai_nha_cai\"><\/span><b>\u0110i\u1ec1u ki\u1ec7n nh\u1eadn khuy\u1ebfn m\u00e3i ho\u00e0n tr\u1ea3 t\u1ea1i nh\u00e0 c\u00e1i<\/b><span class=\"ez-toc-section-end\"><\/span><\/h3>\n<p><span style=\"font-weight: 400;\">Nh\u00e0 c\u00e1i lu\u00f4n mong mu\u1ed1n mang \u0111\u1ebfn m\u1ed9t s\u00e2n ch\u01a1i c\u00f4ng b\u1eb1ng, minh b\u1ea1ch. Do \u0111\u00f3, to\u00e0n b\u1ed9 h\u1ed9i vi\u00ean ph\u1ea3i \u0111\u00e1p \u1ee9ng nh\u1eefng y\u00eau c\u1ea7u c\u01a1 b\u1ea3n m\u00e0 th\u01b0\u01a1ng hi\u1ec7u \u0111\u1ec1 ra.<\/span><\/p>\n<ul>\n<li style=\"font-weight: 400;\" aria-level=\"1\"><span style=\"font-weight: 400;\">Ng\u01b0\u1eddi ch\u01a1i c\u1ea7n s\u1edf h\u1eefu t\u00e0i kho\u1ea3n ch\u00ednh ch\u1ee7 t\u1ea1i \u0111\u01a1n v\u1ecb. B\u1ea1n c\u1ea7n x\u00e1c th\u1ef1c b\u1eb1ng c\u00e1ch cung c\u1ea5p d\u1eef li\u1ec7u ch\u00ednh ch\u1ee7 cho h\u1ec7 th\u1ed1ng.<\/span><\/li>\n<li style=\"font-weight: 400;\" aria-level=\"1\"><span style=\"font-weight: 400;\">\u0110\u1ec3 d\u1ec5 d\u00e0ng r\u00fat ti\u1ec1n v\u1ec1 ng\u00e2n h\u00e0ng, m\u1ed7i ng\u01b0\u1eddi c\u1ea7n ho\u00e0n th\u00e0nh \u00edt nh\u1ea5t m\u1ed9t v\u00f2ng c\u01b0\u1ee3c h\u1ee3p l\u1ec7. Quy \u0111\u1ecbnh n\u00e0y nh\u1eb1m h\u1ea1n ch\u1ebf t\u00ecnh tr\u1ea1ng tr\u1ee5c l\u1ee3i, kh\u00f4ng tham gia gi\u1ea3i tr\u00ed nh\u01b0ng v\u1eabn mu\u1ed1n nh\u1eadn th\u01b0\u1edfng.<\/span><\/li>\n<li style=\"font-weight: 400;\" aria-level=\"1\"><span style=\"font-weight: 400;\">Th\u00e0nh vi\u00ean c\u1ea7n ch\u1eafc ch\u1eafn qu\u00e1 tr\u00ecnh c\u00e1 c\u01b0\u1ee3c kh\u00f4ng gian l\u1eadn. B\u1ea1n c\u1ea7n ph\u1ea3i tri\u1ec3n khai vi\u1ec7c gi\u1ea3i tr\u00ed m\u1ed9t c\u00e1ch trung th\u1ef1c. N\u1ebfu kh\u00f4ng \u0111\u00e1p \u1ee9ng y\u00eau c\u1ea7u n\u00e0y, th\u01b0\u01a1ng hi\u1ec7u s\u1ebd thu h\u1ed3i ti\u1ec1n<\/span><b> khuy\u1ebfn m\u00e3i ho\u00e0n tr\u1ea3.<\/b><\/li>\n<\/ul>\n<h3><span class=\"ez-toc-section\" id=\"Ty_le_hoan_tai_sanh_ban_ca_no_hu\"><\/span><b>T\u1ef7 l\u1ec7 ho\u00e0n t\u1ea1i s\u1ea3nh b\u1eafn c\u00e1, n\u1ed5 h\u0169<\/b><span class=\"ez-toc-section-end\"><\/span><\/h3>\n<p><span style=\"font-weight: 400;\">B\u1eafn c\u00e1 v\u00e0 n\u1ed5 h\u0169 \u0111\u01b0\u1ee3c bi\u1ebft \u0111\u1ebfn l\u00e0 hai d\u00f2ng game gi\u1ea3i tr\u00ed v\u00f4 c\u00f9ng h\u1ea5p d\u1eabn. \u0110\u1ed1i v\u1edbi h\u1ed9i vi\u00ean tham gia s\u1ea3nh c\u01b0\u1ee3c n\u00e0y, b\u1ea1n s\u1ebd nh\u1eadn v\u1ec1 ti\u1ec1n ho\u00e0n tr\u1ea3 t\u01b0\u01a1ng \u0111\u01b0\u01a1ng 2%.\u00a0<\/span><\/p>\n<figure id=\"attachment_134\" aria-describedby=\"caption-attachment-134\" style=\"width: 800px\" class=\"wp-caption aligncenter\"><img loading=\"lazy\" decoding=\"async\" class=\"size-full wp-image-134\" src=\"https:\/\/firstconsultingservices.com\/wp-content\/uploads\/2025\/09\/tien-hoan-tai-ban-ca-no-hu-len-den-2.jpg\" alt=\"Ti\u1ec1n ho\u00e0n t\u1ea1i b\u1eafn c\u00e1 n\u1ed5 h\u0169 l\u00ean \u0111\u1ebfn 2%\" width=\"800\" height=\"400\" title=\"\" srcset=\"https:\/\/firstconsultingservices.com\/wp-content\/uploads\/2025\/09\/tien-hoan-tai-ban-ca-no-hu-len-den-2.jpg 800w, https:\/\/firstconsultingservices.com\/wp-content\/uploads\/2025\/09\/tien-hoan-tai-ban-ca-no-hu-len-den-2-300x150.jpg 300w, https:\/\/firstconsultingservices.com\/wp-content\/uploads\/2025\/09\/tien-hoan-tai-ban-ca-no-hu-len-den-2-768x384.jpg 768w\" sizes=\"auto, (max-width: 800px) 100vw, 800px\" \/><figcaption id=\"caption-attachment-134\" class=\"wp-caption-text\">Ti\u1ec1n ho\u00e0n t\u1ea1i b\u1eafn c\u00e1 n\u1ed5 h\u0169 l\u00ean \u0111\u1ebfn 2%<\/figcaption><\/figure>\n<p><span style=\"font-weight: 400;\">T\u1ef7 l\u1ec7 n\u00e0y t\u01b0\u01a1ng \u0111\u1ed1i cao nh\u1eb1m gi\u00fap th\u00e0nh vi\u00ean gi\u1ea3m thi\u1ec3u t\u1ed5n th\u1ea5t. N\u1ec1n t\u1ea3ng\u00a0<strong><span data-sheets-root=\"1\">99ok 1.com<\/span><\/strong> s\u1ebd tr\u1ef1c ti\u1ebfp tr\u1ea3 ti\u1ec1n \u0111\u1ecbnh k\u1ef3 \u0111\u1ec3 m\u1ecdi ng\u01b0\u1eddi d\u1ec5 d\u00e0ng h\u01a1n trong vi\u1ec7c qu\u1ea3n l\u00fd v\u1ed1n.<\/span><\/p>\n<h3><span class=\"ez-toc-section\" id=\"Tham_gia_the_thao_voi_uu_dai_khung\"><\/span><b>Tham gia th\u1ec3 thao v\u1edbi \u01b0u \u0111\u00e3i kh\u1ee7ng<\/b><span class=\"ez-toc-section-end\"><\/span><\/h3>\n<p><span style=\"font-weight: 400;\">Th\u1ec3 thao n\u1ed5i b\u1eadt khi mang v\u1ec1 l\u01b0\u1ee3ng ng\u01b0\u1eddi ch\u01a1i kh\u1ee7ng. \u0110\u1ec3 \u0111\u1ea3m b\u1ea3o quy\u1ec1n l\u1ee3i c\u1ee7a h\u1ed9i vi\u00ean, s\u1ea3nh c\u01b0\u1ee3c s\u1edf h\u1eefu t\u1ef7 l\u1ec7 <\/span><a href=\"https:\/\/firstconsultingservices.com\/vi-vn\/khuyen-mai-hoan-tra\/\"><b>khuy\u1ebfn m\u00e3i ho\u00e0n tr\u1ea3<\/b><\/a><span style=\"font-weight: 400;\"> ri\u00eang. Ch\u00ednh s\u00e1ch d\u00e0nh ri\u00eang cho lo\u1ea1i h\u00ecnh c\u00e1 c\u01b0\u1ee3c n\u00e0y l\u00e0 1.6%.<\/span><\/p>\n<p><span style=\"font-weight: 400;\">S\u1ef1 ki\u1ec7n kh\u00f4ng c\u1ed1 \u0111\u1ecbnh m\u00e0 c\u00f3 th\u1ec3 \u0111i\u1ec1u ch\u1ec9nh t\u00f9y t\u1eebng th\u1eddi \u0111i\u1ec3m. Do \u0111\u00f3, h\u1ed9i vi\u00ean c\u1ea7n ph\u1ea3i th\u01b0\u1eddng xuy\u00ean c\u1eadp nh\u1eadt th\u00f4ng b\u00e1o t\u1ea1i n\u1ec1n t\u1ea3ng \u0111\u1ec3 t\u1eadn d\u1ee5ng tri\u1ec7t \u0111\u1ec3 c\u01a1 h\u1ed9i h\u1ea5p d\u1eabn n\u00e0y.<\/span><\/p>\n<h2><span class=\"ez-toc-section\" id=\"Danh_gia_uu_diem_cua_chuong_trinh_hoan_tra\"><\/span><b>\u0110\u00e1nh gi\u00e1 \u01b0u \u0111i\u1ec3m c\u1ee7a ch\u01b0\u01a1ng tr\u00ecnh ho\u00e0n tr\u1ea3<\/b><span class=\"ez-toc-section-end\"><\/span><\/h2>\n<p><b>Khuy\u1ebfn m\u00e3i ho\u00e0n tr\u1ea3<\/b><span style=\"font-weight: 400;\"> t\u1ea1i 99OK mang \u0111\u1ebfn nhi\u1ec1u \u01b0u \u0111i\u1ec3m n\u1ed5i b\u1eadt. \u0110\u00f3 c\u0169ng l\u00e0 l\u00fd do ng\u00e0y c\u00e0ng c\u00f3 nhi\u1ec1u ng\u01b0\u1eddi l\u1ef1a ch\u1ecdn \u0111\u1ed3ng h\u00e0nh c\u00f9ng th\u01b0\u01a1ng hi\u1ec7u<\/span><\/p>\n<figure id=\"attachment_133\" aria-describedby=\"caption-attachment-133\" style=\"width: 800px\" class=\"wp-caption aligncenter\"><img loading=\"lazy\" decoding=\"async\" class=\"size-full wp-image-133\" src=\"https:\/\/firstconsultingservices.com\/wp-content\/uploads\/2025\/09\/thuong-hieu-gay-an-tuong-voi-uu-diem-trong-uu-dai.jpg\" alt=\"Th\u01b0\u01a1ng hi\u1ec7u g\u00e2y \u1ea5n t\u01b0\u1ee3ng v\u1edbi \u01b0u \u0111i\u1ec3m trong \u01b0u \u0111\u00e3i\" width=\"800\" height=\"400\" title=\"\" srcset=\"https:\/\/firstconsultingservices.com\/wp-content\/uploads\/2025\/09\/thuong-hieu-gay-an-tuong-voi-uu-diem-trong-uu-dai.jpg 800w, https:\/\/firstconsultingservices.com\/wp-content\/uploads\/2025\/09\/thuong-hieu-gay-an-tuong-voi-uu-diem-trong-uu-dai-300x150.jpg 300w, https:\/\/firstconsultingservices.com\/wp-content\/uploads\/2025\/09\/thuong-hieu-gay-an-tuong-voi-uu-diem-trong-uu-dai-768x384.jpg 768w\" sizes=\"auto, (max-width: 800px) 100vw, 800px\" \/><figcaption id=\"caption-attachment-133\" class=\"wp-caption-text\">Th\u01b0\u01a1ng hi\u1ec7u g\u00e2y \u1ea5n t\u01b0\u1ee3ng v\u1edbi \u01b0u \u0111i\u1ec3m trong \u01b0u \u0111\u00e3i<\/figcaption><\/figure>\n<ul>\n<li style=\"font-weight: 400;\" aria-level=\"1\"><span style=\"font-weight: 400;\">Kh\u00f4ng gi\u1edbi h\u1ea1n: Th\u01b0\u01a1ng hi\u1ec7u kh\u00f4ng \u0111\u01b0a ra m\u1ee9c ti\u1ec1n t\u1ed1i \u0111a ng\u01b0\u1eddi ch\u01a1i c\u00f3 th\u1ec3 nh\u1eadn. Do \u0111\u00f3, th\u00e0nh vi\u00ean c\u00e0ng t\u00edch c\u1ef1c trong vi\u1ec7c \u0111\u1ea7u t\u01b0 c\u00e1 c\u01b0\u1ee3c th\u00ec ph\u1ea7n th\u01b0\u1edfng b\u1ea1n nh\u1eadn v\u1ec1 c\u00e0ng nhi\u1ec1u. Ch\u00ednh \u01b0u \u0111i\u1ec3m n\u00e0y gi\u00fap m\u1ecdi ng\u01b0\u1eddi c\u00f3 th\u00eam \u0111\u1ed9ng l\u1ef1c \u0111\u1ec3 tri\u1ec3n khai qu\u00e1 tr\u00ecnh gi\u1ea3i tr\u00ed hi\u1ec7u qu\u1ea3 h\u01a1n.<\/span><\/li>\n<li style=\"font-weight: 400;\" aria-level=\"1\"><span style=\"font-weight: 400;\">Tr\u1ea3 th\u01b0\u1edfng nhanh ch\u00f3ng: To\u00e0n b\u1ed9 giao d\u1ecbch \u0111\u1ec1u \u0111\u01b0\u1ee3c th\u1ef1c hi\u1ec7n t\u1ef1 \u0111\u1ed9ng b\u1edfi h\u1ec7 th\u1ed1ng. Do \u0111\u00f3, ng\u01b0\u1eddi ch\u01a1i s\u1ebd nh\u1eadn ngay kho\u1ea3n ti\u1ec1n t\u01b0\u01a1ng \u1ee9ng sau khi th\u1ef1c hi\u1ec7n x\u00e1c th\u1ef1c th\u00f4ng tin. Qu\u00e1 tr\u00ecnh thanh to\u00e1n \u0111\u1ea3m b\u1ea3o s\u1ef1 chu\u1ea9n x\u00e1c tuy\u1ec7t \u0111\u1ed1i, minh b\u1ea1ch ho\u00e0n to\u00e0n.<\/span><\/li>\n<li style=\"font-weight: 400;\" aria-level=\"1\"><span style=\"font-weight: 400;\">Kh\u00f4ng x\u1ea3y ra s\u1ef1 c\u1ed1: Nh\u00e0 c\u00e1i ki\u1ec3m so\u00e1t ch\u1eb7t ch\u1ebd ch\u1ea5t l\u01b0\u1ee3ng thanh to\u00e1n. M\u1ecdi ng\u01b0\u1eddi g\u1ea7n nh\u01b0 kh\u00f4ng g\u1eb7p b\u1ea5t k\u1ef3 s\u1ef1 c\u1ed1 n\u00e0o khi nh\u1eadn th\u01b0\u1edfng. N\u1ebfu c\u00f3, \u0111\u1ed9i ng\u0169 CSKH s\u1ebd tr\u1ef1c ti\u1ebfp t\u00ecm hi\u1ec3u v\u00e0 gi\u1ea3i quy\u1ebft ngay l\u1eadp t\u1ee9c.<\/span><\/li>\n<\/ul>\n<h2><span class=\"ez-toc-section\" id=\"Chi_tiet_tung_buoc_nhan_khuyen_mai_hoan_tra_cho_tan_binh\"><\/span><b>Chi ti\u1ebft t\u1eebng b\u01b0\u1edbc nh\u1eadn khuy\u1ebfn m\u00e3i ho\u00e0n tr\u1ea3 cho t\u00e2n binh<\/b><span class=\"ez-toc-section-end\"><\/span><\/h2>\n<p><span style=\"font-weight: 400;\">M\u1ecdi ng\u01b0\u1eddi ch\u1ec9 c\u1ea7n thao t\u00e1c theo \u0111\u00fang h\u01b0\u1edbng d\u1eabn c\u1ee7a th\u01b0\u01a1ng hi\u1ec7u \u0111\u1ec3 nh\u1eadn kho\u1ea3n ti\u1ec1n <b>Khuy\u1ebfn m\u00e3i ho\u00e0n tr\u1ea3<\/b> h\u1ea5p d\u1eabn. To\u00e0n b\u1ed9 qu\u00e1 tr\u00ecnh g\u00f3i g\u1ecdn trong 3 b\u01b0\u1edbc c\u01a1 b\u1ea3n.<\/span><\/p>\n<ul>\n<li style=\"font-weight: 400;\" aria-level=\"1\"><span style=\"font-weight: 400;\">B\u01b0\u1edbc 1: Th\u00e0nh vi\u00ean t\u00ecm ki\u1ebfm li\u00ean k\u1ebft chu\u1ea9n \u0111\u1ec3 truy c\u1eadp v\u00e0o website c\u1ee7a nh\u00e0 c\u00e1i. Thao t\u00e1c quan tr\u1ecdng n\u00e0y quy\u1ebft \u0111\u1ecbnh \u0111\u1ebfn ch\u1ea5t l\u01b0\u1ee3ng\u00a0<\/span><\/li>\n<li style=\"font-weight: 400;\" aria-level=\"1\"><span style=\"font-weight: 400;\">B\u01b0\u1edbc 2: B\u1ea1n b\u1eaft bu\u1ed9c ph\u1ea3i tr\u1edf th\u00e0nh h\u1ed9i vi\u00ean c\u1ee7a n\u1ec1n t\u1ea3ng \u0111\u1ec3 nh\u1eadn th\u01b0\u1edfng. Qu\u00e1 tr\u00ecnh n\u00e0y \u0111\u01b0\u1ee3c th\u1ef1c hi\u1ec7n th\u00f4ng qua vi\u1ec7c \u0111i\u1ec1n \u0111\u1ea7y \u0111\u1ee7 d\u1eef li\u1ec7u c\u00e1 nh\u00e2n theo y\u00eau c\u1ea7u c\u1ee7a \u0111\u01a1n v\u1ecb. Th\u00f4ng tin quan tr\u1ecdng c\u1ea7n cung c\u1ea5p ph\u1ea3i k\u1ec3 \u0111\u1ebfn h\u1ecd t\u00ean, m\u1eadt kh\u1ea9u, email, t\u00e0i kho\u1ea3n ng\u00e2n h\u00e0ng,&#8230;<\/span><\/li>\n<li style=\"font-weight: 400;\" aria-level=\"1\"><span style=\"font-weight: 400;\">B\u01b0\u1edbc 3: H\u1ec7 th\u1ed1ng ph\u00ea duy\u1ec7t t\u00e0i kho\u1ea3n. Sau khi nh\u1eadn th\u00f4ng b\u00e1o th\u00e0nh c\u00f4ng, kho\u1ea3n ti\u1ec1n s\u1ebd c\u1ed9ng th\u1eb3ng v\u00e0o v\u00ed c\u1ee7a b\u1ea1n.\u00a0<\/span><\/li>\n<\/ul>\n<p><span style=\"font-weight: 400;\">M\u1ed7i giao d\u1ecbch ch\u1ec9 m\u1ea5t 1-2 ph\u00fat \u0111\u1ec3 th\u1ef1c hi\u1ec7n. Sau 24 gi\u1edd, ng\u01b0\u1eddi ch\u01a1i kh\u00f4ng th\u1ea5y bi\u1ebfn \u0111\u1ed9ng s\u1ed1 d\u01b0 c\u1ea7n k\u1ebft n\u1ed1i ngay v\u1edbi nh\u00e2n vi\u00ean \u0111\u1ec3 t\u00ecm ra nguy\u00ean nh\u00e2n v\u00e0 h\u01b0\u1edbng x\u1eed l\u00fd.<\/span><\/p>\n<blockquote><p><em><strong>&gt;&gt;&gt; Xem th\u00eam : <a href=\"https:\/\/firstconsultingservices.com\/vi-vn\/khuyen-mai-nap-dau\/\">Khuy\u1ebfn M\u00e3i N\u1ea1p \u0110\u1ea7u<\/a> \u2013 T\u1eb7ng Ngay 199K V\u00e0o V\u00ed C\u00e1 Nh\u00e2n <\/strong><\/em><\/p><\/blockquote>\n<h2><span class=\"ez-toc-section\" id=\"Ket_luan\"><\/span><b>K\u1ebft lu\u1eadn<\/b><span class=\"ez-toc-section-end\"><\/span><\/h2>\n<p><b>Khuy\u1ebfn m\u00e3i ho\u00e0n tr\u1ea3<\/b><span style=\"font-weight: 400;\"> t\u1ea1i 99OK gi\u00fap b\u1ea1n gi\u1ea3m b\u1edbt g\u00e1nh n\u1eb7ng v\u1ec1 m\u1eb7t t\u00e0i ch\u00ednh. H\u1ed9i vi\u00ean n\u1eafm b\u1eaft c\u01a1 h\u1ed9i n\u00e0y \u0111\u1ec3 tham gia c\u00e1 c\u01b0\u1ee3c hi\u1ec7u qu\u1ea3. Ng\u01b0\u1eddi ch\u01a1i c\u1ea7n ph\u1ea3i c\u1eadp nh\u1eadt th\u01b0\u1eddng xuy\u00ean th\u00f4ng tin chi ti\u1ebft t\u1ea1i nh\u00e0 c\u00e1i \u0111\u1ec3 kh\u00f4ng b\u1ecf l\u1ee1 c\u01a1 h\u1ed9i nh\u1eadn th\u01b0\u1edfng gi\u00e1 tr\u1ecb.<\/span><\/p>","protected":false},"excerpt":{"rendered":"<p>Khuy\u1ebfn M\u00e3i Ho\u00e0n Tr\u1ea3 &#8211; Si\u00eau \u01afu \u0110\u00e3i D\u00e0nh Cho H\u1ed9i Vi\u00ean T9 Khuy\u1ebfn m\u00e3i ho\u00e0n tr\u1ea3 t\u1ea1i 99OK \u0111ang l\u00e0m m\u01b0a l\u00e0m gi\u00f3 tr\u00ean th\u1ecb tr\u01b0\u1eddng khi mang l\u1ea1i gi\u00e1 tr\u1ecb kinh t\u1ebf cao. Th\u00e0nh vi\u00ean tham gia c\u00e1 c\u01b0\u1ee3c c\u1ea7n hi\u1ec3u r\u00f5 n\u1ed9i dung c\u01a1 b\u1ea3n \u0111\u1ec3 \u0111\u01b0a ra l\u1ef1a ch\u1ecdn ph\u00f9 h\u1ee3p, [&#8230;]\n","protected":false},"author":1,"featured_media":136,"parent":0,"menu_order":0,"comment_status":"closed","ping_status":"closed","template":"","meta":{"footnotes":""},"class_list":["post-113","page","type-page","status-publish","has-post-thumbnail","hentry"],"_links":{"self":[{"href":"https:\/\/firstconsultingservices.com\/vi-vn\/wp-json\/wp\/v2\/pages\/113","targetHints":{"allow":["GET"]}}],"collection":[{"href":"https:\/\/firstconsultingservices.com\/vi-vn\/wp-json\/wp\/v2\/pages"}],"about":[{"href":"https:\/\/firstconsultingservices.com\/vi-vn\/wp-json\/wp\/v2\/types\/page"}],"author":[{"embeddable":true,"href":"https:\/\/firstconsultingservices.com\/vi-vn\/wp-json\/wp\/v2\/users\/1"}],"replies":[{"embeddable":true,"href":"https:\/\/firstconsultingservices.com\/vi-vn\/wp-json\/wp\/v2\/comments?post=113"}],"version-history":[{"count":7,"href":"https:\/\/firstconsultingservices.com\/vi-vn\/wp-json\/wp\/v2\/pages\/113\/revisions"}],"predecessor-version":[{"id":505,"href":"https:\/\/firstconsultingservices.com\/vi-vn\/wp-json\/wp\/v2\/pages\/113\/revisions\/505"}],"wp:featuredmedia":[{"embeddable":true,"href":"https:\/\/firstconsultingservices.com\/vi-vn\/wp-json\/wp\/v2\/media\/136"}],"wp:attachment":[{"href":"https:\/\/firstconsultingservices.com\/vi-vn\/wp-json\/wp\/v2\/media?parent=113"}],"curies":[{"name":"wp","href":"https:\/\/api.w.org\/{rel}","templated":true}]}}