{"id":114,"date":"2025-09-10T14:17:29","date_gmt":"2025-09-10T07:17:29","guid":{"rendered":"https:\/\/zcsggp.sa.com\/?page_id=114"},"modified":"2025-10-10T19:45:13","modified_gmt":"2025-10-10T12:45:13","slug":"khuyen-mai-nap-dau","status":"publish","type":"page","link":"https:\/\/firstconsultingservices.com\/vi-vn\/khuyen-mai-nap-dau\/","title":{"rendered":"Khuy\u1ebfn M\u00e3i N\u1ea1p \u0110\u1ea7u"},"content":{"rendered":"<div id=\"ez-toc-container\" class=\"ez-toc-v2_0_76 counter-hierarchy ez-toc-counter ez-toc-grey ez-toc-container-direction\">\n<div class=\"ez-toc-title-container\">\n<p class=\"ez-toc-title\" style=\"cursor:inherit\">Table of Contents<\/p>\n<span class=\"ez-toc-title-toggle\"><a href=\"#\" class=\"ez-toc-pull-right ez-toc-btn ez-toc-btn-xs ez-toc-btn-default ez-toc-toggle\" aria-label=\"Toggle Table of Content\"><span class=\"ez-toc-js-icon-con\"><span class=\"\"><span class=\"eztoc-hide\" style=\"display:none;\">Toggle<\/span><span class=\"ez-toc-icon-toggle-span\"><svg style=\"fill: #999;color:#999\" xmlns=\"http:\/\/www.w3.org\/2000\/svg\" class=\"list-377408\" width=\"20px\" height=\"20px\" viewbox=\"0 0 24 24\" fill=\"none\"><path d=\"M6 6H4v2h2V6zm14 0H8v2h12V6zM4 11h2v2H4v-2zm16 0H8v2h12v-2zM4 16h2v2H4v-2zm16 0H8v2h12v-2z\" fill=\"currentColor\"><\/path><\/svg><svg style=\"fill: #999;color:#999\" class=\"arrow-unsorted-368013\" xmlns=\"http:\/\/www.w3.org\/2000\/svg\" width=\"10px\" height=\"10px\" viewbox=\"0 0 24 24\" version=\"1.2\" baseprofile=\"tiny\"><path d=\"M18.2 9.3l-6.2-6.3-6.2 6.3c-.2.2-.3.4-.3.7s.1.5.3.7c.2.2.4.3.7.3h11c.3 0 .5-.1.7-.3.2-.2.3-.5.3-.7s-.1-.5-.3-.7zM5.8 14.7l6.2 6.3 6.2-6.3c.2-.2.3-.5.3-.7s-.1-.5-.3-.7c-.2-.2-.4-.3-.7-.3h-11c-.3 0-.5.1-.7.3-.2.2-.3.5-.3.7s.1.5.3.7z\"\/><\/svg><\/span><\/span><\/span><\/a><\/span><\/div>\n<nav><ul class='ez-toc-list ez-toc-list-level-1' ><li class='ez-toc-page-1 ez-toc-heading-level-1'><a class=\"ez-toc-link ez-toc-heading-1\" href=\"https:\/\/firstconsultingservices.com\/vi-vn\/khuyen-mai-nap-dau\/#Khuyen_Mai_Nap_Dau_%E2%80%93_Tang_Ngay_199K_Vao_Vi_Ca_Nhan\" >Khuy\u1ebfn M\u00e3i N\u1ea1p \u0110\u1ea7u &#8211; T\u1eb7ng Ngay 199K V\u00e0o V\u00ed C\u00e1 Nh\u00e2n\u00a0<\/a><ul class='ez-toc-list-level-2' ><li class='ez-toc-heading-level-2'><a class=\"ez-toc-link ez-toc-heading-2\" href=\"https:\/\/firstconsultingservices.com\/vi-vn\/khuyen-mai-nap-dau\/#Tong_quan_su_kien_khuyen_mai_nap_dau_cap_nhat_tai_99OK\" >T\u1ed5ng quan s\u1ef1 ki\u1ec7n khuy\u1ebfn m\u00e3i n\u1ea1p \u0111\u1ea7u c\u1eadp nh\u1eadt t\u1ea1i 99OK<\/a><\/li><li class='ez-toc-page-1 ez-toc-heading-level-2'><a class=\"ez-toc-link ez-toc-heading-3\" href=\"https:\/\/firstconsultingservices.com\/vi-vn\/khuyen-mai-nap-dau\/#Chi_tiet_su_kien_nhan_khuyen_mai_nap_dau_danh_cho_tan_binh\" >Chi ti\u1ebft s\u1ef1 ki\u1ec7n nh\u1eadn khuy\u1ebfn m\u00e3i n\u1ea1p \u0111\u1ea7u d\u00e0nh cho t\u00e2n binh<\/a><ul class='ez-toc-list-level-3' ><li class='ez-toc-heading-level-3'><a class=\"ez-toc-link ez-toc-heading-4\" href=\"https:\/\/firstconsultingservices.com\/vi-vn\/khuyen-mai-nap-dau\/#Noi_dung_hoat_dong\" >N\u1ed9i dung ho\u1ea1t \u0111\u1ed9ng<\/a><\/li><li class='ez-toc-page-1 ez-toc-heading-level-3'><a class=\"ez-toc-link ez-toc-heading-5\" href=\"https:\/\/firstconsultingservices.com\/vi-vn\/khuyen-mai-nap-dau\/#The_le_chuong_trinh\" >Th\u1ec3 l\u1ec7 ch\u01b0\u01a1ng tr\u00ecnh<\/a><\/li><li class='ez-toc-page-1 ez-toc-heading-level-3'><a class=\"ez-toc-link ez-toc-heading-6\" href=\"https:\/\/firstconsultingservices.com\/vi-vn\/khuyen-mai-nap-dau\/#Cach_thuc_tham_gia\" >C\u00e1ch th\u1ee9c tham gia<\/a><\/li><li class='ez-toc-page-1 ez-toc-heading-level-3'><a class=\"ez-toc-link ez-toc-heading-7\" href=\"https:\/\/firstconsultingservices.com\/vi-vn\/khuyen-mai-nap-dau\/#Quy_doi_khuyen_mai\" >Quy \u0111\u1ed5i khuy\u1ebfn m\u00e3i<\/a><\/li><\/ul><\/li><li class='ez-toc-page-1 ez-toc-heading-level-2'><a class=\"ez-toc-link ez-toc-heading-8\" href=\"https:\/\/firstconsultingservices.com\/vi-vn\/khuyen-mai-nap-dau\/#Yeu_cau_nhan_khuyen_mai_nap_dau_can_dap_ung\" >Y\u00eau c\u1ea7u nh\u1eadn khuy\u1ebfn m\u00e3i n\u1ea1p \u0111\u1ea7u c\u1ea7n \u0111\u00e1p \u1ee9ng<\/a><\/li><li class='ez-toc-page-1 ez-toc-heading-level-2'><a class=\"ez-toc-link ez-toc-heading-9\" href=\"https:\/\/firstconsultingservices.com\/vi-vn\/khuyen-mai-nap-dau\/#Dac_quyen_trong_khuyen_mai_nap_dau_99OK\" >\u0110\u1eb7c quy\u1ec1n trong khuy\u1ebfn m\u00e3i n\u1ea1p \u0111\u1ea7u 99OK<\/a><ul class='ez-toc-list-level-3' ><li class='ez-toc-heading-level-3'><a class=\"ez-toc-link ez-toc-heading-10\" href=\"https:\/\/firstconsultingservices.com\/vi-vn\/khuyen-mai-nap-dau\/#Tang_thuong_gia_tri_100\" >T\u1eb7ng th\u01b0\u1edfng gi\u00e1 tr\u1ecb 100%<\/a><\/li><li class='ez-toc-page-1 ez-toc-heading-level-3'><a class=\"ez-toc-link ez-toc-heading-11\" href=\"https:\/\/firstconsultingservices.com\/vi-vn\/khuyen-mai-nap-dau\/#Qua_tang_vong_quay_may_man\" >Qu\u00e0 t\u1eb7ng v\u00f2ng quay may m\u1eafn<\/a><\/li><li class='ez-toc-page-1 ez-toc-heading-level-3'><a class=\"ez-toc-link ez-toc-heading-12\" href=\"https:\/\/firstconsultingservices.com\/vi-vn\/khuyen-mai-nap-dau\/#Tich_luy_diem_trong_su_kien_khuyen_mai_nap_dau\" >T\u00edch l\u0169y \u0111i\u1ec3m trong s\u1ef1 ki\u1ec7n khuy\u1ebfn m\u00e3i n\u1ea1p \u0111\u1ea7u<\/a><\/li><\/ul><\/li><li class='ez-toc-page-1 ez-toc-heading-level-2'><a class=\"ez-toc-link ez-toc-heading-13\" href=\"https:\/\/firstconsultingservices.com\/vi-vn\/khuyen-mai-nap-dau\/#Ket_luan\" >K\u1ebft lu\u1eadn<\/a><\/li><\/ul><\/li><\/ul><\/nav><\/div>\n<h1 style=\"text-align: center;\"><span class=\"ez-toc-section\" id=\"Khuyen_Mai_Nap_Dau_%E2%80%93_Tang_Ngay_199K_Vao_Vi_Ca_Nhan\"><\/span><b>Khuy\u1ebfn M\u00e3i N\u1ea1p \u0110\u1ea7u &#8211; T\u1eb7ng Ngay 199K V\u00e0o V\u00ed C\u00e1 Nh\u00e2n\u00a0<\/b><span class=\"ez-toc-section-end\"><\/span><\/h1>\n<p><b>Khuy\u1ebfn m\u00e3i n\u1ea1p \u0111\u1ea7u<\/b><span style=\"font-weight: 400;\"> tri\u1ec3n khai \u01b0u \u0111\u00e3i h\u1ea5p d\u1eabn \u0111\u00e3 v\u00e0 \u0111ang chinh ph\u1ee5c \u0111\u00f4ng \u0111\u1ea3o h\u1ed9i vi\u00ean l\u1ef1a ch\u1ecdn tr\u1ea3i nghi\u1ec7m. \u0110\u00e2y ch\u00ednh l\u00e0 c\u01a1 h\u1ed9i v\u00e0ng t\u1ea1o ti\u1ec1n \u0111\u1ec1 gia t\u0103ng ngu\u1ed3n v\u1ed1n, t\u1ef1 tin kh\u00e1m ph\u00e1 v\u1eadn may. C\u1eadp nh\u1eadt ngay n\u1ed9i dung v\u1ec1 ch\u00ednh s\u00e1ch, \u0111i\u1ec1u ki\u1ec7n c\u0169ng nh\u01b0 quy tr\u00ecnh \u00e1p d\u1ee5ng th\u00f4ng minh t\u1ea1i <strong>99OK<\/strong> d\u01b0\u1edbi \u0111\u00e2y nh\u00e9.<\/span><\/p>\n<h2><span class=\"ez-toc-section\" id=\"Tong_quan_su_kien_khuyen_mai_nap_dau_cap_nhat_tai_99OK\"><\/span><b>T\u1ed5ng quan s\u1ef1 ki\u1ec7n khuy\u1ebfn m\u00e3i n\u1ea1p \u0111\u1ea7u c\u1eadp nh\u1eadt t\u1ea1i <span style=\"font-weight: 400;\"><strong>99OK<\/strong><\/span><\/b><span class=\"ez-toc-section-end\"><\/span><\/h2>\n<p><b>Khuy\u1ebfn m\u00e3i n\u1ea1p \u0111\u1ea7u<\/b><span style=\"font-weight: 400;\"> t\u1ea1i <strong>99OK<\/strong> kh\u00f4ng \u0111\u01a1n thu\u1ea7n l\u00e0 s\u1ef1 ki\u1ec7n ch\u00e0o m\u1eebng m\u00e0 c\u00f2n th\u1ec3 hi\u1ec7n s\u1ef1 \u0111\u1ea7u t\u01b0 trong tr\u1ea3i nghi\u1ec7m. V\u1edbi s\u1ed1 ti\u1ec1n th\u01b0\u1edfng t\u1ed1i thi\u1ec3u 199k c\u1ed9ng th\u00eam ng\u01b0\u1eddi ch\u01a1i s\u1ebd c\u00f3 ngu\u1ed3n v\u1ed1n \u0111\u1ec3 t\u1ef1 tin kh\u00e1m ph\u00e1 s\u1ea3n ph\u1ea9m t\u1ea1i c\u00e1c s\u1ea3nh b\u1eafn c\u00e1, n\u1ed5 h\u0169.<\/span><\/p>\n<figure id=\"attachment_130\" aria-describedby=\"caption-attachment-130\" style=\"width: 800px\" class=\"wp-caption aligncenter\"><img loading=\"lazy\" decoding=\"async\" class=\"size-full wp-image-130\" src=\"https:\/\/firstconsultingservices.com\/wp-content\/uploads\/2025\/09\/khuyen-mai-nap-dau-hap-dan-voi-loi-nhuan-tiem-nang.jpg\" alt=\"Khuy\u1ebfn m\u00e3i n\u1ea1p \u0111\u1ea7u h\u1ea5p d\u1eabn v\u1edbi l\u1ee3i nhu\u1eadn ti\u1ec1m n\u0103ng\" width=\"800\" height=\"400\" title=\"\" srcset=\"https:\/\/firstconsultingservices.com\/wp-content\/uploads\/2025\/09\/khuyen-mai-nap-dau-hap-dan-voi-loi-nhuan-tiem-nang.jpg 800w, https:\/\/firstconsultingservices.com\/wp-content\/uploads\/2025\/09\/khuyen-mai-nap-dau-hap-dan-voi-loi-nhuan-tiem-nang-300x150.jpg 300w, https:\/\/firstconsultingservices.com\/wp-content\/uploads\/2025\/09\/khuyen-mai-nap-dau-hap-dan-voi-loi-nhuan-tiem-nang-768x384.jpg 768w\" sizes=\"auto, (max-width: 800px) 100vw, 800px\" \/><figcaption id=\"caption-attachment-130\" class=\"wp-caption-text\">Khuy\u1ebfn m\u00e3i n\u1ea1p \u0111\u1ea7u h\u1ea5p d\u1eabn v\u1edbi l\u1ee3i nhu\u1eadn ti\u1ec1m n\u0103ng<\/figcaption><\/figure>\n<p><span style=\"font-weight: 400;\">\u0110\u00e2y \u0111\u01b0\u1ee3c xem l\u00e0 c\u01a1 h\u1ed9i l\u00fd t\u01b0\u1edfng t\u1ea1o n\u00ean \u0111\u1ed9ng l\u1ef1c th\u1eed nghi\u1ec7m t\u1eebng chi\u1ebfn l\u01b0\u1ee3c c\u00e1 c\u01b0\u1ee3c, r\u00e8n luy\u1ec7n k\u1ef9 n\u0103ng m\u00e0 kh\u00f4ng lo r\u1ee7i ro thua l\u1ed7. Ch\u1ec9 c\u1ea7n ho\u00e0n th\u00e0nh thanh to\u00e1n l\u1ea7n \u0111\u1ea7u ti\u00ean b\u1ea1n \u0111\u00e3 c\u00f3 th\u1ec3 t\u1ef1 tin b\u1eaft \u0111\u1ea7u h\u00e0nh tr\u00ecnh tr\u1ef1c tuy\u1ebfn to\u00e0n di\u1ec7n nh\u1ea5t.\u00a0<\/span><\/p>\n<h2><span class=\"ez-toc-section\" id=\"Chi_tiet_su_kien_nhan_khuyen_mai_nap_dau_danh_cho_tan_binh\"><\/span><b>Chi ti\u1ebft s\u1ef1 ki\u1ec7n nh\u1eadn khuy\u1ebfn m\u00e3i n\u1ea1p \u0111\u1ea7u d\u00e0nh cho t\u00e2n binh<\/b><span class=\"ez-toc-section-end\"><\/span><\/h2>\n<p><span style=\"font-weight: 400;\">\u0110\u1ec3 nh\u1eadn \u01b0u \u0111\u00e3i anh em c\u1ea7n n\u1eafm b\u1eaft, t\u00ecm hi\u1ec3u th\u00f4ng tin v\u1ec1 n\u1ed9i dung, th\u1ec3 l\u1ec7 ch\u00ednh x\u00e1c. C\u1ee5 th\u1ec3:<\/span><\/p>\n<h3><span class=\"ez-toc-section\" id=\"Noi_dung_hoat_dong\"><\/span><b>N\u1ed9i dung ho\u1ea1t \u0111\u1ed9ng<\/b><span class=\"ez-toc-section-end\"><\/span><\/h3>\n<p><span style=\"font-weight: 400;\">Ngay sau khi \u0111\u0103ng k\u00fd h\u1ed9i vi\u00ean t\u1ea1i <strong>99OK<\/strong>, li\u00ean k\u1ebft ng\u00e2n h\u00e0ng \u0111\u1ed3ng th\u1eddi n\u1ea1p 199k v\u00e0o v\u00ed b\u1ea1n \u0111\u00e3 nh\u1eadn qu\u00e0 t\u1eb7ng kh\u00f4ng gi\u1edbi h\u1ea1n. Theo \u0111\u00f3 ng\u01b0\u1eddi ch\u01a1i c\u0169ng nh\u1eadn kh\u1ea5u tr\u1eeb l\u1ee3i nhu\u1eadn ph\u00e1t sinh trong qu\u00e1 tr\u00ecnh tham gia. Ch\u1ec9 c\u1ea7n ho\u00e0n th\u00e0nh m\u1ed9t v\u00f2ng c\u01b0\u1ee3c duy nh\u1ea5t anh em c\u00f3 th\u1ec3 r\u00fat ti\u1ec1n th\u00e0nh c\u00f4ng.\u00a0<\/span><\/p>\n<h3><span class=\"ez-toc-section\" id=\"The_le_chuong_trinh\"><\/span><b>Th\u1ec3 l\u1ec7 ch\u01b0\u01a1ng tr\u00ecnh<\/b><span class=\"ez-toc-section-end\"><\/span><\/h3>\n<p><span style=\"font-weight: 400;\">S\u1ef1 ki\u1ec7n <\/span><a href=\"https:\/\/firstconsultingservices.com\/vi-vn\/khuyen-mai-nap-dau\/\"><b>khuy\u1ebfn m\u00e3i n\u1ea1p \u0111\u1ea7u<\/b><\/a><span style=\"font-weight: 400;\"> c\u00f3 m\u00e3 l\u00e0 K001 \u00e1p d\u1ee5ng cho t\u1ea5t c\u1ea3 h\u1ed9i vi\u00ean ch\u00ednh th\u1ee9c v\u1eeba ho\u00e0n th\u00e0nh \u0111\u0103ng k\u00fd t\u1ea1i <strong>99OK<\/strong>. Ch\u1ec9 c\u1ea7n thi\u1ebft l\u1eadp t\u00e0i kho\u1ea3n m\u1edbi, th\u1ef1c hi\u1ec7n n\u1ea1p ti\u1ec1n t\u1ed1i thi\u1ec3u l\u1ee3i nhu\u1eadn s\u1ebd c\u1ed9ng v\u00e0o v\u00ed th\u00e0nh c\u00f4ng. Th\u1eddi gian \u00e1p d\u1ee5ng b\u1eaft \u0111\u1ea7u t\u1eeb l\u00fac l\u00ean ch\u01b0\u01a1ng tr\u00ecnh t\u1edbi khi c\u00f3 th\u00f4ng b\u00e1o ch\u00ednh th\u1ee9c.<\/span><\/p>\n<figure id=\"attachment_128\" aria-describedby=\"caption-attachment-128\" style=\"width: 800px\" class=\"wp-caption aligncenter\"><img loading=\"lazy\" decoding=\"async\" class=\"size-full wp-image-128\" src=\"https:\/\/firstconsultingservices.com\/wp-content\/uploads\/2025\/09\/cach-thuc-tham-gia-ap-dung-chinh-xac.jpg\" alt=\"C\u00e1ch th\u1ee9c tham gia \u00e1p d\u1ee5ng ch\u00ednh x\u00e1c\" width=\"800\" height=\"400\" title=\"\" srcset=\"https:\/\/firstconsultingservices.com\/wp-content\/uploads\/2025\/09\/cach-thuc-tham-gia-ap-dung-chinh-xac.jpg 800w, https:\/\/firstconsultingservices.com\/wp-content\/uploads\/2025\/09\/cach-thuc-tham-gia-ap-dung-chinh-xac-300x150.jpg 300w, https:\/\/firstconsultingservices.com\/wp-content\/uploads\/2025\/09\/cach-thuc-tham-gia-ap-dung-chinh-xac-768x384.jpg 768w\" sizes=\"auto, (max-width: 800px) 100vw, 800px\" \/><figcaption id=\"caption-attachment-128\" class=\"wp-caption-text\">C\u00e1ch th\u1ee9c tham gia \u00e1p d\u1ee5ng ch\u00ednh x\u00e1c<\/figcaption><\/figure>\n<h3><span class=\"ez-toc-section\" id=\"Cach_thuc_tham_gia\"><\/span><b>C\u00e1ch th\u1ee9c tham gia<\/b><span class=\"ez-toc-section-end\"><\/span><\/h3>\n<p><span style=\"font-weight: 400;\">\u0110\u1ec3 tham gia nh\u1eadn khuy\u1ebfn m\u00e3i t\u1ea1i <strong>99OK <\/strong>anh em c\u1ea7n tu\u00e2n th\u1ee7 c\u00e1c thao t\u00e1c \u0111\u01b0\u1ee3c n\u1ec1n t\u1ea3ng <strong><span data-sheets-root=\"1\">99ok h\u1ed3 ch\u00ed minh<\/span><\/strong> h\u01b0\u1edbng d\u1eabn c\u00f4ng khai. Theo \u0111\u00f3 b\u1ea1n c\u1ea7n ch\u1ecdn l\u1ec7nh nh\u1eadn \u01afu \u0111\u00e3i v\u00e0 li\u00ean h\u1ec7 v\u1edbi \u0111\u1ed9i ng\u0169 nh\u00e2n vi\u00ean CSKH \u0111\u1ec3 tham gia ti\u1ec7n l\u1ee3i. C\u1eadp nh\u1eadt th\u1eddi gian \u0111\u1ec3 \u0111\u1ea3m b\u1ea3o kh\u00f4ng b\u1ecb b\u1ecf l\u1ee1 ngu\u1ed3n th\u01b0\u1edfng ti\u1ec1m n\u0103ng.\u00a0<\/span><\/p>\n<h3><span class=\"ez-toc-section\" id=\"Quy_doi_khuyen_mai\"><\/span><b>Quy \u0111\u1ed5i khuy\u1ebfn m\u00e3i<\/b><span class=\"ez-toc-section-end\"><\/span><\/h3>\n<p><span style=\"font-weight: 400;\">H\u1ec7 th\u1ed1ng nh\u00e0 c\u00e1i cung c\u1ea5p 3 h\u1ea1n m\u1ee9c quy \u0111\u1ed5i ti\u1ec1n th\u01b0\u1edfng t\u00ednh t\u1eeb s\u1ed1 v\u1ed1n thanh to\u00e1n bao g\u1ed3m 20,30, 50%. C\u1ee5 th\u1ec3:<\/span><\/p>\n<ul>\n<li style=\"font-weight: 400;\" aria-level=\"1\"><span style=\"font-weight: 400;\">Doanh thu 20%: \u00c1p d\u1ee5ng \u0111\u1ed1i v\u1edbi l\u1ea7n n\u1ea1p \u0111\u1ea7u ti\u00ean v\u1edbi h\u1ea1n m\u1ee9c t\u1ed1i thi\u1ec3u 199k s\u1ebd nh\u1eadn 20% thu v\u1ec1 398k. H\u1ed9i vi\u00ean c\u00f3 th\u1ec3 s\u1eed d\u1ee5ng tham gia c\u00e1c h\u1ea1ng m\u1ee5c v\u00e0 tr\u1ea3i qua 2 v\u00f2ng c\u01b0\u1ee3c \u0111\u1ec3 chuy\u1ec3n qu\u1ef9.<\/span><\/li>\n<li style=\"font-weight: 400;\" aria-level=\"1\"><span style=\"font-weight: 400;\">Doanh thu 30%: S\u1ed1 ti\u1ec1n n\u1ea1p 1999k ng\u01b0\u1eddi ch\u01a1i nh\u1eadn m\u1ee9c l\u1ee3i nhu\u1eadn th\u01b0\u1edfng n\u1ea1p 599k. L\u1ee3i nhu\u1eadn ch\u1ec9 \u00e1p d\u1ee5ng \u0111\u1ed1i v\u1edbi s\u1ea3nh b\u1eafn c\u00e1, n\u1ed5 h\u0169 v\u00e0 y\u00eau c\u1ea7u \u0111\u1ee7 4 v\u00f2ng c\u01b0\u1ee3c.\u00a0<\/span><\/li>\n<li style=\"font-weight: 400;\" aria-level=\"1\"><span style=\"font-weight: 400;\">Doanh thu 50%: S\u1ed1 v\u1ed1n \u0111\u1ea7u t\u01b0 1999k h\u1ed9i vi\u00ean nh\u1eadn v\u1ec1 h\u1ea1n m\u1ee9c 999k t\u1ef1 \u0111\u1ed9ng v\u00e0o t\u00e0i kho\u1ea3n v\u00e0 th\u1ef1c hi\u1ec7n t\u1ed1i thi\u1ec3u 8 v\u00f2ng \u0111\u1ec3 r\u00fat v\u1ec1 v\u00ed.\u00a0<\/span><\/li>\n<\/ul>\n<h2><span class=\"ez-toc-section\" id=\"Yeu_cau_nhan_khuyen_mai_nap_dau_can_dap_ung\"><\/span><b>Y\u00eau c\u1ea7u nh\u1eadn khuy\u1ebfn m\u00e3i n\u1ea1p \u0111\u1ea7u c\u1ea7n \u0111\u00e1p \u1ee9ng<\/b><span class=\"ez-toc-section-end\"><\/span><\/h2>\n<p><span style=\"font-weight: 400;\">Tham gia nh\u1eadn th\u01b0\u1edfng <\/span><b>khuy\u1ebfn m\u00e3i n\u1ea1p \u0111\u1ea7u <\/b><span style=\"font-weight: 400;\">t\u1ea1i <strong>99OK <\/strong>anh em c\u1ea7n n\u1eafm b\u1eaft, th\u1ef1c hi\u1ec7n m\u1ed9t s\u1ed1 \u0111i\u1ec1u ki\u1ec7n, ch\u00ednh s\u00e1ch ban h\u00e0nh. \u0110\u00e2y \u0111\u01b0\u1ee3c xem l\u00e0 n\u1ec1n t\u1ea3ng \u0111\u1ea3m b\u1ea3o quy\u1ec1n l\u1ee3i c\u0169ng nh\u01b0 t\u1ea1o m\u00f4i tr\u01b0\u1eddng tr\u1ef1c tuy\u1ebfn \u1ed5n \u0111\u1ecbnh, ch\u1ea5t l\u01b0\u1ee3ng. C\u1ee5 th\u1ec3:<\/span><\/p>\n<ul>\n<li style=\"font-weight: 400;\" aria-level=\"1\"><span style=\"font-weight: 400;\">\u0110\u1ec3 tham gia \u01b0u \u0111\u00e3i anh em ph\u1ea3i \u0111\u0103ng k\u00fd h\u1ed9i vi\u00ean l\u1ea7n \u0111\u1ea7u c\u0169ng nh\u01b0 \u0111\u00e1p \u1ee9ng y\u00eau c\u1ea7u nh\u1eadn th\u01b0\u1edfng.<\/span><\/li>\n<li style=\"font-weight: 400;\" aria-level=\"1\"><span style=\"font-weight: 400;\">N\u1ea1p ti\u1ec1n v\u00e0o v\u00ed c\u01b0\u1ee3c \u0111\u1ec3 tr\u1ea3i nghi\u1ec7m c\u00e1c t\u1ef1a game t\u1ea1i h\u1ec7 th\u1ed1ng v\u1edbi m\u1ee9c t\u1ed1i thi\u1ec3u l\u00e0 199k.\u00a0<\/span><\/li>\n<li style=\"font-weight: 400;\" aria-level=\"1\"><span style=\"font-weight: 400;\">S\u1ef1 ki\u1ec7n tri\u1ec3n khai 1 l\u1ea7n duy nh\u1ea5t \u00e1p d\u1ee5ng \u0111\u1ed1i v\u1edbi th\u1eddi \u0111i\u1ec3m nh\u1ea5t \u0111\u1ecbnh \u0111\u00f2i h\u1ecfi anh em c\u1ea7n n\u1eafm b\u1eaft \u0111\u1ec3 tu\u00e2n th\u1ee7 ch\u00ednh x\u00e1c.\u00a0<\/span><\/li>\n<li style=\"font-weight: 400;\" aria-level=\"1\"><span style=\"font-weight: 400;\">T\u00e0i kho\u1ea3n c\u00e1 nh\u00e2n c\u1ea7n x\u00e1c minh danh t\u00ednh nh\u1eb1m h\u1ea1n ch\u1ebf r\u1ee7i ro v\u1ec1 y\u1ebfu t\u1ed1 b\u1ea3o m\u1eadt.\u00a0<\/span><\/li>\n<li style=\"font-weight: 400;\" aria-level=\"1\"><span style=\"font-weight: 400;\">Tham gia nh\u1eadn \u01b0u \u0111\u00e3i \u0111\u1ed3ng ngh\u0129a v\u1edbi vi\u1ec7c h\u1ed9i vi\u00ean <strong><span data-sheets-root=\"1\"><a class=\"in-cell-link\" href=\"https:\/\/firstconsultingservices.com\/vi-vn\/\" target=\"_blank\" rel=\"noopener\">99okvip.top<\/a><\/span> <\/strong>\u0111\u1ed3ng \u00fd \u0111i\u1ec1u kho\u1ea3n, quy t\u1eafc ban h\u00e0nh.\u00a0<\/span><\/li>\n<\/ul>\n<h2><span class=\"ez-toc-section\" id=\"Dac_quyen_trong_khuyen_mai_nap_dau_99OK\"><\/span><b>\u0110\u1eb7c quy\u1ec1n trong khuy\u1ebfn m\u00e3i n\u1ea1p \u0111\u1ea7u <span style=\"font-weight: 400;\"><strong>99OK<\/strong><\/span><\/b><span class=\"ez-toc-section-end\"><\/span><\/h2>\n<p><span style=\"font-weight: 400;\">Ch\u00ednh s\u00e1ch <\/span><b>khuy\u1ebfn m\u00e3i n\u1ea1p \u0111\u1ea7u <\/b><span style=\"font-weight: 400;\">mang \u0111\u1ebfn h\u00e0ng lo\u1ea1t quy\u1ec1n l\u1ee3i, \u01b0u \u0111i\u1ec3m n\u1ed5i b\u1eadt thu h\u00fat h\u1ed9i vi\u00ean. S\u1ef1 \u0111\u1ea7u t\u01b0, ch\u00fa tr\u1ecdng trong c\u00e1c kh\u00eda c\u1ea1nh t\u1ea1o n\u00ean kh\u00f4ng gian nh\u1eadn th\u01b0\u1edfng ch\u1ea5t l\u01b0\u1ee3ng. C\u1ee5 th\u1ec3:<\/span><\/p>\n<figure id=\"attachment_127\" aria-describedby=\"caption-attachment-127\" style=\"width: 800px\" class=\"wp-caption aligncenter\"><img loading=\"lazy\" decoding=\"async\" class=\"size-full wp-image-127\" src=\"https:\/\/firstconsultingservices.com\/wp-content\/uploads\/2025\/09\/dac-quyen-khung-ap-dung-trong-chinh-sach-uu-dai.jpg\" alt=\"\u0110\u1eb7c quy\u1ec1n kh\u1ee7ng \u00e1p d\u1ee5ng trong ch\u00ednh s\u00e1ch \u01b0u \u0111\u00e3i\" width=\"800\" height=\"400\" title=\"\" srcset=\"https:\/\/firstconsultingservices.com\/wp-content\/uploads\/2025\/09\/dac-quyen-khung-ap-dung-trong-chinh-sach-uu-dai.jpg 800w, https:\/\/firstconsultingservices.com\/wp-content\/uploads\/2025\/09\/dac-quyen-khung-ap-dung-trong-chinh-sach-uu-dai-300x150.jpg 300w, https:\/\/firstconsultingservices.com\/wp-content\/uploads\/2025\/09\/dac-quyen-khung-ap-dung-trong-chinh-sach-uu-dai-768x384.jpg 768w\" sizes=\"auto, (max-width: 800px) 100vw, 800px\" \/><figcaption id=\"caption-attachment-127\" class=\"wp-caption-text\">\u0110\u1eb7c quy\u1ec1n kh\u1ee7ng \u00e1p d\u1ee5ng trong ch\u00ednh s\u00e1ch \u01b0u \u0111\u00e3i<\/figcaption><\/figure>\n<h3><span class=\"ez-toc-section\" id=\"Tang_thuong_gia_tri_100\"><\/span><b>T\u1eb7ng th\u01b0\u1edfng gi\u00e1 tr\u1ecb 100%<\/b><span class=\"ez-toc-section-end\"><\/span><\/h3>\n<p><span style=\"font-weight: 400;\">Ng\u01b0\u1eddi ch\u01a1i l\u1ea7n \u0111\u1ea7u tham gia t\u1ea1i h\u1ec7 th\u1ed1ng nh\u00e0 c\u00e1i s\u1ebd nh\u1eadn gi\u00e1 tr\u1ecb ti\u1ec1n n\u1ea1p l\u00ean \u0111\u1ebfn 100%. Ch\u1ec9 c\u1ea7n n\u1ea1p t\u1ed1i thi\u1ec3u 199k n\u1ec1n t\u1ea3ng s\u1ebd t\u1ef1 \u0111\u1ed9ng c\u1ed9ng th\u00eam 199k n\u1eefa v\u00e0o v\u00ed. Ngu\u1ed3n l\u1ee3i nhu\u1eadn s\u1edf h\u1eefu c\u00f3 th\u1ec3 s\u1eed d\u1ee5ng \u0111\u1ec3 tr\u1ea3i nghi\u1ec7m c\u00e1c s\u1ea3n ph\u1ea9m t\u1ea1i s\u1ea3nh n\u1ed5 h\u0169, b\u1eafn c\u00e1.<\/span><\/p>\n<h3><span class=\"ez-toc-section\" id=\"Qua_tang_vong_quay_may_man\"><\/span><b>Qu\u00e0 t\u1eb7ng v\u00f2ng quay may m\u1eafn<\/b><span class=\"ez-toc-section-end\"><\/span><\/h3>\n<p><span style=\"font-weight: 400;\">Song song v\u1edbi ti\u1ec1n th\u01b0\u1edfng kh\u1ee7ng anh em c\u00f2n c\u00f3 c\u01a1 h\u1ed9i tham gia nhi\u1ec1u v\u00f2ng quay may m\u1eafn. Ch\u00ednh s\u00e1ch \u00e1p d\u1ee5ng t\u01b0\u01a1ng t\u1ef1 mini game th\u1ef1c hi\u1ec7n sau khi ho\u00e0n t\u1ea5t thanh to\u00e1n. \u0110\u00e2y l\u00e0 s\u1ef1 ki\u1ec7n t\u1ea1o n\u00ean s\u1ee9c h\u00fat, \u0111\u1ed9ng l\u1ef1c c\u00f9ng h\u00e0ng lo\u1ea1t v\u1eadt ph\u1ea9m, phi\u1ebfu gi\u1ea3m gi\u00e1, voucher ti\u1ec1m n\u0103ng.<\/span><\/p>\n<h3><span class=\"ez-toc-section\" id=\"Tich_luy_diem_trong_su_kien_khuyen_mai_nap_dau\"><\/span><b>T\u00edch l\u0169y \u0111i\u1ec3m trong s\u1ef1 ki\u1ec7n khuy\u1ebfn m\u00e3i n\u1ea1p \u0111\u1ea7u<\/b><span class=\"ez-toc-section-end\"><\/span><\/h3>\n<p><span style=\"font-weight: 400;\">Ch\u01b0\u01a1ng tr\u00ecnh khuy\u1ebfn m\u00e3i l\u1ea7n n\u1ea1p \u0111\u1ea7u tri\u1ec3n d\u00e0nh d\u00e0nh cho h\u1ed9i vi\u00ean t\u00edch l\u0169y \u0111i\u1ec3m giao d\u1ecbch. Th\u00f4ng qua s\u1ed1 l\u1ea7n thanh to\u00e1n h\u1ec7 th\u1ed1ng s\u1ebd th\u1ef1c hi\u1ec7n c\u1ed9ng \u0111\u1ed3n \u0111\u1ed3ng th\u1eddi c\u1eadp nh\u1eadt t\u1ef1 \u0111\u1ed9ng ti\u1ec1n th\u01b0\u1edfng. \u0110i\u1ec3m c\u00e0ng cao m\u1ee9c l\u1ee3i nhu\u1eadn anh em nh\u1eadn v\u1ec1 s\u1ebd c\u00e0ng kh\u1ee7ng.<\/span><\/p>\n<blockquote><p><em><strong>&gt;&gt;&gt; Xem th\u00eam : <a href=\"https:\/\/firstconsultingservices.com\/vi-vn\/uu-dai-thanh-vien-moi\/\">\u01afu \u0110\u00e3i Th\u00e0nh Vi\u00ean M\u1edbi<\/a> &#8211; Nh\u1eadn Th\u01b0\u1edfng Kh\u1ee7ng Li\u1ec1n Tay 2025<\/strong><\/em><\/p><\/blockquote>\n<h2><span class=\"ez-toc-section\" id=\"Ket_luan\"><\/span><b>K\u1ebft lu\u1eadn<\/b><span class=\"ez-toc-section-end\"><\/span><\/h2>\n<p><b>Khuy\u1ebfn m\u00e3i n\u1ea1p \u0111\u1ea7u<\/b><span style=\"font-weight: 400;\"> \u0111\u01b0\u1ee3c xem l\u00e0 s\u1ef1 ki\u1ec7n \u0111\u1eb7c bi\u1ec7t ch\u00e0o m\u1eebng h\u1ed9i vi\u00ean \u0111\u1ebfn v\u1edbi th\u1ebf gi\u1edbi tr\u1ef1c tuy\u1ebfn ti\u1ec1m n\u0103ng. Theo \u0111\u00f3 anh em c\u1ea7n c\u1eadp nh\u1eadt \u0111\u1ea7y \u0111\u1ee7 n\u1ed9i dung v\u1ec1 ch\u00ednh s\u00e1ch, th\u1ec3 l\u1ec7 \u0111\u1ec3 t\u1ef1 tin tham gia \u0111\u1ed5i th\u01b0\u1edfng. \u0110\u0103ng k\u00fd ngay h\u00f4m nay t\u1ea1i <strong>99OK <\/strong>v\u00e0 t\u1eadn h\u01b0\u1edfng \u0111\u1eb7c quy\u1ec1n, l\u1ee3i th\u1ebf t\u1ed1i \u01b0u b\u1ea1n nh\u00e9.\u00a0<\/span><\/p>","protected":false},"excerpt":{"rendered":"<p>Khuy\u1ebfn M\u00e3i N\u1ea1p \u0110\u1ea7u &#8211; T\u1eb7ng Ngay 199K V\u00e0o V\u00ed C\u00e1 Nh\u00e2n\u00a0 Khuy\u1ebfn m\u00e3i n\u1ea1p \u0111\u1ea7u tri\u1ec3n khai \u01b0u \u0111\u00e3i h\u1ea5p d\u1eabn \u0111\u00e3 v\u00e0 \u0111ang chinh ph\u1ee5c \u0111\u00f4ng \u0111\u1ea3o h\u1ed9i vi\u00ean l\u1ef1a ch\u1ecdn tr\u1ea3i nghi\u1ec7m. \u0110\u00e2y ch\u00ednh l\u00e0 c\u01a1 h\u1ed9i v\u00e0ng t\u1ea1o ti\u1ec1n \u0111\u1ec1 gia t\u0103ng ngu\u1ed3n v\u1ed1n, t\u1ef1 tin kh\u00e1m ph\u00e1 v\u1eadn may. C\u1eadp [&#8230;]\n","protected":false},"author":1,"featured_media":129,"parent":0,"menu_order":0,"comment_status":"closed","ping_status":"closed","template":"","meta":{"footnotes":""},"class_list":["post-114","page","type-page","status-publish","has-post-thumbnail","hentry"],"_links":{"self":[{"href":"https:\/\/firstconsultingservices.com\/vi-vn\/wp-json\/wp\/v2\/pages\/114","targetHints":{"allow":["GET"]}}],"collection":[{"href":"https:\/\/firstconsultingservices.com\/vi-vn\/wp-json\/wp\/v2\/pages"}],"about":[{"href":"https:\/\/firstconsultingservices.com\/vi-vn\/wp-json\/wp\/v2\/types\/page"}],"author":[{"embeddable":true,"href":"https:\/\/firstconsultingservices.com\/vi-vn\/wp-json\/wp\/v2\/users\/1"}],"replies":[{"embeddable":true,"href":"https:\/\/firstconsultingservices.com\/vi-vn\/wp-json\/wp\/v2\/comments?post=114"}],"version-history":[{"count":9,"href":"https:\/\/firstconsultingservices.com\/vi-vn\/wp-json\/wp\/v2\/pages\/114\/revisions"}],"predecessor-version":[{"id":507,"href":"https:\/\/firstconsultingservices.com\/vi-vn\/wp-json\/wp\/v2\/pages\/114\/revisions\/507"}],"wp:featuredmedia":[{"embeddable":true,"href":"https:\/\/firstconsultingservices.com\/vi-vn\/wp-json\/wp\/v2\/media\/129"}],"wp:attachment":[{"href":"https:\/\/firstconsultingservices.com\/vi-vn\/wp-json\/wp\/v2\/media?parent=114"}],"curies":[{"name":"wp","href":"https:\/\/api.w.org\/{rel}","templated":true}]}}