{"id":115,"date":"2025-09-10T14:12:21","date_gmt":"2025-09-10T07:12:21","guid":{"rendered":"https:\/\/zcsggp.sa.com\/?page_id=115"},"modified":"2025-10-10T19:46:43","modified_gmt":"2025-10-10T12:46:43","slug":"uu-dai-thanh-vien-moi","status":"publish","type":"page","link":"https:\/\/firstconsultingservices.com\/vi-vn\/uu-dai-thanh-vien-moi\/","title":{"rendered":"\u01afu \u0110\u00e3i Th\u00e0nh Vi\u00ean M\u1edbi"},"content":{"rendered":"<div id=\"ez-toc-container\" class=\"ez-toc-v2_0_76 counter-hierarchy ez-toc-counter ez-toc-grey ez-toc-container-direction\">\n<div class=\"ez-toc-title-container\">\n<p class=\"ez-toc-title\" style=\"cursor:inherit\">Table of Contents<\/p>\n<span class=\"ez-toc-title-toggle\"><a href=\"#\" class=\"ez-toc-pull-right ez-toc-btn ez-toc-btn-xs ez-toc-btn-default ez-toc-toggle\" aria-label=\"Toggle Table of Content\"><span class=\"ez-toc-js-icon-con\"><span class=\"\"><span class=\"eztoc-hide\" style=\"display:none;\">Toggle<\/span><span class=\"ez-toc-icon-toggle-span\"><svg style=\"fill: #999;color:#999\" xmlns=\"http:\/\/www.w3.org\/2000\/svg\" class=\"list-377408\" width=\"20px\" height=\"20px\" viewbox=\"0 0 24 24\" fill=\"none\"><path d=\"M6 6H4v2h2V6zm14 0H8v2h12V6zM4 11h2v2H4v-2zm16 0H8v2h12v-2zM4 16h2v2H4v-2zm16 0H8v2h12v-2z\" fill=\"currentColor\"><\/path><\/svg><svg style=\"fill: #999;color:#999\" class=\"arrow-unsorted-368013\" xmlns=\"http:\/\/www.w3.org\/2000\/svg\" width=\"10px\" height=\"10px\" viewbox=\"0 0 24 24\" version=\"1.2\" baseprofile=\"tiny\"><path d=\"M18.2 9.3l-6.2-6.3-6.2 6.3c-.2.2-.3.4-.3.7s.1.5.3.7c.2.2.4.3.7.3h11c.3 0 .5-.1.7-.3.2-.2.3-.5.3-.7s-.1-.5-.3-.7zM5.8 14.7l6.2 6.3 6.2-6.3c.2-.2.3-.5.3-.7s-.1-.5-.3-.7c-.2-.2-.4-.3-.7-.3h-11c-.3 0-.5.1-.7.3-.2.2-.3.5-.3.7s.1.5.3.7z\"\/><\/svg><\/span><\/span><\/span><\/a><\/span><\/div>\n<nav><ul class='ez-toc-list ez-toc-list-level-1' ><li class='ez-toc-page-1 ez-toc-heading-level-1'><a class=\"ez-toc-link ez-toc-heading-1\" href=\"https:\/\/firstconsultingservices.com\/vi-vn\/uu-dai-thanh-vien-moi\/#Uu_Dai_Thanh_Vien_Moi_%E2%80%93_Nhan_Thuong_Khung_Lien_Tay_2025\" >\u01afu \u0110\u00e3i Th\u00e0nh Vi\u00ean M\u1edbi &#8211; Nh\u1eadn Th\u01b0\u1edfng Kh\u1ee7ng Li\u1ec1n Tay 2025<\/a><ul class='ez-toc-list-level-2' ><li class='ez-toc-heading-level-2'><a class=\"ez-toc-link ez-toc-heading-2\" href=\"https:\/\/firstconsultingservices.com\/vi-vn\/uu-dai-thanh-vien-moi\/#Loi_ich_khi_tham_gia_uu_dai_thanh_vien_moi_tai_99OK\" >L\u1ee3i \u00edch khi tham gia \u01b0u \u0111\u00e3i th\u00e0nh vi\u00ean m\u1edbi t\u1ea1i 99OK<\/a><\/li><li class='ez-toc-page-1 ez-toc-heading-level-2'><a class=\"ez-toc-link ez-toc-heading-3\" href=\"https:\/\/firstconsultingservices.com\/vi-vn\/uu-dai-thanh-vien-moi\/#Chi_tiet_su_kien_uu_dai_doc_quyen_cho_tan_binh\" >Chi ti\u1ebft s\u1ef1 ki\u1ec7n \u01b0u \u0111\u00e3i \u0111\u1ed9c quy\u1ec1n cho t\u00e2n binh<\/a><ul class='ez-toc-list-level-3' ><li class='ez-toc-heading-level-3'><a class=\"ez-toc-link ez-toc-heading-4\" href=\"https:\/\/firstconsultingservices.com\/vi-vn\/uu-dai-thanh-vien-moi\/#Tang_tien_mat_khi_thiet_lap_tai_khoan_thanh_cong\" >T\u1eb7ng ti\u1ec1n m\u1eb7t khi thi\u1ebft l\u1eadp t\u00e0i kho\u1ea3n th\u00e0nh c\u00f4ng<\/a><\/li><li class='ez-toc-page-1 ez-toc-heading-level-3'><a class=\"ez-toc-link ez-toc-heading-5\" href=\"https:\/\/firstconsultingservices.com\/vi-vn\/uu-dai-thanh-vien-moi\/#Uu_dai_thanh_vien_moi_nhan_khuyen_mai_100_gia_tri_nap\" >\u01afu \u0111\u00e3i th\u00e0nh vi\u00ean m\u1edbi nh\u1eadn khuy\u1ebfn m\u00e3i 100% gi\u00e1 tr\u1ecb n\u1ea1p<\/a><\/li><\/ul><\/li><li class='ez-toc-page-1 ez-toc-heading-level-2'><a class=\"ez-toc-link ez-toc-heading-6\" href=\"https:\/\/firstconsultingservices.com\/vi-vn\/uu-dai-thanh-vien-moi\/#Luu_y_quan_trong_khi_lua_chon_uu_dai_thanh_vien_moi\" >L\u01b0u \u00fd quan tr\u1ecdng khi l\u1ef1a ch\u1ecdn \u01b0u \u0111\u00e3i th\u00e0nh vi\u00ean m\u1edbi<\/a><\/li><li class='ez-toc-page-1 ez-toc-heading-level-2'><a class=\"ez-toc-link ez-toc-heading-7\" href=\"https:\/\/firstconsultingservices.com\/vi-vn\/uu-dai-thanh-vien-moi\/#Su_co_tham_gia_uu_dai_va_cach_xu_ly\" >S\u1ef1 c\u1ed1 tham gia \u01b0u \u0111\u00e3i v\u00e0 c\u00e1ch x\u1eed l\u00fd<\/a><\/li><li class='ez-toc-page-1 ez-toc-heading-level-2'><a class=\"ez-toc-link ez-toc-heading-8\" href=\"https:\/\/firstconsultingservices.com\/vi-vn\/uu-dai-thanh-vien-moi\/#Ket_luan\" >K\u1ebft lu\u1eadn<\/a><\/li><\/ul><\/li><\/ul><\/nav><\/div>\n<h1 style=\"text-align: center;\"><span class=\"ez-toc-section\" id=\"Uu_Dai_Thanh_Vien_Moi_%E2%80%93_Nhan_Thuong_Khung_Lien_Tay_2025\"><\/span><b>\u01afu \u0110\u00e3i Th\u00e0nh Vi\u00ean M\u1edbi &#8211; Nh\u1eadn Th\u01b0\u1edfng Kh\u1ee7ng Li\u1ec1n Tay 2025<\/b><span class=\"ez-toc-section-end\"><\/span><\/h1>\n<p><b>\u01afu \u0111\u00e3i th\u00e0nh vi\u00ean m\u1edbi<\/b><span style=\"font-weight: 400;\"> \u0111\u01b0\u1ee3c x\u00e2y d\u1ef1ng \u0111\u1ed9c quy\u1ec1n t\u1ea1i <strong>99OK<\/strong> nh\u1eb1m mang \u0111\u1ebfn s\u1ef1 h\u1ed7 tr\u1ee3 hi\u1ec7u qu\u1ea3 v\u1ec1 m\u1eb7t t\u00e0i ch\u00ednh. M\u1ecdi ng\u01b0\u1eddi c\u1ea7n ph\u1ea3i hi\u1ec3u r\u00f5 \u0111i\u1ec1u ki\u1ec7n, nguy\u00ean t\u1eafc c\u01a1 b\u1ea3n c\u00f9ng l\u01b0u \u00fd quan tr\u1ecdng khi tham gia khuy\u1ebfn m\u00e3i. To\u00e0n b\u1ed9 s\u1ebd \u0111\u01b0\u1ee3c n\u1ec1n t\u1ea3ng b\u1eadt m\u00ed trong b\u00e0i vi\u1ebft d\u01b0\u1edbi \u0111\u00e2y.<\/span><\/p>\n<h2><span class=\"ez-toc-section\" id=\"Loi_ich_khi_tham_gia_uu_dai_thanh_vien_moi_tai_99OK\"><\/span><b>L\u1ee3i \u00edch khi tham gia \u01b0u \u0111\u00e3i th\u00e0nh vi\u00ean m\u1edbi t\u1ea1i 99OK<\/b><span class=\"ez-toc-section-end\"><\/span><\/h2>\n<p><span style=\"font-weight: 400;\">M\u1ecdi ng\u01b0\u1eddi khi m\u1edbi \u0111\u1ed3ng h\u00e0nh c\u00f9ng th\u01b0\u01a1ng hi\u1ec7u s\u1ebd b\u1ecb thu h\u00fat b\u1edfi ph\u1ea7n qu\u00e0 t\u1eb7ng h\u1ea5p d\u1eabn. Ch\u01b0\u01a1ng tr\u00ecnh khuy\u1ebfn m\u00e3i \u0111\u01b0\u1ee3c x\u00e2y d\u1ef1ng nh\u1eb1m mang \u0111\u1ebfn nhi\u1ec1u l\u1ee3i \u00edch cho h\u1ed9i vi\u00ean.<\/span><\/p>\n<figure id=\"attachment_123\" aria-describedby=\"caption-attachment-123\" style=\"width: 800px\" class=\"wp-caption aligncenter\"><img loading=\"lazy\" decoding=\"async\" class=\"size-full wp-image-123\" src=\"https:\/\/firstconsultingservices.com\/wp-content\/uploads\/2025\/09\/uu-dai-thanh-vien-moi-mang-den-dong-luc-lon-khi-ca-cuoc-1.jpg\" alt=\"\u01afu \u0111\u00e3i th\u00e0nh vi\u00ean m\u1edbi mang \u0111\u1ebfn \u0111\u1ed9ng l\u1ef1c l\u1edbn khi c\u00e1 c\u01b0\u1ee3c\" width=\"800\" height=\"400\" title=\"\" srcset=\"https:\/\/firstconsultingservices.com\/wp-content\/uploads\/2025\/09\/uu-dai-thanh-vien-moi-mang-den-dong-luc-lon-khi-ca-cuoc-1.jpg 800w, https:\/\/firstconsultingservices.com\/wp-content\/uploads\/2025\/09\/uu-dai-thanh-vien-moi-mang-den-dong-luc-lon-khi-ca-cuoc-1-300x150.jpg 300w, https:\/\/firstconsultingservices.com\/wp-content\/uploads\/2025\/09\/uu-dai-thanh-vien-moi-mang-den-dong-luc-lon-khi-ca-cuoc-1-768x384.jpg 768w\" sizes=\"auto, (max-width: 800px) 100vw, 800px\" \/><figcaption id=\"caption-attachment-123\" class=\"wp-caption-text\">\u01afu \u0111\u00e3i th\u00e0nh vi\u00ean m\u1edbi mang \u0111\u1ebfn \u0111\u1ed9ng l\u1ef1c l\u1edbn khi c\u00e1 c\u01b0\u1ee3c<\/figcaption><\/figure>\n<ul>\n<li style=\"font-weight: 400;\" aria-level=\"1\"><span style=\"font-weight: 400;\">C\u1ea3i thi\u1ec7n t\u00e0i ch\u00ednh: Ngay sau khi \u0111\u0103ng nh\u1eadp t\u00e0i kho\u1ea3n th\u00e0nh c\u00f4ng, h\u1ed9i vi\u00ean s\u1ebd nh\u1eadn ph\u1ea7n qu\u00e0 t\u1eb7ng t\u01b0\u01a1ng \u1ee9ng. B\u1ea1n c\u00f3 th\u1ec3 s\u1eed d\u1ee5ng ngu\u1ed3n ti\u1ec1n n\u00e0y l\u00e0m v\u1ed1n \u0111\u1ea7u t\u01b0. Ch\u01b0\u01a1ng tr\u00ecnh n\u00e0y gi\u00fap c\u00e1 nh\u00e2n gi\u1ea3m b\u1edbt g\u00e1nh n\u1eb7ng v\u1ec1 m\u1eb7t t\u00e0i ch\u00ednh.\u00a0<\/span><\/li>\n<li style=\"font-weight: 400;\" aria-level=\"1\"><span style=\"font-weight: 400;\">T\u0103ng th\u00eam \u0111\u1ed9ng l\u1ef1c c\u00e1 c\u01b0\u1ee3c: M\u00f3n qu\u00e0 tri \u00e2n n\u00e0y kh\u00f4ng ch\u1ec9 c\u00f3 gi\u00e1 tr\u1ecb kinh t\u1ebf m\u00e0 c\u00f2n gi\u00fap h\u1ed9i vi\u00ean c\u00f3 th\u00eam tinh th\u1ea7n khi c\u00e1 c\u01b0\u1ee3c. Quy\u1ebft \u0111\u1ecbnh khi kh\u00f4ng c\u00f3 \u00e1p l\u1ef1c th\u01b0\u1eddng mang \u0111\u1ebfn \u0111\u1ed9 chu\u1ea9n x\u00e1c cao h\u01a1n.<\/span><\/li>\n<\/ul>\n<h2><span class=\"ez-toc-section\" id=\"Chi_tiet_su_kien_uu_dai_doc_quyen_cho_tan_binh\"><\/span><b>Chi ti\u1ebft s\u1ef1 ki\u1ec7n \u01b0u \u0111\u00e3i \u0111\u1ed9c quy\u1ec1n cho t\u00e2n binh<\/b><span class=\"ez-toc-section-end\"><\/span><\/h2>\n<p><span style=\"font-weight: 400;\">Ng\u01b0\u1eddi ch\u01a1i khi m\u1edbi tham gia c\u00e1 c\u01b0\u1ee3c th\u01b0\u1eddng g\u1eb7p h\u1ea1n ch\u1ebf trong v\u1ea5n \u0111\u1ec1 t\u00e0i ch\u00ednh. Do \u0111\u00f3, s\u1ef1 xu\u1ea5t hi\u1ec7n c\u1ee7a s\u1ef1 ki\u1ec7n n\u00e0y gi\u00fap b\u1ea1n s\u1edf h\u1eefu th\u00eam ngu\u1ed3n ti\u1ec1n \u0111\u1ec3 gi\u1ea3i tr\u00ed hi\u1ec7u qu\u1ea3.<\/span><\/p>\n<h3><span class=\"ez-toc-section\" id=\"Tang_tien_mat_khi_thiet_lap_tai_khoan_thanh_cong\"><\/span><b>T\u1eb7ng ti\u1ec1n m\u1eb7t khi thi\u1ebft l\u1eadp t\u00e0i kho\u1ea3n th\u00e0nh c\u00f4ng<\/b><span class=\"ez-toc-section-end\"><\/span><\/h3>\n<p><span style=\"font-weight: 400;\">Ngay sau khi m\u1ecdi ng\u01b0\u1eddi \u0111\u0103ng k\u00fd th\u00e0nh c\u00f4ng, s\u00e2n ch\u01a1i s\u1ebd t\u1eb7ng m\u1ed9t kho\u1ea3n ti\u1ec1n <\/span><a href=\"https:\/\/firstconsultingservices.com\/vi-vn\/uu-dai-thanh-vien-moi\/\"><b>\u01b0u \u0111\u00e3i th\u00e0nh vi\u00ean m\u1edbi<\/b><\/a><span style=\"font-weight: 400;\"> 88.000 v\u00e0o v\u00ed c\u1ee7a b\u1ea1n. M\u1eb7c d\u00f9 gi\u00e1 tr\u1ecb kh\u00f4ng qu\u00e1 l\u1edbn nh\u01b0ng \u0111\u00e2y ch\u00ednh l\u00e0 m\u00f3n qu\u00e0 tinh th\u1ea7n gi\u00fap h\u1ed9i vi\u00ean c\u00f3 th\u00eam \u0111\u1ed9ng l\u1ef1c trong qu\u00e1 tr\u00ecnh gi\u1ea3i tr\u00ed.<\/span><\/p>\n<p><span style=\"font-weight: 400;\">B\u1ea1n ho\u00e0n to\u00e0n c\u00f3 th\u1ec3 s\u1eed d\u1ee5ng kho\u1ea3n v\u1ed1n n\u00e0y \u0111\u1ec3 tri\u1ec3n khai vi\u1ec7c c\u00e1 c\u01b0\u1ee3c. Tuy nhi\u00ean n\u1ebfu mu\u1ed1n r\u00fat v\u1ec1 ng\u00e2n h\u00e0ng c\u00e1 nh\u00e2n, ng\u01b0\u1eddi ch\u01a1i c\u1ea7n ho\u00e0n th\u00e0nh t\u1ed1i thi\u1ec3u 1 v\u00f2ng c\u01b0\u1ee3c h\u1ee3p l\u1ec7. Nguy\u00ean t\u1eafc x\u00e2y d\u1ef1ng nh\u1eb1m h\u1ea1n ch\u1ebf t\u00ecnh tr\u1ea1ng tr\u1ee5c l\u1ee3i kh\u00f4ng \u0111\u00e1ng c\u00f3.<\/span><\/p>\n<h3><span class=\"ez-toc-section\" id=\"Uu_dai_thanh_vien_moi_nhan_khuyen_mai_100_gia_tri_nap\"><\/span><b>\u01afu \u0111\u00e3i th\u00e0nh vi\u00ean m\u1edbi nh\u1eadn khuy\u1ebfn m\u00e3i 100% gi\u00e1 tr\u1ecb n\u1ea1p<\/b><span class=\"ez-toc-section-end\"><\/span><\/h3>\n<p><span style=\"font-weight: 400;\">Ng\u01b0\u1eddi ch\u01a1i b\u1eaft bu\u1ed9c ph\u1ea3i chu\u1ea9n b\u1ecb m\u1ed9t kho\u1ea3n \u0111\u1ea7u t\u01b0 cho vi\u1ec7c gi\u1ea3i tr\u00ed. \u0110\u1ec3 kh\u00edch l\u1ec7 th\u00e0nh vi\u00ean t\u00edch c\u1ef1c h\u01a1n trong qu\u00e1 tr\u00ecnh c\u00e1 c\u01b0\u1ee3c, n\u1ec1n t\u1ea3ng x\u00e2y d\u1ef1ng ch\u01b0\u01a1ng tr\u00ecnh \u01b0u \u0111\u00e3i th\u1ebb n\u1ea1p.<\/span><\/p>\n<figure id=\"attachment_122\" aria-describedby=\"caption-attachment-122\" style=\"width: 800px\" class=\"wp-caption aligncenter\"><img loading=\"lazy\" decoding=\"async\" class=\"size-full wp-image-122\" src=\"https:\/\/firstconsultingservices.com\/wp-content\/uploads\/2025\/09\/uu-dai-nap-lan-dau-mang-lai-gia-tri-tien-thuong-khung-1.jpg\" alt=\"\u01afu \u0111\u00e3i n\u1ea1p l\u1ea7n \u0111\u1ea7u mang l\u1ea1i gi\u00e1 tr\u1ecb ti\u1ec1n th\u01b0\u1edfng kh\u1ee7ng\" width=\"800\" height=\"400\" title=\"\" srcset=\"https:\/\/firstconsultingservices.com\/wp-content\/uploads\/2025\/09\/uu-dai-nap-lan-dau-mang-lai-gia-tri-tien-thuong-khung-1.jpg 800w, https:\/\/firstconsultingservices.com\/wp-content\/uploads\/2025\/09\/uu-dai-nap-lan-dau-mang-lai-gia-tri-tien-thuong-khung-1-300x150.jpg 300w, https:\/\/firstconsultingservices.com\/wp-content\/uploads\/2025\/09\/uu-dai-nap-lan-dau-mang-lai-gia-tri-tien-thuong-khung-1-768x384.jpg 768w\" sizes=\"auto, (max-width: 800px) 100vw, 800px\" \/><figcaption id=\"caption-attachment-122\" class=\"wp-caption-text\">\u01afu \u0111\u00e3i n\u1ea1p l\u1ea7n \u0111\u1ea7u mang l\u1ea1i gi\u00e1 tr\u1ecb ti\u1ec1n th\u01b0\u1edfng kh\u1ee7ng<\/figcaption><\/figure>\n<p><span style=\"font-weight: 400;\">S\u1ef1 ki\u1ec7n b\u1eaft \u0111\u1ea7u di\u1ec5n ra t\u1eeb ng\u00e0y 15\/8\/2023 v\u00e0 ch\u01b0a c\u00f3 th\u1eddi \u0111i\u1ec3m k\u1ebft th\u00fac. Ng\u01b0\u1eddi ch\u01a1i\u00a0<strong><span data-sheets-root=\"1\"><a class=\"in-cell-link\" href=\"https:\/\/firstconsultingservices.com\/vi-vn\/\" target=\"_blank\" rel=\"noopener\">99ok.com<\/a><\/span><\/strong> s\u1ebd c\u00f3 c\u01a1 h\u1ed9i nh\u1eadn kho\u1ea3n ti\u1ec1n t\u01b0\u01a1ng \u0111\u01b0\u01a1ng v\u1edbi 100% gi\u00e1 tr\u1ecb th\u1ebb n\u1ea1p trong l\u1ea7n giao d\u1ecbch \u0111\u1ea7u ti\u00ean. M\u1ee9c th\u01b0\u1edfng t\u1ed1i thi\u1ec3u c\u00f3 th\u1ec3 l\u00ean \u0111\u1ebfn 18.888.000 \u0111\u1ed3ng.<\/span><\/p>\n<p><span style=\"font-weight: 400;\">Tuy nhi\u00ean, ch\u01b0\u01a1ng tr\u00ecnh ch\u1ec9 c\u00f3 hi\u1ec7u l\u1ef1c trong kho\u1ea3ng 72 gi\u1edd k\u1ec3 t\u1eeb th\u1eddi gian n\u1ea1p ti\u1ec1n. Do \u0111\u00f3, b\u1ea1n c\u1ea7n ph\u1ea3i tranh th\u1ee7 th\u1eddi gian \u0111\u1ec3 kh\u00f4ng b\u1ecf l\u1ee1 c\u01a1 h\u1ed9i hi\u1ebfm c\u00f3 n\u00e0y.<\/span><\/p>\n<h2><span class=\"ez-toc-section\" id=\"Luu_y_quan_trong_khi_lua_chon_uu_dai_thanh_vien_moi\"><\/span><b>L\u01b0u \u00fd quan tr\u1ecdng khi l\u1ef1a ch\u1ecdn \u01b0u \u0111\u00e3i th\u00e0nh vi\u00ean m\u1edbi<\/b><span class=\"ez-toc-section-end\"><\/span><\/h2>\n<p><span style=\"font-weight: 400;\">Nh\u00e0 c\u00e1i t\u1ea1o \u0111i\u1ec1u ki\u1ec7n h\u1ebft m\u1ee9c \u0111\u1ec3 h\u1ed9i vi\u00ean c\u00f3 th\u1ec3 d\u1ec5 d\u00e0ng nh\u1eadn ti\u1ec1n v\u1ec1 t\u00e0i kho\u1ea3n. Tuy nhi\u00ean, m\u1ecdi ng\u01b0\u1eddi v\u1eabn c\u1ea7n l\u01b0u \u00fd \u0111\u1ebfn m\u1ed9t v\u00e0i kh\u00eda c\u1ea1nh quan tr\u1ecdng. N\u1ed9i dung <span data-sheets-root=\"1\">99ok.<\/span> n\u00e0y s\u1ebd gi\u00fap b\u1ea1n rinh ti\u1ec1n nhanh ch\u00f3ng.<\/span><\/p>\n<ul>\n<li style=\"font-weight: 400;\" aria-level=\"1\"><span style=\"font-weight: 400;\">\u0110i\u1ec1u ki\u1ec7n \u01b0u \u0111\u00e3i: <b>\u01afu \u0111\u00e3i th\u00e0nh vi\u00ean m\u1edbi<\/b> n\u00e0y \u0111\u01b0\u1ee3c x\u00e2y d\u1ef1ng cho t\u1ea5t c\u1ea3 h\u1ed9i vi\u00ean m\u1edbi khi \u0111\u1ed3ng h\u00e0nh c\u00f9ng n\u1ec1n t\u1ea3ng. Tuy nhi\u00ean, m\u1ed7i ch\u01b0\u01a1ng tr\u00ecnh ch\u1ec9 \u0111\u01b0\u1ee3c ph\u00e9p tham gia m\u1ed9t l\u1ea7n duy nh\u1ea5t. Do \u0111\u00f3, b\u1ea1n c\u1ea7n c\u00e2n nh\u1eafc k\u1ef9 \u0111\u1ec3 \u0111\u00e1p \u1ee9ng y\u00eau c\u1ea7u n\u00e0y.<\/span><\/li>\n<li style=\"font-weight: 400;\" aria-level=\"1\"><span style=\"font-weight: 400;\">Trung th\u1ef1c tuy\u1ec7t \u0111\u1ed1i: H\u1ed9i vi\u00ean ch\u1ec9 c\u00f3 th\u1ec3 r\u00fat ti\u1ec1n <\/span><b>\u01b0u \u0111\u00e3i th\u00e0nh vi\u00ean m\u1edbi <\/b><span style=\"font-weight: 400;\">v\u1ec1 ng\u00e2n h\u00e0ng khi qu\u00e1 tr\u00ecnh c\u00e1 c\u01b0\u1ee3c kh\u00f4ng gian l\u1eadn, \u0111\u1ea3m b\u1ea3o s\u1ef1 minh b\u1ea1ch 100%. M\u1ecdi h\u00e0nh \u0111\u1ed9ng vi ph\u1ea1m \u0111\u1ec1u s\u1ebd b\u1ecb x\u1eed ph\u1ea1t b\u1eb1ng vi\u1ec7c t\u01b0\u1edbc b\u1ecf t\u01b0 c\u00e1ch nh\u1eadn th\u01b0\u1edfng.<\/span><\/li>\n<li style=\"font-weight: 400;\" aria-level=\"1\"><span style=\"font-weight: 400;\">\u0110\u1ea3m b\u1ea3o k\u1ebft n\u1ed1i m\u1ea1ng: Ng\u01b0\u1eddi ch\u01a1i th\u01b0\u1eddng ch\u1ee7 quan b\u1ecf qua kh\u00eda c\u1ea1nh n\u00e0y. Tuy nhi\u00ean, \u0111\u01b0\u1eddng truy\u1ec1n gi\u00e1n \u0111o\u1ea1n khi\u1ebfn b\u1ea1n g\u1eb7p kh\u00f3 kh\u0103n khi nh\u1eadn th\u01b0\u1edfng. Th\u1eadm ch\u00ed, giao d\u1ecbch s\u1ebd b\u1ecb treo g\u00e2y m\u1ea5t th\u1eddi gian \u0111\u00f4i b\u00ean.<\/span><\/li>\n<\/ul>\n<h2><span class=\"ez-toc-section\" id=\"Su_co_tham_gia_uu_dai_va_cach_xu_ly\"><\/span><b>S\u1ef1 c\u1ed1 tham gia \u01b0u \u0111\u00e3i v\u00e0 c\u00e1ch x\u1eed l\u00fd<\/b><span class=\"ez-toc-section-end\"><\/span><\/h2>\n<p><b>\u01afu \u0111\u00e3i th\u00e0nh vi\u00ean m\u1edbi<\/b><span style=\"font-weight: 400;\"> \u0111\u01b0\u1ee3c th\u1ef1c hi\u1ec7n b\u1edfi \u0111\u1ed9i ng\u0169 nh\u00e0 c\u00e1i chuy\u00ean nghi\u1ec7p. Tuy nhi\u00ean, ng\u01b0\u1eddi ch\u01a1i kh\u00f4ng th\u1ec3 tr\u00e1nh kh\u1ecfi m\u1ed9t v\u00e0i s\u1ef1 c\u1ed1 nh\u1ecf. B\u1ea1n c\u1ea7n l\u01b0\u1eddng tr\u01b0\u1edbc nh\u1eefng r\u1ee7i ro th\u01b0\u1eddng g\u1eb7p \u0111\u1ec3 \u0111\u01b0a ra ph\u01b0\u01a1ng \u00e1n gi\u1ea3i quy\u1ebft ph\u00f9 h\u1ee3p.<\/span><\/p>\n<figure id=\"attachment_121\" aria-describedby=\"caption-attachment-121\" style=\"width: 800px\" class=\"wp-caption aligncenter\"><img loading=\"lazy\" decoding=\"async\" class=\"size-full wp-image-121\" src=\"https:\/\/firstconsultingservices.com\/wp-content\/uploads\/2025\/09\/thanh-vien-thuc-hien-theo-dung-luu-y-quan-trong.jpg\" alt=\"Th\u00e0nh vi\u00ean th\u1ef1c hi\u1ec7n theo \u0111\u00fang l\u01b0u \u00fd quan tr\u1ecdng\" width=\"800\" height=\"400\" title=\"\" srcset=\"https:\/\/firstconsultingservices.com\/wp-content\/uploads\/2025\/09\/thanh-vien-thuc-hien-theo-dung-luu-y-quan-trong.jpg 800w, https:\/\/firstconsultingservices.com\/wp-content\/uploads\/2025\/09\/thanh-vien-thuc-hien-theo-dung-luu-y-quan-trong-300x150.jpg 300w, https:\/\/firstconsultingservices.com\/wp-content\/uploads\/2025\/09\/thanh-vien-thuc-hien-theo-dung-luu-y-quan-trong-768x384.jpg 768w\" sizes=\"auto, (max-width: 800px) 100vw, 800px\" \/><figcaption id=\"caption-attachment-121\" class=\"wp-caption-text\">Th\u00e0nh vi\u00ean th\u1ef1c hi\u1ec7n theo \u0111\u00fang l\u01b0u \u00fd quan tr\u1ecdng<\/figcaption><\/figure>\n<ul>\n<li style=\"font-weight: 400;\" aria-level=\"1\"><span style=\"font-weight: 400;\">Link nh\u1eadn \u01b0u \u0111\u00e3i b\u1ecb ch\u1eb7n: Li\u00ean k\u1ebft v\u00f4 hi\u1ec7u s\u1ebd khi\u1ebfn b\u1ea1n kh\u00f4ng th\u1ec3 \u0111\u0103ng nh\u1eadp t\u00e0i kho\u1ea3n nh\u1eadn th\u01b0\u1edfng. Khi g\u1eb7p t\u00ecnh hu\u1ed1ng n\u00e0y, b\u1ea1n c\u1ea7n ngay l\u1eadp t\u1ee9c chuy\u1ec3n sang website d\u1ef1 ph\u00f2ng. Ngo\u00e0i ra, ng\u01b0\u1eddi ch\u01a1i c\u00f3 th\u1ec3 c\u00e0i \u0111\u1eb7t th\u00eam VPN \u0111\u1ec3 l\u1eadp IP gi\u1ea3 \u0111\u1ecbnh.<\/span><\/li>\n<li style=\"font-weight: 400;\" aria-level=\"1\"><span style=\"font-weight: 400;\">L\u1ed7i b\u1ea3o tr\u00ec h\u1ec7 th\u1ed1ng: N\u1ec1n t\u1ea3ng th\u01b0\u1eddng xuy\u00ean n\u00e2ng c\u1ea5p \u0111\u1ec3 c\u1ea3i thi\u1ec7n ch\u1ea5t l\u01b0\u1ee3ng d\u1ecbch v\u1ee5. V\u00e0o th\u1eddi \u0111i\u1ec3m n\u00e0y, b\u1ea1n kh\u00f4ng th\u1ec3 thao t\u00e1c nh\u1eadn ti\u1ec1n. Ng\u01b0\u1eddi ch\u01a1i b\u1eaft bu\u1ed9c ph\u1ea3i ch\u1edd \u0111\u1ee3i 1-2 ti\u1ebfng \u0111\u1ec3 qu\u00e1 tr\u00ecnh n\u00e0y ho\u00e0n th\u00e0nh.<\/span><\/li>\n<\/ul>\n<p><span style=\"font-weight: 400;\">Khi g\u1eb7p kh\u00f3 kh\u0103n kh\u00f4ng th\u1ec3 gi\u1ea3i quy\u1ebft, b\u1ea1n n\u00ean nh\u1edd \u0111\u1ebfn s\u1ef1 gi\u00fap \u0111\u1ee1 c\u1ee7a \u0111\u1ed9i ng\u0169 CSKH. V\u1edbi chuy\u00ean m\u00f4n cao, h\u1ecd s\u1ebd x\u1eed l\u00fd v\u1ea5n \u0111\u1ec1 nhanh ch\u00f3ng gi\u00fap th\u00e0nh vi\u00ean kh\u00f4ng g\u1eb7p gi\u00e1n \u0111o\u1ea1n qu\u00e1 l\u00e2u.<\/span><\/p>\n<blockquote><p><em><strong>&gt;&gt;&gt; Xem th\u00eam : <a href=\"https:\/\/firstconsultingservices.com\/vi-vn\/khuyen-mai-hoan-tra\/\">Khuy\u1ebfn M\u00e3i Ho\u00e0n Tr\u1ea3<\/a> &#8211; Si\u00eau \u01afu \u0110\u00e3i D\u00e0nh Cho H\u1ed9i Vi\u00ean T9<\/strong><\/em><\/p><\/blockquote>\n<h2><span class=\"ez-toc-section\" id=\"Ket_luan\"><\/span><b>K\u1ebft lu\u1eadn<\/b><span class=\"ez-toc-section-end\"><\/span><\/h2>\n<p><b>\u01afu \u0111\u00e3i th\u00e0nh vi\u00ean m\u1edbi<\/b><span style=\"font-weight: 400;\"> t\u1ea1i 99OK ch\u1eafc ch\u1eafn l\u00e0 ch\u01b0\u01a1ng tr\u00ecnh h\u1ea5p d\u1eabn \u0111\u00e1ng tr\u1ea3i nghi\u1ec7m. M\u1ecdi ng\u01b0\u1eddi n\u1eafm b\u1eaft n\u1ed9i dung quan tr\u1ecdng chia s\u1ebb trong b\u00e0i vi\u1ebft \u0111\u1ec3 kh\u00f4ng b\u1ecf l\u1ee1 c\u01a1 h\u1ed9i nh\u1eadn th\u01b0\u1edfng gi\u00e1 tr\u1ecb. C\u00f2n ch\u1ea7n ch\u1edd g\u00ec n\u1eefa m\u00e0 kh\u00f4ng \u0111\u1ed3ng h\u00e0nh c\u00f9ng nh\u00e0 c\u00e1i s\u1edf h\u1eefu quy\u1ec1n l\u1ee3i \u0111\u1eb3ng c\u1ea5p ngay h\u00f4m nay.<\/span><\/p>","protected":false},"excerpt":{"rendered":"<p>\u01afu \u0110\u00e3i Th\u00e0nh Vi\u00ean M\u1edbi &#8211; Nh\u1eadn Th\u01b0\u1edfng Kh\u1ee7ng Li\u1ec1n Tay 2025 \u01afu \u0111\u00e3i th\u00e0nh vi\u00ean m\u1edbi \u0111\u01b0\u1ee3c x\u00e2y d\u1ef1ng \u0111\u1ed9c quy\u1ec1n t\u1ea1i 99OK nh\u1eb1m mang \u0111\u1ebfn s\u1ef1 h\u1ed7 tr\u1ee3 hi\u1ec7u qu\u1ea3 v\u1ec1 m\u1eb7t t\u00e0i ch\u00ednh. M\u1ecdi ng\u01b0\u1eddi c\u1ea7n ph\u1ea3i hi\u1ec3u r\u00f5 \u0111i\u1ec1u ki\u1ec7n, nguy\u00ean t\u1eafc c\u01a1 b\u1ea3n c\u00f9ng l\u01b0u \u00fd quan tr\u1ecdng khi tham [&#8230;]\n","protected":false},"author":1,"featured_media":124,"parent":0,"menu_order":0,"comment_status":"closed","ping_status":"closed","template":"","meta":{"footnotes":""},"class_list":["post-115","page","type-page","status-publish","has-post-thumbnail","hentry"],"_links":{"self":[{"href":"https:\/\/firstconsultingservices.com\/vi-vn\/wp-json\/wp\/v2\/pages\/115","targetHints":{"allow":["GET"]}}],"collection":[{"href":"https:\/\/firstconsultingservices.com\/vi-vn\/wp-json\/wp\/v2\/pages"}],"about":[{"href":"https:\/\/firstconsultingservices.com\/vi-vn\/wp-json\/wp\/v2\/types\/page"}],"author":[{"embeddable":true,"href":"https:\/\/firstconsultingservices.com\/vi-vn\/wp-json\/wp\/v2\/users\/1"}],"replies":[{"embeddable":true,"href":"https:\/\/firstconsultingservices.com\/vi-vn\/wp-json\/wp\/v2\/comments?post=115"}],"version-history":[{"count":8,"href":"https:\/\/firstconsultingservices.com\/vi-vn\/wp-json\/wp\/v2\/pages\/115\/revisions"}],"predecessor-version":[{"id":511,"href":"https:\/\/firstconsultingservices.com\/vi-vn\/wp-json\/wp\/v2\/pages\/115\/revisions\/511"}],"wp:featuredmedia":[{"embeddable":true,"href":"https:\/\/firstconsultingservices.com\/vi-vn\/wp-json\/wp\/v2\/media\/124"}],"wp:attachment":[{"href":"https:\/\/firstconsultingservices.com\/vi-vn\/wp-json\/wp\/v2\/media?parent=115"}],"curies":[{"name":"wp","href":"https:\/\/api.w.org\/{rel}","templated":true}]}}