{"id":196,"date":"2025-09-10T15:25:56","date_gmt":"2025-09-10T08:25:56","guid":{"rendered":"https:\/\/zcsggp.sa.com\/?page_id=196"},"modified":"2025-10-10T19:50:56","modified_gmt":"2025-10-10T12:50:56","slug":"ban-ca-99ok","status":"publish","type":"page","link":"https:\/\/firstconsultingservices.com\/vi-vn\/ban-ca-99ok\/","title":{"rendered":"B\u1eafn C\u00e1 99OK"},"content":{"rendered":"<div id=\"ez-toc-container\" class=\"ez-toc-v2_0_76 counter-hierarchy ez-toc-counter ez-toc-grey ez-toc-container-direction\">\n<div class=\"ez-toc-title-container\">\n<p class=\"ez-toc-title\" style=\"cursor:inherit\">Table of Contents<\/p>\n<span class=\"ez-toc-title-toggle\"><a href=\"#\" class=\"ez-toc-pull-right ez-toc-btn ez-toc-btn-xs ez-toc-btn-default ez-toc-toggle\" aria-label=\"Toggle Table of Content\"><span class=\"ez-toc-js-icon-con\"><span class=\"\"><span class=\"eztoc-hide\" style=\"display:none;\">Toggle<\/span><span class=\"ez-toc-icon-toggle-span\"><svg style=\"fill: #999;color:#999\" xmlns=\"http:\/\/www.w3.org\/2000\/svg\" class=\"list-377408\" width=\"20px\" height=\"20px\" viewbox=\"0 0 24 24\" fill=\"none\"><path d=\"M6 6H4v2h2V6zm14 0H8v2h12V6zM4 11h2v2H4v-2zm16 0H8v2h12v-2zM4 16h2v2H4v-2zm16 0H8v2h12v-2z\" fill=\"currentColor\"><\/path><\/svg><svg style=\"fill: #999;color:#999\" class=\"arrow-unsorted-368013\" xmlns=\"http:\/\/www.w3.org\/2000\/svg\" width=\"10px\" height=\"10px\" viewbox=\"0 0 24 24\" version=\"1.2\" baseprofile=\"tiny\"><path d=\"M18.2 9.3l-6.2-6.3-6.2 6.3c-.2.2-.3.4-.3.7s.1.5.3.7c.2.2.4.3.7.3h11c.3 0 .5-.1.7-.3.2-.2.3-.5.3-.7s-.1-.5-.3-.7zM5.8 14.7l6.2 6.3 6.2-6.3c.2-.2.3-.5.3-.7s-.1-.5-.3-.7c-.2-.2-.4-.3-.7-.3h-11c-.3 0-.5.1-.7.3-.2.2-.3.5-.3.7s.1.5.3.7z\"\/><\/svg><\/span><\/span><\/span><\/a><\/span><\/div>\n<nav><ul class='ez-toc-list ez-toc-list-level-1' ><li class='ez-toc-page-1 ez-toc-heading-level-1'><a class=\"ez-toc-link ez-toc-heading-1\" href=\"https:\/\/firstconsultingservices.com\/vi-vn\/ban-ca-99ok\/#Game_Ban_Ca_99OK_%E2%80%93_Co_Hoi_San_Ca_Gia_Doi_Tien_That\" >Game B\u1eafn C\u00e1 99OK &#8211; C\u01a1 H\u1ed9i S\u0103n C\u00e1 Gi\u1ea3 \u0110\u1ed5i Ti\u1ec1n Th\u1eadt<\/a><ul class='ez-toc-list-level-2' ><li class='ez-toc-heading-level-2'><a class=\"ez-toc-link ez-toc-heading-2\" href=\"https:\/\/firstconsultingservices.com\/vi-vn\/ban-ca-99ok\/#Doi_net_gioi_thieu_so_luoc_ve_game_ban_ca_99OK\" >\u0110\u00f4i n\u00e9t gi\u1edbi thi\u1ec7u s\u01a1 l\u01b0\u1ee3c v\u1ec1 game b\u1eafn c\u00e1 99OK<\/a><\/li><li class='ez-toc-page-1 ez-toc-heading-level-2'><a class=\"ez-toc-link ez-toc-heading-3\" href=\"https:\/\/firstconsultingservices.com\/vi-vn\/ban-ca-99ok\/#Nhung_sanh_game_co_trong_game_ban_ca_99OK\" >Nh\u1eefng s\u1ea3nh game c\u00f3 trong game b\u1eafn c\u00e1 99OK<\/a><\/li><li class='ez-toc-page-1 ez-toc-heading-level-2'><a class=\"ez-toc-link ez-toc-heading-4\" href=\"https:\/\/firstconsultingservices.com\/vi-vn\/ban-ca-99ok\/#Diem_danh_mot_so_tua_game_noi_bat_trong_game_ban_ca_99OK\" >\u0110i\u1ec3m danh m\u1ed9t s\u1ed1 t\u1ef1a game n\u1ed5i b\u1eadt trong game b\u1eafn c\u00e1 99OK<\/a><ul class='ez-toc-list-level-3' ><li class='ez-toc-heading-level-3'><a class=\"ez-toc-link ez-toc-heading-5\" href=\"https:\/\/firstconsultingservices.com\/vi-vn\/ban-ca-99ok\/#Ban_ca_than_tai\" >B\u1eafn c\u00e1 th\u1ea7n t\u00e0i<\/a><\/li><li class='ez-toc-page-1 ez-toc-heading-level-3'><a class=\"ez-toc-link ez-toc-heading-6\" href=\"https:\/\/firstconsultingservices.com\/vi-vn\/ban-ca-99ok\/#Ban_ca_rong_vang\" >B\u1eafn c\u00e1 r\u1ed3ng v\u00e0ng<\/a><\/li><\/ul><\/li><li class='ez-toc-page-1 ez-toc-heading-level-2'><a class=\"ez-toc-link ez-toc-heading-7\" href=\"https:\/\/firstconsultingservices.com\/vi-vn\/ban-ca-99ok\/#Uu_diem_dac_biet_noi_troi_cua_game_ban_ca_99OK\" >\u01afu \u0111i\u1ec3m \u0111\u1eb7c bi\u1ec7t n\u1ed5i tr\u1ed9i c\u1ee7a game b\u1eafn c\u00e1 99OK<\/a><ul class='ez-toc-list-level-3' ><li class='ez-toc-heading-level-3'><a class=\"ez-toc-link ez-toc-heading-8\" href=\"https:\/\/firstconsultingservices.com\/vi-vn\/ban-ca-99ok\/#Da_dang_tro_choi\" >\u0110a d\u1ea1ng tr\u00f2 ch\u01a1i<\/a><\/li><li class='ez-toc-page-1 ez-toc-heading-level-3'><a class=\"ez-toc-link ez-toc-heading-9\" href=\"https:\/\/firstconsultingservices.com\/vi-vn\/ban-ca-99ok\/#Vu_khi_hien_dai\" >V\u0169 kh\u00ed hi\u1ec7n \u0111\u1ea1i<\/a><\/li><li class='ez-toc-page-1 ez-toc-heading-level-3'><a class=\"ez-toc-link ez-toc-heading-10\" href=\"https:\/\/firstconsultingservices.com\/vi-vn\/ban-ca-99ok\/#Con_moi_da_dang\" >Con m\u1ed3i \u0111a d\u1ea1ng<\/a><\/li><\/ul><\/li><li class='ez-toc-page-1 ez-toc-heading-level-2'><a class=\"ez-toc-link ez-toc-heading-11\" href=\"https:\/\/firstconsultingservices.com\/vi-vn\/ban-ca-99ok\/#Ket_luan\" >K\u1ebft lu\u1eadn<\/a><\/li><\/ul><\/li><\/ul><\/nav><\/div>\n<h1 style=\"text-align: center;\"><span class=\"ez-toc-section\" id=\"Game_Ban_Ca_99OK_%E2%80%93_Co_Hoi_San_Ca_Gia_Doi_Tien_That\"><\/span><b>Game B\u1eafn C\u00e1 99OK &#8211; C\u01a1 H\u1ed9i S\u0103n C\u00e1 Gi\u1ea3 \u0110\u1ed5i Ti\u1ec1n Th\u1eadt<\/b><span class=\"ez-toc-section-end\"><\/span><\/h1>\n<p><b>Game b\u1eafn c\u00e1 99OK <\/b><span style=\"font-weight: 400;\">danh m\u1ee5c tr\u00f2 ch\u01a1i uy t\u00edn v\u1edbi nhi\u1ec1u c\u01a1 h\u1ed9i ki\u1ebfm th\u01b0\u1edfng b\u1eb1ng vi\u1ec7c s\u0103n c\u00e1 gi\u1ea3i \u0111\u1ed5i ti\u1ec1n th\u1eadt. V\u1eady danh m\u1ee5c game n\u00e0y c\u00f3 nh\u1eefng s\u1ea3n ph\u1ea9m c\u1ee7a nh\u00e0 ph\u00e1t h\u00e0ng n\u00e0o, \u01b0u \u0111i\u1ec3m ra sao, s\u1ea3n ph\u1ea9m n\u1ed5i b\u1eadt l\u00e0 g\u00ec? T\u1ea5t c\u1ea3 nh\u1eefng th\u1eafc m\u1eafc \u0111\u00f3 s\u1ebd \u0111\u01b0\u1ee3c n\u1ec1n t\u1ea3ng gi\u1ea3i \u0111\u00e1p c\u1ee5 th\u1ec3 \u1edf n\u1ed9i dung b\u00e0i vi\u1ebft <strong><a class=\"in-cell-link\" href=\"https:\/\/firstconsultingservices.com\/vi-vn\/\" target=\"_blank\" rel=\"noopener\">99OK<\/a><\/strong> ngay sau \u0111\u00e2y.<\/span><\/p>\n<h2><span class=\"ez-toc-section\" id=\"Doi_net_gioi_thieu_so_luoc_ve_game_ban_ca_99OK\"><\/span><b>\u0110\u00f4i n\u00e9t gi\u1edbi thi\u1ec7u s\u01a1 l\u01b0\u1ee3c v\u1ec1 game b\u1eafn c\u00e1 99OK<\/b><span class=\"ez-toc-section-end\"><\/span><\/h2>\n<p><span style=\"font-weight: 400;\">B\u1eafn c\u00e1 l\u00e0 m\u1ed9t danh m\u1ee5c s\u1ea3n ph\u1ea9m n\u1eb1m trong kho d\u1ecbch v\u1ee5 c\u1ee7a <strong>nh\u00e0 c\u00e1i 99OK,<\/strong> \u0111\u01b0\u1ee3c cung c\u1ea5p v\u00e0 ph\u00e1t h\u00e0nh \u0111\u1ebfn ng\u01b0\u1eddi ch\u01a1i ngay t\u1eeb khi h\u1ec7 th\u1ed1ng \u0111i v\u00e0o ho\u1ea1t \u0111\u1ed9ng. V\u1edbi nh\u1eefng t\u1ef1a game \u0111a d\u1ea1ng, t\u00ednh gi\u1ea3i tr\u00ed cao, \u0111i\u1ec3m \u0111\u1ed5i th\u01b0\u1edfng l\u1edbn, danh m\u1ee5c tr\u00f2 ch\u01a1i n\u00e0y \u0111\u00e3 g\u00f3p ph\u1ea7n kh\u00f4ng nh\u1ecf trong vi\u1ec7c t\u1ea1o n\u00ean t\u00ean tu\u1ed5i n\u1ed5i ti\u1ebfng, uy t\u00edn cho s\u00e2n ch\u01a1i.<\/span><\/p>\n<figure id=\"attachment_206\" aria-describedby=\"caption-attachment-206\" style=\"width: 800px\" class=\"wp-caption aligncenter\"><img loading=\"lazy\" decoding=\"async\" class=\"size-full wp-image-206\" src=\"https:\/\/firstconsultingservices.com\/wp-content\/uploads\/2025\/09\/ban-ca-danh-muc-tro-choi-hot-nhat-tai-99ok.jpg\" alt=\"B\u1eafn c\u00e1 danh m\u1ee5c tr\u00f2 ch\u01a1i hot nh\u1ea5t t\u1ea1i 99OK\" width=\"800\" height=\"400\" title=\"\" srcset=\"https:\/\/firstconsultingservices.com\/wp-content\/uploads\/2025\/09\/ban-ca-danh-muc-tro-choi-hot-nhat-tai-99ok.jpg 800w, https:\/\/firstconsultingservices.com\/wp-content\/uploads\/2025\/09\/ban-ca-danh-muc-tro-choi-hot-nhat-tai-99ok-300x150.jpg 300w, https:\/\/firstconsultingservices.com\/wp-content\/uploads\/2025\/09\/ban-ca-danh-muc-tro-choi-hot-nhat-tai-99ok-768x384.jpg 768w\" sizes=\"auto, (max-width: 800px) 100vw, 800px\" \/><figcaption id=\"caption-attachment-206\" class=\"wp-caption-text\">B\u1eafn c\u00e1 danh m\u1ee5c tr\u00f2 ch\u01a1i hot nh\u1ea5t t\u1ea1i 99OK<\/figcaption><\/figure>\n<p><b>Game b\u1eafn c\u00e1 99OK<\/b><span style=\"font-weight: 400;\"> ho\u1ea1t \u0111\u1ed9ng tr\u00ean n\u1ec1n t\u1ea3ng nh\u00e0 c\u00e1i tr\u1ef1c tuy\u1ebfn, do \u0111\u00f3 m\u1ecdi ho\u1ea1t \u0111\u1ed9ng gi\u1ea3i tr\u00ed, \u0111\u1eb7t c\u01b0\u1ee3c, \u0111\u1ed5i th\u01b0\u1edfng \u0111\u1ec1u th\u1ef1c hi\u1ec7n online. Kh\u00e1ch h\u00e0ng ch\u1ec9 c\u1ea7n s\u1edf h\u1eefu m\u1ed9t trong c\u00e1c thi\u1ebft b\u1ecb th\u00f4ng minh nh\u01b0: \u0110i\u1ec7n tho\u1ea1i, ipad, m\u00e1y t\u00ednh, \u2026 c\u00f3 k\u1ebft n\u1ed1i m\u1ea1ng v\u00e0 t\u1ea1o t\u00e0i kho\u1ea3n t\u1ea1i nh\u00e0 c\u00e1i l\u00e0 \u0111\u00e3 \u0111\u1ee7 \u0111i\u1ec1u ki\u1ec7n tham gia s\u0103n c\u00e1 ki\u1ebfm th\u01b0\u1edfng.\u00a0<\/span><\/p>\n<p><span style=\"font-weight: 400;\">Quy tr\u00ecnh tham gia danh m\u1ee5c tr\u00f2 ch\u01a1i kh\u00e1 \u0111\u01a1n gi\u1ea3n v\u00e0 ti\u1ec7n l\u1ee3i, b\u1ea1n ch\u1ec9 c\u1ea7n v\u00e0o trang ch\u1ee7 s\u00e2n ch\u01a1i, nh\u1eadp t\u00e0i kho\u1ea3n c\u00e1 nh\u00e2n, ch\u1ecdn danh m\u1ee5c b\u1eafn c\u00e1, nh\u1ea5n v\u00e0o s\u1ea3nh game mu\u1ed1n tham gia, click v\u00e0o s\u1ea3n ph\u1ea9m y\u00eau th\u00edch l\u00e0 \u0111\u00e3 c\u00f3 th\u1ec3 b\u1eaft \u0111\u1ea7u m\u00e0n b\u1eafn c\u00e1 \u0111\u1ea7y th\u00fa v\u1ecb. L\u01b0u \u00fd, tr\u01b0\u1edbc khi b\u1eaft \u0111\u1ea7u, kh\u00e1ch h\u00e0ng b\u1eaft bu\u1ed9c ph\u1ea3i n\u1ea1p ti\u1ec1n \u0111\u1ec3 c\u00f3 v\u1ed1n mua v\u0169 kh\u00ed, \u0111\u1ea1n d\u01b0\u1ee3c.\u00a0<\/span><\/p>\n<h2><span class=\"ez-toc-section\" id=\"Nhung_sanh_game_co_trong_game_ban_ca_99OK\"><\/span><b>Nh\u1eefng s\u1ea3nh game c\u00f3 trong game b\u1eafn c\u00e1 99OK<\/b><span class=\"ez-toc-section-end\"><\/span><\/h2>\n<p><span style=\"font-weight: 400;\">\u0110\u1ec3 mang \u0111\u1ebfn cho kh\u00e1ch h\u00e0ng nhi\u1ec1u s\u1ea3n ph\u1ea9m ch\u1ea5t l\u01b0\u1ee3ng t\u1ed1t nh\u1ea5t, hi\u1ec7n t\u1ea1i <strong>99OK<\/strong> \u0111ang li\u00ean k\u1ebft v\u1edbi 16 nh\u00e0 ph\u00e1t h\u00e0nh ch\u1ea5t l\u01b0\u1ee3ng nh\u1ea5t tr\u00ean to\u00e0n c\u1ea7u g\u1ed3m: JDP, TP, MG, KA, BG, JILI, FC, ILOVEU, FTG, YB, ASKME, BSD, CQ9, RTG, VA. V\u00ec \u0111\u00e2y to\u00e0n l\u00e0 nh\u1eefng \u0111\u01a1n v\u1ecb s\u1ea3n xu\u1ea5t game online c\u00f3 kinh nghi\u1ec7m, do \u0111\u00f3 nh\u1eefng s\u1ea3n ph\u1ea9m c\u1ee7a h\u1ecd \u0111\u1ec1u s\u1ebd c\u00f3 ch\u1ea5t l\u01b0\u1ee3ng ho\u00e0n h\u1ea3o c\u1ea3 v\u1ec1 n\u1ed9i dung l\u1eabn h\u00ecnh th\u1ee9c.<\/span><\/p>\n<h2><span class=\"ez-toc-section\" id=\"Diem_danh_mot_so_tua_game_noi_bat_trong_game_ban_ca_99OK\"><\/span><b>\u0110i\u1ec3m danh m\u1ed9t s\u1ed1 t\u1ef1a game n\u1ed5i b\u1eadt trong game b\u1eafn c\u00e1 99OK<\/b><span class=\"ez-toc-section-end\"><\/span><\/h2>\n<p><span style=\"font-weight: 400;\">H\u1ea7u h\u1ebft c\u00e1c s\u1ea3n ph\u1ea9m g\u00f3p m\u1eb7t trong danh m\u1ee5c b\u1eafn c\u00e1 c\u1ee7a nh\u00e0 c\u00e1i 99OK \u0111\u1ec1u l\u00e0 nh\u1eefng tr\u00f2 ch\u01a1i xu\u1ea5t s\u1eafc, trong \u0111\u00f3 c\u00f3 m\u1ed9t s\u1ed1 game \u0111\u01b0\u1ee3c kh\u00e1ch h\u00e0ng quan t\u00e2m nhi\u1ec1u h\u01a1n m\u1ed9t ch\u00fat, c\u1ee5 th\u1ec3 nh\u01b0:\u00a0<\/span><\/p>\n<h3><span class=\"ez-toc-section\" id=\"Ban_ca_than_tai\"><\/span><b>B\u1eafn c\u00e1 th\u1ea7n t\u00e0i<\/b><span class=\"ez-toc-section-end\"><\/span><\/h3>\n<p><span style=\"font-weight: 400;\">B\u1eafn c\u00e1 th\u1ea7n t\u00e0i l\u00e0 game hot n\u1eb1m trong s\u1ea3nh JDP c\u1ee7a danh m\u1ee5c<\/span><b> game<\/b> <a href=\"https:\/\/firstconsultingservices.com\/vi-vn\/ban-ca-99ok\/\"><b>b\u1eafn c\u00e1 99OK<\/b><\/a><span style=\"font-weight: 400;\">, tr\u00f2 ch\u01a1i <strong><span data-sheets-root=\"1\">99okvip.top <\/span><\/strong>c\u00f3 l\u01b0\u1ee3ng kh\u00e1ch h\u00e0ng \u0111\u0103ng k\u00fd tham gia v\u01b0\u1ee3t tr\u1ed9i. \u01afu \u0111i\u1ec3m c\u1ee7a s\u1ea3n ph\u1ea9m l\u00e0 giao di\u1ec7n hi\u1ec7n \u0111\u1ea1i, to\u00e0n b\u1ed9 \u0111\u1ec1u \u0111\u01b0\u1ee3c t\u1ea1o d\u1ef1ng b\u1eb1ng c\u00f4ng ngh\u1ec7 3D ti\u00ean ti\u1ebfn, khi\u1ebfn th\u1ebf gi\u1edbi \u0111\u1ea1i d\u01b0\u01a1ng gi\u1ea3 nh\u01b0ng gi\u1ed1ng th\u1eadt \u0111\u1ebfn 90%. Ngo\u00e0i ra c\u01a1 h\u1ed9i \u0111\u1ec3 c\u00f3 chi\u1ebfn th\u1eafng trong game c\u0169ng r\u1ea5t l\u1edbn, nh\u1edd h\u1ec7 th\u1ed1ng v\u0169 kh\u00ed hi\u1ec7n \u0111\u1ea1i c\u00f9ng nhi\u1ec1u con m\u1ed3i gi\u00e1 tr\u1ecb.<\/span><\/p>\n<figure id=\"attachment_205\" aria-describedby=\"caption-attachment-205\" style=\"width: 800px\" class=\"wp-caption aligncenter\"><img loading=\"lazy\" decoding=\"async\" class=\"size-full wp-image-205\" src=\"https:\/\/firstconsultingservices.com\/wp-content\/uploads\/2025\/09\/nhieu-san-ban-ca-hot-nhat-thi-truong-co-mat-trong-danh-muc.jpg\" alt=\"Nhi\u1ec1u s\u1ea3n b\u1eafn c\u00e1 hot nh\u1ea5t th\u1ecb tr\u01b0\u1eddng c\u00f3 m\u1eb7t trong danh m\u1ee5c\" width=\"800\" height=\"400\" title=\"\" srcset=\"https:\/\/firstconsultingservices.com\/wp-content\/uploads\/2025\/09\/nhieu-san-ban-ca-hot-nhat-thi-truong-co-mat-trong-danh-muc.jpg 800w, https:\/\/firstconsultingservices.com\/wp-content\/uploads\/2025\/09\/nhieu-san-ban-ca-hot-nhat-thi-truong-co-mat-trong-danh-muc-300x150.jpg 300w, https:\/\/firstconsultingservices.com\/wp-content\/uploads\/2025\/09\/nhieu-san-ban-ca-hot-nhat-thi-truong-co-mat-trong-danh-muc-768x384.jpg 768w\" sizes=\"auto, (max-width: 800px) 100vw, 800px\" \/><figcaption id=\"caption-attachment-205\" class=\"wp-caption-text\">Nhi\u1ec1u s\u1ea3n b\u1eafn c\u00e1 hot nh\u1ea5t th\u1ecb tr\u01b0\u1eddng c\u00f3 m\u1eb7t trong danh m\u1ee5c<\/figcaption><\/figure>\n<h3><span class=\"ez-toc-section\" id=\"Ban_ca_rong_vang\"><\/span><b>B\u1eafn c\u00e1 r\u1ed3ng v\u00e0ng<\/b><span class=\"ez-toc-section-end\"><\/span><\/h3>\n<p><span style=\"font-weight: 400;\">L\u00e0 m\u1ed9t s\u1ea3n ph\u1ea9m \u0111\u1eb3ng c\u1ea5p \u0111\u1ebfn t\u1eeb nh\u00e0 ph\u00e1t h\u00e0ng KA, B\u1eafn c\u00e1 r\u1ed3ng v\u00e0ng li\u00ean t\u1ee5c gi\u1eef v\u1ecb tr\u00ed l\u00e0 t\u1ef1a game c\u00f3 l\u01b0\u1ee3ng kh\u00e1ch h\u00e0ng tham gia\u00a0<strong><span data-sheets-root=\"1\">99ok nh\u00e0 c\u00e1i<\/span><\/strong> tr\u1ea3i nghi\u1ec7m \u0111\u00f4ng nh\u1ea5t trong nhi\u1ec1u tu\u1ea7n. V\u0169 kh\u00ed hi\u1ec7n \u0111\u1ea1i, con m\u1ed3i \u0111a d\u1ea1ng, t\u1ef7 l\u1ec7 tr\u1ea3 th\u01b0\u1edfng cao l\u00e0 nh\u1eefng \u01b0u \u0111i\u1ec3m \u0111\u1eb7c bi\u1ec7t n\u1ed5i b\u1eadt c\u1ee7a t\u1ef1a game n\u00e0y \u0111\u01b0\u1ee3c kh\u00e1ch h\u00e0ng \u0111\u00e1nh gi\u00e1 cao.\u00a0<\/span><\/p>\n<h2><span class=\"ez-toc-section\" id=\"Uu_diem_dac_biet_noi_troi_cua_game_ban_ca_99OK\"><\/span><b>\u01afu \u0111i\u1ec3m \u0111\u1eb7c bi\u1ec7t n\u1ed5i tr\u1ed9i c\u1ee7a game b\u1eafn c\u00e1 99OK<\/b><span class=\"ez-toc-section-end\"><\/span><\/h2>\n<p><span style=\"font-weight: 400;\">\u0110\u1ec3 s\u1edf th\u00e0nh danh m\u1ee5c tr\u00f2 ch\u01a1i quan tr\u1ecdng v\u00e0 c\u00f3 s\u1ee9c h\u00fat nh\u1ea5t tr\u00ean h\u1ec7 th\u1ed1ng nh\u01b0 th\u1eddi \u0111i\u1ec3m hi\u1ec7n t\u1ea1i, b\u1ea3n th\u00e2n lo\u1ea1i h\u00ecnh gi\u1ea3i tr\u00ed n\u00e0y ph\u1ea3i s\u1edf h\u1eefu nhi\u1ec1u \u0111i\u1ec3m m\u1ea1nh n\u1ed5i b\u1eadt, \u0111i\u1ec3n h\u00ecnh nh\u01b0:\u00a0<\/span><\/p>\n<h3><span class=\"ez-toc-section\" id=\"Da_dang_tro_choi\"><\/span><b>\u0110a d\u1ea1ng tr\u00f2 ch\u01a1i<\/b><span class=\"ez-toc-section-end\"><\/span><\/h3>\n<p><span style=\"font-weight: 400;\">V\u1edbi 16 nh\u00e0 ph\u00e1t h\u00e0nh t\u01b0\u01a1ng \u0111\u01b0\u01a1ng 16 s\u1ea3nh game tr\u00ean h\u1ec7 th\u1ed1ng, hi\u1ec7n t\u1ea1i <\/span><b>game b\u1eafn c\u00e1 99OK<\/b><span style=\"font-weight: 400;\"> \u0111ang ph\u00e1t h\u00e0nh \u0111\u1ebfn kh\u00e1ch h\u00e0ng h\u01a1n 100 t\u1ef1a game b\u1eafn c\u00e1 c\u00e1c lo\u1ea1i. D\u00f9 s\u1edf tr\u01b0\u1eddng, s\u1edf th\u00edch, kinh nghi\u1ec7m, k\u1ef9 n\u0103ng c\u1ee7a b\u1ea1n th\u1ebf n\u00e0o, v\u1eabn r\u1ea5t d\u1ec5 d\u00e0ng t\u00ecm th\u1ea5y s\u1ea3n ph\u1ea9m gi\u1ea3i tr\u00ed s\u0103n th\u01b0\u1edfng ph\u00f9 h\u1ee3p v\u1edbi m\u00ecnh t\u1ea1i \u0111\u00e2y.<\/span><\/p>\n<figure id=\"attachment_204\" aria-describedby=\"caption-attachment-204\" style=\"width: 800px\" class=\"wp-caption aligncenter\"><img loading=\"lazy\" decoding=\"async\" class=\"size-full wp-image-204\" src=\"https:\/\/firstconsultingservices.com\/wp-content\/uploads\/2025\/09\/danh-muc-so-huu-hang-loat-uu-diem-noi-bat-1.jpg\" alt=\"Danh m\u1ee5c s\u1edf h\u1eefu h\u00e0ng lo\u1ea1t \u01b0u \u0111i\u1ec3m n\u1ed5i b\u1eadt\" width=\"800\" height=\"400\" title=\"\" srcset=\"https:\/\/firstconsultingservices.com\/wp-content\/uploads\/2025\/09\/danh-muc-so-huu-hang-loat-uu-diem-noi-bat-1.jpg 800w, https:\/\/firstconsultingservices.com\/wp-content\/uploads\/2025\/09\/danh-muc-so-huu-hang-loat-uu-diem-noi-bat-1-300x150.jpg 300w, https:\/\/firstconsultingservices.com\/wp-content\/uploads\/2025\/09\/danh-muc-so-huu-hang-loat-uu-diem-noi-bat-1-768x384.jpg 768w\" sizes=\"auto, (max-width: 800px) 100vw, 800px\" \/><figcaption id=\"caption-attachment-204\" class=\"wp-caption-text\">Danh m\u1ee5c s\u1edf h\u1eefu h\u00e0ng lo\u1ea1t \u01b0u \u0111i\u1ec3m n\u1ed5i b\u1eadt<\/figcaption><\/figure>\n<h3><span class=\"ez-toc-section\" id=\"Vu_khi_hien_dai\"><\/span><b>V\u0169 kh\u00ed hi\u1ec7n \u0111\u1ea1i<\/b><span class=\"ez-toc-section-end\"><\/span><\/h3>\n<p><span style=\"font-weight: 400;\">\u0110\u1ec3 c\u00f3 nh\u1eefng m\u00e0n s\u0103n th\u01b0\u1edfng hi\u1ec7u qu\u1ea3, \u1ea5n t\u01b0\u1ee3ng v\u0169 kh\u00ed l\u00e0 m\u1ed9t trong nh\u1eefng y\u1ebfu t\u1ed1 \u0111\u1eb7c bi\u1ec7t quan tr\u1ecdng. Khi tham gia<\/span><b> game b\u1eafn c\u00e1 99OK<\/b><span style=\"font-weight: 400;\">, b\u1ea1n s\u1ebd \u0111\u01b0\u1ee3c cung c\u1ea5p kho v\u0169 kh\u00ed r\u1ea5t hi\u1ec7n \u0111\u1ea1i g\u1ed3m: s\u00fang b\u1eafn bi, s\u00fang b\u0103ng, s\u00fang hai n\u00f2ng, bom, l\u01b0\u1edbi, m\u00ecn, \u2026 \u01afu \u0111i\u1ec3m n\u00e0y gi\u00fap vi\u1ec7c ti\u00eau di\u1ec7t m\u1ee5c ti\u00eau d\u1ec5 d\u00e0ng, \u0111\u01a1n gi\u1ea3n, mang \u0111\u1ebfn nhi\u1ec1u c\u01a1 h\u1ed9i nh\u1eadn nhi\u1ec1u kho\u1ea3n th\u01b0\u1edfng l\u1edbn.<\/span><\/p>\n<h3><span class=\"ez-toc-section\" id=\"Con_moi_da_dang\"><\/span><b>Con m\u1ed3i \u0111a d\u1ea1ng<\/b><span class=\"ez-toc-section-end\"><\/span><\/h3>\n<p><span style=\"font-weight: 400;\">Khi tham gia danh m\u1ee5c <\/span><b>game<\/b> <b>b\u1eafn c\u00e1 99OK<\/b><span style=\"font-weight: 400;\"> b\u1ea1n ch\u1ec9 c\u1ea7n s\u1edf h\u1eefu k\u1ef9 n\u0103ng ng\u1eafm b\u1eafn c\u01a1 b\u1ea3n, l\u1ef1a ch\u1ecdn v\u0169 kh\u00ed ph\u00f9 h\u1ee3p, c\u1ed9ng th\u00eam m\u1ed9t ch\u00fat may m\u1eafn ch\u1eafc ch\u1eafn s\u1ebd thu v\u1ec1 th\u00e0nh qu\u1ea3n nh\u01b0 mong mu\u1ed1n. V\u00ec sao l\u1ea1i nh\u01b0 v\u1eady, \u0111\u01a1n gi\u1ea3n v\u00ec con m\u1ed3i trong b\u1ec3 c\u1ee7a c\u00e1c game \u0111\u1ec1u r\u1ea5t \u0111a d\u1ea1ng, di chuy\u1ec3n li\u00ean t\u1ee5c, kh\u00e1ch h\u00e0ng kh\u00f4ng s\u1ee3 thi\u1ebfu m\u1ee5c ti\u00eau \u0111\u1ec3 t\u1ed1i \u0111a h\u00f3a kho\u1ea3n th\u01b0\u1edfng.\u00a0<\/span><\/p>\n<p><span style=\"font-weight: 400;\">M\u1ed7i lo\u1ea1i, m\u1ed7i k\u00edch th\u01b0\u1edbc sinh v\u1eadt s\u1ebd \u0111\u1ea1i di\u1ec7n cho m\u1ed9t t\u1ef7 l\u1ec7 \u0111\u1ed5i th\u01b0\u1edfng kh\u00e1c nhau. Do \u0111\u00f3, \u0111\u1ec3 l\u1ef1a ch\u1ecdn \u0111\u01b0\u1ee3c con m\u1ed3i ph\u00f9 h\u1ee3p v\u00e0 x\u00e2y d\u1ef1ng \u0111\u01b0\u1ee3c k\u1ebf ho\u1ea1ch di\u1ec7t m\u1ee5c ti\u00eau hi\u1ec7u qu\u1ea3, b\u1ea1n c\u1ea7n ph\u1ea3i tham kh\u1ea3o th\u1eadt k\u1ef9 th\u00f4ng tin v\u1ec1 t\u1ef7 l\u1ec7 nh\u00e2n th\u01b0\u1edfng.<\/span><\/p>\n<blockquote><p><em><strong>&gt;&gt;&gt; Xem th\u00eam : Game <a href=\"https:\/\/firstconsultingservices.com\/vi-vn\/da-ga-99ok\/\">\u0110\u00e1 G\u00e0 99OK<\/a> \u2013 Danh M\u1ee5c Tr\u00f2 Ch\u01a1i \u0110\u1eb7c Bi\u1ec7t H\u1ea5p D\u1eabn<\/strong><\/em><\/p><\/blockquote>\n<h2><span class=\"ez-toc-section\" id=\"Ket_luan\"><\/span><b>K\u1ebft lu\u1eadn<\/b><span class=\"ez-toc-section-end\"><\/span><\/h2>\n<p><span style=\"font-weight: 400;\">Tr\u00ean \u0111\u00e2y l\u00e0 to\u00e0n b\u1ed9 n\u1ed9i dung quan tr\u1ecdng v\u1ec1 nh\u1eefng th\u00f4ng tin c\u01a1 b\u1ea3n, s\u1ea3nh game, \u01b0u \u0111i\u1ec3m v\u00e0 m\u1ed9t v\u00e0i tr\u00f2 ch\u01a1i \u1ea5n t\u01b0\u1ee3ng trong danh m\u1ee5c <\/span><b>game b\u1eafn c\u00e1 99OK<\/b><span style=\"font-weight: 400;\"> m\u00e0 nh\u00e0 c\u00e1i mu\u1ed1n gi\u1edbi thi\u1ec7u \u0111\u1ebfn kh\u00e1ch h\u00e0ng. \u0110\u00e2y l\u00e0 m\u1ed9t s\u1ea3n ph\u1ea9m gi\u1ea3i tr\u00ed \u0103n c\u01b0\u1ee3c h\u1ea5p d\u1eabn, nhi\u1ec1u c\u01a1 h\u1ed9i tr\u00fang th\u01b0\u1edfng l\u1edbn kh\u00e1ch h\u00e0ng n\u00ean c\u00e2n nh\u1eafc tham gia t\u1ea1i \u0111\u01a1n v\u1ecb.<\/span><\/p>","protected":false},"excerpt":{"rendered":"<p>Game B\u1eafn C\u00e1 99OK &#8211; C\u01a1 H\u1ed9i S\u0103n C\u00e1 Gi\u1ea3 \u0110\u1ed5i Ti\u1ec1n Th\u1eadt Game b\u1eafn c\u00e1 99OK danh m\u1ee5c tr\u00f2 ch\u01a1i uy t\u00edn v\u1edbi nhi\u1ec1u c\u01a1 h\u1ed9i ki\u1ebfm th\u01b0\u1edfng b\u1eb1ng vi\u1ec7c s\u0103n c\u00e1 gi\u1ea3i \u0111\u1ed5i ti\u1ec1n th\u1eadt. V\u1eady danh m\u1ee5c game n\u00e0y c\u00f3 nh\u1eefng s\u1ea3n ph\u1ea9m c\u1ee7a nh\u00e0 ph\u00e1t h\u00e0ng n\u00e0o, \u01b0u \u0111i\u1ec3m ra sao, [&#8230;]\n","protected":false},"author":1,"featured_media":207,"parent":0,"menu_order":0,"comment_status":"closed","ping_status":"closed","template":"","meta":{"footnotes":""},"class_list":["post-196","page","type-page","status-publish","has-post-thumbnail","hentry"],"_links":{"self":[{"href":"https:\/\/firstconsultingservices.com\/vi-vn\/wp-json\/wp\/v2\/pages\/196","targetHints":{"allow":["GET"]}}],"collection":[{"href":"https:\/\/firstconsultingservices.com\/vi-vn\/wp-json\/wp\/v2\/pages"}],"about":[{"href":"https:\/\/firstconsultingservices.com\/vi-vn\/wp-json\/wp\/v2\/types\/page"}],"author":[{"embeddable":true,"href":"https:\/\/firstconsultingservices.com\/vi-vn\/wp-json\/wp\/v2\/users\/1"}],"replies":[{"embeddable":true,"href":"https:\/\/firstconsultingservices.com\/vi-vn\/wp-json\/wp\/v2\/comments?post=196"}],"version-history":[{"count":11,"href":"https:\/\/firstconsultingservices.com\/vi-vn\/wp-json\/wp\/v2\/pages\/196\/revisions"}],"predecessor-version":[{"id":295,"href":"https:\/\/firstconsultingservices.com\/vi-vn\/wp-json\/wp\/v2\/pages\/196\/revisions\/295"}],"wp:featuredmedia":[{"embeddable":true,"href":"https:\/\/firstconsultingservices.com\/vi-vn\/wp-json\/wp\/v2\/media\/207"}],"wp:attachment":[{"href":"https:\/\/firstconsultingservices.com\/vi-vn\/wp-json\/wp\/v2\/media?parent=196"}],"curies":[{"name":"wp","href":"https:\/\/api.w.org\/{rel}","templated":true}]}}