{"id":197,"date":"2025-09-10T15:20:28","date_gmt":"2025-09-10T08:20:28","guid":{"rendered":"https:\/\/zcsggp.sa.com\/?page_id=197"},"modified":"2025-10-10T19:50:14","modified_gmt":"2025-10-10T12:50:14","slug":"da-ga-99ok","status":"publish","type":"page","link":"https:\/\/firstconsultingservices.com\/vi-vn\/da-ga-99ok\/","title":{"rendered":"\u0110\u00e1 G\u00e0 99OK"},"content":{"rendered":"<div id=\"ez-toc-container\" class=\"ez-toc-v2_0_76 counter-hierarchy ez-toc-counter ez-toc-grey ez-toc-container-direction\">\n<div class=\"ez-toc-title-container\">\n<p class=\"ez-toc-title\" style=\"cursor:inherit\">Table of Contents<\/p>\n<span class=\"ez-toc-title-toggle\"><a href=\"#\" class=\"ez-toc-pull-right ez-toc-btn ez-toc-btn-xs ez-toc-btn-default ez-toc-toggle\" aria-label=\"Toggle Table of Content\"><span class=\"ez-toc-js-icon-con\"><span class=\"\"><span class=\"eztoc-hide\" style=\"display:none;\">Toggle<\/span><span class=\"ez-toc-icon-toggle-span\"><svg style=\"fill: #999;color:#999\" xmlns=\"http:\/\/www.w3.org\/2000\/svg\" class=\"list-377408\" width=\"20px\" height=\"20px\" viewbox=\"0 0 24 24\" fill=\"none\"><path d=\"M6 6H4v2h2V6zm14 0H8v2h12V6zM4 11h2v2H4v-2zm16 0H8v2h12v-2zM4 16h2v2H4v-2zm16 0H8v2h12v-2z\" fill=\"currentColor\"><\/path><\/svg><svg style=\"fill: #999;color:#999\" class=\"arrow-unsorted-368013\" xmlns=\"http:\/\/www.w3.org\/2000\/svg\" width=\"10px\" height=\"10px\" viewbox=\"0 0 24 24\" version=\"1.2\" baseprofile=\"tiny\"><path d=\"M18.2 9.3l-6.2-6.3-6.2 6.3c-.2.2-.3.4-.3.7s.1.5.3.7c.2.2.4.3.7.3h11c.3 0 .5-.1.7-.3.2-.2.3-.5.3-.7s-.1-.5-.3-.7zM5.8 14.7l6.2 6.3 6.2-6.3c.2-.2.3-.5.3-.7s-.1-.5-.3-.7c-.2-.2-.4-.3-.7-.3h-11c-.3 0-.5.1-.7.3-.2.2-.3.5-.3.7s.1.5.3.7z\"\/><\/svg><\/span><\/span><\/span><\/a><\/span><\/div>\n<nav><ul class='ez-toc-list ez-toc-list-level-1' ><li class='ez-toc-page-1 ez-toc-heading-level-1'><a class=\"ez-toc-link ez-toc-heading-1\" href=\"https:\/\/firstconsultingservices.com\/vi-vn\/da-ga-99ok\/#Game_Da_Ga_99OK_%E2%80%93_Danh_Muc_Tro_Choi_Dac_Biet_Hap_Dan\" >Game \u0110\u00e1 G\u00e0 99OK &#8211; Danh M\u1ee5c Tr\u00f2 Ch\u01a1i \u0110\u1eb7c Bi\u1ec7t H\u1ea5p D\u1eabn<\/a><ul class='ez-toc-list-level-2' ><li class='ez-toc-heading-level-2'><a class=\"ez-toc-link ez-toc-heading-2\" href=\"https:\/\/firstconsultingservices.com\/vi-vn\/da-ga-99ok\/#Doi_net_co_ban_gioi_thieu_game_da_ga_99OK\" >\u0110\u00f4i n\u00e9t c\u01a1 b\u1ea3n gi\u1edbi thi\u1ec7u game \u0111\u00e1 g\u00e0 99OK<\/a><\/li><li class='ez-toc-page-1 ez-toc-heading-level-2'><a class=\"ez-toc-link ez-toc-heading-3\" href=\"https:\/\/firstconsultingservices.com\/vi-vn\/da-ga-99ok\/#Diem_danh_nhung_sanh_game_da_ga_99OK_noi_bat\" >\u0110i\u1ec3m danh nh\u1eefng s\u1ea3nh game \u0111\u00e1 g\u00e0 99OK n\u1ed5i b\u1eadt<\/a><ul class='ez-toc-list-level-3' ><li class='ez-toc-heading-level-3'><a class=\"ez-toc-link ez-toc-heading-4\" href=\"https:\/\/firstconsultingservices.com\/vi-vn\/da-ga-99ok\/#AOG\" >AOG<\/a><\/li><li class='ez-toc-page-1 ez-toc-heading-level-3'><a class=\"ez-toc-link ez-toc-heading-5\" href=\"https:\/\/firstconsultingservices.com\/vi-vn\/da-ga-99ok\/#WS168\" >WS168<\/a><\/li><\/ul><\/li><li class='ez-toc-page-1 ez-toc-heading-level-2'><a class=\"ez-toc-link ez-toc-heading-6\" href=\"https:\/\/firstconsultingservices.com\/vi-vn\/da-ga-99ok\/#Uu_diem_noi_bat_tao_nen_ten_tuoi_cho_game_da_ga_99OK\" >\u01afu \u0111i\u1ec3m n\u1ed5i b\u1eadt t\u1ea1o n\u00ean t\u00ean tu\u1ed5i cho game \u0111\u00e1 g\u00e0 99OK<\/a><\/li><li class='ez-toc-page-1 ez-toc-heading-level-2'><a class=\"ez-toc-link ez-toc-heading-7\" href=\"https:\/\/firstconsultingservices.com\/vi-vn\/da-ga-99ok\/#Nhung_loai_hinh_cuoc_noi_bat_trong_game_da_ga_99OK\" >Nh\u1eefng lo\u1ea1i h\u00ecnh c\u01b0\u1ee3c n\u1ed5i b\u1eadt trong game \u0111\u00e1 g\u00e0 99OK<\/a><ul class='ez-toc-list-level-3' ><li class='ez-toc-heading-level-3'><a class=\"ez-toc-link ez-toc-heading-8\" href=\"https:\/\/firstconsultingservices.com\/vi-vn\/da-ga-99ok\/#Da_ga_cua_sat\" >\u0110\u00e1 g\u00e0 c\u1ef1a s\u1eaft<\/a><\/li><li class='ez-toc-page-1 ez-toc-heading-level-3'><a class=\"ez-toc-link ez-toc-heading-9\" href=\"https:\/\/firstconsultingservices.com\/vi-vn\/da-ga-99ok\/#Da_ga_cua_dao\" >\u0110\u00e1 g\u00e0 c\u1ef1a dao<\/a><\/li><li class='ez-toc-page-1 ez-toc-heading-level-3'><a class=\"ez-toc-link ez-toc-heading-10\" href=\"https:\/\/firstconsultingservices.com\/vi-vn\/da-ga-99ok\/#Da_ga_Thomo\" >\u0110\u00e1 g\u00e0 Thomo<\/a><\/li><\/ul><\/li><li class='ez-toc-page-1 ez-toc-heading-level-2'><a class=\"ez-toc-link ez-toc-heading-11\" href=\"https:\/\/firstconsultingservices.com\/vi-vn\/da-ga-99ok\/#Ket_luan\" >K\u1ebft lu\u1eadn<\/a><\/li><\/ul><\/li><\/ul><\/nav><\/div>\n<h1 style=\"text-align: center;\"><span class=\"ez-toc-section\" id=\"Game_Da_Ga_99OK_%E2%80%93_Danh_Muc_Tro_Choi_Dac_Biet_Hap_Dan\"><\/span><b>Game \u0110\u00e1 G\u00e0 99OK &#8211; Danh M\u1ee5c Tr\u00f2 Ch\u01a1i \u0110\u1eb7c Bi\u1ec7t H\u1ea5p D\u1eabn<\/b><span class=\"ez-toc-section-end\"><\/span><\/h1>\n<p><b>Game \u0111\u00e1 g\u00e0 99OK <\/b><span style=\"font-weight: 400;\">\u0111\u1ecba \u0111i\u1ec3m gi\u1ea3i tr\u00ed c\u00e1 c\u01b0\u1ee3c \u0111\u1ea7y k\u1ecbch t\u00ednh, h\u1ee9ng kh\u1edfi v\u1edbi nhi\u1ec1u c\u01a1 h\u1ed9i nh\u1eadn v\u1ec1 nh\u1eefng kho\u1ea3n \u0103n c\u01b0\u1ee3c gi\u00e1 tr\u1ecb \u0111\u01b0\u1ee3c kh\u00e1ch h\u00e0ng \u0111\u1eb7c bi\u1ec7t y\u00eau th\u00edch trong danh s\u00e1ch d\u1ecbch v\u1ee5 c\u1ee7a nh\u00e0 c\u00e1i. V\u1eady danh m\u1ee5c tr\u00f2 ch\u01a1i n\u00e0y c\u00f3 nh\u1eefng s\u1ea3nh game n\u00e0o, \u01b0u \u0111i\u1ec3m n\u1ed5i b\u1eadt ra sao, t\u1ef1a game <strong>99OK<\/strong> h\u1ea5p d\u1eabn l\u00e0 g\u00ec? t\u1ea5t c\u1ea3 nh\u1eefng th\u1eafc m\u1eafc \u0111\u00f3 s\u1ebd \u0111\u01b0\u1ee3c nh\u00e0 c\u00e1i gi\u1ea3i \u0111\u00e1p trong b\u00e0i vi\u1ebft sau.<\/span><\/p>\n<h2><span class=\"ez-toc-section\" id=\"Doi_net_co_ban_gioi_thieu_game_da_ga_99OK\"><\/span><b>\u0110\u00f4i n\u00e9t c\u01a1 b\u1ea3n gi\u1edbi thi\u1ec7u game \u0111\u00e1 g\u00e0 99OK<\/b><span class=\"ez-toc-section-end\"><\/span><\/h2>\n<p><span style=\"font-weight: 400;\">\u0110a g\u00e0 hay c\u00f2n g\u1ecdi l\u00e0 ch\u1ecdi k\u00ea l\u00e0 m\u1ed9t danh m\u1ee5c tr\u00f2 ch\u01a1i h\u1ea5p d\u1eabn, c\u00f3 l\u01b0\u1ee3ng kh\u00e1ch h\u00e0ng tham gia \u0111\u00f4ng, g\u00f3p ph\u1ea7n kh\u00f4ng nh\u1ecf trong vi\u1ec7c t\u1ea1o n\u00ean t\u00ean tu\u1ed5i n\u1ed5i ti\u1ebfng cho nh\u00e0 c\u00e1i. \u0110\u1ec3 c\u00f3 \u0111\u01b0\u1ee3c l\u00f2ng tin v\u00e0 s\u1ef1 \u1ee7ng h\u1ed9 c\u1ee7a ng\u01b0\u1eddi ch\u01a1i, to\u00e0n b\u1ed9 s\u1ea3n ph\u1ea9m trong <\/span><b>game \u0111\u00e1 g\u00e0 99OK<\/b><span style=\"font-weight: 400;\"> \u0111\u1ec1u \u0111\u01b0\u1ee3c cung c\u1ea5p b\u1edfi nh\u1eefng nh\u00e0 ph\u00e1t h\u00e0nh uy t\u00edn, \u0111\u01b0\u1ee3c c\u1ea5p ph\u00e9p \u0111\u1ea7y \u0111\u1ee7 n\u00ean r\u1ea5t an to\u00e0n v\u00e0 ch\u1ea5t l\u01b0\u1ee3ng.<\/span><\/p>\n<figure id=\"attachment_200\" aria-describedby=\"caption-attachment-200\" style=\"width: 800px\" class=\"wp-caption aligncenter\"><img loading=\"lazy\" decoding=\"async\" class=\"size-full wp-image-200\" src=\"https:\/\/firstconsultingservices.com\/wp-content\/uploads\/2025\/09\/choi-ke-danh-muc-tro-choi-noi-bat-nhat-tren-he-thong-nha-cai.jpg\" alt=\"Ch\u1ecdi k\u00ea danh m\u1ee5c tr\u00f2 ch\u01a1i n\u1ed5i b\u1eadt nh\u1ea5t tr\u00ean h\u1ec7 th\u1ed1ng nh\u00e0 c\u00e1i\" width=\"800\" height=\"400\" title=\"\" srcset=\"https:\/\/firstconsultingservices.com\/wp-content\/uploads\/2025\/09\/choi-ke-danh-muc-tro-choi-noi-bat-nhat-tren-he-thong-nha-cai.jpg 800w, https:\/\/firstconsultingservices.com\/wp-content\/uploads\/2025\/09\/choi-ke-danh-muc-tro-choi-noi-bat-nhat-tren-he-thong-nha-cai-300x150.jpg 300w, https:\/\/firstconsultingservices.com\/wp-content\/uploads\/2025\/09\/choi-ke-danh-muc-tro-choi-noi-bat-nhat-tren-he-thong-nha-cai-768x384.jpg 768w\" sizes=\"auto, (max-width: 800px) 100vw, 800px\" \/><figcaption id=\"caption-attachment-200\" class=\"wp-caption-text\">Ch\u1ecdi k\u00ea danh m\u1ee5c tr\u00f2 ch\u01a1i n\u1ed5i b\u1eadt nh\u1ea5t tr\u00ean h\u1ec7 th\u1ed1ng nh\u00e0 c\u00e1i<\/figcaption><\/figure>\n<p><span style=\"font-weight: 400;\">So v\u1edbi lo\u1ea1i h\u00ecnh gi\u1ea3i tr\u00ed ch\u1ecdi k\u00ea truy\u1ec1n th\u1ed1ng, \u0111\u00e1 g\u00e0 99OK thu\u1eadn ti\u1ec7n v\u00e0 h\u1ea5p d\u1eabn h\u01a1n nhi\u1ec1u. M\u1ecdi h\u00e0nh \u0111\u1ed9ng theo d\u00f5i tr\u1eadn \u0111\u1ea5u, \u0111\u1eb7t c\u01b0\u1ee3c, nh\u1eadn th\u01b0\u1edfng \u0111\u1ec1u \u0111\u01b0\u1ee3c th\u1ef1c hi\u1ec7n online tr\u00ean n\u1ec1n t\u1ea3ng nh\u00e0 c\u00e1i. V\u1eeba kh\u00f4ng t\u1ed1n c\u00f4ng s\u1ee9c, ti\u1ec1n b\u1ea1c di chuy\u1ec3n \u0111\u1ebfn tr\u01b0\u1eddng \u0111\u1ea5u m\u00e0 m\u1ee9c \u0103n c\u01b0\u1ee3c nh\u1eadn \u0111\u01b0\u1ee3c khi d\u1ef1 \u0111o\u00e1n ch\u00ednh x\u00e1c k\u1ebft qu\u1ea3 tr\u1eadn ch\u1ecdi k\u00ea l\u1ea1i cao h\u01a1n g\u1ea5p nhi\u1ec1u l\u1ea7n.\u00a0<\/span><\/p>\n<h2><span class=\"ez-toc-section\" id=\"Diem_danh_nhung_sanh_game_da_ga_99OK_noi_bat\"><\/span><b>\u0110i\u1ec3m danh nh\u1eefng s\u1ea3nh game \u0111\u00e1 g\u00e0 99OK n\u1ed5i b\u1eadt<\/b><span class=\"ez-toc-section-end\"><\/span><\/h2>\n<p><span style=\"font-weight: 400;\">Nh\u01b0 \u0111\u00e3 th\u00f4ng tin, danh m\u1ee5c tr\u00f2 ch\u01a1i cung c\u1ea5p nhi\u1ec1u phi\u00ean b\u1ea3n ch\u1ecdi k\u00ea \u0111\u1ebfn t\u1eeb \u0111\u01a1n v\u1ecb cung c\u1ea5p n\u1ed5i ti\u1ebfng tr\u00ean th\u1ecb tr\u01b0\u1eddng, n\u1ed5i b\u1eadt trong s\u1ed1 \u0111\u00f3 ph\u1ea3i k\u1ec3 \u0111\u1ebfn m\u1ed9t s\u1ed1 s\u1ea3nh ch\u01a1i\u00a0<strong><span data-sheets-root=\"1\">99ok 123win<\/span><\/strong> sau:\u00a0<\/span><\/p>\n<h3><span class=\"ez-toc-section\" id=\"AOG\"><\/span><b>AOG<\/b><span class=\"ez-toc-section-end\"><\/span><\/h3>\n<p><span style=\"font-weight: 400;\">Nh\u1eafc \u0111\u1ebfn <\/span><b>game <a href=\"https:\/\/firstconsultingservices.com\/vi-vn\/da-ga-99ok\/\">\u0111\u00e1 g\u00e0 99OK<\/a><\/b><span style=\"font-weight: 400;\"> kh\u00f4ng th\u1ec3 kh\u00f4ng k\u1ec3 \u0111\u1ebfn s\u1ea3nh AOG. V\u1edbi \u0111\u1ed9i ng\u0169 l\u00e3nh \u0111\u1ea1o tr\u1ebb, t\u00e0i n\u0103ng, c\u00f3 nhi\u1ec7t huy\u1ebft v\u00e0 t\u1ea7m nh\u00ecn chi\u1ebfn l\u01b0\u1ee3c, AOG mang \u0111\u1ebfn cho kh\u00e1ch h\u00e0ng y\u00eau th\u00edch b\u1ed9 m\u00f4n ch\u1ecdi k\u00ea nhi\u1ec1u s\u1ea3n ph\u1ea9m gi\u1ea3i tr\u00ed \u0111\u1eb7t c\u01b0\u1ee3c h\u1ea5p d\u1eabn, m\u00e1u l\u1eeda, \u0111\u1ea7y y\u1ebfu t\u1ed1 k\u1ecbch t\u00ednh v\u00e0 nh\u1eefng k\u00e8o c\u01b0\u1ee3c v\u00f4 c\u00f9ng gi\u00e1 tr\u1ecb.<\/span><\/p>\n<h3><span class=\"ez-toc-section\" id=\"WS168\"><\/span><b>WS168<\/b><span class=\"ez-toc-section-end\"><\/span><\/h3>\n<p><span style=\"font-weight: 400;\">WS168 l\u00e0 s\u1ea3nh ch\u1ecdi k\u00ea n\u1ed5i ti\u1ebfng \u0111\u1ebfn t\u1eeb nh\u00e0 s\u00e1ng ph\u00e1t h\u00e0ng c\u00f9ng t\u00ean, \u0111\u01a1n v\u1ecb \u0111\u00e3 c\u00f3 h\u01a1n 10 n\u0103m trong l\u0129nh v\u1ef1c x\u00e2y d\u1ef1ng v\u00e0 ph\u00e1t h\u00e0nh lo\u1ea1i h\u00ecnh tr\u00f2 ch\u01a1i \u0111\u00e1 g\u00e0 tr\u1ef1c tuy\u1ebfn. M\u1eb7c d\u00f9 th\u1eddi gian h\u00ecnh th\u00e0nh ch\u01b0a l\u00e2u, nh\u01b0ng s\u1ea3nh game \u0111\u00e3 t\u1ea1o \u0111\u01b0\u1ee3c nhi\u1ec1u th\u00e0nh t\u00edch \u0111\u00e1ng n\u1ec3, khi \u0111\u00e3 cung c\u1ea5p \u0111\u1ebfn th\u1ecb tr\u01b0\u1eddng nhi\u1ec1u s\u1ea3n ph\u1ea9m gi\u1ea3i tr\u00ed ch\u1ea5t l\u01b0\u1ee3ng t\u1ed1t, giao di\u1ec7n hi\u1ec7n \u0111\u1ea1i, b\u1ea3o m\u1eadt ho\u00e0n h\u1ea3o nh\u1eadn \u0111\u01b0\u1ee3c s\u1ef1 \u0111\u00e1nh gi\u00e1 cao c\u1ee7a h\u1ed9i vi\u00ean.\u00a0<\/span><\/p>\n<h2><span class=\"ez-toc-section\" id=\"Uu_diem_noi_bat_tao_nen_ten_tuoi_cho_game_da_ga_99OK\"><\/span><b>\u01afu \u0111i\u1ec3m n\u1ed5i b\u1eadt t\u1ea1o n\u00ean t\u00ean tu\u1ed5i cho game \u0111\u00e1 g\u00e0 99OK<\/b><span class=\"ez-toc-section-end\"><\/span><\/h2>\n<p><span style=\"font-weight: 400;\">\u0110\u1ec3 tr\u1edf th\u00e0nh danh m\u1ee5c tr\u00f2 ch\u01a1i c\u00f3 l\u01b0\u1ee3ng kh\u00e1ch h\u00e0ng \u0111\u0103ng k\u00fd tr\u1ea3i nghi\u1ec7m \u0111\u00f4ng nh\u1ea5t tr\u00ean h\u1ec7 th\u1ed1ng nh\u00e0 c\u00e1i, ch\u1eafc ch\u1eafn \u0111\u00e1 g\u00e0 ph\u1ea3i s\u1edf h\u1eefu nhi\u1ec1u \u01b0u \u0111i\u1ec3m n\u1ed5i b\u1eadt, \u0111i\u1ec3n h\u00ecnh nh\u01b0:<\/span><\/p>\n<figure id=\"attachment_199\" aria-describedby=\"caption-attachment-199\" style=\"width: 800px\" class=\"wp-caption aligncenter\"><img loading=\"lazy\" decoding=\"async\" class=\"size-full wp-image-199\" src=\"https:\/\/firstconsultingservices.com\/wp-content\/uploads\/2025\/09\/danh-muc-so-huu-hang-loat-uu-diem-noi-bat.jpg\" alt=\"Danh m\u1ee5c s\u1edf h\u1eefu h\u00e0ng lo\u1ea1t \u01b0u \u0111i\u1ec3m n\u1ed5i b\u1eadt\" width=\"800\" height=\"400\" title=\"\" srcset=\"https:\/\/firstconsultingservices.com\/wp-content\/uploads\/2025\/09\/danh-muc-so-huu-hang-loat-uu-diem-noi-bat.jpg 800w, https:\/\/firstconsultingservices.com\/wp-content\/uploads\/2025\/09\/danh-muc-so-huu-hang-loat-uu-diem-noi-bat-300x150.jpg 300w, https:\/\/firstconsultingservices.com\/wp-content\/uploads\/2025\/09\/danh-muc-so-huu-hang-loat-uu-diem-noi-bat-768x384.jpg 768w\" sizes=\"auto, (max-width: 800px) 100vw, 800px\" \/><figcaption id=\"caption-attachment-199\" class=\"wp-caption-text\">Danh m\u1ee5c s\u1edf h\u1eefu h\u00e0ng lo\u1ea1t \u01b0u \u0111i\u1ec3m n\u1ed5i b\u1eadt<\/figcaption><\/figure>\n<ul>\n<li style=\"font-weight: 400;\" aria-level=\"1\"><span style=\"font-weight: 400;\">Cung c\u1ea5p nhi\u1ec1u tr\u1eadn ch\u1ecdi k\u00ea h\u1ea5p d\u1eabn \u0111\u01b0\u1ee3c ph\u00e1t s\u00f3ng tr\u1ef1c ti\u1ebfp t\u1ea1i nh\u1eefng tr\u01b0\u1eddng g\u00e0 quy m\u00f4 l\u1edbn h\u00e0ng \u0111\u1ea7u th\u1ebf gi\u1edbi. To\u00e0n b\u1ed9 video \u0111\u1ec1u s\u1eed d\u1ee5ng \u0111\u01b0\u1eddng truy\u1ec1n ch\u1ea5t l\u01b0\u1ee3ng cao, v\u00ec v\u1eady kh\u00e1ch h\u00e0ng s\u1ebd \u0111\u01b0\u1ee3c theo d\u00f5i di\u1ec5n bi\u1ebfn tr\u1eadn \u0111\u1ea5u \u1edf th\u1eddi gian th\u1ef1c. T\u1eeb \u0111\u00f3 c\u00f3 th\u1ec3 gi\u00e1m s\u00e1t v\u00e0 n\u1eafm b\u1eaft k\u1ebft qu\u1ea3 tr\u1eadn \u0111\u1ea5u nhanh ch\u00f3ng, ch\u00ednh x\u00e1c.\u00a0<\/span><\/li>\n<li style=\"font-weight: 400;\" aria-level=\"1\"><b>Game \u0111\u00e1 g\u00e0 99OK<\/b><span style=\"font-weight: 400;\"> cung c\u1ea5p nhi\u1ec1u h\u00ecnh th\u1ee9c c\u01b0\u1ee3c, k\u00e8o c\u01b0\u1ee3c, c\u1ea5p \u0111\u1ed9 tham gia \u0111\u00e1p \u1ee9ng nhu c\u1ea7u \u0111a d\u1ea1ng c\u1ee7a to\u00e0n th\u1ec3 h\u1ed9i vi\u00ean.\u00a0<\/span><\/li>\n<li style=\"font-weight: 400;\" aria-level=\"1\"><span style=\"font-weight: 400;\">H\u1ed9i t\u1ee5 \u0111\u1ea7y \u0111\u1ee7 phi\u00ean b\u1ea3n ch\u1ecdi k\u00ea n\u1ed5i ti\u1ebfng tr\u00ean th\u1ebf gi\u1edbi nh\u01b0: \u0111\u00e1 g\u00e0 c\u1ef1a tre, c\u1ef1a s\u1eaft, c\u1ef1a dao, \u0111\u00e1 g\u00e0 truy\u1ec1n th\u1ed1ng, \u2026. D\u00f9 s\u1edf th\u00edch \u0111\u1eb7t c\u01b0\u1ee3c c\u1ee7a b\u1ea1n l\u00e0 g\u00ec, v\u1eabn d\u1ec5 d\u00e0ng t\u00ecm th\u1ea5y phi\u00ean b\u1ea3n ch\u1ecdi k\u00ea ph\u00f9 h\u1ee3p t\u1ea1i \u0111\u00e2y.\u00a0<\/span><\/li>\n<li style=\"font-weight: 400;\" aria-level=\"1\"><span style=\"font-weight: 400;\">Ngo\u00e0i ra, Danh m\u1ee5c<\/span> <span style=\"font-weight: 400;\">c\u00f2n c\u00f3 \u01b0u \u0111i\u1ec3m n\u1ed5i b\u1eadt l\u00e0 gi\u00e1 tr\u1ecb tr\u1ea3 th\u01b0\u1edfng cao, t\u1ed1c \u0111\u1ed9 tr\u1ea3 th\u01b0\u1edfng nhanh, th\u00f4ng tin tr\u1ea3 th\u01b0\u1edfng minh b\u1ea1ch, \u0111\u01b0\u1ee3c kh\u00e1ch h\u00e0ng tin t\u01b0\u1edfng v\u00e0 \u0111\u00e1nh gi\u00e1 cao.\u00a0<\/span><\/li>\n<\/ul>\n<h2><span class=\"ez-toc-section\" id=\"Nhung_loai_hinh_cuoc_noi_bat_trong_game_da_ga_99OK\"><\/span><b>Nh\u1eefng lo\u1ea1i h\u00ecnh c\u01b0\u1ee3c n\u1ed5i b\u1eadt trong game \u0111\u00e1 g\u00e0 99OK<\/b><span class=\"ez-toc-section-end\"><\/span><\/h2>\n<p><span style=\"font-weight: 400;\">Nh\u01b0 \u0111\u00e3 th\u00f4ng tin, danh m\u1ee5c \u0111\u00e1 g\u00e0 t\u1ea1i nh\u00e0 c\u00e1i\u00a0<strong><span data-sheets-root=\"1\"><a class=\"in-cell-link\" href=\"https:\/\/firstconsultingservices.com\/vi-vn\/\" target=\"_blank\" rel=\"noopener\">99okvip.top<\/a><\/span><\/strong> hi\u1ec7n \u0111ang s\u1edf h\u1eefu nhi\u1ec1u phi\u00ean b\u1ea3n ch\u1ecdi k\u00ea hot nh\u1ea5t th\u1ecb tr\u01b0\u1eddng, c\u1ee5 th\u1ec3 g\u1ed3m c\u00f3:\u00a0<\/span><\/p>\n<h3><span class=\"ez-toc-section\" id=\"Da_ga_cua_sat\"><\/span><b>\u0110\u00e1 g\u00e0 c\u1ef1a s\u1eaft<\/b><span class=\"ez-toc-section-end\"><\/span><\/h3>\n<p><span style=\"font-weight: 400;\">\u0110\u00e2y l\u00e0 ph\u01b0\u01a1ng th\u1ee9c ch\u1ecdi k\u00ea h\u1ea5p d\u1eabn, t\u01b0\u01a1ng t\u1ef1 nh\u01b0 lo\u1ea1i h\u00ecnh ch\u1ecdi k\u00ea truy\u1ec1n th\u1ed1ng. \u0110i\u1ec3m kh\u00e1c bi\u1ec7t l\u1edbn nh\u1ea5t l\u00e0 m\u1ed7i chi\u1ebfn k\u00ea tham gia tr\u1eadn \u0111\u1ea5u s\u1ebd \u0111\u01b0\u1ee3c g\u1eafn th\u00eam m\u1ed9t chi\u1ebfc c\u1ef1a s\u1eaft v\u00e0o ch\u00e2n.<\/span><\/p>\n<figure id=\"attachment_198\" aria-describedby=\"caption-attachment-198\" style=\"width: 800px\" class=\"wp-caption aligncenter\"><img loading=\"lazy\" decoding=\"async\" class=\"size-full wp-image-198\" src=\"https:\/\/firstconsultingservices.com\/wp-content\/uploads\/2025\/09\/nhieu-loai-hinh-giai-tri-an-tuong-gop-mat-trong-danh-muc.jpg\" alt=\"Nhi\u1ec1u lo\u1ea1i h\u00ecnh gi\u1ea3i tr\u00ed \u1ea5n t\u01b0\u1ee3ng g\u00f3p m\u1eb7t trong danh m\u1ee5c\" width=\"800\" height=\"400\" title=\"\" srcset=\"https:\/\/firstconsultingservices.com\/wp-content\/uploads\/2025\/09\/nhieu-loai-hinh-giai-tri-an-tuong-gop-mat-trong-danh-muc.jpg 800w, https:\/\/firstconsultingservices.com\/wp-content\/uploads\/2025\/09\/nhieu-loai-hinh-giai-tri-an-tuong-gop-mat-trong-danh-muc-300x150.jpg 300w, https:\/\/firstconsultingservices.com\/wp-content\/uploads\/2025\/09\/nhieu-loai-hinh-giai-tri-an-tuong-gop-mat-trong-danh-muc-768x384.jpg 768w\" sizes=\"auto, (max-width: 800px) 100vw, 800px\" \/><figcaption id=\"caption-attachment-198\" class=\"wp-caption-text\">Nhi\u1ec1u lo\u1ea1i h\u00ecnh gi\u1ea3i tr\u00ed \u1ea5n t\u01b0\u1ee3ng g\u00f3p m\u1eb7t trong danh m\u1ee5c<\/figcaption><\/figure>\n<p><span style=\"font-weight: 400;\">Chi\u1ebfc c\u1ef1a s\u1eaft \u0111\u01b0\u1ee3c v\u00ed nh\u01b0 v\u0169 kh\u00ed b\u1ed5 tr\u1ee3, gi\u00fap t\u0103ng \u0111\u1ed9 s\u00e1t th\u01b0\u01a1ng v\u00e0 h\u1ea1 g\u1ee5c \u0111\u1ed1i th\u1ee7 nhanh ch\u00f3ng. \u0110\u1ec3 c\u00f3 d\u1ef1 \u0111o\u00e1n ch\u00ednh x\u00e1c trong phi\u00ean b\u1ea3n<\/span><b> game \u0111\u00e1 g\u00e0 99OK<\/b><span style=\"font-weight: 400;\"> n\u00e0y, ngo\u00e0i y\u1ebfu t\u1ed1 may m\u1eafn, b\u1ea1n c\u1ea7n ph\u1ea3i quan s\u00e1t th\u1ec3 tr\u1ea1ng v\u00e0 theo d\u00f5i l\u1ecbch s\u1eed th\u1eafng c\u01b0\u1ee3c c\u1ee7a t\u1eebng k\u00ea th\u1ee7.\u00a0<\/span><\/p>\n<h3><span class=\"ez-toc-section\" id=\"Da_ga_cua_dao\"><\/span><b>\u0110\u00e1 g\u00e0 c\u1ef1a dao<\/b><span class=\"ez-toc-section-end\"><\/span><\/h3>\n<p><span style=\"font-weight: 400;\">Lu\u1eadt ch\u01a1i t\u01b0\u01a1ng t\u1ef1 nh\u01b0 ch\u1ecdi k\u00ea c\u1ef1a s\u1eaft, tuy nhi\u00ean thay v\u00ec c\u1ef1a s\u1eaft tr\u00ean ch\u00e2n c\u1ee7a c\u00e1c chi\u1ebfn k\u00ea s\u1ebd \u0111\u01b0\u1ee3c g\u1eafn c\u1ef1a dao s\u1eafc b\u00e9n. V\u0169 kh\u00ed n\u00e0y t\u0103ng \u0111\u1ed9 s\u00e1t th\u01b0\u01a1ng \u0111\u1ed1i ph\u01b0\u01a1ng l\u00ean g\u1ea5p nhi\u1ec1u l\u1ea7n, n\u00ean nh\u1eefng tr\u1eadn \u0111\u1ea5u trong <\/span><b>game \u0111\u00e1 g\u00e0 99OK <\/b><span style=\"font-weight: 400;\">n\u00e0y r\u1ea5t m\u00e1u l\u1eeda v\u00e0 k\u1ecbch t\u00ednh.\u00a0<\/span><\/p>\n<h3><span class=\"ez-toc-section\" id=\"Da_ga_Thomo\"><\/span><b>\u0110\u00e1 g\u00e0 Thomo<\/b><span class=\"ez-toc-section-end\"><\/span><\/h3>\n<p><span style=\"font-weight: 400;\">\u0110\u00e2y l\u00e0 nh\u1eefng tr\u1eadn \u0111\u1ea5u \u0111\u01b0\u1ee3c chi\u1ebfu tr\u1ef1c ti\u1ebfp t\u1ea1i tr\u01b0\u1eddng g\u00e0 Thomo, m\u1ed9t \u0111\u1ecba \u0111i\u1ec3m ch\u1ecdi k\u00ea h\u1ee3p ph\u00e1p, c\u00f3 quy m\u00f4 l\u1edbn nh\u1ea5t Campuchia. C\u00e1c gi\u1ed1ng g\u00e0 tham gia thi \u0111\u1ea5u t\u1ea1i \u0111\u00e2y \u0111\u1ec1u \u0111\u01b0\u1ee3c tuy\u1ec3n ch\u1ecdn k\u1ef9 c\u00e0ng, v\u00ec v\u1eady ch\u1ea5t l\u01b0\u1ee3ng tr\u1eadn \u0111\u1ea5u kh\u00e1 h\u1ea5p d\u1eabn, nhi\u1ec1u y\u1ebfu t\u1ed1 b\u1ea5t ng\u1edd. H\u1ed9i vi\u00ean \u0111\u1eb7t c\u01b0\u1ee3c \u1edf phi\u00ean b\u1ea3n gi\u1ea3i tr\u00ed n\u00e0y t\u1ea1i<\/span><b> game \u0111\u00e1 g\u00e0 99OK <\/b><span style=\"font-weight: 400;\">c\u0169ng s\u1ebd \u0111\u01b0\u1ee3c tham gia nhi\u1ec1u k\u00e8o c\u01b0\u1ee3c h\u1ea5p d\u1eabn, l\u1ee3i nhu\u1eadn th\u1eafng gi\u1ea3i cao.<\/span><\/p>\n<blockquote><p><em><strong>&gt;&gt;&gt; Xem th\u00eam : \u00a0Game <a href=\"https:\/\/firstconsultingservices.com\/vi-vn\/ban-ca-99ok\/\">B\u1eafn C\u00e1 99OK<\/a> &#8211; C\u01a1 H\u1ed9i S\u0103n C\u00e1 Gi\u1ea3 \u0110\u1ed5i Ti\u1ec1n Th\u1eadt<\/strong><\/em><\/p><\/blockquote>\n<h2><span class=\"ez-toc-section\" id=\"Ket_luan\"><\/span><b>K\u1ebft lu\u1eadn<\/b><span class=\"ez-toc-section-end\"><\/span><\/h2>\n<p><span style=\"font-weight: 400;\">Tr\u00ean \u0111\u00e2y l\u00e0 to\u00e0n b\u1ed9 n\u1ed9i dung v\u1ec1 s\u1ea3nh ch\u01a1i, \u01b0u \u0111i\u1ec3m v\u00e0 m\u1ed9t s\u1ed1 tr\u00f2 ch\u01a1i n\u1ed5i b\u1eadt c\u1ee7a<\/span><b> game \u0111\u00e1 g\u00e0 99OK <\/b><span style=\"font-weight: 400;\">m\u00e0 nh\u00e0 c\u00e1i mu\u1ed1n cung c\u1ea5p \u0111\u1ebfn kh\u00e1ch h\u00e0ng. Hy v\u1ecdng \u0111\u00e2y l\u00e0 nh\u1eefng ki\u1ebfn th\u1ee9c gi\u00e1 tr\u1ecb, gi\u00fap b\u1ea1n hi\u1ec3u th\u00eam v\u1ec1 danh m\u1ee5c gi\u1ea3i tr\u00ed h\u1ea5p d\u1eabn n\u00e0y tr\u00ean h\u1ec7 th\u1ed1ng. N\u1ebfu c\u00f3 nhu c\u1ea7u \u0111\u0103ng k\u00fd tham gia d\u1ef1 \u0111o\u00e1n c\u00e1c tr\u1eadn ch\u1ecdi k\u00ea \u0111\u1ec3 ki\u1ebfm th\u01b0\u1edfng, h\u00e3y nhanh tay \u0111\u0103ng k\u00fd t\u00e0i kho\u1ea3n t\u1ea1i nh\u00e0 c\u00e1i \u0111\u1ec3 kh\u00f4ng b\u1ecf l\u1ee1 nhi\u1ec1u c\u01a1 h\u1ed9i t\u1ed1t.\u00a0<\/span><\/p>","protected":false},"excerpt":{"rendered":"<p>Game \u0110\u00e1 G\u00e0 99OK &#8211; Danh M\u1ee5c Tr\u00f2 Ch\u01a1i \u0110\u1eb7c Bi\u1ec7t H\u1ea5p D\u1eabn Game \u0111\u00e1 g\u00e0 99OK \u0111\u1ecba \u0111i\u1ec3m gi\u1ea3i tr\u00ed c\u00e1 c\u01b0\u1ee3c \u0111\u1ea7y k\u1ecbch t\u00ednh, h\u1ee9ng kh\u1edfi v\u1edbi nhi\u1ec1u c\u01a1 h\u1ed9i nh\u1eadn v\u1ec1 nh\u1eefng kho\u1ea3n \u0103n c\u01b0\u1ee3c gi\u00e1 tr\u1ecb \u0111\u01b0\u1ee3c kh\u00e1ch h\u00e0ng \u0111\u1eb7c bi\u1ec7t y\u00eau th\u00edch trong danh s\u00e1ch d\u1ecbch v\u1ee5 c\u1ee7a nh\u00e0 c\u00e1i. [&#8230;]\n","protected":false},"author":1,"featured_media":201,"parent":0,"menu_order":0,"comment_status":"closed","ping_status":"closed","template":"","meta":{"footnotes":""},"class_list":["post-197","page","type-page","status-publish","has-post-thumbnail","hentry"],"_links":{"self":[{"href":"https:\/\/firstconsultingservices.com\/vi-vn\/wp-json\/wp\/v2\/pages\/197","targetHints":{"allow":["GET"]}}],"collection":[{"href":"https:\/\/firstconsultingservices.com\/vi-vn\/wp-json\/wp\/v2\/pages"}],"about":[{"href":"https:\/\/firstconsultingservices.com\/vi-vn\/wp-json\/wp\/v2\/types\/page"}],"author":[{"embeddable":true,"href":"https:\/\/firstconsultingservices.com\/vi-vn\/wp-json\/wp\/v2\/users\/1"}],"replies":[{"embeddable":true,"href":"https:\/\/firstconsultingservices.com\/vi-vn\/wp-json\/wp\/v2\/comments?post=197"}],"version-history":[{"count":10,"href":"https:\/\/firstconsultingservices.com\/vi-vn\/wp-json\/wp\/v2\/pages\/197\/revisions"}],"predecessor-version":[{"id":516,"href":"https:\/\/firstconsultingservices.com\/vi-vn\/wp-json\/wp\/v2\/pages\/197\/revisions\/516"}],"wp:featuredmedia":[{"embeddable":true,"href":"https:\/\/firstconsultingservices.com\/vi-vn\/wp-json\/wp\/v2\/media\/201"}],"wp:attachment":[{"href":"https:\/\/firstconsultingservices.com\/vi-vn\/wp-json\/wp\/v2\/media?parent=197"}],"curies":[{"name":"wp","href":"https:\/\/api.w.org\/{rel}","templated":true}]}}