{"id":240,"date":"2025-09-10T16:15:13","date_gmt":"2025-09-10T09:15:13","guid":{"rendered":"https:\/\/zcsggp.sa.com\/?page_id=240"},"modified":"2025-10-10T19:47:14","modified_gmt":"2025-10-10T12:47:14","slug":"xo-so-mien-nam","status":"publish","type":"page","link":"https:\/\/firstconsultingservices.com\/vi-vn\/xo-so-mien-nam\/","title":{"rendered":"X\u1ed5 S\u1ed1 Mi\u1ec1n Nam"},"content":{"rendered":"<div id=\"ez-toc-container\" class=\"ez-toc-v2_0_76 counter-hierarchy ez-toc-counter ez-toc-grey ez-toc-container-direction\">\n<div class=\"ez-toc-title-container\">\n<p class=\"ez-toc-title\" style=\"cursor:inherit\">Table of Contents<\/p>\n<span class=\"ez-toc-title-toggle\"><a href=\"#\" class=\"ez-toc-pull-right ez-toc-btn ez-toc-btn-xs ez-toc-btn-default ez-toc-toggle\" aria-label=\"Toggle Table of Content\"><span class=\"ez-toc-js-icon-con\"><span class=\"\"><span class=\"eztoc-hide\" style=\"display:none;\">Toggle<\/span><span class=\"ez-toc-icon-toggle-span\"><svg style=\"fill: #999;color:#999\" xmlns=\"http:\/\/www.w3.org\/2000\/svg\" class=\"list-377408\" width=\"20px\" height=\"20px\" viewbox=\"0 0 24 24\" fill=\"none\"><path d=\"M6 6H4v2h2V6zm14 0H8v2h12V6zM4 11h2v2H4v-2zm16 0H8v2h12v-2zM4 16h2v2H4v-2zm16 0H8v2h12v-2z\" fill=\"currentColor\"><\/path><\/svg><svg style=\"fill: #999;color:#999\" class=\"arrow-unsorted-368013\" xmlns=\"http:\/\/www.w3.org\/2000\/svg\" width=\"10px\" height=\"10px\" viewbox=\"0 0 24 24\" version=\"1.2\" baseprofile=\"tiny\"><path d=\"M18.2 9.3l-6.2-6.3-6.2 6.3c-.2.2-.3.4-.3.7s.1.5.3.7c.2.2.4.3.7.3h11c.3 0 .5-.1.7-.3.2-.2.3-.5.3-.7s-.1-.5-.3-.7zM5.8 14.7l6.2 6.3 6.2-6.3c.2-.2.3-.5.3-.7s-.1-.5-.3-.7c-.2-.2-.4-.3-.7-.3h-11c-.3 0-.5.1-.7.3-.2.2-.3.5-.3.7s.1.5.3.7z\"\/><\/svg><\/span><\/span><\/span><\/a><\/span><\/div>\n<nav><ul class='ez-toc-list ez-toc-list-level-1' ><li class='ez-toc-page-1 ez-toc-heading-level-1'><a class=\"ez-toc-link ez-toc-heading-1\" href=\"https:\/\/firstconsultingservices.com\/vi-vn\/xo-so-mien-nam\/#Xo_So_Mien_Nam_99OK_%E2%80%93_Kinh_Nghiem_Va_Meo_Choi_Hieu_Qua\" >X\u1ed5 S\u1ed1 Mi\u1ec1n Nam 99OK &#8211; Kinh Nghi\u1ec7m V\u00e0 M\u1eb9o Ch\u01a1i Hi\u1ec7u Qu\u1ea3<\/a><ul class='ez-toc-list-level-2' ><li class='ez-toc-heading-level-2'><a class=\"ez-toc-link ez-toc-heading-2\" href=\"https:\/\/firstconsultingservices.com\/vi-vn\/xo-so-mien-nam\/#Xo_so_mien_Nam_99OK_la_gi\" >X\u1ed5 s\u1ed1 mi\u1ec1n Nam 99OK l\u00e0 g\u00ec?<\/a><\/li><li class='ez-toc-page-1 ez-toc-heading-level-2'><a class=\"ez-toc-link ez-toc-heading-3\" href=\"https:\/\/firstconsultingservices.com\/vi-vn\/xo-so-mien-nam\/#Cac_loai_hinh_xo_so_mien_Nam_99OK_moi_nhat\" >C\u00e1c lo\u1ea1i h\u00ecnh x\u1ed5 s\u1ed1 mi\u1ec1n Nam 99OK m\u1edbi nh\u1ea5t<\/a><ul class='ez-toc-list-level-3' ><li class='ez-toc-heading-level-3'><a class=\"ez-toc-link ez-toc-heading-4\" href=\"https:\/\/firstconsultingservices.com\/vi-vn\/xo-so-mien-nam\/#Dau_duoi\" >\u0110\u1ea7u \u0111u\u00f4i<\/a><\/li><li class='ez-toc-page-1 ez-toc-heading-level-3'><a class=\"ez-toc-link ez-toc-heading-5\" href=\"https:\/\/firstconsultingservices.com\/vi-vn\/xo-so-mien-nam\/#Bao_lo\" >Bao l\u00f4<\/a><\/li><li class='ez-toc-page-1 ez-toc-heading-level-3'><a class=\"ez-toc-link ez-toc-heading-6\" href=\"https:\/\/firstconsultingservices.com\/vi-vn\/xo-so-mien-nam\/#Bach_thu\" >B\u1ea1ch th\u1ee7<\/a><\/li><\/ul><\/li><li class='ez-toc-page-1 ez-toc-heading-level-2'><a class=\"ez-toc-link ez-toc-heading-7\" href=\"https:\/\/firstconsultingservices.com\/vi-vn\/xo-so-mien-nam\/#Bi_kip_cuoc_xo_so_mien_Nam_99OK_cuc_hay\" >B\u00ed k\u00edp c\u01b0\u1ee3c x\u1ed5 s\u1ed1 mi\u1ec1n Nam 99OK c\u1ef1c hay<\/a><ul class='ez-toc-list-level-3' ><li class='ez-toc-heading-level-3'><a class=\"ez-toc-link ez-toc-heading-8\" href=\"https:\/\/firstconsultingservices.com\/vi-vn\/xo-so-mien-nam\/#Meo_danh_gap_thep\" >M\u1eb9o \u0111\u00e1nh g\u1ea5p th\u1ebfp<\/a><\/li><li class='ez-toc-page-1 ez-toc-heading-level-3'><a class=\"ez-toc-link ez-toc-heading-9\" href=\"https:\/\/firstconsultingservices.com\/vi-vn\/xo-so-mien-nam\/#Dung_lai_khi_thua_nhieu\" >D\u1eebng l\u1ea1i khi thua nhi\u1ec1u<\/a><\/li><li class='ez-toc-page-1 ez-toc-heading-level-3'><a class=\"ez-toc-link ez-toc-heading-10\" href=\"https:\/\/firstconsultingservices.com\/vi-vn\/xo-so-mien-nam\/#Hoc_cach_soi_cau\" >H\u1ecdc c\u00e1ch soi c\u1ea7u<\/a><\/li><li class='ez-toc-page-1 ez-toc-heading-level-3'><a class=\"ez-toc-link ez-toc-heading-11\" href=\"https:\/\/firstconsultingservices.com\/vi-vn\/xo-so-mien-nam\/#Hieu_ro_luat_le\" >Hi\u1ec3u r\u00f5 lu\u1eadt l\u1ec7<\/a><\/li><\/ul><\/li><li class='ez-toc-page-1 ez-toc-heading-level-2'><a class=\"ez-toc-link ez-toc-heading-12\" href=\"https:\/\/firstconsultingservices.com\/vi-vn\/xo-so-mien-nam\/#Ket_luan\" >K\u1ebft lu\u1eadn<\/a><\/li><\/ul><\/li><\/ul><\/nav><\/div>\n<h1 style=\"text-align: center;\"><span class=\"ez-toc-section\" id=\"Xo_So_Mien_Nam_99OK_%E2%80%93_Kinh_Nghiem_Va_Meo_Choi_Hieu_Qua\"><\/span><b>X\u1ed5 S\u1ed1 Mi\u1ec1n Nam 99OK &#8211; Kinh Nghi\u1ec7m V\u00e0 M\u1eb9o Ch\u01a1i Hi\u1ec7u Qu\u1ea3<\/b><span class=\"ez-toc-section-end\"><\/span><\/h1>\n<p><b>X\u1ed5 s\u1ed1 mi\u1ec1n Nam <span style=\"font-weight: 400;\"><strong>99OK<\/strong> <\/span><\/b><span style=\"font-weight: 400;\">m\u1edbi \u0111\u01b0\u1ee3c xu\u1ea5t hi\u1ec7n th\u1ebf nh\u01b0ng \u0111\u00e3 nhanh ch\u00f3ng chi\u1ebfm \u0111\u01b0\u1ee3c c\u1ea3m t\u00ecnh c\u1ee7a ng\u01b0\u1eddi ch\u01a1i. B\u1ed9 m\u00f4n n\u00e0y s\u1ebd mang \u0111\u1ebfn cho b\u1ea1n qu\u00e3ng th\u1eddi gian gi\u1ea3i tr\u00ed tuy\u1ec7t v\u1eddi, \u0111\u1ed3ng th\u1eddi ki\u1ebfm s\u1ed1 ti\u1ec1n th\u01b0\u1edfng l\u1edbn. Theo d\u00f5i n\u1ed9i dung ti\u1ebfp theo \u0111\u1ec3 c\u00f3 th\u00eam ki\u1ebfn th\u1ee9c h\u1eefu \u00edch v\u1ec1 chuy\u00ean m\u1ee5c tr\u00ean.<\/span><\/p>\n<h2><span class=\"ez-toc-section\" id=\"Xo_so_mien_Nam_99OK_la_gi\"><\/span><b>X\u1ed5 s\u1ed1 mi\u1ec1n Nam 99OK l\u00e0 g\u00ec?<\/b><span class=\"ez-toc-section-end\"><\/span><\/h2>\n<p><span style=\"font-weight: 400;\">L\u00f4 \u0111\u1ec1 mi\u1ec1n Nam \u0111ang thu h\u00fat l\u01b0\u1ee3ng l\u1edbn ng\u01b0\u1eddi truy c\u1eadp nh\u1edd v\u00e0o l\u1ed1i ch\u01a1i \u0111\u01a1n gi\u1ea3n c\u00f9ng t\u1ef7 l\u1ec7 th\u01b0\u1edfng l\u1edbn. Hi\u1ec7n t\u1ea1i b\u1ed9 m\u00f4n n\u00e0y \u0111\u00e3 \u0111\u01b0\u1ee3c 99OK cung c\u1ea5p \u1edf tr\u00ean n\u1ec1n t\u1ea3ng website v\u1edbi phong c\u00e1ch ho\u00e0n to\u00e0n m\u1edbi l\u1ea1.<\/span><\/p>\n<figure id=\"attachment_255\" aria-describedby=\"caption-attachment-255\" style=\"width: 800px\" class=\"wp-caption aligncenter\"><img loading=\"lazy\" decoding=\"async\" class=\"size-full wp-image-255\" src=\"https:\/\/firstconsultingservices.com\/wp-content\/uploads\/2025\/09\/hieu-ro-ve-xo-so-mien-nam-99ok.jpg\" alt=\"Hi\u1ec3u r\u00f5 v\u1ec1 x\u1ed5 s\u1ed1 mi\u1ec1n Nam 99OK\" width=\"800\" height=\"400\" title=\"\" srcset=\"https:\/\/firstconsultingservices.com\/wp-content\/uploads\/2025\/09\/hieu-ro-ve-xo-so-mien-nam-99ok.jpg 800w, https:\/\/firstconsultingservices.com\/wp-content\/uploads\/2025\/09\/hieu-ro-ve-xo-so-mien-nam-99ok-300x150.jpg 300w, https:\/\/firstconsultingservices.com\/wp-content\/uploads\/2025\/09\/hieu-ro-ve-xo-so-mien-nam-99ok-768x384.jpg 768w\" sizes=\"auto, (max-width: 800px) 100vw, 800px\" \/><figcaption id=\"caption-attachment-255\" class=\"wp-caption-text\">Hi\u1ec3u r\u00f5 v\u1ec1 x\u1ed5 s\u1ed1 mi\u1ec1n Nam 99OK<\/figcaption><\/figure>\n<p><span style=\"font-weight: 400;\">V\u1eabn gi\u1eef phong c\u00e1ch ch\u01a1i nh\u01b0 truy\u1ec1n th\u1ed1ng, tuy nhi\u00ean <\/span><b><a href=\"https:\/\/firstconsultingservices.com\/vi-vn\/xo-so-mien-nam\/\">x\u1ed5 s\u1ed1 mi\u1ec1n Nam<\/a> 99OK<\/b><span style=\"font-weight: 400;\"> l\u1ea1i mang nhi\u1ec1u \u0111i\u1ec3m ti\u1ec7n l\u1ee3i h\u01a1n h\u1eb3n. V\u00e0o c\u00e1c khung gi\u1edd nh\u1ea5t \u0111\u1ecbnh, nh\u00e0 c\u00e1i s\u1ebd ph\u00e1t s\u00f3ng tr\u1ef1c ti\u1ebfp bu\u1ed5i quay th\u01b0\u1edfng. \u0110\u1ed3ng th\u1eddi c\u1eadp nh\u1eadt nhanh ch\u00f3ng k\u1ebft qu\u1ea3 m\u1ed9t c\u00e1ch ch\u00ednh x\u00e1c trong th\u1eddi gian s\u1edbm nh\u1ea5t.<\/span><\/p>\n<p><span style=\"font-weight: 400;\">V\u1edbi l\u00f4 \u0111\u1ec1 mi\u1ec1n Nam, m\u1ed7i khu v\u1ef1c s\u1ebd t\u01b0\u01a1ng \u1ee9ng v\u1edbi 2 \u0111\u1ebfn 3 nh\u00e0 \u0111\u00e0i. M\u1ed7i nh\u00e0 \u0111\u00e0i l\u1ea1i c\u00f3 l\u1ed1i ch\u01a1i \u0111\u01a1n gi\u1ea3n, d\u1ec5 hi\u1ec3u nh\u01b0ng kh\u00f4ng k\u00e9m ph\u1ea7n l\u00f4i cu\u1ed1n. T\u1ef7 l\u1ec7 tr\u1ea3 th\u01b0\u1edfng c\u0169ng l\u00e0 \u01b0u \u0111i\u1ec3m n\u1ed5i b\u1eadt gi\u00fap nhi\u1ec1u ng\u01b0\u1eddi ph\u00e1t t\u00e0i.<\/span><\/p>\n<h2><span class=\"ez-toc-section\" id=\"Cac_loai_hinh_xo_so_mien_Nam_99OK_moi_nhat\"><\/span><b>C\u00e1c lo\u1ea1i h\u00ecnh x\u1ed5 s\u1ed1 mi\u1ec1n Nam 99OK m\u1edbi nh\u1ea5t<\/b><span class=\"ez-toc-section-end\"><\/span><\/h2>\n<p><span style=\"font-weight: 400;\">Nh\u00e0 c\u00e1i hi\u1ec3u r\u00f5 \u0111\u01b0\u1ee3c nhu c\u1ea7u c\u1ee7a kh\u00e1ch h\u00e0ng v\u1eady n\u00ean cung c\u1ea5p \u0111\u1ebfn r\u1ea5t nhi\u1ec1u lo\u1ea1i h\u00ecnh c\u00e1 c\u01b0\u1ee3c \u0111a d\u1ea1ng. Th\u00e0nh vi\u00ean c\u00f3 th\u1ec3 tr\u1ea3i nghi\u1ec7m r\u1ea5t nhi\u1ec1u d\u1ea1ng kh\u00e1c nhau v\u00e0 c\u00f3 nhi\u1ec1u c\u01a1 h\u1ed9i ki\u1ebfm ti\u1ec1n h\u01a1n:<\/span><\/p>\n<h3><span class=\"ez-toc-section\" id=\"Dau_duoi\"><\/span><b>\u0110\u1ea7u \u0111u\u00f4i<\/b><span class=\"ez-toc-section-end\"><\/span><\/h3>\n<p><span style=\"font-weight: 400;\">\u0110\u1ea7u \u0111u\u00f4i l\u00e0 ph\u01b0\u01a1ng ph\u00e1p \u0111\u00e1nh <\/span><b>x\u1ed5 s\u1ed1 mi\u1ec1n Nam 99OK<\/b><span style=\"font-weight: 400;\"> c\u1ef1c hay thu h\u00fat nhi\u1ec1u cao th\u1ee7 \u00e1p d\u1ee5ng. V\u1edbi chi\u1ebfn thu\u1eadt n\u00e0y ng\u01b0\u1eddi ch\u01a1i c\u1ea7n d\u1ef1a v\u00e0o b\u1ea3ng t\u1ef7 l\u1ec7 c\u01b0\u1ee3c \u0111\u1ec3 nghi\u00ean c\u1ee9u c\u00e1c con s\u1ed1.<\/span><\/p>\n<p><span style=\"font-weight: 400;\">Cu\u1ed1i c\u00f9ng \u0111\u01b0a ra \u0111\u01b0\u1ee3c nh\u1eefng c\u1eb7p c\u00f3 kh\u1ea3 n\u0103ng xu\u1ea5t hi\u1ec7n cao nh\u1ea5t trong l\u1ea7n s\u1eafp t\u1edbi. Theo kinh nghi\u1ec7m do cao th\u1ee7 chia s\u1ebb, ng\u01b0\u1eddi ch\u01a1i\u00a0<strong><span data-sheets-root=\"1\">99ok hi\u1ec7n \u0111ang m\u1edf<\/span><\/strong> n\u00ean d\u1ef1a v\u00e0o gi\u1ea3i 7 v\u00e0 gi\u1ea3i \u0111\u1eb7c bi\u1ec7t \u0111\u1ec3 soi k\u00e8o. V\u1edbi chi\u1ebfn thu\u1eadt n\u00e0y s\u1ebd gi\u00fap l\u1ef1a ch\u1ecdn \u0111\u01b0\u1ee3c c\u00e1c con l\u00f4 c\u00f3 kh\u1ea3 n\u0103ng th\u1eafng l\u00ean t\u1edbi 52%.<\/span><\/p>\n<h3><span class=\"ez-toc-section\" id=\"Bao_lo\"><\/span><b>Bao l\u00f4<\/b><span class=\"ez-toc-section-end\"><\/span><\/h3>\n<p><span style=\"font-weight: 400;\">\u0110\u1ed1i v\u1edbi ng\u01b0\u1eddi m\u1edbi th\u00ec ph\u01b0\u01a1ng ph\u00e1p \u0111\u00e1nh <\/span><b>x\u1ed5 s\u1ed1 mi\u1ec1n Nam 99OK<\/b><span style=\"font-weight: 400;\"> bao l\u00f4 l\u00e0 l\u1ef1a ch\u1ecdn ph\u00f9 h\u1ee3p. \u0110i\u1ec3m n\u1ed5i b\u1eadt c\u1ee7a lo\u1ea1i h\u00ecnh n\u00e0y \u0111\u00f3 l\u00e0 kh\u1ea3 n\u0103ng th\u1eafng cao \u0111i k\u00e8m v\u1edbi t\u00ednh \u0111\u01a1n gi\u1ea3n.<\/span><\/p>\n<figure id=\"attachment_254\" aria-describedby=\"caption-attachment-254\" style=\"width: 800px\" class=\"wp-caption aligncenter\"><img loading=\"lazy\" decoding=\"async\" class=\"size-full wp-image-254\" src=\"https:\/\/firstconsultingservices.com\/wp-content\/uploads\/2025\/09\/cac-loai-hinh-choi-xo-so-mien-nam-pho-bien.jpg\" alt=\"C\u00e1c lo\u1ea1i h\u00ecnh ch\u01a1i x\u1ed5 s\u1ed1 mi\u1ec1n Nam ph\u1ed5 bi\u1ebfn\" width=\"800\" height=\"400\" title=\"\" srcset=\"https:\/\/firstconsultingservices.com\/wp-content\/uploads\/2025\/09\/cac-loai-hinh-choi-xo-so-mien-nam-pho-bien.jpg 800w, https:\/\/firstconsultingservices.com\/wp-content\/uploads\/2025\/09\/cac-loai-hinh-choi-xo-so-mien-nam-pho-bien-300x150.jpg 300w, https:\/\/firstconsultingservices.com\/wp-content\/uploads\/2025\/09\/cac-loai-hinh-choi-xo-so-mien-nam-pho-bien-768x384.jpg 768w\" sizes=\"auto, (max-width: 800px) 100vw, 800px\" \/><figcaption id=\"caption-attachment-254\" class=\"wp-caption-text\">C\u00e1c lo\u1ea1i h\u00ecnh ch\u01a1i x\u1ed5 s\u1ed1 mi\u1ec1n Nam ph\u1ed5 bi\u1ebfn<\/figcaption><\/figure>\n<p><span style=\"font-weight: 400;\">Theo \u0111\u00f3 kh\u00e1ch h\u00e0ng ch\u1ec9 c\u1ea7n \u0111o\u00e1n \u0111\u00fang c\u00e1c con s\u1ed1 xu\u1ea5t hi\u1ec7n \u1edf b\u1ea5t k\u1ef3 gi\u1ea3i l\u00f4 n\u00e0o l\u00e0 th\u1eafng. N\u1ebfu n\u00f3 xu\u1ea5t hi\u1ec7n 2 l\u1ea7n ho\u1eb7c nhi\u1ec1u h\u01a1n th\u00ec m\u1ee9c th\u01b0\u1edfng s\u1ebd nh\u00e2n l\u00ean theo s\u1ed1 l\u1ea7n \u0111\u00f3. V\u00ed d\u1ee5 v\u1ec1 2 th\u00ec g\u1ea5p 2 ti\u1ec1n th\u01b0\u1edfng, v\u1ec1 3 nh\u00e1y th\u00ec g\u1ea5p 3 ti\u1ec1n th\u01b0\u1edfng.<\/span><\/p>\n<h3><span class=\"ez-toc-section\" id=\"Bach_thu\"><\/span><b>B\u1ea1ch th\u1ee7<\/b><span class=\"ez-toc-section-end\"><\/span><\/h3>\n<p><span style=\"font-weight: 400;\">Lo\u1ea1i h\u00ecnh x\u1ed5 s\u1ed1 mi\u1ec1n Nam b\u1ea1ch th\u1ee7 c\u0169ng \u0111\u01b0\u1ee3c \u01b0a chu\u1ed9ng kh\u00f4ng k\u00e9m v\u00ec n\u00f3 kh\u00e1 d\u1ec5 hi\u1ec3u. Theo \u0111\u00f3 ng\u01b0\u1eddi ch\u01a1i c\u1ea7n quan s\u00e1t b\u1ea3ng th\u1ed1ng k\u00ea k\u1ebft qu\u1ea3 trong v\u00f2ng 1 tu\u1ea7n \u0111\u1ed5 l\u1ea1i \u0111\u00e2y.<\/span><\/p>\n<p><span style=\"font-weight: 400;\">Sau \u0111\u00f3 l\u1ef1a ch\u1ecdn ra m\u1ed9t c\u1eb7p s\u1ed1 \u0111\u00e3 l\u00e2u ch\u01b0a v\u1ec1 v\u00e0 l\u1ea5y n\u00f3 l\u00e0m b\u1ea1ch th\u1ee7. L\u1eadp khung nu\u00f4i trong v\u00f2ng t\u1eeb 3 &#8211; 5 ng\u00e0y, n\u1ebfu v\u01b0\u1ee3t qu\u00e1 ng\u00e0y n\u00e0y m\u00e0 ch\u01b0a v\u1ec1 th\u00ec n\u00ean b\u1ecf t\u00ecm con kh\u00e1c.<\/span><\/p>\n<h2><span class=\"ez-toc-section\" id=\"Bi_kip_cuoc_xo_so_mien_Nam_99OK_cuc_hay\"><\/span><b>B\u00ed k\u00edp c\u01b0\u1ee3c x\u1ed5 s\u1ed1 mi\u1ec1n Nam 99OK c\u1ef1c hay<\/b><span class=\"ez-toc-section-end\"><\/span><\/h2>\n<p><span style=\"font-weight: 400;\">D\u00f9 d\u1ec5 hi\u1ec3u v\u00e0 \u0111\u01a1n gi\u1ea3n l\u00e0 v\u1eady tuy nhi\u00ean \u0111\u1ec3 gi\u00e0nh chi\u1ebfn th\u1eafng trong b\u1ed9 m\u00f4n n\u00e0y l\u00e0 \u0111i\u1ec1u kh\u00f4ng \u0111\u01a1n gi\u1ea3n. Th\u00e0nh vi\u00ean c\u1ea7n tham kh\u1ea3o nh\u1eefng chi\u1ebfn thu\u1eadt, b\u00ed k\u00edp ri\u00eang do ch\u00ednh chuy\u00ean gia chia s\u1ebb. Qua \u0111\u00f3 m\u1edbi \u0111\u01b0a ra quy\u1ebft \u0111\u1ecbnh xu\u1ed1ng ti\u1ec1n ph\u00f9 h\u1ee3p v\u00e0 t\u1ed1i \u01b0u chi\u1ebfn th\u1eafng:<\/span><\/p>\n<h3><span class=\"ez-toc-section\" id=\"Meo_danh_gap_thep\"><\/span><b>M\u1eb9o \u0111\u00e1nh g\u1ea5p th\u1ebfp<\/b><span class=\"ez-toc-section-end\"><\/span><\/h3>\n<p><span style=\"font-weight: 400;\">V\u1edbi nh\u1eefng ng\u01b0\u1eddi c\u00f3 kinh nghi\u1ec7m h\u1ecd lu\u00f4n \u00e1p d\u1ee5ng chi\u1ebfn thu\u1eadt \u0111\u00e1nh <\/span><b>x\u1ed5 s\u1ed1 mi\u1ec1n Nam 99OK<\/b><span style=\"font-weight: 400;\"> theo ki\u1ec3u g\u1ea5p th\u1ebfp. \u0110\u1ec3 \u00e1p d\u1ee5ng ph\u01b0\u01a1ng ph\u00e1p tr\u00ean m\u1ed9t c\u00e1ch chu\u1ea9n v\u00e0 hi\u1ec7u qu\u1ea3 nh\u1ea5t th\u00ec th\u00e0nh vi\u00ean s\u1ebd ph\u1ea3i chu\u1ea9n b\u1ecb v\u1ed1n.<\/span><\/p>\n<p><span style=\"font-weight: 400;\">Ti\u1ebfp \u0111\u1ebfn l\u1ef1a ch\u1ecdn nh\u1eefng c\u1eb7p l\u00f4 may m\u1eafn \u0111\u00e3 l\u00e2u kh\u00f4ng v\u1ec1 v\u00e0 l\u1eadp d\u00e0n \u0111\u00e1nh trong nhi\u1ec1u ng\u00e0y. N\u1ebfu ng\u00e0y \u0111\u1ea7u kh\u00f4ng tr\u00fang h\u00e3y nh\u00e2n \u0111\u00f4i ti\u1ec1n l\u00ean \u0111\u1ec3 \u0111\u00e1nh ti\u1ebfp, c\u1ee9 nh\u01b0 v\u1eady \u0111\u1ebfn khi n\u00e0o gi\u00e0nh chi\u1ebfn th\u1eafng. C\u00e1ch n\u00e0y ch\u1eafc ch\u1eafn t\u1ed1n nhi\u1ec1u ti\u1ec1n th\u1ebf nh\u01b0ng khi tr\u00fang ng\u01b0\u1eddi ch\u01a1i s\u1ebd \u0103n \u0111\u1eadm khi tham gia t\u1ea1i web <a href=\"https:\/\/firstconsultingservices.com\/vi-vn\/\"><strong>https:\/\/firstconsultingservices.com\/<\/strong><\/a>.<\/span><\/p>\n<h3><span class=\"ez-toc-section\" id=\"Dung_lai_khi_thua_nhieu\"><\/span><b>D\u1eebng l\u1ea1i khi thua nhi\u1ec1u<\/b><span class=\"ez-toc-section-end\"><\/span><\/h3>\n<p><b>X\u1ed5 s\u1ed1 mi\u1ec1n Nam 99OK<\/b><span style=\"font-weight: 400;\"> lu\u00f4n \u0111\u1eadm ch\u1ea5t may r\u1ee7i v\u00e0 t\u1ea5t nhi\u00ean kh\u00f4ng ph\u1ea3i l\u00fac n\u00e0o may m\u1eafn c\u0169ng m\u1ec9m c\u01b0\u1eddi v\u1edbi b\u1ea1n. N\u1ebfu \u0111\u1ec3 thua qu\u00e1 nhi\u1ec1u h\u00e3y d\u1eebng l\u1ea1i v\u00e0 ngh\u1ec9 ng\u01a1i \u0111\u1ec3 b\u1ea3o to\u00e0n ngu\u1ed3n v\u1ed1n. C\u01a1 h\u1ed9i s\u1ebd t\u1edbi trong ng\u00e0y kh\u00e1c do \u0111\u00f3 \u0111\u1eebng c\u1ed1 \u0111\u1ea5m \u0103n x\u00f4i, \u0111\u00e1nh ti\u1ebfp \u0111\u1ec3 g\u1ee1 g\u1ea1c l\u1ea1i.<\/span><\/p>\n<figure id=\"attachment_253\" aria-describedby=\"caption-attachment-253\" style=\"width: 800px\" class=\"wp-caption aligncenter\"><img loading=\"lazy\" decoding=\"async\" class=\"size-full wp-image-253\" src=\"https:\/\/firstconsultingservices.com\/wp-content\/uploads\/2025\/09\/tips-dat-cuoc-xo-so-mien-nam.jpg\" alt=\"Tips \u0111\u1eb7t c\u01b0\u1ee3c x\u1ed5 s\u1ed1 mi\u1ec1n Nam\" width=\"800\" height=\"400\" title=\"\" srcset=\"https:\/\/firstconsultingservices.com\/wp-content\/uploads\/2025\/09\/tips-dat-cuoc-xo-so-mien-nam.jpg 800w, https:\/\/firstconsultingservices.com\/wp-content\/uploads\/2025\/09\/tips-dat-cuoc-xo-so-mien-nam-300x150.jpg 300w, https:\/\/firstconsultingservices.com\/wp-content\/uploads\/2025\/09\/tips-dat-cuoc-xo-so-mien-nam-768x384.jpg 768w\" sizes=\"auto, (max-width: 800px) 100vw, 800px\" \/><figcaption id=\"caption-attachment-253\" class=\"wp-caption-text\">Tips \u0111\u1eb7t c\u01b0\u1ee3c x\u1ed5 s\u1ed1 mi\u1ec1n Nam<\/figcaption><\/figure>\n<h3><span class=\"ez-toc-section\" id=\"Hoc_cach_soi_cau\"><\/span><b>H\u1ecdc c\u00e1ch soi c\u1ea7u<\/b><span class=\"ez-toc-section-end\"><\/span><\/h3>\n<p><span style=\"font-weight: 400;\">M\u1ed9t trong nh\u1eefng kinh nghi\u1ec7m ti\u1ebfp theo ng\u01b0\u1eddi m\u1edbi c\u1ea7n n\u1eafm r\u00f5 \u0111\u00f3 l\u00e0 bi\u1ebft c\u00e1ch soi c\u1ea7u l\u00f4 \u0111\u1ec1. C\u00f3 r\u1ea5t nhi\u1ec1u ph\u01b0\u01a1ng th\u1ee9c soi c\u1ea7u kh\u00e1c nhau v\u1edbi \u0111\u1ed9 hi\u1ec7u qu\u1ea3 cao m\u00e0 ng\u01b0\u1eddi ch\u01a1i n\u00ean \u00e1p d\u1ee5ng.<\/span><\/p>\n<p><span style=\"font-weight: 400;\">M\u1ed7i ph\u01b0\u01a1ng th\u1ee9c \u0111\u1ec1u c\u00f3 nh\u1eefng quy \u0111\u1ecbnh ri\u00eang bi\u1ec7t v\u1eady n\u00ean h\u00e3y t\u00ecm hi\u1ec3u k\u1ef9 \u0111\u1ec3 t\u00ecm ra con s\u1ed1 chu\u1ea9n x\u00e1c nh\u1ea5t. \u0110\u00e2y ch\u00ednh l\u00e0 ch\u00eca kh\u00f3a d\u1eabn t\u1edbi nh\u1eefng ph\u1ea7n th\u01b0\u1edfng k\u1ebfch x\u00f9 t\u1ea1i<\/span><b> x\u1ed5 s\u1ed1 mi\u1ec1n Nam 99OK<\/b><span style=\"font-weight: 400;\">.<\/span><\/p>\n<h3><span class=\"ez-toc-section\" id=\"Hieu_ro_luat_le\"><\/span><b>Hi\u1ec3u r\u00f5 lu\u1eadt l\u1ec7<\/b><span class=\"ez-toc-section-end\"><\/span><\/h3>\n<p><span style=\"font-weight: 400;\">Th\u00e0nh vi\u00ean m\u1edbi tham gia c\u1ea7n c\u1eadp nh\u1eadt nh\u1eefng n\u1ed9i dung c\u01a1 b\u1ea3n v\u1ec1 lu\u1eadt ch\u01a1i l\u00f4 \u0111\u1ec1 mi\u1ec1n Nam t\u1ea1i nh\u00e0 c\u00e1i 99OK. C\u00e1c ki\u1ebfn th\u1ee9c n\u00e0y s\u1ebd gi\u00fap \u00edch r\u1ea5t nhi\u1ec1u cho b\u1ea1n trong qu\u00e1 tr\u00ecnh \u0111\u1eb7t c\u01b0\u1ee3c. \u0110\u1ed3ng th\u1eddi tr\u00e1nh \u0111\u01b0\u1ee3c c\u00e1c l\u1ed7i sai c\u01a1 b\u1ea3n khi\u1ebfn m\u1ea5t ti\u1ec1n oan.<\/span><\/p>\n<blockquote><p><em><strong>&gt;&gt;&gt; Xem th\u00eam : <a href=\"https:\/\/firstconsultingservices.com\/vi-vn\/xo-so-mien-bac\/\">X\u1ed5 S\u1ed1 Mi\u1ec1n B\u1eafc<\/a> 99OK &#8211; Rinh Th\u01b0\u1edfng L\u1edbn V\u1edbi T\u1ef7 L\u1ec7 1:99<\/strong><\/em><\/p><\/blockquote>\n<h2><span class=\"ez-toc-section\" id=\"Ket_luan\"><\/span><b>K\u1ebft lu\u1eadn<\/b><span class=\"ez-toc-section-end\"><\/span><\/h2>\n<p><span style=\"font-weight: 400;\">N\u1ed9i dung tr\u00ean \u0111\u00e3 cung c\u1ea5p to\u00e0n b\u1ed9 th\u00f4ng tin v\u1ec1<\/span><b> x\u1ed5 s\u1ed1 mi\u1ec1n Nam 99OK<\/b><span style=\"font-weight: 400;\">. Hy v\u1ecdng v\u1edbi ki\u1ebfn th\u1ee9c \u0111\u01b0\u1ee3c chia s\u1ebb \u0111\u00e3 gi\u00fap h\u1ed9i vi\u00ean n\u1eafm r\u00f5 v\u1ec1 b\u1ed9 m\u00f4n n\u00e0y. \u0110\u1ed3ng th\u1eddi \u00e1p d\u1ee5ng c\u00e1c chi\u1ebfn thu\u1eadt \u0111\u00e1nh th\u00e0nh c\u00f4ng v\u00e0 gi\u00e0nh ti\u1ec1n th\u01b0\u1edfng h\u1eadu h\u0129nh.<\/span><\/p>","protected":false},"excerpt":{"rendered":"<p>X\u1ed5 S\u1ed1 Mi\u1ec1n Nam 99OK &#8211; Kinh Nghi\u1ec7m V\u00e0 M\u1eb9o Ch\u01a1i Hi\u1ec7u Qu\u1ea3 X\u1ed5 s\u1ed1 mi\u1ec1n Nam 99OK m\u1edbi \u0111\u01b0\u1ee3c xu\u1ea5t hi\u1ec7n th\u1ebf nh\u01b0ng \u0111\u00e3 nhanh ch\u00f3ng chi\u1ebfm \u0111\u01b0\u1ee3c c\u1ea3m t\u00ecnh c\u1ee7a ng\u01b0\u1eddi ch\u01a1i. B\u1ed9 m\u00f4n n\u00e0y s\u1ebd mang \u0111\u1ebfn cho b\u1ea1n qu\u00e3ng th\u1eddi gian gi\u1ea3i tr\u00ed tuy\u1ec7t v\u1eddi, \u0111\u1ed3ng th\u1eddi ki\u1ebfm s\u1ed1 ti\u1ec1n th\u01b0\u1edfng [&#8230;]\n","protected":false},"author":1,"featured_media":256,"parent":0,"menu_order":0,"comment_status":"closed","ping_status":"closed","template":"","meta":{"footnotes":""},"class_list":["post-240","page","type-page","status-publish","has-post-thumbnail","hentry"],"_links":{"self":[{"href":"https:\/\/firstconsultingservices.com\/vi-vn\/wp-json\/wp\/v2\/pages\/240","targetHints":{"allow":["GET"]}}],"collection":[{"href":"https:\/\/firstconsultingservices.com\/vi-vn\/wp-json\/wp\/v2\/pages"}],"about":[{"href":"https:\/\/firstconsultingservices.com\/vi-vn\/wp-json\/wp\/v2\/types\/page"}],"author":[{"embeddable":true,"href":"https:\/\/firstconsultingservices.com\/vi-vn\/wp-json\/wp\/v2\/users\/1"}],"replies":[{"embeddable":true,"href":"https:\/\/firstconsultingservices.com\/vi-vn\/wp-json\/wp\/v2\/comments?post=240"}],"version-history":[{"count":8,"href":"https:\/\/firstconsultingservices.com\/vi-vn\/wp-json\/wp\/v2\/pages\/240\/revisions"}],"predecessor-version":[{"id":513,"href":"https:\/\/firstconsultingservices.com\/vi-vn\/wp-json\/wp\/v2\/pages\/240\/revisions\/513"}],"wp:featuredmedia":[{"embeddable":true,"href":"https:\/\/firstconsultingservices.com\/vi-vn\/wp-json\/wp\/v2\/media\/256"}],"wp:attachment":[{"href":"https:\/\/firstconsultingservices.com\/vi-vn\/wp-json\/wp\/v2\/media?parent=240"}],"curies":[{"name":"wp","href":"https:\/\/api.w.org\/{rel}","templated":true}]}}