{"id":241,"date":"2025-09-10T16:11:27","date_gmt":"2025-09-10T09:11:27","guid":{"rendered":"https:\/\/zcsggp.sa.com\/?page_id=241"},"modified":"2025-10-10T19:47:37","modified_gmt":"2025-10-10T12:47:37","slug":"xo-so-mien-trung","status":"publish","type":"page","link":"https:\/\/firstconsultingservices.com\/vi-vn\/xo-so-mien-trung\/","title":{"rendered":"X\u1ed5 S\u1ed1 Mi\u1ec1n Trung"},"content":{"rendered":"<div id=\"ez-toc-container\" class=\"ez-toc-v2_0_76 counter-hierarchy ez-toc-counter ez-toc-grey ez-toc-container-direction\">\n<div class=\"ez-toc-title-container\">\n<p class=\"ez-toc-title\" style=\"cursor:inherit\">Table of Contents<\/p>\n<span class=\"ez-toc-title-toggle\"><a href=\"#\" class=\"ez-toc-pull-right ez-toc-btn ez-toc-btn-xs ez-toc-btn-default ez-toc-toggle\" aria-label=\"Toggle Table of Content\"><span class=\"ez-toc-js-icon-con\"><span class=\"\"><span class=\"eztoc-hide\" style=\"display:none;\">Toggle<\/span><span class=\"ez-toc-icon-toggle-span\"><svg style=\"fill: #999;color:#999\" xmlns=\"http:\/\/www.w3.org\/2000\/svg\" class=\"list-377408\" width=\"20px\" height=\"20px\" viewbox=\"0 0 24 24\" fill=\"none\"><path d=\"M6 6H4v2h2V6zm14 0H8v2h12V6zM4 11h2v2H4v-2zm16 0H8v2h12v-2zM4 16h2v2H4v-2zm16 0H8v2h12v-2z\" fill=\"currentColor\"><\/path><\/svg><svg style=\"fill: #999;color:#999\" class=\"arrow-unsorted-368013\" xmlns=\"http:\/\/www.w3.org\/2000\/svg\" width=\"10px\" height=\"10px\" viewbox=\"0 0 24 24\" version=\"1.2\" baseprofile=\"tiny\"><path d=\"M18.2 9.3l-6.2-6.3-6.2 6.3c-.2.2-.3.4-.3.7s.1.5.3.7c.2.2.4.3.7.3h11c.3 0 .5-.1.7-.3.2-.2.3-.5.3-.7s-.1-.5-.3-.7zM5.8 14.7l6.2 6.3 6.2-6.3c.2-.2.3-.5.3-.7s-.1-.5-.3-.7c-.2-.2-.4-.3-.7-.3h-11c-.3 0-.5.1-.7.3-.2.2-.3.5-.3.7s.1.5.3.7z\"\/><\/svg><\/span><\/span><\/span><\/a><\/span><\/div>\n<nav><ul class='ez-toc-list ez-toc-list-level-1' ><li class='ez-toc-page-1 ez-toc-heading-level-1'><a class=\"ez-toc-link ez-toc-heading-1\" href=\"https:\/\/firstconsultingservices.com\/vi-vn\/xo-so-mien-trung\/#Xo_So_Mien_Trung_99OK_%E2%80%93_Loai_Hinh_Lo_De_Uy_Tin_Nhat_2025\" >X\u1ed5 S\u1ed1 Mi\u1ec1n Trung 99OK &#8211; Lo\u1ea1i H\u00ecnh L\u00f4 \u0110\u1ec1 Uy T\u00edn Nh\u1ea5t 2025<\/a><ul class='ez-toc-list-level-2' ><li class='ez-toc-heading-level-2'><a class=\"ez-toc-link ez-toc-heading-2\" href=\"https:\/\/firstconsultingservices.com\/vi-vn\/xo-so-mien-trung\/#Khai_quat_ve_xo_so_mien_Trung_99OK\" >Kh\u00e1i qu\u00e1t v\u1ec1 x\u1ed5 s\u1ed1 mi\u1ec1n Trung 99OK<\/a><\/li><li class='ez-toc-page-1 ez-toc-heading-level-2'><a class=\"ez-toc-link ez-toc-heading-3\" href=\"https:\/\/firstconsultingservices.com\/vi-vn\/xo-so-mien-trung\/#Meo_soi_cau_xo_so_mien_Trung_99OK_chuan\" >M\u1eb9o soi c\u1ea7u x\u1ed5 s\u1ed1 mi\u1ec1n Trung 99OK chu\u1ea9n<\/a><ul class='ez-toc-list-level-3' ><li class='ez-toc-heading-level-3'><a class=\"ez-toc-link ez-toc-heading-4\" href=\"https:\/\/firstconsultingservices.com\/vi-vn\/xo-so-mien-trung\/#Khong_choi_lo_gan\" >Kh\u00f4ng ch\u01a1i l\u00f4 gan<\/a><\/li><li class='ez-toc-page-1 ez-toc-heading-level-3'><a class=\"ez-toc-link ez-toc-heading-5\" href=\"https:\/\/firstconsultingservices.com\/vi-vn\/xo-so-mien-trung\/#Soi_cau_theo_lo_roi\" >Soi c\u1ea7u theo l\u00f4 r\u01a1i<\/a><\/li><li class='ez-toc-page-1 ez-toc-heading-level-3'><a class=\"ez-toc-link ez-toc-heading-6\" href=\"https:\/\/firstconsultingservices.com\/vi-vn\/xo-so-mien-trung\/#Danh_theo_tong_de\" >\u0110\u00e1nh theo t\u1ed5ng \u0111\u1ec1<\/a><\/li><\/ul><\/li><li class='ez-toc-page-1 ez-toc-heading-level-2'><a class=\"ez-toc-link ez-toc-heading-7\" href=\"https:\/\/firstconsultingservices.com\/vi-vn\/xo-so-mien-trung\/#Diem_hap_dan_cua_xo_so_mien_Trung_99OK\" >\u0110i\u1ec3m h\u1ea5p d\u1eabn c\u1ee7a x\u1ed5 s\u1ed1 mi\u1ec1n Trung 99OK<\/a><ul class='ez-toc-list-level-3' ><li class='ez-toc-heading-level-3'><a class=\"ez-toc-link ez-toc-heading-8\" href=\"https:\/\/firstconsultingservices.com\/vi-vn\/xo-so-mien-trung\/#Cap_nhat_ket_qua_nhanh\" >C\u1eadp nh\u1eadt k\u1ebft qu\u1ea3 nhanh<\/a><\/li><li class='ez-toc-page-1 ez-toc-heading-level-3'><a class=\"ez-toc-link ez-toc-heading-9\" href=\"https:\/\/firstconsultingservices.com\/vi-vn\/xo-so-mien-trung\/#Ty_le_tra_thuong_cao\" >T\u1ef7 l\u1ec7 tr\u1ea3 th\u01b0\u1edfng cao<\/a><\/li><li class='ez-toc-page-1 ez-toc-heading-level-3'><a class=\"ez-toc-link ez-toc-heading-10\" href=\"https:\/\/firstconsultingservices.com\/vi-vn\/xo-so-mien-trung\/#Thanh_toan_song_phang\" >Thanh to\u00e1n s\u00f2ng ph\u1eb3ng<\/a><\/li><\/ul><\/li><li class='ez-toc-page-1 ez-toc-heading-level-2'><a class=\"ez-toc-link ez-toc-heading-11\" href=\"https:\/\/firstconsultingservices.com\/vi-vn\/xo-so-mien-trung\/#Ket_luan\" >K\u1ebft lu\u1eadn<\/a><\/li><\/ul><\/li><\/ul><\/nav><\/div>\n<h1 style=\"text-align: center;\"><span class=\"ez-toc-section\" id=\"Xo_So_Mien_Trung_99OK_%E2%80%93_Loai_Hinh_Lo_De_Uy_Tin_Nhat_2025\"><\/span><b>X\u1ed5 S\u1ed1 Mi\u1ec1n Trung 99OK &#8211; Lo\u1ea1i H\u00ecnh L\u00f4 \u0110\u1ec1 Uy T\u00edn Nh\u1ea5t 2025<\/b><span class=\"ez-toc-section-end\"><\/span><\/h1>\n<p><b>X\u1ed5 s\u1ed1 mi\u1ec1n Trung <span style=\"font-weight: 400;\"><strong><a class=\"in-cell-link\" href=\"https:\/\/firstconsultingservices.com\/vi-vn\/\" target=\"_blank\" rel=\"noopener\">99OK<\/a><\/strong> <\/span><\/b><span style=\"font-weight: 400;\">m\u1edf ra cho ng\u01b0\u1eddi ch\u01a1i m\u1ed9t th\u1ebf gi\u1edbi l\u00f4 \u0111\u1ec1 \u0111a d\u1ea1ng, uy t\u00edn. H\u00ecnh th\u1ee9c n\u00e0y \u0111\u00e3 \u0111\u01b0\u1ee3c c\u1ea5p ph\u00e9p ho\u1ea1t \u0111\u1ed9ng h\u1ee3p ph\u00e1p b\u1edfi ch\u00ednh ph\u1ee7 n\u01b0\u1edbc ta. C\u00f9ng kh\u00e1m ph\u00e1 xem b\u1ed9 m\u00f4n l\u00f4 \u0111\u1ec1 tr\u00ean c\u00f3 g\u00ec n\u1ed5i b\u1eadt qua n\u1ed9i dung ngay d\u01b0\u1edbi \u0111\u00e2y nh\u00e9.<\/span><\/p>\n<h2><span class=\"ez-toc-section\" id=\"Khai_quat_ve_xo_so_mien_Trung_99OK\"><\/span><b>Kh\u00e1i qu\u00e1t v\u1ec1 x\u1ed5 s\u1ed1 mi\u1ec1n Trung 99OK<\/b><span class=\"ez-toc-section-end\"><\/span><\/h2>\n<p><span style=\"font-weight: 400;\">L\u00f4 \u0111\u1ec1 mi\u1ec1n Trung l\u00e0 lo\u1ea1i h\u00ecnh c\u00e1 c\u01b0\u1ee3c online ph\u1ed5 bi\u1ebfn \u0111\u01b0\u1ee3c nhi\u1ec1u ng\u01b0\u1eddi l\u1ef1a ch\u1ecdn t\u1ea1i 99OK. B\u1ed9 m\u00f4n n\u00e0y thu\u1ed9c m\u1ed9t trong ba th\u1ec3 lo\u1ea1i x\u1ed5 s\u1ed1 bao g\u1ed3m c\u1ea3 mi\u1ec1n B\u1eafc v\u00e0 mi\u1ec1n nam. To\u00e0n b\u1ed9 ho\u1ea1t \u0111\u1ed9ng quay th\u01b0\u1edfng t\u1ea1i \u0111\u00e2y \u0111\u1ec1u ch\u1ecbu s\u1ef1 qu\u1ea3n l\u00fd t\u1eeb ch\u00ednh ph\u1ee7.<\/span><\/p>\n<figure id=\"attachment_250\" aria-describedby=\"caption-attachment-250\" style=\"width: 800px\" class=\"wp-caption aligncenter\"><img loading=\"lazy\" decoding=\"async\" class=\"size-full wp-image-250\" src=\"https:\/\/firstconsultingservices.com\/wp-content\/uploads\/2025\/09\/tong-quan-ve-xo-so-mien-trung-99ok.jpg\" alt=\"T\u1ed5ng quan v\u1ec1 x\u1ed5 s\u1ed1 mi\u1ec1n Trung 99OK\" width=\"800\" height=\"400\" title=\"\" srcset=\"https:\/\/firstconsultingservices.com\/wp-content\/uploads\/2025\/09\/tong-quan-ve-xo-so-mien-trung-99ok.jpg 800w, https:\/\/firstconsultingservices.com\/wp-content\/uploads\/2025\/09\/tong-quan-ve-xo-so-mien-trung-99ok-300x150.jpg 300w, https:\/\/firstconsultingservices.com\/wp-content\/uploads\/2025\/09\/tong-quan-ve-xo-so-mien-trung-99ok-768x384.jpg 768w\" sizes=\"auto, (max-width: 800px) 100vw, 800px\" \/><figcaption id=\"caption-attachment-250\" class=\"wp-caption-text\">T\u1ed5ng quan v\u1ec1 x\u1ed5 s\u1ed1 mi\u1ec1n Trung 99OK<\/figcaption><\/figure>\n<p><span style=\"font-weight: 400;\">Do \u0111\u00f3 kh\u00e1ch h\u00e0ng ho\u00e0n to\u00e0n y\u00ean t\u00e2m v\u1ec1 t\u00ednh minh b\u1ea1ch v\u00e0 s\u1ef1 kh\u00e1ch quan khi tham gia. C\u00e1c nh\u00e0 \u0111\u00e0i t\u1ea1i khu v\u1ef1c mi\u1ec1n Trung \u0111\u1ec1u ph\u00e1t s\u00f3ng tr\u1ef1c ti\u1ebfp k\u1ef3 quay th\u01b0\u1edfng theo khung gi\u1edd c\u1ed1 \u0111\u1ecbnh. Th\u01b0\u1eddng l\u00e0 v\u00e0o l\u00fac 5:10 \u0111\u1ebfn 5:30 chi\u1ec1u, ng\u01b0\u1eddi ch\u01a1i c\u00f3 th\u1ec3 c\u0103n th\u1eddi gian n\u00e0y \u0111\u1ec3 theo d\u00f5i k\u1ebft qu\u1ea3.<\/span><\/p>\n<p><b>X\u1ed5 s\u1ed1 mi\u1ec1n Trung 99OK <\/b><span style=\"font-weight: 400;\">l\u00e0 phi\u00ean b\u1ea3n tr\u1ef1c tuy\u1ebfn \u0111\u01b0\u1ee3c n\u00e2ng c\u1ea5p \u0111\u00e1ng k\u1ec3 v\u1ec1 m\u1eb7t \u0111\u1ed3 ho\u1ea1, \u00e2m thanh. Th\u1ebf nh\u01b0ng l\u1ed1i ch\u01a1i v\u00e0 c\u00e1ch th\u1ee9c c\u01b0\u1ee3c v\u1eabn \u0111\u01b0\u1ee3c gi\u1eef nguy\u00ean th\u1eadm ch\u00ed c\u00f2n c\u00f3 nhi\u1ec1u k\u00e8o \u0111a d\u1ea1ng h\u01a1n. Ch\u1ec9 c\u1ea7n truy c\u1eadp v\u00e0o nh\u00e0 c\u00e1i, \u0111\u1eb7t c\u01b0\u1ee3c l\u00e0 \u0111\u00e3 c\u00f3 th\u1ec3 tr\u1ea3i nghi\u1ec7m si\u00eau ph\u1ea9m n\u00e0y r\u1ed3i.<\/span><\/p>\n<h2><span class=\"ez-toc-section\" id=\"Meo_soi_cau_xo_so_mien_Trung_99OK_chuan\"><\/span><b>M\u1eb9o soi c\u1ea7u x\u1ed5 s\u1ed1 mi\u1ec1n Trung 99OK chu\u1ea9n<\/b><span class=\"ez-toc-section-end\"><\/span><\/h2>\n<p><span style=\"font-weight: 400;\">Nhi\u1ec1u ng\u01b0\u1eddi th\u01b0\u1eddng ngh\u0129 \u0111\u00e2y l\u00e0 b\u1ed9 m\u00f4n ph\u1ee5 thu\u1ed9c \u0111\u1ecf \u0111en n\u00ean \u0111\u00e1nh b\u1eeba c\u0169ng th\u1eafng. Th\u1ebf nh\u01b0ng theo th\u1ed1ng k\u00ea t\u1eeb c\u00e1c chuy\u00ean gia, nh\u1eefng ng\u01b0\u1eddi bi\u1ebft c\u00e1ch soi c\u1ea7u s\u1ebd c\u00f3 kh\u1ea3 n\u0103ng th\u1eafng cao h\u01a1n. V\u1eady n\u00ean c\u00f9ng h\u1ecdc h\u1ecfi ngay c\u00e1c chi\u00eau th\u1ee9c soi c\u1ea7u c\u1ef1c hay ngay sau \u0111\u00e2y nh\u00e9:<\/span><\/p>\n<h3><span class=\"ez-toc-section\" id=\"Khong_choi_lo_gan\"><\/span><b>Kh\u00f4ng ch\u01a1i l\u00f4 gan<\/b><span class=\"ez-toc-section-end\"><\/span><\/h3>\n<p><span style=\"font-weight: 400;\">Trong x\u1ed5 s\u1ed1 mi\u1ec1n Trung th\u00ec ph\u01b0\u01a1ng ph\u00e1p \u0111\u00e1nh l\u00f4 gan l\u1ea1i v\u00f4 c\u00f9ng ph\u1ed5 bi\u1ebfn b\u1edfi n\u00f3 mang t\u1edbi thu nh\u1eadp l\u1edbn. Th\u1ebf nh\u01b0ng \u0111\u00e2y l\u1ea1i l\u00e0 con dao hai l\u01b0\u1ee1i b\u1edfi ng\u01b0\u1eddi ch\u01a1i ph\u1ea3i chi ra kho\u1ea3n v\u1ed1n l\u1edbn.<\/span><\/p>\n<p><span style=\"font-weight: 400;\">N\u1ebfu kh\u00f4ng c\u00f3 kinh nghi\u1ec7m tr\u01b0\u1edbc \u0111\u00f3 th\u00ec kh\u1ea3 n\u0103ng m\u1ea5t h\u1ebft to\u00e0n b\u1ed9 l\u00e0 c\u1ef1c k\u1ef3 cao. Theo chuy\u00ean gia chia s\u1ebb, h\u1ed9i vi\u00ean n\u00ean \u01b0u ti\u00ean ch\u1ecdn c\u00e1c s\u1ed1 an to\u00e0n c\u00f3 t\u1ef7 l\u1ec7 xu\u1ea5t hi\u1ec7n nhi\u1ec1u.<\/span><\/p>\n<h3><span class=\"ez-toc-section\" id=\"Soi_cau_theo_lo_roi\"><\/span><b>Soi c\u1ea7u theo l\u00f4 r\u01a1i<\/b><span class=\"ez-toc-section-end\"><\/span><\/h3>\n<p><span style=\"font-weight: 400;\">M\u1ed9t chi\u1ebfn thu\u1eadt \u0111\u00e1nh <\/span><b>x\u1ed5 s\u1ed1 mi\u1ec1n Trung 99OK <\/b><span style=\"font-weight: 400;\">hi\u1ec7u qu\u1ea3 kh\u00e1c \u0111\u00f3 l\u00e0 t\u00ecm ra con l\u00f4 r\u01a1i ph\u00f9 h\u1ee3p. \u0110\u1ec3 \u00e1p d\u1ee5ng ph\u01b0\u01a1ng ph\u00e1p n\u00e0y tr\u01b0\u1edbc h\u1ebft kh\u00e1ch h\u00e0ng ph\u1ea3i th\u1ed1ng k\u00ea b\u1ea3ng k\u1ebft qu\u1ea3 trong v\u00f2ng 1 tu\u1ea7n tr\u1edf l\u1ea1i \u0111\u00e2y.<\/span><\/p>\n<figure id=\"attachment_249\" aria-describedby=\"caption-attachment-249\" style=\"width: 800px\" class=\"wp-caption aligncenter\"><img loading=\"lazy\" decoding=\"async\" class=\"size-full wp-image-249\" src=\"https:\/\/firstconsultingservices.com\/wp-content\/uploads\/2025\/09\/chien-thuat-danh-xo-so-mien-trung-cuc-hay.jpg\" alt=\"Chi\u1ebfn thu\u1eadt \u0111\u00e1nh x\u1ed5 s\u1ed1 mi\u1ec1n Trung c\u1ef1c hay\" width=\"800\" height=\"400\" title=\"\" srcset=\"https:\/\/firstconsultingservices.com\/wp-content\/uploads\/2025\/09\/chien-thuat-danh-xo-so-mien-trung-cuc-hay.jpg 800w, https:\/\/firstconsultingservices.com\/wp-content\/uploads\/2025\/09\/chien-thuat-danh-xo-so-mien-trung-cuc-hay-300x150.jpg 300w, https:\/\/firstconsultingservices.com\/wp-content\/uploads\/2025\/09\/chien-thuat-danh-xo-so-mien-trung-cuc-hay-768x384.jpg 768w\" sizes=\"auto, (max-width: 800px) 100vw, 800px\" \/><figcaption id=\"caption-attachment-249\" class=\"wp-caption-text\">Chi\u1ebfn thu\u1eadt \u0111\u00e1nh x\u1ed5 s\u1ed1 mi\u1ec1n Trung c\u1ef1c hay<\/figcaption><\/figure>\n<p><span style=\"font-weight: 400;\">Ti\u1ebfp \u0111\u00f3 t\u00ecm nh\u1eefng con m\u00e0 \u0111\u00e3 l\u00e2u kh\u00f4ng v\u1ec1 v\u00e0 t\u1ed5ng h\u1ee3p l\u1ea1i, l\u1eadp khung nu\u00f4i trong v\u00f2ng 5 &#8211; 7 ng\u00e0y. \u0110\u1ec3 t\u0103ng \u0111\u1ed9 hi\u1ec7u qu\u1ea3, ng\u01b0\u1eddi ch\u01a1i c\u00f3 th\u1ec3 \u00e1p d\u1ee5ng th\u00eam ph\u01b0\u01a1ng ph\u00e1p soi c\u1ea7u b\u1ea1ch th\u1ee7 <strong>99ok.<\/strong><\/span><\/p>\n<h3><span class=\"ez-toc-section\" id=\"Danh_theo_tong_de\"><\/span><b>\u0110\u00e1nh theo t\u1ed5ng \u0111\u1ec1<\/b><span class=\"ez-toc-section-end\"><\/span><\/h3>\n<p><span style=\"font-weight: 400;\">C\u00e1ch \u0111\u00e1nh<\/span><b> <a href=\"https:\/\/firstconsultingservices.com\/vi-vn\/xo-so-mien-trung\/\">x\u1ed5 s\u1ed1 mi\u1ec1n Trung<\/a> 99OK<\/b><span style=\"font-weight: 400;\"> n\u00e0y kh\u00e1 d\u1ec5 ch\u01a1i d\u1ec5 tr\u00fang th\u01b0\u1edfng, b\u1edfi h\u1ed9i vi\u00ean ch\u1ec9 c\u1ea7n \u0111\u00e1nh theo t\u1ed5ng \u0111\u1ec1. C\u1ee5 th\u1ec3 h\u00e3y xem trong gi\u1ea3i \u0111\u1eb7c bi\u1ec7t ng\u00e0y h\u00f4m \u0111\u00f3 t\u1ed5ng c\u00e1c con s\u1ed1 xu\u1ea5t hi\u1ec7n c\u00f3 t\u1ed5ng l\u00e0 bao nhi\u00eau.<\/span><\/p>\n<p><span style=\"font-weight: 400;\">V\u00ed d\u1ee5 k\u1ebft qu\u1ea3 XSMT ng\u00e0y h\u00f4m qua l\u00e0 87612, l\u00fac n\u00e0y s\u1ebd c\u00f3 t\u1ed5ng 8 + 7 + 6 + 1 + 2 = 24. Nh\u01b0 v\u1eady ta c\u00f3 c\u1eb7p l\u00f4 \u0111\u1eb9p 24 &#8211; 42 d\u00f9ng \u0111\u1ec3 \u0111\u00e1nh trong v\u00f2ng ba ng\u00e0y s\u1eafp t\u1edbi.<\/span><\/p>\n<h2><span class=\"ez-toc-section\" id=\"Diem_hap_dan_cua_xo_so_mien_Trung_99OK\"><\/span><b>\u0110i\u1ec3m h\u1ea5p d\u1eabn c\u1ee7a x\u1ed5 s\u1ed1 mi\u1ec1n Trung 99OK<\/b><span class=\"ez-toc-section-end\"><\/span><\/h2>\n<p><span style=\"font-weight: 400;\">V\u01b0\u1ee3t qua t\u1ea5t c\u1ea3 \u0111\u01a1n v\u1ecb kh\u00e1c, chuy\u00ean m\u1ee5c x\u1ed5 s\u1ed1 t\u1ea1i nh\u00e0 c\u00e1i 99OK lu\u00f4n chi\u1ebfm \u0111\u01b0\u1ee3c v\u1ecb tr\u00ed \u0111\u1eb7c bi\u1ec7t. \u0110\u1ec3 c\u00f3 \u0111\u01b0\u1ee3c th\u00e0nh c\u00f4ng n\u00e0y l\u00e0 c\u1ea3 qu\u00e1 tr\u00ecnh c\u1ed1 g\u1eafng kh\u00f4ng ng\u1eebng ngh\u1ec9 c\u1ee7a c\u1ea3 \u0111\u1ed9i ng\u0169 ph\u00e1t tri\u1ec3n. S\u00e2n ch\u01a1i\u00a0<strong><span data-sheets-root=\"1\">99ok h\u1ed3 ch\u00ed minh<\/span><\/strong> \u0111\u00e3 t\u1ea1o n\u00ean nh\u1eefng \u01b0u \u0111i\u1ec3m n\u1ed5i tr\u1ed9i d\u01b0\u1edbi \u0111\u00e2y v\u00e0 \u0111\u00e1nh b\u1eadt m\u1ecdi \u0111\u1ed1i th\u1ee7:<\/span><\/p>\n<h3><span class=\"ez-toc-section\" id=\"Cap_nhat_ket_qua_nhanh\"><\/span><b>C\u1eadp nh\u1eadt k\u1ebft qu\u1ea3 nhanh<\/b><span class=\"ez-toc-section-end\"><\/span><\/h3>\n<p><span style=\"font-weight: 400;\">\u0110i\u1ec3m \u0111\u1eb7c bi\u1ec7t c\u1ee7a <\/span><b>x\u1ed5 s\u1ed1 mi\u1ec1n Trung 99OK <\/b><span style=\"font-weight: 400;\">ch\u00ednh l\u00e0 kh\u1ea3 n\u0103ng c\u1eadp nh\u1eadt k\u1ebft qu\u1ea3 nhanh ch\u00f3ng, chu\u1ea9n x\u00e1c. To\u00e0n b\u1ed9 k\u1ebft qu\u1ea3 kh\u00f4ng ch\u1ec9 ri\u00eang l\u00f4 \u0111\u1ec1 mi\u1ec1n Trung m\u00e0 t\u1ea5t c\u1ea3 c\u00e1c th\u1ec3 lo\u1ea1i kh\u00e1c \u0111\u1ec1u c\u1eadp nh\u1eadt theo th\u1eddi gian th\u1ef1c.<\/span><\/p>\n<figure id=\"attachment_248\" aria-describedby=\"caption-attachment-248\" style=\"width: 800px\" class=\"wp-caption aligncenter\"><img loading=\"lazy\" decoding=\"async\" class=\"size-full wp-image-248\" src=\"https:\/\/firstconsultingservices.com\/wp-content\/uploads\/2025\/09\/uu-diem-cua-xo-so-mien-trung-99ok.jpg\" alt=\"\u01afu \u0111i\u1ec3m c\u1ee7a x\u1ed5 s\u1ed1 mi\u1ec1n Trung 99OK\" width=\"800\" height=\"400\" title=\"\" srcset=\"https:\/\/firstconsultingservices.com\/wp-content\/uploads\/2025\/09\/uu-diem-cua-xo-so-mien-trung-99ok.jpg 800w, https:\/\/firstconsultingservices.com\/wp-content\/uploads\/2025\/09\/uu-diem-cua-xo-so-mien-trung-99ok-300x150.jpg 300w, https:\/\/firstconsultingservices.com\/wp-content\/uploads\/2025\/09\/uu-diem-cua-xo-so-mien-trung-99ok-768x384.jpg 768w\" sizes=\"auto, (max-width: 800px) 100vw, 800px\" \/><figcaption id=\"caption-attachment-248\" class=\"wp-caption-text\">\u01afu \u0111i\u1ec3m c\u1ee7a x\u1ed5 s\u1ed1 mi\u1ec1n Trung 99OK<\/figcaption><\/figure>\n<p><span style=\"font-weight: 400;\">Nh\u1eefng h\u1ed9i vi\u00ean gi\u1ea3i tr\u00ed t\u1ea1i \u0111\u01a1n v\u1ecb l\u00e0 ng\u01b0\u1eddi bi\u1ebft k\u1ebft qu\u1ea3 s\u1edbm nh\u1ea5t, t\u1eeb \u0111\u00f3 bi\u1ebft \u0111\u01b0\u1ee3c m\u00ecnh th\u1eafng hay kh\u00f4ng. \u0110i\u1ec1u n\u00e0y c\u0169ng gi\u00fap ti\u1ebft ki\u1ec7m nhi\u1ec1u th\u1eddi gian c\u1ee7a ng\u01b0\u1eddi ch\u01a1i b\u1edfi h\u1ecd kh\u00f4ng c\u1ea7n ph\u1ea3i l\u00ean c\u00e1c n\u1ec1n t\u1ea3ng kh\u00e1c xem k\u1ebft qu\u1ea3 n\u1eefa.<\/span><\/p>\n<h3><span class=\"ez-toc-section\" id=\"Ty_le_tra_thuong_cao\"><\/span><b>T\u1ef7 l\u1ec7 tr\u1ea3 th\u01b0\u1edfng cao<\/b><span class=\"ez-toc-section-end\"><\/span><\/h3>\n<p><b>X\u1ed5 s\u1ed1 mi\u1ec1n Trung 99OK<\/b><span style=\"font-weight: 400;\"> \u0111\u01b0\u1ee3c \u0111\u1ea7u t\u01b0 v\u1edbi s\u1ed1 v\u1ed1n kh\u1ee7ng, t\u1eeb \u0111\u00f3 s\u1edf h\u1eefu t\u1ef7 l\u1ec7 th\u01b0\u1edfng cao nh\u1ea5t hi\u1ec7n t\u1ea1i. M\u1ed7i lo\u1ea1i h\u00ecnh l\u00f4 \u0111\u1ec1 \u0111\u1ec1u c\u00f3 t\u1ef7 l\u1ec7 tr\u1ea3 th\u01b0\u1edfng kh\u00e1c nhau, l\u1edbn nh\u1ea5t \u0111\u00f3 l\u00e0 1:99.<\/span><\/p>\n<p><span style=\"font-weight: 400;\">Ngh\u0129a l\u00e0 kh\u00e1ch h\u00e0ng ch\u1ec9 c\u1ea7n b\u1ecf ra 10k l\u00e0 \u0111\u00e3 c\u00f3 th\u1ec3 rinh v\u1ec1 990k m\u1ed9t c\u00e1ch d\u1ec5 d\u00e0ng. V\u1eady n\u00ean n\u1ebfu bi\u1ebft \u00e1p d\u1ee5ng c\u00e1c chi\u1ebfn thu\u1eadt soi c\u1ea7u th\u00ec \u0111\u00e2y ch\u00ednh l\u00e0 m\u1ecf v\u00e0ng \u0111\u1ec3 ng\u01b0\u1eddi ch\u01a1i khai th\u00e1c.<\/span><\/p>\n<h3><span class=\"ez-toc-section\" id=\"Thanh_toan_song_phang\"><\/span><b>Thanh to\u00e1n s\u00f2ng ph\u1eb3ng<\/b><span class=\"ez-toc-section-end\"><\/span><\/h3>\n<p><span style=\"font-weight: 400;\">Ngo\u00e0i nh\u1eefng v\u1ea5n \u0111\u1ec1 tr\u00ean <\/span><b>x\u1ed5 s\u1ed1 mi\u1ec1n Trung 99OK<\/b><span style=\"font-weight: 400;\"> c\u00f2n minh b\u1ea1ch trong qu\u00e1 tr\u00ecnh thanh to\u00e1n. To\u00e0n b\u1ed9 giao d\u1ecbch c\u1ee7a kh\u00e1ch h\u00e0ng \u0111\u1ec1u \u0111\u01b0\u1ee3c x\u1eed l\u00fd nhanh ch\u00f3ng, \u0111\u1ea3m b\u1ea3o v\u1ec1 t\u00ednh b\u1ea3o m\u1eadt.<\/span><\/p>\n<p><span style=\"font-weight: 400;\">Kh\u00f4ng bao gi\u1edd c\u00f3 chuy\u1ec7n \u0111\u01a1n v\u1ecb ti\u1ebft l\u1ed9 c\u00e1c th\u00f4ng tin n\u00e0y cho b\u00ean th\u1ee9 ba. Do \u0111\u00f3 th\u00e0nh vi\u00ean tham gia ch\u01a1i l\u00f4 \u0111\u1ec1 ho\u00e0n to\u00e0n c\u00f3 th\u1ec3 y\u00ean t\u00e2m n\u1ea1p\/ r\u00fat kh\u00f4ng c\u1ea7n b\u1eadn t\u00e2m t\u1edbi v\u1ea5n \u0111\u1ec1 kh\u00e1c.<\/span><\/p>\n<blockquote><p><em><strong>&gt;&gt;&gt; Xem th\u00eam : <a href=\"https:\/\/firstconsultingservices.com\/vi-vn\/xo-so-mien-nam\/\">X\u1ed5 S\u1ed1 Mi\u1ec1n Nam<\/a> 99OK &#8211; Kinh Nghi\u1ec7m V\u00e0 M\u1eb9o Ch\u01a1i Hi\u1ec7u Qu\u1ea3<\/strong><\/em><\/p><\/blockquote>\n<h2><span class=\"ez-toc-section\" id=\"Ket_luan\"><\/span><b>K\u1ebft lu\u1eadn<\/b><span class=\"ez-toc-section-end\"><\/span><\/h2>\n<p><span style=\"font-weight: 400;\">N\u1ed9i dung tr\u00ean \u0111\u00e3 mang t\u1edbi cho h\u1ed9i vi\u00ean m\u1ed9t c\u00e1i nh\u00ecn r\u00f5 n\u00e9t v\u1ec1 lo\u1ea1i h\u00ecnh \u0111\u1eb7t c\u01b0\u1ee3c <\/span><b>x\u1ed5 s\u1ed1 mi\u1ec1n Trung 99OK<\/b><span style=\"font-weight: 400;\">. Hy v\u1ecdng v\u1edbi c\u00e1c h\u1eefu \u00edch \u0111\u01b0\u1ee3c chia s\u1ebb \u0111\u00e3 gi\u00fap kh\u00e1ch h\u00e0ng n\u1eafm \u0111\u01b0\u1ee3c c\u00e1c chi\u1ebfn thu\u1eadt soi c\u1ea7u chu\u1ea9n v\u00e0 gi\u00e0nh nhi\u1ec1u ph\u1ea7n th\u1eafng.<\/span><\/p>","protected":false},"excerpt":{"rendered":"<p>X\u1ed5 S\u1ed1 Mi\u1ec1n Trung 99OK &#8211; Lo\u1ea1i H\u00ecnh L\u00f4 \u0110\u1ec1 Uy T\u00edn Nh\u1ea5t 2025 X\u1ed5 s\u1ed1 mi\u1ec1n Trung 99OK m\u1edf ra cho ng\u01b0\u1eddi ch\u01a1i m\u1ed9t th\u1ebf gi\u1edbi l\u00f4 \u0111\u1ec1 \u0111a d\u1ea1ng, uy t\u00edn. H\u00ecnh th\u1ee9c n\u00e0y \u0111\u00e3 \u0111\u01b0\u1ee3c c\u1ea5p ph\u00e9p ho\u1ea1t \u0111\u1ed9ng h\u1ee3p ph\u00e1p b\u1edfi ch\u00ednh ph\u1ee7 n\u01b0\u1edbc ta. C\u00f9ng kh\u00e1m ph\u00e1 xem b\u1ed9 m\u00f4n [&#8230;]\n","protected":false},"author":1,"featured_media":251,"parent":0,"menu_order":0,"comment_status":"closed","ping_status":"closed","template":"","meta":{"footnotes":""},"class_list":["post-241","page","type-page","status-publish","has-post-thumbnail","hentry"],"_links":{"self":[{"href":"https:\/\/firstconsultingservices.com\/vi-vn\/wp-json\/wp\/v2\/pages\/241","targetHints":{"allow":["GET"]}}],"collection":[{"href":"https:\/\/firstconsultingservices.com\/vi-vn\/wp-json\/wp\/v2\/pages"}],"about":[{"href":"https:\/\/firstconsultingservices.com\/vi-vn\/wp-json\/wp\/v2\/types\/page"}],"author":[{"embeddable":true,"href":"https:\/\/firstconsultingservices.com\/vi-vn\/wp-json\/wp\/v2\/users\/1"}],"replies":[{"embeddable":true,"href":"https:\/\/firstconsultingservices.com\/vi-vn\/wp-json\/wp\/v2\/comments?post=241"}],"version-history":[{"count":6,"href":"https:\/\/firstconsultingservices.com\/vi-vn\/wp-json\/wp\/v2\/pages\/241\/revisions"}],"predecessor-version":[{"id":514,"href":"https:\/\/firstconsultingservices.com\/vi-vn\/wp-json\/wp\/v2\/pages\/241\/revisions\/514"}],"wp:featuredmedia":[{"embeddable":true,"href":"https:\/\/firstconsultingservices.com\/vi-vn\/wp-json\/wp\/v2\/media\/251"}],"wp:attachment":[{"href":"https:\/\/firstconsultingservices.com\/vi-vn\/wp-json\/wp\/v2\/media?parent=241"}],"curies":[{"name":"wp","href":"https:\/\/api.w.org\/{rel}","templated":true}]}}