{"id":242,"date":"2025-09-10T16:06:03","date_gmt":"2025-09-10T09:06:03","guid":{"rendered":"https:\/\/zcsggp.sa.com\/?page_id=242"},"modified":"2025-10-10T19:47:00","modified_gmt":"2025-10-10T12:47:00","slug":"xo-so-mien-bac","status":"publish","type":"page","link":"https:\/\/firstconsultingservices.com\/vi-vn\/xo-so-mien-bac\/","title":{"rendered":"X\u1ed5 S\u1ed1 Mi\u1ec1n B\u1eafc"},"content":{"rendered":"<div id=\"ez-toc-container\" class=\"ez-toc-v2_0_76 counter-hierarchy ez-toc-counter ez-toc-grey ez-toc-container-direction\">\n<div class=\"ez-toc-title-container\">\n<p class=\"ez-toc-title\" style=\"cursor:inherit\">Table of Contents<\/p>\n<span class=\"ez-toc-title-toggle\"><a href=\"#\" class=\"ez-toc-pull-right ez-toc-btn ez-toc-btn-xs ez-toc-btn-default ez-toc-toggle\" aria-label=\"Toggle Table of Content\"><span class=\"ez-toc-js-icon-con\"><span class=\"\"><span class=\"eztoc-hide\" style=\"display:none;\">Toggle<\/span><span class=\"ez-toc-icon-toggle-span\"><svg style=\"fill: #999;color:#999\" xmlns=\"http:\/\/www.w3.org\/2000\/svg\" class=\"list-377408\" width=\"20px\" height=\"20px\" viewbox=\"0 0 24 24\" fill=\"none\"><path d=\"M6 6H4v2h2V6zm14 0H8v2h12V6zM4 11h2v2H4v-2zm16 0H8v2h12v-2zM4 16h2v2H4v-2zm16 0H8v2h12v-2z\" fill=\"currentColor\"><\/path><\/svg><svg style=\"fill: #999;color:#999\" class=\"arrow-unsorted-368013\" xmlns=\"http:\/\/www.w3.org\/2000\/svg\" width=\"10px\" height=\"10px\" viewbox=\"0 0 24 24\" version=\"1.2\" baseprofile=\"tiny\"><path d=\"M18.2 9.3l-6.2-6.3-6.2 6.3c-.2.2-.3.4-.3.7s.1.5.3.7c.2.2.4.3.7.3h11c.3 0 .5-.1.7-.3.2-.2.3-.5.3-.7s-.1-.5-.3-.7zM5.8 14.7l6.2 6.3 6.2-6.3c.2-.2.3-.5.3-.7s-.1-.5-.3-.7c-.2-.2-.4-.3-.7-.3h-11c-.3 0-.5.1-.7.3-.2.2-.3.5-.3.7s.1.5.3.7z\"\/><\/svg><\/span><\/span><\/span><\/a><\/span><\/div>\n<nav><ul class='ez-toc-list ez-toc-list-level-1' ><li class='ez-toc-page-1 ez-toc-heading-level-1'><a class=\"ez-toc-link ez-toc-heading-1\" href=\"https:\/\/firstconsultingservices.com\/vi-vn\/xo-so-mien-bac\/#Xo_So_Mien_Bac_99OK_%E2%80%93_Rinh_Thuong_Lon_Voi_Ty_Le_1_99\" >X\u1ed5 S\u1ed1 Mi\u1ec1n B\u1eafc 99OK &#8211; Rinh Th\u01b0\u1edfng L\u1edbn V\u1edbi T\u1ef7 L\u1ec7 1:99<\/a><ul class='ez-toc-list-level-2' ><li class='ez-toc-heading-level-2'><a class=\"ez-toc-link ez-toc-heading-2\" href=\"https:\/\/firstconsultingservices.com\/vi-vn\/xo-so-mien-bac\/#Thong_tin_ve_xo_so_mien_Bac_99OK\" >Th\u00f4ng tin v\u1ec1 x\u1ed5 s\u1ed1 mi\u1ec1n B\u1eafc 99OK<\/a><\/li><li class='ez-toc-page-1 ez-toc-heading-level-2'><a class=\"ez-toc-link ez-toc-heading-3\" href=\"https:\/\/firstconsultingservices.com\/vi-vn\/xo-so-mien-bac\/#Vi_sao_nen_tham_gia_xo_so_mien_Bac_99OK\" >V\u00ec sao n\u00ean tham gia x\u1ed5 s\u1ed1 mi\u1ec1n B\u1eafc 99OK<\/a><ul class='ez-toc-list-level-3' ><li class='ez-toc-heading-level-3'><a class=\"ez-toc-link ez-toc-heading-4\" href=\"https:\/\/firstconsultingservices.com\/vi-vn\/xo-so-mien-bac\/#Nhieu_keo_cuoc_phong_phu\" >Nhi\u1ec1u k\u00e8o c\u01b0\u1ee3c phong ph\u00fa<\/a><\/li><li class='ez-toc-page-1 ez-toc-heading-level-3'><a class=\"ez-toc-link ez-toc-heading-5\" href=\"https:\/\/firstconsultingservices.com\/vi-vn\/xo-so-mien-bac\/#Tra_thuong_sieu_toc\" >Tr\u1ea3 th\u01b0\u1edfng si\u00eau t\u1ed1c<\/a><\/li><li class='ez-toc-page-1 ez-toc-heading-level-3'><a class=\"ez-toc-link ez-toc-heading-6\" href=\"https:\/\/firstconsultingservices.com\/vi-vn\/xo-so-mien-bac\/#Ty_le_thuong_hang_dau\" >T\u1ef7 l\u1ec7 th\u01b0\u1edfng h\u00e0ng \u0111\u1ea7u<\/a><\/li><\/ul><\/li><li class='ez-toc-page-1 ez-toc-heading-level-2'><a class=\"ez-toc-link ez-toc-heading-7\" href=\"https:\/\/firstconsultingservices.com\/vi-vn\/xo-so-mien-bac\/#Bo_tui_meo_choi_xo_so_mien_Bac_99OK\" >B\u1ecf t\u00fai m\u1eb9o ch\u01a1i x\u1ed5 s\u1ed1 mi\u1ec1n B\u1eafc 99OK<\/a><ul class='ez-toc-list-level-3' ><li class='ez-toc-heading-level-3'><a class=\"ez-toc-link ez-toc-heading-8\" href=\"https:\/\/firstconsultingservices.com\/vi-vn\/xo-so-mien-bac\/#Phan_tich_ket_qua\" >Ph\u00e2n t\u00edch k\u1ebft qu\u1ea3<\/a><\/li><li class='ez-toc-page-1 ez-toc-heading-level-3'><a class=\"ez-toc-link ez-toc-heading-9\" href=\"https:\/\/firstconsultingservices.com\/vi-vn\/xo-so-mien-bac\/#Phuong_phap_bach_thu\" >Ph\u01b0\u01a1ng ph\u00e1p b\u1ea1ch th\u1ee7<\/a><\/li><li class='ez-toc-page-1 ez-toc-heading-level-3'><a class=\"ez-toc-link ez-toc-heading-10\" href=\"https:\/\/firstconsultingservices.com\/vi-vn\/xo-so-mien-bac\/#Soi_cau_theo_tong_de\" >Soi c\u1ea7u theo t\u1ed5ng \u0111\u1ec1<\/a><\/li><\/ul><\/li><li class='ez-toc-page-1 ez-toc-heading-level-2'><a class=\"ez-toc-link ez-toc-heading-11\" href=\"https:\/\/firstconsultingservices.com\/vi-vn\/xo-so-mien-bac\/#Ket_luan\" >K\u1ebft lu\u1eadn<\/a><\/li><\/ul><\/li><\/ul><\/nav><\/div>\n<h1 style=\"text-align: center;\"><span class=\"ez-toc-section\" id=\"Xo_So_Mien_Bac_99OK_%E2%80%93_Rinh_Thuong_Lon_Voi_Ty_Le_1_99\"><\/span><b>X\u1ed5 S\u1ed1 Mi\u1ec1n B\u1eafc 99OK &#8211; Rinh Th\u01b0\u1edfng L\u1edbn V\u1edbi T\u1ef7 L\u1ec7 1:99<\/b><span class=\"ez-toc-section-end\"><\/span><\/h1>\n<p><b>X\u1ed5 s\u1ed1 mi\u1ec1n B\u1eafc 99OK<\/b><span style=\"font-weight: 400;\"> \u0111\u01b0\u1ee3c ra m\u1eaft trong th\u1eddi gian g\u1ea7n \u0111\u00e2y v\u00e0 \u0111\u00e3 nhanh ch\u00f3ng ghi \u0111\u01b0\u1ee3c d\u1ea5u \u1ea5n ri\u00eang tr\u00ean th\u1ecb tr\u01b0\u1eddng. \u0110\u01b0\u1ee3c ph\u00e1t tri\u1ec3n t\u1eeb th\u1ec3 lo\u1ea1i truy\u1ec1n th\u1ed1ng, h\u00ecnh th\u1ee9c gi\u1ea3i tr\u00ed <strong><a class=\"in-cell-link\" href=\"https:\/\/firstconsultingservices.com\/vi-vn\/\" target=\"_blank\" rel=\"noopener\">99OK<\/a><\/strong> \u0111ang ng\u00e0y c\u00e0ng thu h\u00fat \u0111\u00f4ng \u0111\u1ea3o kh\u00e1ch h\u00e0ng tham gia <strong>https:\/\/firstconsultingservices.com\/<\/strong>. C\u00f9ng c\u1eadp nh\u1eadt c\u00e1ch ch\u01a1i c\u00f9ng \u01b0u \u0111i\u1ec3m n\u1ed5i b\u1eadt c\u1ee7a b\u1ed9 m\u00f4n n\u00e0y ngay nh\u00e9.<\/span><\/p>\n<h2><span class=\"ez-toc-section\" id=\"Thong_tin_ve_xo_so_mien_Bac_99OK\"><\/span><b>Th\u00f4ng tin v\u1ec1 x\u1ed5 s\u1ed1 mi\u1ec1n B\u1eafc 99OK<\/b><span class=\"ez-toc-section-end\"><\/span><\/h2>\n<p><span style=\"font-weight: 400;\">X\u1ed5 s\u1ed1 mi\u1ec1n B\u1eafc c\u00f2n c\u00f3 t\u00ean vi\u1ebft t\u1eaft l\u00e0 XSMB, \u0111\u00e2y l\u00e0 lo\u1ea1i h\u00ecnh gi\u1ea3i tr\u00ed \u0111\u00e3 xu\u1ea5t hi\u1ec7n t\u1eeb kh\u00e1 l\u00e2u \u1edf n\u01b0\u1edbc ta. Th\u1ec3 lo\u1ea1i \u0111\u1eb7t c\u01b0\u1ee3c n\u00e0y ra \u0111\u1eddi v\u1edbi m\u1ee5c \u0111\u00edch \u201c\u00edch n\u01b0\u1edbc l\u1ee3i nh\u00e0\u201d, d\u00f9ng ti\u1ec1n nh\u00e0n r\u1ed7i c\u1ee7a nh\u00e2n d\u00e2n \u0111\u1ec3 \u0111\u00f3ng g\u00f3p cho s\u1ef1 ph\u00e1t tri\u1ec3n qu\u1ed1c gia.<\/span><\/p>\n<figure id=\"attachment_245\" aria-describedby=\"caption-attachment-245\" style=\"width: 800px\" class=\"wp-caption aligncenter\"><img loading=\"lazy\" decoding=\"async\" class=\"size-full wp-image-245\" src=\"https:\/\/firstconsultingservices.com\/wp-content\/uploads\/2025\/09\/xo-so-mien-bac-99ok-la-gi.jpg\" alt=\"X\u1ed5 s\u1ed1 mi\u1ec1n B\u1eafc 99OK l\u00e0 g\u00ec?\" width=\"800\" height=\"400\" title=\"\" srcset=\"https:\/\/firstconsultingservices.com\/wp-content\/uploads\/2025\/09\/xo-so-mien-bac-99ok-la-gi.jpg 800w, https:\/\/firstconsultingservices.com\/wp-content\/uploads\/2025\/09\/xo-so-mien-bac-99ok-la-gi-300x150.jpg 300w, https:\/\/firstconsultingservices.com\/wp-content\/uploads\/2025\/09\/xo-so-mien-bac-99ok-la-gi-768x384.jpg 768w\" sizes=\"auto, (max-width: 800px) 100vw, 800px\" \/><figcaption id=\"caption-attachment-245\" class=\"wp-caption-text\">X\u1ed5 s\u1ed1 mi\u1ec1n B\u1eafc 99OK l\u00e0 g\u00ec?<\/figcaption><\/figure>\n<p><span style=\"font-weight: 400;\">V\u1edbi c\u00f4ng ngh\u1ec7 hi\u1ec7n \u0111\u1ea1i gi\u1edd \u0111\u00e2y kh\u00e1ch h\u00e0ng c\u00f3 th\u1ec3 \u0111\u1eb7t c\u01b0\u1ee3c c\u00e1c con s\u1ed1 \u1edf b\u1ea5t c\u1ee9 \u0111\u00e2u qua nh\u00e0 c\u00e1i. N\u1ed5i b\u1eadt v\u1edbi t\u1ef7 l\u1ec7 \u0103n th\u01b0\u1edfng 1:99, \u0111i k\u00e8m v\u1edbi \u0111\u00f3 l\u00e0 nh\u1eefng khuy\u1ebfn m\u00e3i di\u1ec5n ra li\u00ean t\u1ee5c.<\/span><\/p>\n<p><span style=\"font-weight: 400;\">H\u1ee9a h\u1eb9n mang t\u1edbi cho th\u00e0nh vi\u00ean truy c\u1eadp nh\u1eefng tr\u1ea3i nghi\u1ec7m gi\u1ea3i tr\u00ed an to\u00e0n v\u00e0 uy t\u00edn. <\/span><b>X\u1ed5 s\u1ed1 mi\u1ec1n B\u1eafc 99OK <\/b><span style=\"font-weight: 400;\">c\u00f2n h\u1ed7 tr\u1ee3 th\u00eam t\u00ednh n\u0103ng th\u1ed1ng k\u00ea k\u1ebft qu\u1ea3 m\u1ed7i ng\u00e0y. \u0110i\u1ec1u n\u00e0y gi\u00fap h\u1ed9i vi\u00ean n\u1eafm b\u1eaft \u0111\u01b0\u1ee3c nh\u1eefng con s\u1ed1 may m\u1eafn v\u00e0 \u0111\u01b0a ra ph\u01b0\u01a1ng \u00e1n c\u01b0\u1ee3c ph\u00f9 h\u1ee3p.<\/span><\/p>\n<h2><span class=\"ez-toc-section\" id=\"Vi_sao_nen_tham_gia_xo_so_mien_Bac_99OK\"><\/span><b>V\u00ec sao n\u00ean tham gia x\u1ed5 s\u1ed1 mi\u1ec1n B\u1eafc 99OK<\/b><span class=\"ez-toc-section-end\"><\/span><\/h2>\n<p><span style=\"font-weight: 400;\">\u0110\u01b0\u1ee3c bi\u1ebft 99OK l\u00e0 s\u00e2n ch\u01a1i \u0111\u00e3 \u0111\u01b0\u1ee3c ch\u00ednh c\u01a1 quan ECOGRA v\u00e0 PAGCOR c\u1ea5p ch\u1ee9ng nh\u1eadn h\u1ee3p ph\u00e1p. \u0110\u1ea3m b\u1ea3o to\u00e0n b\u1ed9 s\u1ea3n ph\u1ea9m cung c\u1ea5p \u0111\u1ec1u ho\u00e0n to\u00e0n c\u00f4ng b\u1eb1ng v\u00e0 minh b\u1ea1ch. V\u1eady n\u00ean kh\u00e1ch h\u00e0ng ho\u00e0n to\u00e0n y\u00ean t\u00e2m t\u1edbi \u0111\u01a1n v\u1ecb \u0111\u1ec3 \u201cch\u1ecdn m\u1eb7t g\u1eedi v\u00e0ng\u201d \u0111\u1ed3ng th\u1eddi gi\u1ea3i tr\u00ed v\u1edbi c\u00e1c con s\u1ed1 may m\u1eafn.<\/span><\/p>\n<h3><span class=\"ez-toc-section\" id=\"Nhieu_keo_cuoc_phong_phu\"><\/span><b>Nhi\u1ec1u k\u00e8o c\u01b0\u1ee3c phong ph\u00fa<\/b><span class=\"ez-toc-section-end\"><\/span><\/h3>\n<p><b>X\u1ed5 s\u1ed1 mi\u1ec1n B\u1eafc 99OK<\/b><span style=\"font-weight: 400;\"> l\u00e0 chuy\u00ean m\u1ee5c lu\u00f4n \u0111\u01b0\u1ee3c nh\u00e0 c\u00e1i ch\u00fa tr\u1ecdng ph\u00e1t tri\u1ec3n. \u0110\u1ed3ng th\u1eddi c\u1eadp nh\u1eadt th\u00eam nhi\u1ec1u ph\u01b0\u01a1ng th\u1ee9c c\u01b0\u1ee3c l\u00f4 \u0111\u1ec1 \u0111a d\u1ea1ng kh\u00e1c. N\u1ed5i b\u1eadt ch\u00ednh l\u00e0 5 h\u00ecnh th\u1ee9c bao g\u1ed3m: 2D, 3D, 4D, L\u00f4 xi\u00ean, Bao l\u00f4.<\/span><\/p>\n<p><span style=\"font-weight: 400;\">M\u1ed7i lo\u1ea1i l\u1ea1i c\u00f3 t\u1ef7 l\u1ec7 \u0103n th\u01b0\u1edfng kh\u00e1c nhau, \u0111i\u1ec3m chung \u0111\u00f3 l\u00e0 \u0111\u1ec1u c\u00f3 gi\u00e1 tr\u1ecb th\u01b0\u1edfng l\u1edbn. T\u00f9y v\u00e0o nhu c\u1ea7u v\u00e0 tr\u00ecnh \u0111\u1ed9 c\u1ee7a b\u1ea3n th\u00e2n, h\u1ed9i vi\u00ean c\u00f3 th\u1ec3 l\u1ef1a ch\u1ecdn \u0111\u01b0\u1ee3c ph\u01b0\u01a1ng th\u1ee9c c\u01b0\u1ee3c ph\u00f9 h\u1ee3p.<\/span><\/p>\n<h3><span class=\"ez-toc-section\" id=\"Tra_thuong_sieu_toc\"><\/span><b>Tr\u1ea3 th\u01b0\u1edfng si\u00eau t\u1ed1c<\/b><span class=\"ez-toc-section-end\"><\/span><\/h3>\n<p><b><a href=\"https:\/\/firstconsultingservices.com\/vi-vn\/xo-so-mien-bac\/\">X\u1ed5 s\u1ed1 mi\u1ec1n B\u1eafc<\/a> 99OK<\/b><span style=\"font-weight: 400;\"> \u0111ang cung c\u1ea5p h\u1ec7 th\u1ed1ng tr\u1ea3 th\u01b0\u1edfng hi\u1ec7n \u0111\u1ea1i b\u1eadc nh\u1ea5t th\u1ecb tr\u01b0\u1eddng. \u0110i\u1ec1u n\u00e0y gi\u00fap x\u1eed l\u00fd nhanh ch\u00f3ng m\u1ecdi y\u00eau c\u1ea7u giao d\u1ecbch t\u1eeb n\u1ea1p cho t\u1edbi r\u00fat ti\u1ec1n c\u1ee7a kh\u00e1ch h\u00e0ng.<\/span><\/p>\n<figure id=\"attachment_244\" aria-describedby=\"caption-attachment-244\" style=\"width: 800px\" class=\"wp-caption aligncenter\"><img loading=\"lazy\" decoding=\"async\" class=\"size-full wp-image-244\" src=\"https:\/\/firstconsultingservices.com\/wp-content\/uploads\/2025\/09\/ly-do-nen-truy-cap-99ok-de-choi-xo-so-mien-bac.jpg\" alt=\"L\u00fd do n\u00ean truy c\u1eadp 99OK \u0111\u1ec3 ch\u01a1i x\u1ed5 s\u1ed1 mi\u1ec1n B\u1eafc\" width=\"800\" height=\"400\" title=\"\" srcset=\"https:\/\/firstconsultingservices.com\/wp-content\/uploads\/2025\/09\/ly-do-nen-truy-cap-99ok-de-choi-xo-so-mien-bac.jpg 800w, https:\/\/firstconsultingservices.com\/wp-content\/uploads\/2025\/09\/ly-do-nen-truy-cap-99ok-de-choi-xo-so-mien-bac-300x150.jpg 300w, https:\/\/firstconsultingservices.com\/wp-content\/uploads\/2025\/09\/ly-do-nen-truy-cap-99ok-de-choi-xo-so-mien-bac-768x384.jpg 768w\" sizes=\"auto, (max-width: 800px) 100vw, 800px\" \/><figcaption id=\"caption-attachment-244\" class=\"wp-caption-text\">L\u00fd do n\u00ean truy c\u1eadp 99OK \u0111\u1ec3 ch\u01a1i x\u1ed5 s\u1ed1 mi\u1ec1n B\u1eafc<\/figcaption><\/figure>\n<p><span style=\"font-weight: 400;\">Trong qu\u00e1 tr\u00ecnh n\u00e0y n\u1ebfu h\u1ed9i vi\u00ean g\u1eb7p v\u1ea5n \u0111\u1ec1 g\u00ec s\u1ebd c\u00f3 \u0111\u1ed9i ng\u0169 t\u01b0 v\u1ea5n t\u00fac tr\u1ef1c 24\/7. Kh\u00f4ng ch\u1ec9 v\u1eady kh\u00e1ch h\u00e0ng c\u00f2n \u0111\u01b0\u1ee3c tho\u1ea3i m\u00e1i giao d\u1ecbch kh\u00f4ng gi\u1edbi h\u1ea1n trong ng\u00e0y.<\/span><\/p>\n<h3><span class=\"ez-toc-section\" id=\"Ty_le_thuong_hang_dau\"><\/span><b>T\u1ef7 l\u1ec7 th\u01b0\u1edfng h\u00e0ng \u0111\u1ea7u<\/b><span class=\"ez-toc-section-end\"><\/span><\/h3>\n<p><span style=\"font-weight: 400;\">Y\u1ebfu t\u1ed1 n\u1ed5i b\u1eadt nh\u1ea5t khi\u1ebfn <\/span><b>x\u1ed5 s\u1ed1 mi\u1ec1n B\u1eafc 99OK <\/b><span style=\"font-weight: 400;\">l\u1ea1i chi\u1ebfm \u0111\u01b0\u1ee3c c\u1ea3m t\u00ecnh c\u1ee7a nhi\u1ec1u ng\u01b0\u1eddi \u0111\u00f3 l\u00e0 t\u1ef7 l\u1ec7 th\u01b0\u1edfng cao. V\u1edbi t\u1ef7 l\u1ec7 \u0103n trung b\u00ecnh l\u00e0 1:99, m\u1edf ra c\u01a1 h\u1ed9i ph\u00e1t t\u00e0i nhanh ch\u00f3ng trong m\u1ed9t v\u00f2ng c\u01b0\u1ee3c.<\/span><\/p>\n<p><span style=\"font-weight: 400;\">N\u1ebfu h\u1ed9i vi\u00ean mu\u1ed1n th\u1eed \u0111\u1ed9 may m\u1eafn th\u00ec n\u00ean l\u1ef1a ch\u1ecdn k\u00e8o 4D v\u00e0 d\u1ef1 \u0111o\u00e1n 4 s\u1ed1 cu\u1ed1i gi\u1ea3i \u0111\u1eb7c bi\u1ec7t. \u0110\u00e2y l\u00e0 lo\u1ea1i h\u00ecnh kh\u00f3 nh\u1ea5t th\u1ebf nh\u01b0ng n\u1ebfu th\u1eafng th\u00ec ng\u01b0\u1eddi ch\u01a1i s\u1ebd nh\u1eadn v\u1ec1 t\u1ef7 l\u1ec7 th\u01b0\u1edfng l\u00ean t\u1edbi 1:9400.<\/span><\/p>\n<h2><span class=\"ez-toc-section\" id=\"Bo_tui_meo_choi_xo_so_mien_Bac_99OK\"><\/span><b>B\u1ecf t\u00fai m\u1eb9o ch\u01a1i x\u1ed5 s\u1ed1 mi\u1ec1n B\u1eafc 99OK<\/b><span class=\"ez-toc-section-end\"><\/span><\/h2>\n<p><span style=\"font-weight: 400;\">\u0110\u1ec3 gia t\u0103ng t\u1ef7 l\u1ec7 th\u1eafng cho b\u1ea3n th\u00e2n, kh\u00e1ch h\u00e0ng c\u1ea7n ph\u1ea3i h\u1ecdc h\u1ecfi th\u00eam nhi\u1ec1u m\u1eb9o soi c\u1ea7u hay. D\u01b0\u1edbi \u0111\u00e2y l\u00e0 m\u1ed9t v\u00e0i chi\u1ebfn thu\u1eadt \u0111\u00e1nh l\u00f4 \u0111\u1ec1 do ch\u00ednh cao th\u1ee7 t\u1ea1i <strong><span data-sheets-root=\"1\">99okvip.top<\/span> <\/strong>chia s\u1ebb:<\/span><\/p>\n<h3><span class=\"ez-toc-section\" id=\"Phan_tich_ket_qua\"><\/span><b>Ph\u00e2n t\u00edch k\u1ebft qu\u1ea3<\/b><span class=\"ez-toc-section-end\"><\/span><\/h3>\n<p><span style=\"font-weight: 400;\">Cao th\u1ee7 l\u00f4 \u0111\u1ec1 lu\u00f4n theo d\u00f5i s\u00e1t sao k\u1ebft qu\u1ea3 <\/span><b>x\u1ed5 s\u1ed1 mi\u1ec1n B\u1eafc 99OK <\/b><span style=\"font-weight: 400;\">h\u00e0ng ng\u00e0y. Nh\u1eb1m m\u1ee5c \u0111\u00edch th\u1ed1ng k\u00ea ra c\u00e1c con l\u00f4 c\u00f3 t\u1ef7 l\u1ec7 xu\u1ea5t hi\u1ec7n cao nh\u1ea5t v\u00e0 th\u1ea5p nh\u1ea5t. \u0110\u1ed3ng th\u1eddi s\u1eed d\u1ee5ng th\u00eam nh\u1eefng ph\u00e2n t\u00edch chuy\u00ean s\u00e2u t\u1eeb \u0111\u00f3 t\u00ecm ra k\u1ebft qu\u1ea3 chu\u1ea9n cho ng\u00e0y k\u1ebf ti\u1ebfp.<\/span><\/p>\n<figure id=\"attachment_243\" aria-describedby=\"caption-attachment-243\" style=\"width: 800px\" class=\"wp-caption aligncenter\"><img loading=\"lazy\" decoding=\"async\" class=\"size-full wp-image-243\" src=\"https:\/\/firstconsultingservices.com\/wp-content\/uploads\/2025\/09\/chien-thuat-soi-cau-lo-de-mien-bac-tu-chuyen-gia.jpg\" alt=\"Chi\u1ebfn thu\u1eadt soi c\u1ea7u l\u00f4 \u0111\u1ec1 mi\u1ec1n B\u1eafc t\u1eeb chuy\u00ean gia\" width=\"800\" height=\"400\" title=\"\" srcset=\"https:\/\/firstconsultingservices.com\/wp-content\/uploads\/2025\/09\/chien-thuat-soi-cau-lo-de-mien-bac-tu-chuyen-gia.jpg 800w, https:\/\/firstconsultingservices.com\/wp-content\/uploads\/2025\/09\/chien-thuat-soi-cau-lo-de-mien-bac-tu-chuyen-gia-300x150.jpg 300w, https:\/\/firstconsultingservices.com\/wp-content\/uploads\/2025\/09\/chien-thuat-soi-cau-lo-de-mien-bac-tu-chuyen-gia-768x384.jpg 768w\" sizes=\"auto, (max-width: 800px) 100vw, 800px\" \/><figcaption id=\"caption-attachment-243\" class=\"wp-caption-text\">Chi\u1ebfn thu\u1eadt soi c\u1ea7u l\u00f4 \u0111\u1ec1 mi\u1ec1n B\u1eafc t\u1eeb chuy\u00ean gia<\/figcaption><\/figure>\n<p><span style=\"font-weight: 400;\">Hi\u1ec7n nay nh\u00e0 c\u00e1i c\u00f2n \u00e1p d\u1ee5ng c\u1ea3 t\u00ednh n\u0103ng th\u1ed1ng k\u00ea k\u1ebft qu\u1ea3 c\u1ef1c ti\u1ec7n l\u1ee3i cho kh\u00e1ch h\u00e0ng s\u1eed d\u1ee5ng. Theo \u0111\u00f3 ng\u01b0\u1eddi ch\u01a1i c\u00f3 th\u1ec3 xem l\u1ea1i k\u1ebft qu\u1ea3 t\u1eeb 1 ng\u00e0y, 1 tu\u1ea7n th\u1eadm ch\u00ed c\u1ea3 1 th\u00e1ng tr\u01b0\u1edbc v\u00f4 c\u00f9ng d\u1ec5 d\u00e0ng.<\/span><\/p>\n<h3><span class=\"ez-toc-section\" id=\"Phuong_phap_bach_thu\"><\/span><b>Ph\u01b0\u01a1ng ph\u00e1p b\u1ea1ch th\u1ee7<\/b><span class=\"ez-toc-section-end\"><\/span><\/h3>\n<p><span style=\"font-weight: 400;\">Chi\u1ebfn thu\u1eadt \u0111\u00e1nh <\/span><b>x\u1ed5 s\u1ed1 mi\u1ec1n B\u1eafc 99OK<\/b><span style=\"font-weight: 400;\"> theo ki\u1ec3u b\u1ea1ch th\u1ee7 c\u0169ng \u0111\u01b0\u1ee3c nhi\u1ec1u ng\u01b0\u1eddi \u00e1p d\u1ee5ng. V\u1ed1n d\u0129 c\u00e1ch \u0111\u00e1nh n\u00e0y l\u00e0 d\u00e0nh cho nh\u1eefng t\u00e2n binh ch\u01b0a c\u00f3 kinh nghi\u1ec7m b\u1edfi n\u00f3 kh\u00e1 \u0111\u01a1n gi\u1ea3n.<\/span><\/p>\n<p><span style=\"font-weight: 400;\">Theo \u0111\u00f3 h\u1ed9i vi\u00ean ch\u1ec9 c\u1ea7n theo d\u00f5i b\u1ea3ng k\u1ebft qu\u1ea3 XSMB trong 1 tu\u1ea7n tr\u1edf l\u1ea1i \u0111\u00e2y v\u00e0 t\u00ecm ra con l\u00f4 v\u1ec1 nhi\u1ec1u nh\u1ea5t. Ti\u1ebfp theo c\u1ea7n l\u1eadp khung v\u1edbi con s\u1ed1 \u0111\u00f3 \u0111\u1ec3 nu\u00f4i trong v\u00f2ng 3 t\u1edbi 5 ng\u00e0y. N\u1ebfu ng\u00e0y th\u1ee9 5 n\u00f3 v\u1eabn ch\u01b0a v\u1ec1 th\u00ec n\u00ean th\u1eed sang c\u00e1ch kh\u00e1c, kh\u00f4ng n\u00ean c\u1ed1 ch\u1ea5p.<\/span><\/p>\n<h3><span class=\"ez-toc-section\" id=\"Soi_cau_theo_tong_de\"><\/span><b>Soi c\u1ea7u theo t\u1ed5ng \u0111\u1ec1<\/b><span class=\"ez-toc-section-end\"><\/span><\/h3>\n<p><span style=\"font-weight: 400;\">Vi\u1ec7c soi c\u1ea7u theo t\u1ed5ng \u0111\u1ec1 c\u0169ng l\u00e0 ph\u01b0\u01a1ng ph\u00e1p \u0111\u00e1nh <\/span><b>x\u1ed5 s\u1ed1 mi\u1ec1n B\u1eafc 99OK <\/b><span style=\"font-weight: 400;\">hi\u1ec7u qu\u1ea3. V\u1ec1 c\u01a1 b\u1ea3n ng\u01b0\u1eddi ch\u01a1i c\u1ea7n theo d\u00f5i gi\u1ea3i \u0111\u1eb7c bi\u1ec7t trong b\u1ea3ng k\u1ebft qu\u1ea3 XSMB ng\u00e0y h\u00f4m tr\u01b0\u1edbc.<\/span><\/p>\n<p><span style=\"font-weight: 400;\">Sau \u0111\u00f3 l\u1ea5y t\u1ed5ng 5 con c\u1ed9ng l\u1ea1i v\u1edbi nhau \u0111\u1ec3 t\u00ecm ra c\u1eb7p \u0111\u1ec1 may m\u1eafn v\u00e0 \u0111\u00e1nh trong ng\u00e0y ti\u1ebfp theo. L\u01b0u \u00fd kh\u00e1ch h\u00e0ng c\u00f3 th\u1ec3 \u0111\u00e1nh l\u1ed9n l\u1ea1i c\u1eb7p l\u00f4 \u0111\u00f3 \u0111\u1ec3 gia t\u0103ng t\u1ef7 l\u1ec7 th\u1eafng.<\/span><\/p>\n<blockquote><p><em><strong>&gt;&gt;&gt; Xem th\u00eam : <a href=\"https:\/\/firstconsultingservices.com\/vi-vn\/xo-so-mien-trung\/\">X\u1ed5 S\u1ed1 Mi\u1ec1n Trung<\/a> 99OK &#8211; Lo\u1ea1i H\u00ecnh L\u00f4 \u0110\u1ec1 Uy T\u00edn Nh\u1ea5t 2025<\/strong><\/em><\/p><\/blockquote>\n<h2><span class=\"ez-toc-section\" id=\"Ket_luan\"><\/span><b>K\u1ebft lu\u1eadn<\/b><span class=\"ez-toc-section-end\"><\/span><\/h2>\n<p><b>X\u1ed5 s\u1ed1 mi\u1ec1n B\u1eafc 99OK<\/b><span style=\"font-weight: 400;\"> hi\u1ec7n \u0111ang cung c\u1ea5p th\u00eam r\u1ea5t nhi\u1ec1u t\u00ednh n\u0103ng, khuy\u1ebfn m\u00e3i m\u1edbi cho h\u1ed9i vi\u00ean. H\u00e3y \u00e1p d\u1ee5ng nh\u1eefng kinh nghi\u1ec7m v\u1eeba \u0111\u01b0\u1ee3c chia s\u1ebb tr\u00ean \u0111\u1ec3 t\u00ecm ra con l\u00f4 may m\u1eafn v\u00e0 tr\u00fang l\u1edbn ngay h\u00f4m nay.<\/span><\/p>","protected":false},"excerpt":{"rendered":"<p>X\u1ed5 S\u1ed1 Mi\u1ec1n B\u1eafc 99OK &#8211; Rinh Th\u01b0\u1edfng L\u1edbn V\u1edbi T\u1ef7 L\u1ec7 1:99 X\u1ed5 s\u1ed1 mi\u1ec1n B\u1eafc 99OK \u0111\u01b0\u1ee3c ra m\u1eaft trong th\u1eddi gian g\u1ea7n \u0111\u00e2y v\u00e0 \u0111\u00e3 nhanh ch\u00f3ng ghi \u0111\u01b0\u1ee3c d\u1ea5u \u1ea5n ri\u00eang tr\u00ean th\u1ecb tr\u01b0\u1eddng. \u0110\u01b0\u1ee3c ph\u00e1t tri\u1ec3n t\u1eeb th\u1ec3 lo\u1ea1i truy\u1ec1n th\u1ed1ng, h\u00ecnh th\u1ee9c gi\u1ea3i tr\u00ed 99OK \u0111ang ng\u00e0y c\u00e0ng thu [&#8230;]\n","protected":false},"author":1,"featured_media":246,"parent":0,"menu_order":0,"comment_status":"closed","ping_status":"closed","template":"","meta":{"footnotes":""},"class_list":["post-242","page","type-page","status-publish","has-post-thumbnail","hentry"],"_links":{"self":[{"href":"https:\/\/firstconsultingservices.com\/vi-vn\/wp-json\/wp\/v2\/pages\/242","targetHints":{"allow":["GET"]}}],"collection":[{"href":"https:\/\/firstconsultingservices.com\/vi-vn\/wp-json\/wp\/v2\/pages"}],"about":[{"href":"https:\/\/firstconsultingservices.com\/vi-vn\/wp-json\/wp\/v2\/types\/page"}],"author":[{"embeddable":true,"href":"https:\/\/firstconsultingservices.com\/vi-vn\/wp-json\/wp\/v2\/users\/1"}],"replies":[{"embeddable":true,"href":"https:\/\/firstconsultingservices.com\/vi-vn\/wp-json\/wp\/v2\/comments?post=242"}],"version-history":[{"count":6,"href":"https:\/\/firstconsultingservices.com\/vi-vn\/wp-json\/wp\/v2\/pages\/242\/revisions"}],"predecessor-version":[{"id":512,"href":"https:\/\/firstconsultingservices.com\/vi-vn\/wp-json\/wp\/v2\/pages\/242\/revisions\/512"}],"wp:featuredmedia":[{"embeddable":true,"href":"https:\/\/firstconsultingservices.com\/vi-vn\/wp-json\/wp\/v2\/media\/246"}],"wp:attachment":[{"href":"https:\/\/firstconsultingservices.com\/vi-vn\/wp-json\/wp\/v2\/media?parent=242"}],"curies":[{"name":"wp","href":"https:\/\/api.w.org\/{rel}","templated":true}]}}