{"id":28,"date":"2025-09-10T12:58:40","date_gmt":"2025-09-10T05:58:40","guid":{"rendered":"https:\/\/zcsggp.sa.com\/?page_id=28"},"modified":"2025-10-10T19:45:51","modified_gmt":"2025-10-10T12:45:51","slug":"rut-tien-99ok","status":"publish","type":"page","link":"https:\/\/firstconsultingservices.com\/vi-vn\/rut-tien-99ok\/","title":{"rendered":"R\u00fat Ti\u1ec1n 99OK"},"content":{"rendered":"<div id=\"ez-toc-container\" class=\"ez-toc-v2_0_76 counter-hierarchy ez-toc-counter ez-toc-grey ez-toc-container-direction\">\n<div class=\"ez-toc-title-container\">\n<p class=\"ez-toc-title\" style=\"cursor:inherit\">Table of Contents<\/p>\n<span class=\"ez-toc-title-toggle\"><a href=\"#\" class=\"ez-toc-pull-right ez-toc-btn ez-toc-btn-xs ez-toc-btn-default ez-toc-toggle\" aria-label=\"Toggle Table of Content\"><span class=\"ez-toc-js-icon-con\"><span class=\"\"><span class=\"eztoc-hide\" style=\"display:none;\">Toggle<\/span><span class=\"ez-toc-icon-toggle-span\"><svg style=\"fill: #999;color:#999\" xmlns=\"http:\/\/www.w3.org\/2000\/svg\" class=\"list-377408\" width=\"20px\" height=\"20px\" viewbox=\"0 0 24 24\" fill=\"none\"><path d=\"M6 6H4v2h2V6zm14 0H8v2h12V6zM4 11h2v2H4v-2zm16 0H8v2h12v-2zM4 16h2v2H4v-2zm16 0H8v2h12v-2z\" fill=\"currentColor\"><\/path><\/svg><svg style=\"fill: #999;color:#999\" class=\"arrow-unsorted-368013\" xmlns=\"http:\/\/www.w3.org\/2000\/svg\" width=\"10px\" height=\"10px\" viewbox=\"0 0 24 24\" version=\"1.2\" baseprofile=\"tiny\"><path d=\"M18.2 9.3l-6.2-6.3-6.2 6.3c-.2.2-.3.4-.3.7s.1.5.3.7c.2.2.4.3.7.3h11c.3 0 .5-.1.7-.3.2-.2.3-.5.3-.7s-.1-.5-.3-.7zM5.8 14.7l6.2 6.3 6.2-6.3c.2-.2.3-.5.3-.7s-.1-.5-.3-.7c-.2-.2-.4-.3-.7-.3h-11c-.3 0-.5.1-.7.3-.2.2-.3.5-.3.7s.1.5.3.7z\"\/><\/svg><\/span><\/span><\/span><\/a><\/span><\/div>\n<nav><ul class='ez-toc-list ez-toc-list-level-1' ><li class='ez-toc-page-1 ez-toc-heading-level-1'><a class=\"ez-toc-link ez-toc-heading-1\" href=\"https:\/\/firstconsultingservices.com\/vi-vn\/rut-tien-99ok\/#Rut_Tien_99OK_Nhanh_Ve_Ngan_Hang_Va_Nhan_Thuong_Ngay\" >R\u00fat Ti\u1ec1n 99OK Nhanh V\u1ec1 Ng\u00e2n H\u00e0ng V\u00e0 Nh\u1eadn Th\u01b0\u1edfng Ngay<\/a><ul class='ez-toc-list-level-2' ><li class='ez-toc-heading-level-2'><a class=\"ez-toc-link ez-toc-heading-2\" href=\"https:\/\/firstconsultingservices.com\/vi-vn\/rut-tien-99ok\/#Huong_dan_rut_tien_99OK_nhanh_nhat_ve_ngan_hang\" >H\u01b0\u1edbng d\u1eabn r\u00fat ti\u1ec1n 99OK nhanh nh\u1ea5t v\u1ec1 ng\u00e2n h\u00e0ng<\/a><ul class='ez-toc-list-level-3' ><li class='ez-toc-heading-level-3'><a class=\"ez-toc-link ez-toc-heading-3\" href=\"https:\/\/firstconsultingservices.com\/vi-vn\/rut-tien-99ok\/#Buoc_1_Dang_nhap_tai_khoan_cuoc_va_truy_cap_muc_rut_tien\" >B\u01b0\u1edbc 1: \u0110\u0103ng nh\u1eadp t\u00e0i kho\u1ea3n c\u01b0\u1ee3c v\u00e0 truy c\u1eadp m\u1ee5c r\u00fat ti\u1ec1n<\/a><\/li><li class='ez-toc-page-1 ez-toc-heading-level-3'><a class=\"ez-toc-link ez-toc-heading-4\" href=\"https:\/\/firstconsultingservices.com\/vi-vn\/rut-tien-99ok\/#Buoc_2_Kiem_tra_va_xac_nhan_thong_tin_ngan_hang\" >B\u01b0\u1edbc 2: Ki\u1ec3m tra v\u00e0 x\u00e1c nh\u1eadn th\u00f4ng tin ng\u00e2n h\u00e0ng<\/a><\/li><li class='ez-toc-page-1 ez-toc-heading-level-3'><a class=\"ez-toc-link ez-toc-heading-5\" href=\"https:\/\/firstconsultingservices.com\/vi-vn\/rut-tien-99ok\/#Buoc_3_Nhap_so_tien_va_mat_khau_giao_dich\" >B\u01b0\u1edbc 3: Nh\u1eadp s\u1ed1 ti\u1ec1n v\u00e0 m\u1eadt kh\u1ea9u giao d\u1ecbch<\/a><\/li><li class='ez-toc-page-1 ez-toc-heading-level-3'><a class=\"ez-toc-link ez-toc-heading-6\" href=\"https:\/\/firstconsultingservices.com\/vi-vn\/rut-tien-99ok\/#Buoc_4_Hoan_tat_lenh_rut_tien\" >B\u01b0\u1edbc 4: Ho\u00e0n t\u1ea5t l\u1ec7nh r\u00fat ti\u1ec1n<\/a><\/li><\/ul><\/li><li class='ez-toc-page-1 ez-toc-heading-level-2'><a class=\"ez-toc-link ez-toc-heading-7\" href=\"https:\/\/firstconsultingservices.com\/vi-vn\/rut-tien-99ok\/#Luu_y_khi_thao_tac_rut_tien_tu_nha_cai_99OK\" >L\u01b0u \u00fd khi thao t\u00e1c r\u00fat ti\u1ec1n t\u1eeb nh\u00e0 c\u00e1i 99OK<\/a><ul class='ez-toc-list-level-3' ><li class='ez-toc-heading-level-3'><a class=\"ez-toc-link ez-toc-heading-8\" href=\"https:\/\/firstconsultingservices.com\/vi-vn\/rut-tien-99ok\/#Kiem_tra_thong_tin_tai_khoan_ngan_hang_hop_le_truoc_khi_rut\" >Ki\u1ec3m tra th\u00f4ng tin t\u00e0i kho\u1ea3n ng\u00e2n h\u00e0ng h\u1ee3p l\u1ec7 tr\u01b0\u1edbc khi r\u00fat<\/a><\/li><li class='ez-toc-page-1 ez-toc-heading-level-3'><a class=\"ez-toc-link ez-toc-heading-9\" href=\"https:\/\/firstconsultingservices.com\/vi-vn\/rut-tien-99ok\/#Chon_kenh_ngan_hang_chuyen_khoan_phu_hop\" >Ch\u1ecdn k\u00eanh ng\u00e2n h\u00e0ng chuy\u1ec3n kho\u1ea3n ph\u00f9 h\u1ee3p<\/a><\/li><li class='ez-toc-page-1 ez-toc-heading-level-3'><a class=\"ez-toc-link ez-toc-heading-10\" href=\"https:\/\/firstconsultingservices.com\/vi-vn\/rut-tien-99ok\/#Chup_man_hinh_giao_dich_va_theo_doi_thoi_gian_xu_ly\" >Ch\u1ee5p m\u00e0n h\u00ecnh giao d\u1ecbch v\u00e0 theo d\u00f5i th\u1eddi gian x\u1eed l\u00fd<\/a><\/li><\/ul><\/li><li class='ez-toc-page-1 ez-toc-heading-level-2'><a class=\"ez-toc-link ez-toc-heading-11\" href=\"https:\/\/firstconsultingservices.com\/vi-vn\/rut-tien-99ok\/#Cach_xu_ly_cac_su_co_khi_thao_tac_rut_tien_tai_nha_cai\" >C\u00e1ch x\u1eed l\u00fd c\u00e1c s\u1ef1 c\u1ed1 khi thao t\u00e1c r\u00fat ti\u1ec1n t\u1ea1i nh\u00e0 c\u00e1i<\/a><\/li><li class='ez-toc-page-1 ez-toc-heading-level-2'><a class=\"ez-toc-link ez-toc-heading-12\" href=\"https:\/\/firstconsultingservices.com\/vi-vn\/rut-tien-99ok\/#Thac_mac_khi_rut_tien_truc_tuyen_tai_nha_cai_99OK\" >Th\u1eafc m\u1eafc khi r\u00fat ti\u1ec1n tr\u1ef1c tuy\u1ebfn t\u1ea1i nh\u00e0 c\u00e1i 99OK<\/a><ul class='ez-toc-list-level-3' ><li class='ez-toc-heading-level-3'><a class=\"ez-toc-link ez-toc-heading-13\" href=\"https:\/\/firstconsultingservices.com\/vi-vn\/rut-tien-99ok\/#Tai_sao_tien_trong_vi_cuoc_chua_ve_tai_khoan_sau_khi_rut\" >T\u1ea1i sao ti\u1ec1n trong v\u00ed c\u01b0\u1ee3c ch\u01b0a v\u1ec1 t\u00e0i kho\u1ea3n sau khi r\u00fat?<\/a><\/li><li class='ez-toc-page-1 ez-toc-heading-level-3'><a class=\"ez-toc-link ez-toc-heading-14\" href=\"https:\/\/firstconsultingservices.com\/vi-vn\/rut-tien-99ok\/#Toi_da_nhap_dung_thong_tin_nhung_giao_dich_van_bi_loi_la_tai_sao\" >T\u00f4i \u0111\u00e3 nh\u1eadp \u0111\u00fang th\u00f4ng tin nh\u01b0ng giao d\u1ecbch v\u1eabn b\u1ecb l\u1ed7i l\u00e0 t\u1ea1i sao?<\/a><\/li><li class='ez-toc-page-1 ez-toc-heading-level-3'><a class=\"ez-toc-link ez-toc-heading-15\" href=\"https:\/\/firstconsultingservices.com\/vi-vn\/rut-tien-99ok\/#Co_gioi_han_ve_so_rut_tien_99OK_moi_lan_hay_khong\" >C\u00f3 gi\u1edbi h\u1ea1n v\u1ec1 s\u1ed1 r\u00fat ti\u1ec1n 99OK\u00a0m\u1ed7i l\u1ea7n hay kh\u00f4ng?<\/a><\/li><\/ul><\/li><li class='ez-toc-page-1 ez-toc-heading-level-2'><a class=\"ez-toc-link ez-toc-heading-16\" href=\"https:\/\/firstconsultingservices.com\/vi-vn\/rut-tien-99ok\/#Ket_luan\" >K\u1ebft lu\u1eadn<\/a><\/li><\/ul><\/li><\/ul><\/nav><\/div>\n<h1 style=\"text-align: center;\"><span class=\"ez-toc-section\" id=\"Rut_Tien_99OK_Nhanh_Ve_Ngan_Hang_Va_Nhan_Thuong_Ngay\"><\/span><b>R\u00fat Ti\u1ec1n 99OK Nhanh V\u1ec1 Ng\u00e2n H\u00e0ng V\u00e0 Nh\u1eadn Th\u01b0\u1edfng Ngay<\/b><span class=\"ez-toc-section-end\"><\/span><\/h1>\n<p><b>R\u00fat ti\u1ec1n 99OK <\/b><span style=\"font-weight: 400;\">v\u1ec1 ng\u00e2n h\u00e0ng c\u1ef1c \u0111\u01a1n gi\u1ea3n, ch\u1ec9 c\u1ea7n th\u1ef1c hi\u1ec7n \u0111\u00fang l\u00e0 b\u1ea1n \u0111\u00e3 c\u00f3 th\u1ec3 nh\u1eadn th\u01b0\u1edfng ngay l\u1eadp t\u1ee9c. Nh\u00e0 c\u00e1i ph\u00ea duy\u1ec7t \u0111\u01a1n thanh to\u00e1n trong 3-5 ph\u00fat, \u0111\u1ea3m b\u1ea3o h\u1ed9i vi\u00ean <strong>99OK<\/strong> kh\u00f4ng ph\u1ea3i ch\u1edd \u0111\u1ee3i l\u00e2u. Ngo\u00e0i ra, ng\u01b0\u1eddi ch\u01a1i c\u0169ng n\u00ean n\u1eafm r\u00f5 c\u00e1c l\u01b0u \u00fd khi th\u1ef1c hi\u1ec7n, tr\u00e1nh thao t\u00e1c sai g\u00e2y l\u1ed7i h\u1ec7 th\u1ed1ng.<\/span><\/p>\n<h2><span class=\"ez-toc-section\" id=\"Huong_dan_rut_tien_99OK_nhanh_nhat_ve_ngan_hang\"><\/span><b>H\u01b0\u1edbng d\u1eabn r\u00fat ti\u1ec1n 99OK nhanh nh\u1ea5t v\u1ec1 ng\u00e2n h\u00e0ng<\/b><span class=\"ez-toc-section-end\"><\/span><\/h2>\n<p><b>R\u00fat ti\u1ec1n 99OK<\/b><span style=\"font-weight: 400;\"> c\u1ef1c d\u1ec5 qua t\u00e0i kho\u1ea3n ng\u00e2n h\u00e0ng. D\u01b0\u1edbi \u0111\u00e2y l\u00e0 h\u01b0\u1edbng d\u1eabn chi ti\u1ebft c\u00e1c b\u01b0\u1edbc \u0111\u1ec3 b\u1ea1n c\u00f3 th\u1ec3 thao t\u00e1c c\u00e1c b\u01b0\u1edbc nhanh ch\u00f3ng v\u00e0 th\u00e0nh c\u00f4ng.<\/span><\/p>\n<figure id=\"attachment_63\" aria-describedby=\"caption-attachment-63\" style=\"width: 800px\" class=\"wp-caption aligncenter\"><img loading=\"lazy\" decoding=\"async\" class=\"size-full wp-image-63\" src=\"https:\/\/firstconsultingservices.com\/wp-content\/uploads\/2025\/09\/huong-dan-rut-tien-99ok-chi-voi-4-buoc.jpg\" alt=\"H\u01b0\u1edbng d\u1eabn r\u00fat ti\u1ec1n 99OK ch\u1ec9 v\u1edbi 4 b\u01b0\u1edbc\" width=\"800\" height=\"400\" title=\"\" srcset=\"https:\/\/firstconsultingservices.com\/wp-content\/uploads\/2025\/09\/huong-dan-rut-tien-99ok-chi-voi-4-buoc.jpg 800w, https:\/\/firstconsultingservices.com\/wp-content\/uploads\/2025\/09\/huong-dan-rut-tien-99ok-chi-voi-4-buoc-300x150.jpg 300w, https:\/\/firstconsultingservices.com\/wp-content\/uploads\/2025\/09\/huong-dan-rut-tien-99ok-chi-voi-4-buoc-768x384.jpg 768w\" sizes=\"auto, (max-width: 800px) 100vw, 800px\" \/><figcaption id=\"caption-attachment-63\" class=\"wp-caption-text\">H\u01b0\u1edbng d\u1eabn r\u00fat ti\u1ec1n 99OK ch\u1ec9 v\u1edbi 4 b\u01b0\u1edbc<\/figcaption><\/figure>\n<h3><span class=\"ez-toc-section\" id=\"Buoc_1_Dang_nhap_tai_khoan_cuoc_va_truy_cap_muc_rut_tien\"><\/span><b>B\u01b0\u1edbc 1: \u0110\u0103ng nh\u1eadp t\u00e0i kho\u1ea3n c\u01b0\u1ee3c v\u00e0 truy c\u1eadp m\u1ee5c r\u00fat ti\u1ec1n<\/b><span class=\"ez-toc-section-end\"><\/span><\/h3>\n<p><span style=\"font-weight: 400;\">Sau khi \u0111\u0103ng nh\u1eadp th\u00e0nh c\u00f4ng v\u00e0o t\u00e0i kho\u1ea3n c\u1ee7a m\u00ecnh, b\u1ea1n h\u00e3y t\u00ecm v\u00e0 nh\u1ea5n v\u00e0o m\u1ee5c r\u00fat ti\u1ec1n n\u1eb1m \u1edf ph\u00eda b\u00ean c\u1ea1nh m\u1ee5c g\u1eedi.<\/span><\/p>\n<h3><span class=\"ez-toc-section\" id=\"Buoc_2_Kiem_tra_va_xac_nhan_thong_tin_ngan_hang\"><\/span><b>B\u01b0\u1edbc 2: Ki\u1ec3m tra v\u00e0 x\u00e1c nh\u1eadn th\u00f4ng tin ng\u00e2n h\u00e0ng<\/b><span class=\"ez-toc-section-end\"><\/span><\/h3>\n<p><span style=\"font-weight: 400;\">H\u1ec7 th\u1ed1ng s\u1ebd t\u1ef1 \u0111\u1ed9ng hi\u1ec3n th\u1ecb th\u00f4ng tin ng\u00e2n h\u00e0ng \u0111\u00e3 \u0111\u01b0\u1ee3c b\u1ea1n li\u00ean k\u1ebft t\u1eeb tr\u01b0\u1edbc, bao g\u1ed3m t\u00ean th\u1eadt, ng\u00e2n h\u00e0ng, chi nh\u00e1nh v\u00e0 s\u1ed1 t\u00e0i kho\u1ea3n. Ng\u01b0\u1eddi ch\u01a1i <strong><span data-sheets-root=\"1\">99ok.com <\/span><\/strong>c\u1ea7n ki\u1ec3m tra k\u1ef9 c\u00e1c th\u00f4ng tin n\u00e0y \u0111\u1ea3m b\u1ea3o ch\u00fang ch\u00ednh x\u00e1c \u0111\u1ec3 tr\u00e1nh c\u00e1c r\u1ee7i ro v\u1ec1 sau.<\/span><\/p>\n<h3><span class=\"ez-toc-section\" id=\"Buoc_3_Nhap_so_tien_va_mat_khau_giao_dich\"><\/span><b>B\u01b0\u1edbc 3: Nh\u1eadp s\u1ed1 ti\u1ec1n v\u00e0 m\u1eadt kh\u1ea9u giao d\u1ecbch<\/b><span class=\"ez-toc-section-end\"><\/span><\/h3>\n<p><span style=\"font-weight: 400;\">Tr\u00ean giao di\u1ec7n chuy\u1ec3n kho\u1ea3n qua ng\u00e2n h\u00e0ng, b\u1ea1n c\u1ea7n nh\u1eadp s\u1ed1 ti\u1ec1n m\u00e0 b\u1ea1n mu\u1ed1n r\u00fat. L\u01b0u \u00fd, h\u1ec7 th\u1ed1ng c\u00f3 gi\u1edbi h\u1ea1n t\u1eeb 100K \u0111\u1ebfn 1.000.000K cho m\u1ed7i l\u1ea7n giao d\u1ecbch. Sau khi nh\u1eadp, b\u1ea1n \u0111i\u1ec1n m\u1eadt kh\u1ea9u r\u00fat \u0111\u00e3 thi\u1ebft l\u1eadp tr\u01b0\u1edbc \u0111\u00f3 v\u00e0o \u00f4 tr\u1ed1ng.<\/span><\/p>\n<h3><span class=\"ez-toc-section\" id=\"Buoc_4_Hoan_tat_lenh_rut_tien\"><\/span><b>B\u01b0\u1edbc 4: Ho\u00e0n t\u1ea5t l\u1ec7nh r\u00fat ti\u1ec1n<\/b><span class=\"ez-toc-section-end\"><\/span><\/h3>\n<p><span style=\"font-weight: 400;\">Sau khi \u0111\u00e3 \u0111i\u1ec1n \u0111\u1ea7y \u0111\u1ee7 v\u00e0 ch\u00ednh x\u00e1c t\u1ea5t c\u1ea3 th\u00f4ng tin, b\u1ea1n ch\u1ec9 c\u1ea7n nh\u1ea5n v\u00e0o n\u00fat r\u00fat ti\u1ec1n m\u00e0u xanh l\u00e1 c\u00e2y \u1edf ph\u00eda d\u01b0\u1edbi. L\u1ec7nh chuy\u1ec3n kho\u1ea3n online s\u1ebd \u0111\u01b0\u1ee3c g\u1eedi \u0111i v\u00e0 h\u1ec7 th\u1ed1ng s\u1ebd x\u1eed l\u00fd, chuy\u1ec3n ti\u1ec1n v\u1ec1 t\u00e0i kho\u1ea3n ng\u00e2n h\u00e0ng c\u1ee7a b\u1ea1n trong th\u1eddi gian s\u1edbm nh\u1ea5t.<\/span><\/p>\n<h2><span class=\"ez-toc-section\" id=\"Luu_y_khi_thao_tac_rut_tien_tu_nha_cai_99OK\"><\/span><b>L\u01b0u \u00fd khi thao t\u00e1c r\u00fat ti\u1ec1n t\u1eeb nh\u00e0 c\u00e1i 99OK<\/b><span class=\"ez-toc-section-end\"><\/span><\/h2>\n<p><span style=\"font-weight: 400;\">Vi\u1ec7c n\u1eafm r\u00f5 l\u01b0u \u00fd <\/span><a href=\"https:\/\/firstconsultingservices.com\/vi-vn\/rut-tien-99ok\/\"><b>r\u00fat ti\u1ec1n 99OK<\/b><\/a> <span style=\"font-weight: 400;\">s\u1ebd gi\u00fap b\u1ea1n th\u1ef1c hi\u1ec7n giao d\u1ecbch m\u1ed9t c\u00e1ch an to\u00e0n, nhanh ch\u00f3ng v\u00e0 ch\u00ednh x\u00e1c, \u0111\u1ed3ng th\u1eddi tr\u00e1nh nh\u1eefng sai s\u00f3t kh\u00f4ng \u0111\u00e1ng c\u00f3.<\/span><\/p>\n<h3><span class=\"ez-toc-section\" id=\"Kiem_tra_thong_tin_tai_khoan_ngan_hang_hop_le_truoc_khi_rut\"><\/span><b>Ki\u1ec3m tra th\u00f4ng tin t\u00e0i kho\u1ea3n ng\u00e2n h\u00e0ng h\u1ee3p l\u1ec7 tr\u01b0\u1edbc khi r\u00fat<\/b><span class=\"ez-toc-section-end\"><\/span><\/h3>\n<p><span style=\"font-weight: 400;\">Tr\u01b0\u1edbc khi ti\u1ebfn h\u00e0nh <\/span><b>r\u00fat ti\u1ec1n 99OK<\/b><span style=\"font-weight: 400;\">, h\u00e3y ch\u1eafc ch\u1eafn r\u1eb1ng b\u1ea1n \u0111\u00e3 nh\u1eadp ch\u00ednh x\u00e1c s\u1ed1 t\u00e0i kho\u1ea3n, t\u00ean ch\u1ee7 t\u00e0i kho\u1ea3n v\u00e0 ng\u00e2n h\u00e0ng nh\u1eadn. Vi\u1ec7c ki\u1ec3m tra k\u1ef9 th\u00f4ng tin n\u00e0y s\u1ebd gi\u00fap tr\u00e1nh t\u00ecnh tr\u1ea1ng giao d\u1ecbch th\u1ea5t b\u1ea1i, ti\u1ec1n v\u1ec1 nh\u1ea7m t\u00e0i kho\u1ea3n ho\u1eb7c b\u1ecb gi\u1eef l\u1ea1i do l\u1ed7i nh\u1eadp li\u1ec7u.<\/span><\/p>\n<figure id=\"attachment_62\" aria-describedby=\"caption-attachment-62\" style=\"width: 800px\" class=\"wp-caption aligncenter\"><img loading=\"lazy\" decoding=\"async\" class=\"size-full wp-image-62\" src=\"https:\/\/firstconsultingservices.com\/wp-content\/uploads\/2025\/09\/luu-y-khi-thuc-hien-rut-tien-tu-nha-cai.jpg\" alt=\"L\u01b0u \u00fd khi th\u1ef1c hi\u1ec7n r\u00fat ti\u1ec1n t\u1eeb nh\u00e0 c\u00e1i\" width=\"800\" height=\"400\" title=\"\" srcset=\"https:\/\/firstconsultingservices.com\/wp-content\/uploads\/2025\/09\/luu-y-khi-thuc-hien-rut-tien-tu-nha-cai.jpg 800w, https:\/\/firstconsultingservices.com\/wp-content\/uploads\/2025\/09\/luu-y-khi-thuc-hien-rut-tien-tu-nha-cai-300x150.jpg 300w, https:\/\/firstconsultingservices.com\/wp-content\/uploads\/2025\/09\/luu-y-khi-thuc-hien-rut-tien-tu-nha-cai-768x384.jpg 768w\" sizes=\"auto, (max-width: 800px) 100vw, 800px\" \/><figcaption id=\"caption-attachment-62\" class=\"wp-caption-text\">L\u01b0u \u00fd khi th\u1ef1c hi\u1ec7n r\u00fat ti\u1ec1n t\u1eeb nh\u00e0 c\u00e1i<\/figcaption><\/figure>\n<h3><span class=\"ez-toc-section\" id=\"Chon_kenh_ngan_hang_chuyen_khoan_phu_hop\"><\/span><b>Ch\u1ecdn k\u00eanh ng\u00e2n h\u00e0ng chuy\u1ec3n kho\u1ea3n ph\u00f9 h\u1ee3p<\/b><span class=\"ez-toc-section-end\"><\/span><\/h3>\n<p><span style=\"font-weight: 400;\">99OK h\u1ed7 tr\u1ee3 nhi\u1ec1u ng\u00e2n h\u00e0ng kh\u00e1c nhau nh\u01b0 BIDV, Techcombank, Agribank,&#8230; H\u00e3y ch\u1ecdn ng\u00e2n h\u00e0ng m\u00e0 b\u1ea1n th\u01b0\u1eddng xuy\u00ean s\u1eed d\u1ee5ng \u0111\u1ec3 thao t\u00e1c giao d\u1ecbch nhanh ch\u00f3ng, h\u1ea1n ch\u1ebf r\u1ee7i ro l\u1ed7i k\u1ef9 thu\u1eadt hay th\u1eddi gian ch\u1edd l\u00e2u. \u0110\u1ed3ng th\u1eddi, \u0111\u1ea3m b\u1ea3o t\u00e0i kho\u1ea3n tr\u00f9ng kh\u1edbp v\u1edbi th\u00f4ng tin \u0111\u0103ng k\u00fd t\u1ea1i nh\u00e0 c\u00e1i <strong><span data-sheets-root=\"1\"><a class=\"in-cell-link\" href=\"https:\/\/firstconsultingservices.com\/vi-vn\/\" target=\"_blank\" rel=\"noopener\">99ok hi\u1ec7n \u0111ang m\u1edf<\/a><\/span><\/strong>.<\/span><\/p>\n<h3><span class=\"ez-toc-section\" id=\"Chup_man_hinh_giao_dich_va_theo_doi_thoi_gian_xu_ly\"><\/span><b>Ch\u1ee5p m\u00e0n h\u00ecnh giao d\u1ecbch v\u00e0 theo d\u00f5i th\u1eddi gian x\u1eed l\u00fd<\/b><span class=\"ez-toc-section-end\"><\/span><\/h3>\n<p><span style=\"font-weight: 400;\">Sau khi th\u1ef1c hi\u1ec7n theo \u0111\u00fang h\u01b0\u1edbng d\u1eabn, h\u00e3y l\u01b0u l\u1ea1i bi\u00ean lai, m\u00e0n h\u00ecnh x\u00e1c nh\u1eadn. \u0110\u1ed3ng th\u1eddi, ch\u00fa \u00fd th\u1eddi gian x\u1eed l\u00fd t\u1eebng ng\u00e2n h\u00e0ng, th\u01b0\u1eddng t\u1eeb v\u00e0i ph\u00fat \u0111\u1ebfn v\u00e0i gi\u1edd, \u0111\u1ec3 k\u1ecbp th\u1eddi li\u00ean h\u1ec7 b\u1ed9 ph\u1eadn h\u1ed7 tr\u1ee3 n\u1ebfu ti\u1ec1n ch\u01b0a v\u1ec1 t\u00e0i kho\u1ea3n. Vi\u1ec7c n\u00e0y gi\u00fap b\u1ea1n d\u1ec5 d\u00e0ng \u0111\u1ed1i chi\u1ebfu khi c\u1ea7n gi\u1ea3i quy\u1ebft v\u1ea5n \u0111\u1ec1 ph\u00e1t sinh.<\/span><\/p>\n<h2><span class=\"ez-toc-section\" id=\"Cach_xu_ly_cac_su_co_khi_thao_tac_rut_tien_tai_nha_cai\"><\/span><b>C\u00e1ch x\u1eed l\u00fd c\u00e1c s\u1ef1 c\u1ed1 khi thao t\u00e1c r\u00fat ti\u1ec1n t\u1ea1i nh\u00e0 c\u00e1i<\/b><span class=\"ez-toc-section-end\"><\/span><\/h2>\n<p><span style=\"font-weight: 400;\">C\u00e1ch x\u1eed l\u00fd c\u00e1c s\u1ef1 c\u1ed1 khi thao t\u00e1c<\/span><b> r\u00fat ti\u1ec1n 99OK<\/b><span style=\"font-weight: 400;\"> s\u1ebd gi\u00fap b\u1ea1n nhanh ch\u00f3ng kh\u1eafc ph\u1ee5c nh\u1eefng v\u1ea5n \u0111\u1ec1 ph\u00e1t sinh, \u0111\u1ea3m b\u1ea3o ti\u1ec1n v\u1ec1 t\u00e0i kho\u1ea3n an to\u00e0n. N\u1eafm r\u00f5 c\u00e1c h\u01b0\u1edbng d\u1eabn n\u00e0y c\u00f3 th\u1ec3 gi\u1ea3m thi\u1ec3u r\u1ee7i ro v\u00e0 th\u1ef1c hi\u1ec7n giao d\u1ecbch hi\u1ec7u qu\u1ea3 h\u01a1n.<\/span><\/p>\n<table>\n<tbody>\n<tr>\n<td><b>S\u1ef1 c\u1ed1<\/b><\/td>\n<td><b>C\u00e1ch x\u1eed l\u00fd<\/b><\/td>\n<\/tr>\n<tr>\n<td><span style=\"font-weight: 400;\">Giao d\u1ecbch b\u1ecb t\u1eeb ch\u1ed1i<\/span><\/td>\n<td><span style=\"font-weight: 400;\">Ki\u1ec3m tra l\u1ea1i th\u00f4ng tin t\u00e0i kho\u1ea3n, ng\u00e2n h\u00e0ng v\u00e0 s\u1ed1 ti\u1ec1n r\u00fat, \u0111\u1ea3m b\u1ea3o tr\u00f9ng kh\u1edbp v\u1edbi th\u00f4ng tin \u0111\u0103ng k\u00fd t\u1ea1i nh\u00e0 c\u00e1i<\/span><\/td>\n<\/tr>\n<tr>\n<td><span style=\"font-weight: 400;\">Ti\u1ec1n ch\u01b0a v\u1ec1 sau v\u00e0i gi\u1edd<\/span><\/td>\n<td><span style=\"font-weight: 400;\">Li\u00ean h\u1ec7 b\u1ed9 ph\u1eadn h\u1ed7 tr\u1ee3 c\u1ee7a nh\u00e0 c\u00e1i k\u00e8m bi\u00ean lai ho\u1eb7c \u1ea3nh ch\u1ee5p m\u00e0n h\u00ecnh x\u00e1c nh\u1eadn \u0111\u1ec3 \u0111\u01b0\u1ee3c ki\u1ec3m tra nhanh ch\u00f3ng<\/span><\/td>\n<\/tr>\n<tr>\n<td><span style=\"font-weight: 400;\">L\u1ed7i k\u1ef9 thu\u1eadt khi chuy\u1ec3n kho\u1ea3n<\/span><\/td>\n<td><span style=\"font-weight: 400;\">Th\u1eed th\u1ef1c hi\u1ec7n l\u1ea1i giao d\u1ecbch tr\u00ean tr\u00ecnh duy\u1ec7t ho\u1eb7c \u1ee9ng d\u1ee5ng kh\u00e1c, n\u1ebfu v\u1eabn l\u1ed7i, b\u00e1o s\u1ef1 c\u1ed1 v\u1edbi nh\u00e0 c\u00e1i \u0111\u1ec3 \u0111\u01b0\u1ee3c h\u01b0\u1edbng d\u1eabn chi ti\u1ebft<\/span><\/td>\n<\/tr>\n<tr>\n<td><span style=\"font-weight: 400;\">Sai h\u1ea1n m\u1ee9c ho\u1eb7c t\u00e0i kho\u1ea3n<\/span><\/td>\n<td><span style=\"font-weight: 400;\">Ngay l\u1eadp t\u1ee9c li\u00ean h\u1ec7 nh\u00e0 c\u00e1i, cung c\u1ea5p th\u00f4ng tin x\u00e1c nh\u1eadn giao d\u1ecbch \u0111\u1ec3 \u0111i\u1ec1u ch\u1ec9nh ho\u1eb7c ho\u00e0n tr\u1ea3 k\u1ecbp th\u1eddi<\/span><\/td>\n<\/tr>\n<\/tbody>\n<\/table>\n<h2><span class=\"ez-toc-section\" id=\"Thac_mac_khi_rut_tien_truc_tuyen_tai_nha_cai_99OK\"><\/span><b>Th\u1eafc m\u1eafc khi r\u00fat ti\u1ec1n tr\u1ef1c tuy\u1ebfn t\u1ea1i nh\u00e0 c\u00e1i 99OK<\/b><span class=\"ez-toc-section-end\"><\/span><\/h2>\n<p><span style=\"font-weight: 400;\">Th\u1eafc m\u1eafc khi<\/span><b> r\u00fat ti\u1ec1n 99OK <\/b><span style=\"font-weight: 400;\">th\u01b0\u1eddng xu\u1ea5t ph\u00e1t t\u1eeb c\u00e1c v\u1ea5n \u0111\u1ec1 v\u1ec1 th\u1eddi gian x\u1eed l\u00fd, th\u00f4ng tin t\u00e0i kho\u1ea3n ho\u1eb7c l\u1ed7i giao d\u1ecbch. N\u1eafm r\u00f5 c\u00e1c c\u00e2u tr\u1ea3 l\u1eddi s\u1ebd gi\u00fap b\u1ea1n chuy\u1ec3n kho\u1ea3n nhanh ch\u00f3ng, an to\u00e0n v\u00e0 h\u1ea1n ch\u1ebf nh\u1eefng sai s\u00f3t kh\u00f4ng \u0111\u00e1ng c\u00f3.<\/span><\/p>\n<h3><span class=\"ez-toc-section\" id=\"Tai_sao_tien_trong_vi_cuoc_chua_ve_tai_khoan_sau_khi_rut\"><\/span><b>T\u1ea1i sao ti\u1ec1n trong v\u00ed c\u01b0\u1ee3c ch\u01b0a v\u1ec1 t\u00e0i kho\u1ea3n sau khi r\u00fat?<\/b><span class=\"ez-toc-section-end\"><\/span><\/h3>\n<p><span style=\"font-weight: 400;\">Th\u1eddi gian x\u1eed l\u00fd giao d\u1ecbch ph\u1ee5 thu\u1ed9c v\u00e0o ng\u00e2n h\u00e0ng, th\u01b0\u1eddng t\u1eeb v\u00e0i ph\u00fat \u0111\u1ebfn v\u00e0i gi\u1edd. N\u1ebfu qu\u00e1 th\u1eddi gian n\u00e0y m\u00e0 v\u1eabn ch\u01b0a nh\u1eadn \u0111\u01b0\u1ee3c ti\u1ec1n, h\u00e3y li\u00ean h\u1ec7 b\u1ed9 ph\u1eadn h\u1ed7 tr\u1ee3 <b>r\u00fat ti\u1ec1n 99OK<\/b> c\u1ee7a nh\u00e0 c\u00e1i, k\u00e8m \u1ea3nh ch\u1ee5p m\u00e0n h\u00ecnh x\u00e1c nh\u1eadn giao d\u1ecbch.<\/span><\/p>\n<figure id=\"attachment_61\" aria-describedby=\"caption-attachment-61\" style=\"width: 800px\" class=\"wp-caption aligncenter\"><img loading=\"lazy\" decoding=\"async\" class=\"size-full wp-image-61\" src=\"https:\/\/firstconsultingservices.com\/wp-content\/uploads\/2025\/09\/thac-mac-xoay-quanh-van-de-rut-tien.jpg\" alt=\"Th\u1eafc m\u1eafc xoay quanh v\u1ea5n \u0111\u1ec1 r\u00fat ti\u1ec1n\" width=\"800\" height=\"400\" title=\"\" srcset=\"https:\/\/firstconsultingservices.com\/wp-content\/uploads\/2025\/09\/thac-mac-xoay-quanh-van-de-rut-tien.jpg 800w, https:\/\/firstconsultingservices.com\/wp-content\/uploads\/2025\/09\/thac-mac-xoay-quanh-van-de-rut-tien-300x150.jpg 300w, https:\/\/firstconsultingservices.com\/wp-content\/uploads\/2025\/09\/thac-mac-xoay-quanh-van-de-rut-tien-768x384.jpg 768w\" sizes=\"auto, (max-width: 800px) 100vw, 800px\" \/><figcaption id=\"caption-attachment-61\" class=\"wp-caption-text\">Th\u1eafc m\u1eafc xoay quanh v\u1ea5n \u0111\u1ec1 r\u00fat ti\u1ec1n<\/figcaption><\/figure>\n<h3><span class=\"ez-toc-section\" id=\"Toi_da_nhap_dung_thong_tin_nhung_giao_dich_van_bi_loi_la_tai_sao\"><\/span><b>T\u00f4i \u0111\u00e3 nh\u1eadp \u0111\u00fang th\u00f4ng tin nh\u01b0ng giao d\u1ecbch v\u1eabn b\u1ecb l\u1ed7i l\u00e0 t\u1ea1i sao?<\/b><span class=\"ez-toc-section-end\"><\/span><\/h3>\n<p><span style=\"font-weight: 400;\">M\u1ed9t s\u1ed1 l\u1ed7i c\u00f3 th\u1ec3 do h\u1ec7 th\u1ed1ng nh\u00e0 c\u00e1i ho\u1eb7c ng\u00e2n h\u00e0ng g\u1eb7p tr\u1ee5c tr\u1eb7c t\u1ea1m th\u1eddi. Ki\u1ec3m tra l\u1ea1i th\u00f4ng tin t\u00e0i kho\u1ea3n, \u0111\u1ea3m b\u1ea3o tr\u00f9ng kh\u1edbp v\u1edbi \u0111\u0103ng k\u00fd t\u1ea1i nh\u00e0 c\u00e1i, v\u00e0 th\u1eed r\u00fat l\u1ea1i.<\/span><\/p>\n<h3><span class=\"ez-toc-section\" id=\"Co_gioi_han_ve_so_rut_tien_99OK_moi_lan_hay_khong\"><\/span><b>C\u00f3 gi\u1edbi h\u1ea1n v\u1ec1 s\u1ed1 r\u00fat ti\u1ec1n 99OK\u00a0m\u1ed7i l\u1ea7n hay kh\u00f4ng?<\/b><span class=\"ez-toc-section-end\"><\/span><\/h3>\n<p><span style=\"font-weight: 400;\">M\u1ed7i nh\u00e0 c\u00e1i \u0111\u1ec1u c\u00f3 quy \u0111\u1ecbnh v\u1ec1 s\u1ed1 ti\u1ec1n t\u1ed1i thi\u1ec3u v\u00e0 t\u1ed1i \u0111a khi chuy\u1ec3n kho\u1ea3n. Tr\u01b0\u1edbc khi r\u00fat, h\u00e3y ki\u1ec3m tra ch\u00ednh s\u00e1ch c\u1ee7a 99OK \u0111\u1ec3 \u0111\u1ea3m b\u1ea3o giao d\u1ecbch h\u1ee3p l\u1ec7 v\u00e0 tr\u00e1nh ph\u1ea3i th\u1ef1c hi\u1ec7n nhi\u1ec1u l\u1ea7n ho\u1eb7c b\u1ecb t\u1eeb ch\u1ed1i do v\u01b0\u1ee3t h\u1ea1n m\u1ee9c.<\/span><\/p>\n<blockquote><p><em><strong>&gt;&gt;&gt; Xem th\u00eam : <a href=\"https:\/\/firstconsultingservices.com\/vi-vn\/tai-app-99ok\/\">T\u1ea3i App 99OK<\/a> Nhanh Nh\u1ea5t V\u1ec1 \u0110i\u1ec7n Tho\u1ea1i Android V\u00e0 Ios<\/strong><\/em><\/p><\/blockquote>\n<h2><span class=\"ez-toc-section\" id=\"Ket_luan\"><\/span><b>K\u1ebft lu\u1eadn<\/b><span class=\"ez-toc-section-end\"><\/span><\/h2>\n<p><span style=\"font-weight: 400;\">B\u1ea5t k\u1ef3 ng\u01b0\u1eddi ch\u01a1i n\u00e0o c\u0169ng n\u00ean tham kh\u1ea3o k\u1ef9 h\u01b0\u1edbng d\u1eabn <\/span><b>r\u00fat ti\u1ec1n 99OK <\/b><span style=\"font-weight: 400;\">tr\u01b0\u1edbc khi tham gia. \u0110i\u1ec1u n\u00e0y s\u1ebd gi\u00fap b\u1ea1n c\u00f3 \u0111\u01b0\u1ee3c qu\u00e1 tr\u00ecnh giao d\u1ecbch nhanh ch\u00f3ng, thu\u1eadn ti\u1ec7n v\u00e0 nh\u1eadn th\u01b0\u1edfng xanh ch\u00edn k\u1ecbp th\u1eddi v\u1ec1 ng\u00e2n h\u00e0ng. N\u1ebfu c\u00f3 b\u1ea5t k\u1ef3 v\u1ea5n \u0111\u1ec1 n\u00e0o x\u1ea3y ra khi thao t\u00e1c, h\u00e3y li\u00ean h\u1ec7 h\u1ed7 tr\u1ee3 ngay l\u1eadp t\u1ee9c.<\/span><\/p>","protected":false},"excerpt":{"rendered":"<p>R\u00fat Ti\u1ec1n 99OK Nhanh V\u1ec1 Ng\u00e2n H\u00e0ng V\u00e0 Nh\u1eadn Th\u01b0\u1edfng Ngay R\u00fat ti\u1ec1n 99OK v\u1ec1 ng\u00e2n h\u00e0ng c\u1ef1c \u0111\u01a1n gi\u1ea3n, ch\u1ec9 c\u1ea7n th\u1ef1c hi\u1ec7n \u0111\u00fang l\u00e0 b\u1ea1n \u0111\u00e3 c\u00f3 th\u1ec3 nh\u1eadn th\u01b0\u1edfng ngay l\u1eadp t\u1ee9c. Nh\u00e0 c\u00e1i ph\u00ea duy\u1ec7t \u0111\u01a1n thanh to\u00e1n trong 3-5 ph\u00fat, \u0111\u1ea3m b\u1ea3o h\u1ed9i vi\u00ean 99OK kh\u00f4ng ph\u1ea3i ch\u1edd \u0111\u1ee3i l\u00e2u. [&#8230;]\n","protected":false},"author":1,"featured_media":64,"parent":0,"menu_order":0,"comment_status":"closed","ping_status":"closed","template":"","meta":{"footnotes":""},"class_list":["post-28","page","type-page","status-publish","has-post-thumbnail","hentry"],"_links":{"self":[{"href":"https:\/\/firstconsultingservices.com\/vi-vn\/wp-json\/wp\/v2\/pages\/28","targetHints":{"allow":["GET"]}}],"collection":[{"href":"https:\/\/firstconsultingservices.com\/vi-vn\/wp-json\/wp\/v2\/pages"}],"about":[{"href":"https:\/\/firstconsultingservices.com\/vi-vn\/wp-json\/wp\/v2\/types\/page"}],"author":[{"embeddable":true,"href":"https:\/\/firstconsultingservices.com\/vi-vn\/wp-json\/wp\/v2\/users\/1"}],"replies":[{"embeddable":true,"href":"https:\/\/firstconsultingservices.com\/vi-vn\/wp-json\/wp\/v2\/comments?post=28"}],"version-history":[{"count":8,"href":"https:\/\/firstconsultingservices.com\/vi-vn\/wp-json\/wp\/v2\/pages\/28\/revisions"}],"predecessor-version":[{"id":509,"href":"https:\/\/firstconsultingservices.com\/vi-vn\/wp-json\/wp\/v2\/pages\/28\/revisions\/509"}],"wp:featuredmedia":[{"embeddable":true,"href":"https:\/\/firstconsultingservices.com\/vi-vn\/wp-json\/wp\/v2\/media\/64"}],"wp:attachment":[{"href":"https:\/\/firstconsultingservices.com\/vi-vn\/wp-json\/wp\/v2\/media?parent=28"}],"curies":[{"name":"wp","href":"https:\/\/api.w.org\/{rel}","templated":true}]}}