{"id":280,"date":"2025-09-12T16:15:31","date_gmt":"2025-09-12T09:15:31","guid":{"rendered":"https:\/\/zcsggp.sa.com\/?page_id=280"},"modified":"2025-10-07T16:03:44","modified_gmt":"2025-10-07T09:03:44","slug":"lien-he","status":"publish","type":"page","link":"https:\/\/firstconsultingservices.com\/vi-vn\/lien-he\/","title":{"rendered":"Li\u00ean h\u1ec7"},"content":{"rendered":"<p>99Ok l\u00e0 n\u1ec1n t\u1ea3ng gi\u1ea3i tr\u00ed tr\u1ef1c tuy\u1ebfn uy t\u00edn, cung c\u1ea5p \u0111\u1ea7y \u0111\u1ee7 h\u1ec7 sinh th\u00e1i t\u1eeb c\u00e1 c\u01b0\u1ee3c th\u1ec3 thao, slot game \u0111a s\u1eafc, t\u1edbi casino tr\u1ef1c ti\u1ebfp v\u00e0 game b\u1eafn c\u00e1. Giao di\u1ec7n \u0111\u01b0\u1ee3c t\u1ed1i \u01b0u h\u00f3a cho c\u1ea3 m\u00e1y t\u00ednh v\u00e0 thi\u1ebft b\u1ecb di \u0111\u1ed9ng, gi\u00fap ng\u01b0\u1eddi ch\u01a1i thao t\u00e1c d\u1ec5 d\u00e0ng v\u00e0 tr\u1ea3i nghi\u1ec7m m\u01b0\u1ee3t m\u00e0. H\u1ec7 th\u1ed1ng thanh to\u00e1n linh ho\u1ea1t h\u1ed7 tr\u1ee3 ng\u00e2n h\u00e0ng n\u1ed9i \u0111\u1ecba, v\u00ed \u0111i\u1ec7n t\u1eed v\u00e0 USDT, \u0111\u1ea3m b\u1ea3o t\u1ed1c \u0111\u1ed9 x\u1eed l\u00fd nhanh c\u00f9ng m\u1ee9c \u0111\u1ed9 b\u1ea3o m\u1eadt cao. C\u00e1c ch\u01b0\u01a1ng tr\u00ecnh khuy\u1ebfn m\u00e3i h\u1ea5p d\u1eabn nh\u01b0 th\u01b0\u1edfng \u0111\u0103ng k\u00fd, ho\u00e0n tr\u1ea3 \u0111\u1ecbnh k\u1ef3 v\u00e0 \u01b0u \u0111\u00e3i VIP \u0111\u01b0\u1ee3c tri\u1ec3n khai th\u01b0\u1eddng xuy\u00ean, g\u00f3p ph\u1ea7n t\u1ed1i \u01b0u l\u1ee3i \u00edch cho ng\u01b0\u1eddi ch\u01a1i. \u0110\u1ed9i ng\u0169 ch\u0103m s\u00f3c kh\u00e1ch h\u00e0ng chuy\u00ean nghi\u1ec7p ph\u1ee5c v\u1ee5 24\/7 qua nhi\u1ec1u k\u00eanh, lu\u00f4n s\u1eb5n s\u00e0ng h\u1ed7 tr\u1ee3 v\u00e0 \u0111\u1ed3ng h\u00e0nh c\u00f9ng b\u1ea1n trong m\u1ecdi tr\u1ea3i nghi\u1ec7m.<\/p>\n<h2><strong>Th\u00f4ng tin li\u00ean h\u1ec7:<\/strong><\/h2>\n<p><strong>Th\u01b0\u01a1ng hi\u1ec7u: 99Ok<\/strong><br \/>\n<strong>Website: <a href=\"https:\/\/firstconsultingservices.com\/vi-vn\/\">https:\/\/firstconsultingservices.com\/ <\/a><\/strong><br \/>\n<strong>Email:<\/strong> support@firstconsultingservices.com<br \/>\n<strong>Hotline:<\/strong> 0937 462 135<br \/>\n<strong>\u0110\u1ecba ch\u1ec9:<\/strong> 201 \u0110\u01b0\u1eddng 3 Th\u00e1ng 2, Ph\u01b0\u1eddng 11, Qu\u1eadn 10, TP. H\u1ed3 Ch\u00ed Minh, Vi\u1ec7t Nam<br \/>\n<strong>Zipcode:<\/strong> 700000<br \/>\n<strong>Hashtags:<\/strong><br \/>\n<strong>#99ok #99okcasino #slotgame99ok #nhacai99ok #dangky99ok<\/strong><\/p>\n<blockquote><p><strong>&gt;&gt; Xem th\u00eam : <a href=\"https:\/\/firstconsultingservices.com\/vi-vn\/gioi-thieu-99ok\/\">Gi\u1edbi Thi\u1ec7u 99OK<\/a> V\u1ec1 Gi\u1ea5y Ph\u00e9p, M\u1ee5c Ti\u00eau V\u00e0 Cam K\u1ebft Chung<\/strong><\/p><\/blockquote>","protected":false},"excerpt":{"rendered":"<p>99Ok l\u00e0 n\u1ec1n t\u1ea3ng gi\u1ea3i tr\u00ed tr\u1ef1c tuy\u1ebfn uy t\u00edn, cung c\u1ea5p \u0111\u1ea7y \u0111\u1ee7 h\u1ec7 sinh th\u00e1i t\u1eeb c\u00e1 c\u01b0\u1ee3c th\u1ec3 thao, slot game \u0111a s\u1eafc, t\u1edbi casino tr\u1ef1c ti\u1ebfp v\u00e0 game b\u1eafn c\u00e1. Giao di\u1ec7n \u0111\u01b0\u1ee3c t\u1ed1i \u01b0u h\u00f3a cho c\u1ea3 m\u00e1y t\u00ednh v\u00e0 thi\u1ebft b\u1ecb di \u0111\u1ed9ng, gi\u00fap ng\u01b0\u1eddi ch\u01a1i thao t\u00e1c d\u1ec5 [&#8230;]\n","protected":false},"author":1,"featured_media":0,"parent":0,"menu_order":0,"comment_status":"closed","ping_status":"closed","template":"","meta":{"footnotes":""},"class_list":["post-280","page","type-page","status-publish","hentry"],"_links":{"self":[{"href":"https:\/\/firstconsultingservices.com\/vi-vn\/wp-json\/wp\/v2\/pages\/280","targetHints":{"allow":["GET"]}}],"collection":[{"href":"https:\/\/firstconsultingservices.com\/vi-vn\/wp-json\/wp\/v2\/pages"}],"about":[{"href":"https:\/\/firstconsultingservices.com\/vi-vn\/wp-json\/wp\/v2\/types\/page"}],"author":[{"embeddable":true,"href":"https:\/\/firstconsultingservices.com\/vi-vn\/wp-json\/wp\/v2\/users\/1"}],"replies":[{"embeddable":true,"href":"https:\/\/firstconsultingservices.com\/vi-vn\/wp-json\/wp\/v2\/comments?post=280"}],"version-history":[{"count":4,"href":"https:\/\/firstconsultingservices.com\/vi-vn\/wp-json\/wp\/v2\/pages\/280\/revisions"}],"predecessor-version":[{"id":454,"href":"https:\/\/firstconsultingservices.com\/vi-vn\/wp-json\/wp\/v2\/pages\/280\/revisions\/454"}],"wp:attachment":[{"href":"https:\/\/firstconsultingservices.com\/vi-vn\/wp-json\/wp\/v2\/media?parent=280"}],"curies":[{"name":"wp","href":"https:\/\/api.w.org\/{rel}","templated":true}]}}