{"id":29,"date":"2025-09-10T12:48:08","date_gmt":"2025-09-10T05:48:08","guid":{"rendered":"https:\/\/zcsggp.sa.com\/?page_id=29"},"modified":"2025-10-10T19:45:35","modified_gmt":"2025-10-10T12:45:35","slug":"nap-tien-99ok","status":"publish","type":"page","link":"https:\/\/firstconsultingservices.com\/vi-vn\/nap-tien-99ok\/","title":{"rendered":"N\u1ea1p Ti\u1ec1n 99OK"},"content":{"rendered":"<div id=\"ez-toc-container\" class=\"ez-toc-v2_0_76 counter-hierarchy ez-toc-counter ez-toc-grey ez-toc-container-direction\">\n<div class=\"ez-toc-title-container\">\n<p class=\"ez-toc-title\" style=\"cursor:inherit\">Table of Contents<\/p>\n<span class=\"ez-toc-title-toggle\"><a href=\"#\" class=\"ez-toc-pull-right ez-toc-btn ez-toc-btn-xs ez-toc-btn-default ez-toc-toggle\" aria-label=\"Toggle Table of Content\"><span class=\"ez-toc-js-icon-con\"><span class=\"\"><span class=\"eztoc-hide\" style=\"display:none;\">Toggle<\/span><span class=\"ez-toc-icon-toggle-span\"><svg style=\"fill: #999;color:#999\" xmlns=\"http:\/\/www.w3.org\/2000\/svg\" class=\"list-377408\" width=\"20px\" height=\"20px\" viewbox=\"0 0 24 24\" fill=\"none\"><path d=\"M6 6H4v2h2V6zm14 0H8v2h12V6zM4 11h2v2H4v-2zm16 0H8v2h12v-2zM4 16h2v2H4v-2zm16 0H8v2h12v-2z\" fill=\"currentColor\"><\/path><\/svg><svg style=\"fill: #999;color:#999\" class=\"arrow-unsorted-368013\" xmlns=\"http:\/\/www.w3.org\/2000\/svg\" width=\"10px\" height=\"10px\" viewbox=\"0 0 24 24\" version=\"1.2\" baseprofile=\"tiny\"><path d=\"M18.2 9.3l-6.2-6.3-6.2 6.3c-.2.2-.3.4-.3.7s.1.5.3.7c.2.2.4.3.7.3h11c.3 0 .5-.1.7-.3.2-.2.3-.5.3-.7s-.1-.5-.3-.7zM5.8 14.7l6.2 6.3 6.2-6.3c.2-.2.3-.5.3-.7s-.1-.5-.3-.7c-.2-.2-.4-.3-.7-.3h-11c-.3 0-.5.1-.7.3-.2.2-.3.5-.3.7s.1.5.3.7z\"\/><\/svg><\/span><\/span><\/span><\/a><\/span><\/div>\n<nav><ul class='ez-toc-list ez-toc-list-level-1' ><li class='ez-toc-page-1 ez-toc-heading-level-1'><a class=\"ez-toc-link ez-toc-heading-1\" href=\"https:\/\/firstconsultingservices.com\/vi-vn\/nap-tien-99ok\/#Nap_Tien_99OK_Cuc_Don_Gian_Voi_3_Cach_Sieu_Nhanh_Gon\" >N\u1ea1p Ti\u1ec1n 99OK C\u1ef1c \u0110\u01a1n Gi\u1ea3n V\u1edbi 3 C\u00e1ch Si\u00eau Nhanh G\u1ecdn<\/a><ul class='ez-toc-list-level-2' ><li class='ez-toc-heading-level-2'><a class=\"ez-toc-link ez-toc-heading-2\" href=\"https:\/\/firstconsultingservices.com\/vi-vn\/nap-tien-99ok\/#3_cach_nap_tien_99OK_nhanh_nhat_cho_moi_hoi_vien\" >3 c\u00e1ch n\u1ea1p ti\u1ec1n 99OK nhanh nh\u1ea5t cho m\u1ecdi h\u1ed9i vi\u00ean<\/a><ul class='ez-toc-list-level-3' ><li class='ez-toc-heading-level-3'><a class=\"ez-toc-link ez-toc-heading-3\" href=\"https:\/\/firstconsultingservices.com\/vi-vn\/nap-tien-99ok\/#Huong_dan_gui_tien_nha_cai_thong_qua_chuyen_khoan_ngan_hang\" >H\u01b0\u1edbng d\u1eabn g\u1eedi ti\u1ec1n nh\u00e0 c\u00e1i th\u00f4ng qua chuy\u1ec3n kho\u1ea3n ng\u00e2n h\u00e0ng<\/a><\/li><li class='ez-toc-page-1 ez-toc-heading-level-3'><a class=\"ez-toc-link ez-toc-heading-4\" href=\"https:\/\/firstconsultingservices.com\/vi-vn\/nap-tien-99ok\/#Cach_nap_tien_99OK_qua_the_cao\" >C\u00e1ch n\u1ea1p ti\u1ec1n 99OK qua th\u1ebb c\u00e0o<\/a><\/li><li class='ez-toc-page-1 ez-toc-heading-level-3'><a class=\"ez-toc-link ez-toc-heading-5\" href=\"https:\/\/firstconsultingservices.com\/vi-vn\/nap-tien-99ok\/#Huong_dan_nap_tien_99OK_sieu_de_qua_USDT\" >H\u01b0\u1edbng d\u1eabn n\u1ea1p ti\u1ec1n 99OK si\u00eau d\u1ec5 qua USDT<\/a><\/li><\/ul><\/li><li class='ez-toc-page-1 ez-toc-heading-level-2'><a class=\"ez-toc-link ez-toc-heading-6\" href=\"https:\/\/firstconsultingservices.com\/vi-vn\/nap-tien-99ok\/#Han_muc_toi_thieu_va_toi_da_khi_nap_tien_99OK\" >H\u1ea1n m\u1ee9c t\u1ed1i thi\u1ec3u v\u00e0 t\u1ed1i \u0111a khi n\u1ea1p ti\u1ec1n 99OK<\/a><\/li><li class='ez-toc-page-1 ez-toc-heading-level-2'><a class=\"ez-toc-link ez-toc-heading-7\" href=\"https:\/\/firstconsultingservices.com\/vi-vn\/nap-tien-99ok\/#Luu_y_can_nam_ro_khi_nap_tien_vao_vi_cuoc_99OK\" >L\u01b0u \u00fd c\u1ea7n n\u1eafm r\u00f5 khi n\u1ea1p ti\u1ec1n v\u00e0o v\u00ed c\u01b0\u1ee3c 99OK<\/a><\/li><li class='ez-toc-page-1 ez-toc-heading-level-2'><a class=\"ez-toc-link ez-toc-heading-8\" href=\"https:\/\/firstconsultingservices.com\/vi-vn\/nap-tien-99ok\/#Ket_luan\" >K\u1ebft lu\u1eadn<\/a><\/li><\/ul><\/li><\/ul><\/nav><\/div>\n<h1 style=\"text-align: center;\"><span class=\"ez-toc-section\" id=\"Nap_Tien_99OK_Cuc_Don_Gian_Voi_3_Cach_Sieu_Nhanh_Gon\"><\/span><b>N\u1ea1p Ti\u1ec1n 99OK C\u1ef1c \u0110\u01a1n Gi\u1ea3n V\u1edbi 3 C\u00e1ch Si\u00eau Nhanh G\u1ecdn<\/b><span class=\"ez-toc-section-end\"><\/span><\/h1>\n<p><b>N\u1ea1p ti\u1ec1n 99OK<\/b><span style=\"font-weight: 400;\"> l\u00e0 c\u00e1ch \u0111\u01a1n gi\u1ea3n nh\u1ea5t \u0111\u1ec3 b\u1ea1n c\u00f3 th\u1ec3 tham gia khuy\u1ebfn m\u00e3i v\u00e0 tr\u1ea3i nghi\u1ec7m c\u00e1c game hot t\u1eeb th\u1ec3 thao, casino, x\u1ed5 s\u1ed1, n\u1ed5 h\u0169, b\u1eafn c\u00e1 \u0111\u1ebfn \u0111\u00e1 g\u00e0. Nh\u00e0 c\u00e1i <strong><a class=\"in-cell-link\" href=\"https:\/\/firstconsultingservices.com\/vi-vn\/\" target=\"_blank\" rel=\"noopener\">99OK<\/a><\/strong> cung c\u1ea5p 3 k\u00eanh giao d\u1ecbch g\u1ed3m ng\u00e2n h\u00e0ng, v\u00ed \u0111i\u1ec7n t\u1eed, th\u1ebb c\u00e0o, ti\u1ec1n \u1ea3o, cho ph\u00e9p ng\u01b0\u1eddi ch\u01a1i thao t\u00e1c nhanh &#8211; ho\u00e0n to\u00e0n mi\u1ec5n ph\u00ed.<\/span><\/p>\n<h2><span class=\"ez-toc-section\" id=\"3_cach_nap_tien_99OK_nhanh_nhat_cho_moi_hoi_vien\"><\/span><b>3 c\u00e1ch n\u1ea1p ti\u1ec1n 99OK nhanh nh\u1ea5t cho m\u1ecdi h\u1ed9i vi\u00ean<\/b><span class=\"ez-toc-section-end\"><\/span><\/h2>\n<p><span style=\"font-weight: 400;\">3 c\u00e1ch <\/span><b>n\u1ea1p ti\u1ec1n 99OK <\/b><span style=\"font-weight: 400;\">nhanh nh\u1ea5t gi\u00fap b\u1ea1n b\u1ed5 sung ti\u1ec1n v\u00e0o t\u00e0i kho\u1ea3n ch\u1ec9 trong v\u00e0i ph\u00fat m\u00e0 kh\u00f4ng g\u1eb7p r\u1eafc r\u1ed1i. M\u1ed7i ph\u01b0\u01a1ng th\u1ee9c \u0111\u1ec1u \u0111\u01b0\u1ee3c thi\u1ebft k\u1ebf t\u1ed1i \u01b0u c\u00e1c b\u01b0\u1edbc, ti\u1ec7n l\u1ee3i v\u00e0 ph\u00f9 h\u1ee3p v\u1edbi m\u1ecdi nhu c\u1ea7u c\u1ee7a h\u1ed9i vi\u00ean t\u1ea1i nh\u00e0 c\u00e1i.<\/span><\/p>\n<figure id=\"attachment_57\" aria-describedby=\"caption-attachment-57\" style=\"width: 800px\" class=\"wp-caption aligncenter\"><img loading=\"lazy\" decoding=\"async\" class=\"size-full wp-image-57\" src=\"https:\/\/firstconsultingservices.com\/wp-content\/uploads\/2025\/09\/huong-dan-nap-tien-99ok-qua-ngan-hang.jpg\" alt=\"H\u01b0\u1edbng d\u1eabn n\u1ea1p ti\u1ec1n 99OK qua ng\u00e2n h\u00e0ng\" width=\"800\" height=\"400\" title=\"\" srcset=\"https:\/\/firstconsultingservices.com\/wp-content\/uploads\/2025\/09\/huong-dan-nap-tien-99ok-qua-ngan-hang.jpg 800w, https:\/\/firstconsultingservices.com\/wp-content\/uploads\/2025\/09\/huong-dan-nap-tien-99ok-qua-ngan-hang-300x150.jpg 300w, https:\/\/firstconsultingservices.com\/wp-content\/uploads\/2025\/09\/huong-dan-nap-tien-99ok-qua-ngan-hang-768x384.jpg 768w\" sizes=\"auto, (max-width: 800px) 100vw, 800px\" \/><figcaption id=\"caption-attachment-57\" class=\"wp-caption-text\">H\u01b0\u1edbng d\u1eabn n\u1ea1p ti\u1ec1n 99OK qua ng\u00e2n h\u00e0ng<\/figcaption><\/figure>\n<h3><span class=\"ez-toc-section\" id=\"Huong_dan_gui_tien_nha_cai_thong_qua_chuyen_khoan_ngan_hang\"><\/span><b>H\u01b0\u1edbng d\u1eabn g\u1eedi ti\u1ec1n nh\u00e0 c\u00e1i th\u00f4ng qua chuy\u1ec3n kho\u1ea3n ng\u00e2n h\u00e0ng<\/b><span class=\"ez-toc-section-end\"><\/span><\/h3>\n<p><span style=\"font-weight: 400;\">N\u1ea1p v\u00e0o t\u00e0i kho\u1ea3n c\u01b0\u1ee3c qua k\u00eanh chuy\u1ec3n kho\u1ea3n ng\u00e2n h\u00e0ng r\u1ea5t \u0111\u01a1n gi\u1ea3n v\u00e0 an to\u00e0n. B\u1ea1n c\u00f3 th\u1ec3 d\u1ec5 d\u00e0ng th\u1ef1c hi\u1ec7n giao d\u1ecbch n\u00e0y theo c\u00e1c b\u01b0\u1edbc d\u01b0\u1edbi \u0111\u00e2y \u0111\u1ec3 b\u1eaft \u0111\u1ea7u tr\u1ea3i nghi\u1ec7m c\u00e1c tr\u00f2 ch\u01a1i h\u1ea5p d\u1eabn.<\/span><\/p>\n<ul>\n<li style=\"font-weight: 400;\" aria-level=\"1\"><span style=\"font-weight: 400;\">B\u01b0\u1edbc 1: \u0110\u0103ng nh\u1eadp ho\u1eb7c \u0111\u0103ng k\u00fd h\u1ed9i vi\u00ean\u00a0<strong><span data-sheets-root=\"1\">99ok l\u1eeba \u0111\u1ea3o<\/span><\/strong> n\u1ebfu ch\u01b0a c\u00f3 t\u00e0i kho\u1ea3n.<\/span><\/li>\n<li style=\"font-weight: 400;\" aria-level=\"1\"><span style=\"font-weight: 400;\">B\u01b0\u1edbc 2: Ch\u1ecdn danh m\u1ee5c\/bi\u1ec3u t\u01b0\u1ee3ng n\u1ea1p \u0111\u1ec3 \u0111\u1eb7t l\u1ec7nh.<\/span><\/li>\n<li style=\"font-weight: 400;\" aria-level=\"1\"><span style=\"font-weight: 400;\">B\u01b0\u1edbc 3: Click v\u00e0o k\u00eanh chuy\u1ec3n kho\u1ea3n ng\u00e2n h\u00e0ng =&gt; B\u1ea1n c\u00f3 th\u1ec3 ch\u1ecdn m\u1ed9t h\u1ea1n m\u1ee9c do h\u1ec7 th\u1ed1ng \u0111\u1ec1 xu\u1ea5t, ho\u1eb7c t\u1ef1 \u0111i\u1ec1n s\u1ed1 ti\u1ec1n mu\u1ed1n n\u1ea1p.<\/span><\/li>\n<li style=\"font-weight: 400;\" aria-level=\"1\"><span style=\"font-weight: 400;\">B\u01b0\u1edbc 3: Sau khi nh\u1eadp s\u1ed1 ti\u1ec1n, h\u1ec7 th\u1ed1ng s\u1ebd t\u1ef1 \u0111\u1ed9ng hi\u1ec3n th\u1ecb c\u00e1c th\u00f4ng tin chi ti\u1ebft g\u1ed3m ph\u00ed th\u1ee7 t\u1ee5c v\u00e0 s\u1ed1 ti\u1ec1n th\u1ef1c nh\u1eadn.<\/span><\/li>\n<li style=\"font-weight: 400;\" aria-level=\"1\"><span style=\"font-weight: 400;\">B\u01b0\u1edbc 4: Nh\u1ea5n v\u00e0o n\u00fat thanh to\u00e1n tr\u1ef1c tuy\u1ebfn ngay b\u00e2y gi\u1edd. H\u1ec7 th\u1ed1ng cung c\u1ea5p th\u00f4ng tin t\u00e0i kho\u1ea3n ng\u00e2n h\u00e0ng c\u1ee7a 99OK \u0111\u1ec3 b\u1ea1n ti\u1ebfn h\u00e0nh chuy\u1ec3n kho\u1ea3n.<\/span><\/li>\n<li style=\"font-weight: 400;\" aria-level=\"1\"><span style=\"font-weight: 400;\">B\u01b0\u1edbc 5: M\u1edf \u1ee9ng d\u1ee5ng ng\u00e2n h\u00e0ng c\u1ee7a b\u1ea1n, chuy\u1ec3n v\u00e0o t\u00e0i kho\u1ea3n \u0111\u00e3 \u0111\u01b0\u1ee3c cung c\u1ea5p v\u00e0 ch\u1edd h\u1ec7 th\u1ed1ng x\u00e1c nh\u1eadn giao d\u1ecbch.<\/span><\/li>\n<\/ul>\n<h3><span class=\"ez-toc-section\" id=\"Cach_nap_tien_99OK_qua_the_cao\"><\/span><b>C\u00e1ch n\u1ea1p ti\u1ec1n 99OK qua th\u1ebb c\u00e0o<\/b><span class=\"ez-toc-section-end\"><\/span><\/h3>\n<p><span style=\"font-weight: 400;\">B\u1ea1n c\u00f3 th\u1ec3 d\u1ec5 d\u00e0ng th\u1ef1c hi\u1ec7n giao d\u1ecbch <\/span><b>n\u1ea1p ti\u1ec1n 99OK <\/b><span style=\"font-weight: 400;\">v\u00e0o v\u00ed c\u01b0\u1ee3c qua th\u1ebb c\u00e0o ch\u1ec9 v\u1edbi v\u00e0i b\u01b0\u1edbc \u0111\u01a1n gi\u1ea3n d\u01b0\u1edbi \u0111\u00e2y:<\/span><\/p>\n<ul>\n<li style=\"font-weight: 400;\" aria-level=\"1\"><span style=\"font-weight: 400;\">B\u01b0\u1edbc 1: Truy c\u1eadp t\u00e0i kho\u1ea3n c\u01b0\u1ee3c =&gt; \u0110\u1eb7t l\u1ec7nh n\u1ea1p nhanh.<\/span><\/li>\n<li style=\"font-weight: 400;\" aria-level=\"1\"><span style=\"font-weight: 400;\">B\u01b0\u1edbc 2: Nh\u1ea5n ch\u1ecdn ph\u01b0\u01a1ng th\u1ee9c giao d\u1ecbch th\u1ebb c\u00e0o \u0111i\u1ec7n tho\u1ea1i.<\/span><\/li>\n<li style=\"font-weight: 400;\" aria-level=\"1\"><span style=\"font-weight: 400;\">B\u01b0\u1edbc 3: Ch\u1ecdn m\u1ec7nh gi\u00e1 n\u1ea1p t\u1eeb 10K, 20K \u0111\u1ebfn 500K ho\u1eb7c n\u1ebfu mu\u1ed1n n\u1ea1p m\u1ed9t s\u1ed1 ti\u1ec1n kh\u00e1c, b\u1ea1n c\u00f3 th\u1ec3 nh\u1eadp tr\u1ef1c ti\u1ebfp v\u00e0o \u00f4 g\u1eedi.<\/span><\/li>\n<li style=\"font-weight: 400;\" aria-level=\"1\"><span style=\"font-weight: 400;\">B\u01b0\u1edbc 4: Sau khi ch\u1ecdn ho\u1eb7c nh\u1eadp s\u1ed1 ti\u1ec1n, h\u1ec7 th\u1ed1ng s\u1ebd t\u1ef1 \u0111\u1ed9ng hi\u1ec3n th\u1ecb &#8220;ph\u00ed th\u1ee7 t\u1ee5c&#8221; (l\u00e0 0 VND) v\u00e0 s\u1ed1 ti\u1ec1n &#8220;Th\u1ef1c t\u1ebf nh\u1eadn \u0111\u01b0\u1ee3c&#8221; c\u1ee7a b\u1ea1n.<\/span><\/li>\n<li style=\"font-weight: 400;\" aria-level=\"1\"><span style=\"font-weight: 400;\">B\u01b0\u1edbc 4: H\u1ec7 th\u1ed1ng s\u1ebd chuy\u1ec3n sang giao di\u1ec7n \u0111\u1ec3 b\u1ea1n nh\u1eadp s\u1ed1 seri v\u00e0 m\u00e3 th\u1ebb c\u00e0o. B\u1ea1n c\u1ea7n nh\u1eadp ch\u00ednh x\u00e1c hai th\u00f4ng tin n\u00e0y \u0111\u1ec3 giao d\u1ecbch th\u00e0nh c\u00f4ng.<\/span><\/li>\n<li style=\"font-weight: 400;\" aria-level=\"1\"><span style=\"font-weight: 400;\">B\u01b0\u1edbc 5: Nh\u1ea5n n\u00fat &#8220;Thanh to\u00e1n ngay b\u00e2y gi\u1edd&#8221; v\u00e0 ch\u1edd h\u1ec7 th\u1ed1ng x\u00e1c nh\u1eadn. S\u1ed1 ti\u1ec1n s\u1ebd \u0111\u01b0\u1ee3c h\u1ec7 th\u1ed1ng c\u1ed9ng v\u00e0o t\u00e0i kho\u1ea3n c\u1ee7a b\u1ea1n ngay l\u1eadp t\u1ee9c.<\/span><\/li>\n<\/ul>\n<h3><span class=\"ez-toc-section\" id=\"Huong_dan_nap_tien_99OK_sieu_de_qua_USDT\"><\/span><b>H\u01b0\u1edbng d\u1eabn n\u1ea1p ti\u1ec1n 99OK si\u00eau d\u1ec5 qua USDT<\/b><span class=\"ez-toc-section-end\"><\/span><\/h3>\n<p><b>N\u1ea1p ti\u1ec1n 99OK<\/b><span style=\"font-weight: 400;\"> b\u1eb1ng USDT l\u00e0 ph\u01b0\u01a1ng th\u1ee9c hi\u1ec7n \u0111\u1ea1i v\u00e0 \u0111\u01b0\u1ee3c nhi\u1ec1u ng\u01b0\u1eddi d\u00f9ng ti\u1ec1n m\u00e3 h\u00f3a \u01b0a chu\u1ed9ng. D\u01b0\u1edbi \u0111\u00e2y l\u00e0 h\u01b0\u1edbng d\u1eabn chi ti\u1ebft c\u00e1c b\u01b0\u1edbc \u0111\u1ec3 b\u1ea1n c\u00f3 th\u1ec3 th\u1ef1c hi\u1ec7n giao d\u1ecbch n\u00e0y m\u1ed9t c\u00e1ch d\u1ec5 d\u00e0ng v\u00e0 an to\u00e0n.<\/span><\/p>\n<figure id=\"attachment_56\" aria-describedby=\"caption-attachment-56\" style=\"width: 800px\" class=\"wp-caption aligncenter\"><img loading=\"lazy\" decoding=\"async\" class=\"size-full wp-image-56\" src=\"https:\/\/firstconsultingservices.com\/wp-content\/uploads\/2025\/09\/5-buoc-gui-tien-sieu-de-bang-usdt.jpg\" alt=\"5 b\u01b0\u1edbc g\u1eedi ti\u1ec1n si\u00eau d\u1ec5 b\u1eb1ng USDT\" width=\"800\" height=\"400\" title=\"\" srcset=\"https:\/\/firstconsultingservices.com\/wp-content\/uploads\/2025\/09\/5-buoc-gui-tien-sieu-de-bang-usdt.jpg 800w, https:\/\/firstconsultingservices.com\/wp-content\/uploads\/2025\/09\/5-buoc-gui-tien-sieu-de-bang-usdt-300x150.jpg 300w, https:\/\/firstconsultingservices.com\/wp-content\/uploads\/2025\/09\/5-buoc-gui-tien-sieu-de-bang-usdt-768x384.jpg 768w\" sizes=\"auto, (max-width: 800px) 100vw, 800px\" \/><figcaption id=\"caption-attachment-56\" class=\"wp-caption-text\">5 b\u01b0\u1edbc g\u1eedi ti\u1ec1n si\u00eau d\u1ec5 b\u1eb1ng USDT<\/figcaption><\/figure>\n<ul>\n<li style=\"font-weight: 400;\" aria-level=\"1\"><span style=\"font-weight: 400;\">B\u01b0\u1edbc 1: \u0110\u0103ng nh\u1eadp h\u1ed9i vi\u00ean\u00a0<strong><span data-sheets-root=\"1\">99ok uno h\u1ed3 ch\u00ed minh<\/span><\/strong> =&gt; Tr\u00ean giao di\u1ec7n n\u1ea1p, h\u00e3y ch\u1ecdn ph\u01b0\u01a1ng th\u1ee9c &#8220;USDT &#8211; 01&#8221;.<\/span><\/li>\n<li style=\"font-weight: 400;\" aria-level=\"1\"><span style=\"font-weight: 400;\">B\u01b0\u1edbc 2: Nh\u1ea5n v\u00e0o \u00f4 ch\u1ecdn ng\u00e2n h\u00e0ng m\u00e0 b\u1ea1n s\u1eed d\u1ee5ng v\u00e0 ch\u1ecdn ng\u00e2n h\u00e0ng ho\u1eb7c v\u00ed \u0111i\u1ec7n t\u1eed c\u00f3 h\u1ed7 tr\u1ee3 giao d\u1ecbch USDT.<\/span><\/li>\n<li style=\"font-weight: 400;\" aria-level=\"1\"><span style=\"font-weight: 400;\">B\u01b0\u1edbc 3: Trong m\u1ee5c g\u1eedi, b\u1ea1n h\u00e3y nh\u1eadp s\u1ed1 ti\u1ec1n USDT mu\u1ed1n n\u1ea1p. Gi\u1edbi h\u1ea1n n\u1ea1p t\u1ed1i thi\u1ec3u l\u00e0 30 USDT t\u1ed1i \u0111a l\u00e0 1.000 USDT.<\/span><\/li>\n<li style=\"font-weight: 400;\" aria-level=\"1\"><span style=\"font-weight: 400;\">B\u01b0\u1edbc 4: Sau khi nh\u1eadp s\u1ed1 ti\u1ec1n, nh\u1ea5n thanh to\u00e1n ngay b\u00e2y gi\u1edd. H\u1ec7 th\u1ed1ng s\u1ebd cung c\u1ea5p \u0111\u1ecba ch\u1ec9 v\u00ed USDT v\u00e0 m\u00e3 QR \u0111\u1ec3 b\u1ea1n th\u1ef1c hi\u1ec7n chuy\u1ec3n kho\u1ea3n.<\/span><\/li>\n<li style=\"font-weight: 400;\" aria-level=\"1\"><span style=\"font-weight: 400;\">B\u01b0\u1edbc 5: M\u1edf v\u00ed ti\u1ec1n m\u00e3 h\u00f3a c\u1ee7a b\u1ea1n, th\u1ef1c hi\u1ec7n chuy\u1ec3n USDT \u0111\u1ebfn \u0111\u1ecba ch\u1ec9 v\u00ed c\u1ee7a nh\u00e0 c\u00e1i. Sau khi giao d\u1ecbch \u0111\u01b0\u1ee3c x\u00e1c nh\u1eadn tr\u00ean blockchain, s\u1ed1 d\u01b0 s\u1ebd \u0111\u01b0\u1ee3c c\u1ed9ng v\u00e0o t\u00e0i kho\u1ea3n c\u1ee7a b\u1ea1n.<\/span><\/li>\n<\/ul>\n<blockquote><p><em><strong>&gt;&gt;&gt; Xem th\u00eam : <a href=\"https:\/\/firstconsultingservices.com\/vi-vn\/rut-tien-99ok\/\">R\u00fat Ti\u1ec1n 99ok<\/a> Nhanh V\u1ec1 Ng\u00e2n H\u00e0ng V\u00e0 Nh\u1eadn Th\u01b0\u1edfng Ngay<\/strong><\/em><\/p><\/blockquote>\n<h2><span class=\"ez-toc-section\" id=\"Han_muc_toi_thieu_va_toi_da_khi_nap_tien_99OK\"><\/span><b>H\u1ea1n m\u1ee9c t\u1ed1i thi\u1ec3u v\u00e0 t\u1ed1i \u0111a khi n\u1ea1p ti\u1ec1n 99OK<\/b><span class=\"ez-toc-section-end\"><\/span><\/h2>\n<p><span style=\"font-weight: 400;\">H\u1ea1n m\u1ee9c n\u1ea1p t\u1ea1i nh\u00e0 c\u00e1i \u0111a d\u1ea1ng, t\u00f9y theo ph\u01b0\u01a1ng th\u1ee9c giao d\u1ecbch m\u00e0 b\u1ea1n l\u1ef1a ch\u1ecdn. D\u01b0\u1edbi \u0111\u00e2y l\u00e0 b\u1ea3ng t\u1ed5ng h\u1ee3p chi ti\u1ebft c\u00e1c h\u1ea1n m\u1ee9c chuy\u1ec3n kho\u1ea3n.<\/span><\/p>\n<table>\n<tbody>\n<tr>\n<td><b>Ph\u01b0\u01a1ng th\u1ee9c n\u1ea1p<\/b><\/td>\n<td><b>H\u1ea1n m\u1ee9c t\u1ed1i thi\u1ec3u<\/b><\/td>\n<td><b>H\u1ea1n m\u1ee9c t\u1ed1i \u0111a<\/b><\/td>\n<\/tr>\n<tr>\n<td><span style=\"font-weight: 400;\">Chuy\u1ec3n kho\u1ea3n ng\u00e2n h\u00e0ng<\/span><\/td>\n<td><span style=\"font-weight: 400;\">50.000 VN\u0110<\/span><\/td>\n<td><span style=\"font-weight: 400;\">50.000.000 VN\u0110<\/span><\/td>\n<\/tr>\n<tr>\n<td><span style=\"font-weight: 400;\">Th\u1ebb c\u00e0o<\/span><\/td>\n<td><span style=\"font-weight: 400;\">10.000 VN\u0110<\/span><\/td>\n<td><span style=\"font-weight: 400;\">1.000.000 VN\u0110<\/span><\/td>\n<\/tr>\n<tr>\n<td><span style=\"font-weight: 400;\">V\u00ed \u0111i\u1ec7n t\u1eed<\/span><\/td>\n<td><span style=\"font-weight: 400;\">50.000 VN\u0110<\/span><\/td>\n<td><span style=\"font-weight: 400;\">10.000.000 VN\u0110<\/span><\/td>\n<\/tr>\n<tr>\n<td><span style=\"font-weight: 400;\">USDT<\/span><\/td>\n<td><span style=\"font-weight: 400;\">30 USDT<\/span><\/td>\n<td><span style=\"font-weight: 400;\">1.000 USDT<\/span><\/td>\n<\/tr>\n<\/tbody>\n<\/table>\n<h2><span class=\"ez-toc-section\" id=\"Luu_y_can_nam_ro_khi_nap_tien_vao_vi_cuoc_99OK\"><\/span><b>L\u01b0u \u00fd c\u1ea7n n\u1eafm r\u00f5 khi n\u1ea1p ti\u1ec1n v\u00e0o v\u00ed c\u01b0\u1ee3c 99OK<\/b><span class=\"ez-toc-section-end\"><\/span><\/h2>\n<p><span style=\"font-weight: 400;\">N\u1eafm r\u00f5 l\u01b0u \u00fd khi <\/span><b>n\u1ea1p ti\u1ec1n 99OK <\/b><span style=\"font-weight: 400;\">s\u1ebd gi\u00fap b\u1ea1n th\u1ef1c hi\u1ec7n giao d\u1ecbch nhanh ch\u00f3ng, an to\u00e0n v\u00e0 tr\u00e1nh nh\u1eefng sai s\u00f3t kh\u00f4ng \u0111\u00e1ng c\u00f3. \u0110i\u1ec1u n\u00e0y c\u00f3 th\u1ec3 \u0111\u1ea3m b\u1ea3o r\u1eb1ng, \u0111i\u1ec3m c\u01b0\u1ee3c lu\u00f4n \u0111\u01b0\u1ee3c c\u1eadp nh\u1eadt \u0111\u00fang v\u00e0 \u0111\u1ee7.<\/span><\/p>\n<figure id=\"attachment_55\" aria-describedby=\"caption-attachment-55\" style=\"width: 800px\" class=\"wp-caption aligncenter\"><img loading=\"lazy\" decoding=\"async\" class=\"size-full wp-image-55\" src=\"https:\/\/firstconsultingservices.com\/wp-content\/uploads\/2025\/09\/luu-y-khi-thao-tac-giao-dich-tai-99ok.jpg\" alt=\"L\u01b0u \u00fd khi thao t\u00e1c giao d\u1ecbch t\u1ea1i 99OK\" width=\"800\" height=\"400\" title=\"\" srcset=\"https:\/\/firstconsultingservices.com\/wp-content\/uploads\/2025\/09\/luu-y-khi-thao-tac-giao-dich-tai-99ok.jpg 800w, https:\/\/firstconsultingservices.com\/wp-content\/uploads\/2025\/09\/luu-y-khi-thao-tac-giao-dich-tai-99ok-300x150.jpg 300w, https:\/\/firstconsultingservices.com\/wp-content\/uploads\/2025\/09\/luu-y-khi-thao-tac-giao-dich-tai-99ok-768x384.jpg 768w\" sizes=\"auto, (max-width: 800px) 100vw, 800px\" \/><figcaption id=\"caption-attachment-55\" class=\"wp-caption-text\">L\u01b0u \u00fd khi thao t\u00e1c giao d\u1ecbch t\u1ea1i 99OK<\/figcaption><\/figure>\n<table>\n<tbody>\n<tr>\n<td><b>L\u01b0u \u00fd<\/b><\/td>\n<td><b>Chi ti\u1ebft<\/b><\/td>\n<\/tr>\n<tr>\n<td><span style=\"font-weight: 400;\">Ki\u1ec3m tra ph\u01b0\u01a1ng th\u1ee9c\/k\u00eanh th\u1ef1c hi\u1ec7n thanh to\u00e1n<\/span><\/td>\n<td><span style=\"font-weight: 400;\">\u0110\u1ea3m b\u1ea3o ch\u1ecdn \u0111\u00fang ng\u00e2n h\u00e0ng, v\u00ed \u0111i\u1ec7n t\u1eed ho\u1eb7c th\u1ebb c\u00e0o, usdt \u0111\u01b0\u1ee3c h\u1ed7 tr\u1ee3 \u0111\u1ec3 giao d\u1ecbch kh\u00f4ng b\u1ecb l\u1ed7i<\/span><\/td>\n<\/tr>\n<tr>\n<td><span style=\"font-weight: 400;\">Nh\u1eadp \u0111\u00fang th\u00f4ng tin<\/span><\/td>\n<td><span style=\"font-weight: 400;\">S\u1ed1 t\u00e0i kho\u1ea3n, s\u1ed1 th\u1ebb v\u00e0 s\u1ed1 ti\u1ec1n c\u1ea7n n\u1ea1p ph\u1ea3i ch\u00ednh x\u00e1c \u0111\u1ec3 tr\u00e1nh th\u1ea5t l\u1ea1c ho\u1eb7c ch\u1eadm tr\u1ec5<\/span><\/td>\n<\/tr>\n<tr>\n<td><span style=\"font-weight: 400;\">Gi\u1eef m\u00e0n h\u00ecnh x\u00e1c nh\u1eadn<\/span><\/td>\n<td><span style=\"font-weight: 400;\">Sau khi n\u1ea1p, l\u01b0u gi\u1eef bi\u00ean lai ho\u1eb7c \u1ea3nh ch\u1ee5p m\u00e0n h\u00ecnh \u0111\u1ec3 \u0111\u1ed1i chi\u1ebfu khi c\u1ea7n thi\u1ebft.<\/span><\/td>\n<\/tr>\n<tr>\n<td><span style=\"font-weight: 400;\">Th\u1eddi gian x\u1eed l\u00fd<\/span><\/td>\n<td><span style=\"font-weight: 400;\">M\u1ed9t s\u1ed1 ph\u01b0\u01a1ng th\u1ee9c c\u00f3 th\u1ec3 m\u1ea5t v\u00e0i ph\u00fat \u0111\u1ec3 ti\u1ec1n v\u1ec1 v\u00ed, h\u00e3y ki\u00ean nh\u1eabn ch\u1edd v\u00e0 ki\u1ec3m tra l\u1ea1i n\u1ebfu ch\u01b0a nh\u1eadn \u0111\u01b0\u1ee3c<\/span><\/td>\n<\/tr>\n<\/tbody>\n<\/table>\n<h2><span class=\"ez-toc-section\" id=\"Ket_luan\"><\/span><b>K\u1ebft lu\u1eadn<\/b><span class=\"ez-toc-section-end\"><\/span><\/h2>\n<p><span style=\"font-weight: 400;\">B\u00e0i vi\u1ebft tr\u00ean \u0111\u00e3 h\u01b0\u1edbng d\u1eabn b\u1ea1n c\u00e1ch <\/span><a href=\"https:\/\/firstconsultingservices.com\/vi-vn\/nap-tien-99ok\/\"><b>n\u1ea1p ti\u1ec1n 99OK<\/b><\/a> <span style=\"font-weight: 400;\">nhanh nh\u1ea5t. Th\u1ef1c hi\u1ec7n theo \u0111\u00fang c\u00e1c b\u01b0\u1edbc \u0111\u1ed3ng th\u1eddi, n\u1eafm r\u00f5 l\u01b0u \u00fd s\u1ebd gi\u00fap b\u1ea1n c\u00f3 \u0111\u01b0\u1ee3c qu\u00e1 tr\u00ecnh giao d\u1ecbch hi\u1ec7u qu\u1ea3. Nh\u00e0 c\u00e1i hi\u1ec7n \u0111ang t\u1ed5 ch\u1ee9c h\u00e0ng lo\u1ea1t khuy\u1ebfn m\u00e3i si\u00eau h\u1ea5p d\u1eabn t\u1eb7ng th\u01b0\u1edfng cho nh\u1eefng h\u1ed9i vi\u00ean g\u1eedi \u0111\u1ec1u \u0111\u1eb7n.<\/span><\/p>","protected":false},"excerpt":{"rendered":"<p>N\u1ea1p Ti\u1ec1n 99OK C\u1ef1c \u0110\u01a1n Gi\u1ea3n V\u1edbi 3 C\u00e1ch Si\u00eau Nhanh G\u1ecdn N\u1ea1p ti\u1ec1n 99OK l\u00e0 c\u00e1ch \u0111\u01a1n gi\u1ea3n nh\u1ea5t \u0111\u1ec3 b\u1ea1n c\u00f3 th\u1ec3 tham gia khuy\u1ebfn m\u00e3i v\u00e0 tr\u1ea3i nghi\u1ec7m c\u00e1c game hot t\u1eeb th\u1ec3 thao, casino, x\u1ed5 s\u1ed1, n\u1ed5 h\u0169, b\u1eafn c\u00e1 \u0111\u1ebfn \u0111\u00e1 g\u00e0. Nh\u00e0 c\u00e1i 99OK cung c\u1ea5p 3 k\u00eanh giao [&#8230;]\n","protected":false},"author":1,"featured_media":58,"parent":0,"menu_order":0,"comment_status":"closed","ping_status":"closed","template":"","meta":{"footnotes":""},"class_list":["post-29","page","type-page","status-publish","has-post-thumbnail","hentry"],"_links":{"self":[{"href":"https:\/\/firstconsultingservices.com\/vi-vn\/wp-json\/wp\/v2\/pages\/29","targetHints":{"allow":["GET"]}}],"collection":[{"href":"https:\/\/firstconsultingservices.com\/vi-vn\/wp-json\/wp\/v2\/pages"}],"about":[{"href":"https:\/\/firstconsultingservices.com\/vi-vn\/wp-json\/wp\/v2\/types\/page"}],"author":[{"embeddable":true,"href":"https:\/\/firstconsultingservices.com\/vi-vn\/wp-json\/wp\/v2\/users\/1"}],"replies":[{"embeddable":true,"href":"https:\/\/firstconsultingservices.com\/vi-vn\/wp-json\/wp\/v2\/comments?post=29"}],"version-history":[{"count":7,"href":"https:\/\/firstconsultingservices.com\/vi-vn\/wp-json\/wp\/v2\/pages\/29\/revisions"}],"predecessor-version":[{"id":508,"href":"https:\/\/firstconsultingservices.com\/vi-vn\/wp-json\/wp\/v2\/pages\/29\/revisions\/508"}],"wp:featuredmedia":[{"embeddable":true,"href":"https:\/\/firstconsultingservices.com\/vi-vn\/wp-json\/wp\/v2\/media\/58"}],"wp:attachment":[{"href":"https:\/\/firstconsultingservices.com\/vi-vn\/wp-json\/wp\/v2\/media?parent=29"}],"curies":[{"name":"wp","href":"https:\/\/api.w.org\/{rel}","templated":true}]}}