{"id":30,"date":"2025-09-10T12:39:28","date_gmt":"2025-09-10T05:39:28","guid":{"rendered":"https:\/\/zcsggp.sa.com\/?page_id=30"},"modified":"2025-10-10T19:46:28","modified_gmt":"2025-10-10T12:46:28","slug":"tai-app-99ok","status":"publish","type":"page","link":"https:\/\/firstconsultingservices.com\/vi-vn\/tai-app-99ok\/","title":{"rendered":"T\u1ea3i App 99OK"},"content":{"rendered":"<div id=\"ez-toc-container\" class=\"ez-toc-v2_0_76 counter-hierarchy ez-toc-counter ez-toc-grey ez-toc-container-direction\">\n<div class=\"ez-toc-title-container\">\n<p class=\"ez-toc-title\" style=\"cursor:inherit\">Table of Contents<\/p>\n<span class=\"ez-toc-title-toggle\"><a href=\"#\" class=\"ez-toc-pull-right ez-toc-btn ez-toc-btn-xs ez-toc-btn-default ez-toc-toggle\" aria-label=\"Toggle Table of Content\"><span class=\"ez-toc-js-icon-con\"><span class=\"\"><span class=\"eztoc-hide\" style=\"display:none;\">Toggle<\/span><span class=\"ez-toc-icon-toggle-span\"><svg style=\"fill: #999;color:#999\" xmlns=\"http:\/\/www.w3.org\/2000\/svg\" class=\"list-377408\" width=\"20px\" height=\"20px\" viewbox=\"0 0 24 24\" fill=\"none\"><path d=\"M6 6H4v2h2V6zm14 0H8v2h12V6zM4 11h2v2H4v-2zm16 0H8v2h12v-2zM4 16h2v2H4v-2zm16 0H8v2h12v-2z\" fill=\"currentColor\"><\/path><\/svg><svg style=\"fill: #999;color:#999\" class=\"arrow-unsorted-368013\" xmlns=\"http:\/\/www.w3.org\/2000\/svg\" width=\"10px\" height=\"10px\" viewbox=\"0 0 24 24\" version=\"1.2\" baseprofile=\"tiny\"><path d=\"M18.2 9.3l-6.2-6.3-6.2 6.3c-.2.2-.3.4-.3.7s.1.5.3.7c.2.2.4.3.7.3h11c.3 0 .5-.1.7-.3.2-.2.3-.5.3-.7s-.1-.5-.3-.7zM5.8 14.7l6.2 6.3 6.2-6.3c.2-.2.3-.5.3-.7s-.1-.5-.3-.7c-.2-.2-.4-.3-.7-.3h-11c-.3 0-.5.1-.7.3-.2.2-.3.5-.3.7s.1.5.3.7z\"\/><\/svg><\/span><\/span><\/span><\/a><\/span><\/div>\n<nav><ul class='ez-toc-list ez-toc-list-level-1' ><li class='ez-toc-page-1 ez-toc-heading-level-1'><a class=\"ez-toc-link ez-toc-heading-1\" href=\"https:\/\/firstconsultingservices.com\/vi-vn\/tai-app-99ok\/#Tai_App_99OK_Nhanh_Nhat_Ve_Dien_Thoai_Android_Va_Ios\" >T\u1ea3i App 99OK Nhanh Nh\u1ea5t V\u1ec1 \u0110i\u1ec7n Tho\u1ea1i Android V\u00e0 Ios<\/a><ul class='ez-toc-list-level-2' ><li class='ez-toc-heading-level-2'><a class=\"ez-toc-link ez-toc-heading-2\" href=\"https:\/\/firstconsultingservices.com\/vi-vn\/tai-app-99ok\/#Thong_tin_app_99OK_moi_nhat_Cap_nhat_lien_tuc\" >Th\u00f4ng tin app 99OK m\u1edbi nh\u1ea5t | C\u1eadp nh\u1eadt li\u00ean t\u1ee5c<\/a><\/li><li class='ez-toc-page-1 ez-toc-heading-level-2'><a class=\"ez-toc-link ez-toc-heading-3\" href=\"https:\/\/firstconsultingservices.com\/vi-vn\/tai-app-99ok\/#Huong_dan_tai_app_9OK_danh_cho_Android_va_iOS\" >H\u01b0\u1edbng d\u1eabn t\u1ea3i app 9OK d\u00e0nh cho Android v\u00e0 iOS<\/a><ul class='ez-toc-list-level-3' ><li class='ez-toc-heading-level-3'><a class=\"ez-toc-link ez-toc-heading-4\" href=\"https:\/\/firstconsultingservices.com\/vi-vn\/tai-app-99ok\/#Cach_tai_nhanh_cho_Android\" >C\u00e1ch t\u1ea3i nhanh cho Android<\/a><\/li><li class='ez-toc-page-1 ez-toc-heading-level-3'><a class=\"ez-toc-link ez-toc-heading-5\" href=\"https:\/\/firstconsultingservices.com\/vi-vn\/tai-app-99ok\/#Huong_dan_tai_app_99OK_cho_iOS\" >H\u01b0\u1edbng d\u1eabn t\u1ea3i app 99OK cho iOS<\/a><\/li><\/ul><\/li><li class='ez-toc-page-1 ez-toc-heading-level-2'><a class=\"ez-toc-link ez-toc-heading-6\" href=\"https:\/\/firstconsultingservices.com\/vi-vn\/tai-app-99ok\/#Cach_them_app_web_99OK_vao_man_hinh_chinh_khong_can_tai\" >C\u00e1ch th\u00eam app web 99OK v\u00e0o m\u00e0n h\u00ecnh ch\u00ednh (kh\u00f4ng c\u1ea7n t\u1ea3i)<\/a><\/li><li class='ez-toc-page-1 ez-toc-heading-level-2'><a class=\"ez-toc-link ez-toc-heading-7\" href=\"https:\/\/firstconsultingservices.com\/vi-vn\/tai-app-99ok\/#Luu_y_khi_tai_app_99OK_nguoi_choi_can_nam_ro\" >L\u01b0u \u00fd khi t\u1ea3i app 99OK ng\u01b0\u1eddi ch\u01a1i c\u1ea7n n\u1eafm r\u00f5<\/a><\/li><li class='ez-toc-page-1 ez-toc-heading-level-2'><a class=\"ez-toc-link ez-toc-heading-8\" href=\"https:\/\/firstconsultingservices.com\/vi-vn\/tai-app-99ok\/#Ket_luan\" >K\u1ebft lu\u1eadn<\/a><\/li><\/ul><\/li><\/ul><\/nav><\/div>\n<h1 style=\"text-align: center;\"><span class=\"ez-toc-section\" id=\"Tai_App_99OK_Nhanh_Nhat_Ve_Dien_Thoai_Android_Va_Ios\"><\/span><b>T\u1ea3i App 99OK Nhanh Nh\u1ea5t V\u1ec1 \u0110i\u1ec7n Tho\u1ea1i Android V\u00e0 Ios<\/b><span class=\"ez-toc-section-end\"><\/span><\/h1>\n<p><b>T\u1ea3i app 99OK <\/b><span style=\"font-weight: 400;\">ngay h\u00f4m nay \u0111\u1ec3 tr\u1ea3i nghi\u1ec7m kho tr\u00f2 ch\u01a1i \u0111a d\u1ea1ng, giao d\u1ecbch nhanh ch\u00f3ng v\u00e0 c\u00e1c \u01b0u \u0111\u00e3i h\u1ea5p d\u1eabn ngay tr\u00ean \u0111i\u1ec7n tho\u1ea1i c\u1ee7a b\u1ea1n. V\u1edbi thi\u1ebft k\u1ebf t\u1ed1i \u01b0u cho Android\/iOS, \u1ee9ng d\u1ee5ng <strong><a class=\"in-cell-link\" href=\"https:\/\/firstconsultingservices.com\/vi-vn\/\" target=\"_blank\" rel=\"noopener\">99OK<\/a><\/strong> mang \u0111\u1ebfn tr\u1ea3i nghi\u1ec7m c\u01b0\u1ee3c m\u01b0\u1ee3t m\u00e0, ti\u1ec7n l\u1ee3i v\u00e0 an to\u00e0n, gi\u00fap b\u1ea1n kh\u00f4ng b\u1ecf l\u1ee1 b\u1ea5t k\u1ef3 c\u01a1 h\u1ed9i gi\u1ea3i tr\u00ed n\u00e0o t\u1eeb n\u1ec1n t\u1ea3ng.<\/span><\/p>\n<h2><span class=\"ez-toc-section\" id=\"Thong_tin_app_99OK_moi_nhat_Cap_nhat_lien_tuc\"><\/span><b>Th\u00f4ng tin app 99OK m\u1edbi nh\u1ea5t | C\u1eadp nh\u1eadt li\u00ean t\u1ee5c<\/b><span class=\"ez-toc-section-end\"><\/span><\/h2>\n<p><span style=\"font-weight: 400;\">App 99OK hi\u1ec7n \u0111ang \u0111\u01b0\u1ee3c nhi\u1ec1u ng\u01b0\u1eddi ch\u01a1i tin d\u00f9ng nh\u1edd giao di\u1ec7n th\u00e2n thi\u1ec7n v\u00e0 t\u1ed1c \u0111\u1ed9 t\u1ea3i nhanh ch\u00f3ng. C\u00e1c t\u00ednh n\u0103ng h\u1ed7 tr\u1ee3 c\u00e1 c\u01b0\u1ee3c \u0111\u01b0\u1ee3c c\u1eadp nh\u1eadt \u0111\u1ec1u \u0111\u1eb7n, gi\u00fap tr\u1ea3i nghi\u1ec7m gi\u1ea3i tr\u00ed tr\u1ef1c tuy\u1ebfn tr\u1edf n\u00ean m\u01b0\u1ee3t m\u00e0 v\u00e0 h\u1ea5p d\u1eabn h\u01a1n.<\/span><\/p>\n<figure id=\"attachment_52\" aria-describedby=\"caption-attachment-52\" style=\"width: 800px\" class=\"wp-caption aligncenter\"><img loading=\"lazy\" decoding=\"async\" class=\"size-full wp-image-52\" src=\"https:\/\/firstconsultingservices.com\/wp-content\/uploads\/2025\/09\/thong-tin-cai-dat-hoi-vien-can-nam-truoc-khi-thuc-hien.jpg\" alt=\"Th\u00f4ng tin c\u00e0i \u0111\u1eb7t h\u1ed9i vi\u00ean c\u1ea7n n\u1eafm tr\u01b0\u1edbc khi th\u1ef1c hi\u1ec7n\" width=\"800\" height=\"400\" title=\"\" srcset=\"https:\/\/firstconsultingservices.com\/wp-content\/uploads\/2025\/09\/thong-tin-cai-dat-hoi-vien-can-nam-truoc-khi-thuc-hien.jpg 800w, https:\/\/firstconsultingservices.com\/wp-content\/uploads\/2025\/09\/thong-tin-cai-dat-hoi-vien-can-nam-truoc-khi-thuc-hien-300x150.jpg 300w, https:\/\/firstconsultingservices.com\/wp-content\/uploads\/2025\/09\/thong-tin-cai-dat-hoi-vien-can-nam-truoc-khi-thuc-hien-768x384.jpg 768w\" sizes=\"auto, (max-width: 800px) 100vw, 800px\" \/><figcaption id=\"caption-attachment-52\" class=\"wp-caption-text\">Th\u00f4ng tin c\u00e0i \u0111\u1eb7t h\u1ed9i vi\u00ean c\u1ea7n n\u1eafm tr\u01b0\u1edbc khi th\u1ef1c hi\u1ec7n<\/figcaption><\/figure>\n<table>\n<tbody>\n<tr>\n<td><span style=\"font-weight: 400;\">T\u00ean \u1ee9ng d\u1ee5ng<\/span><\/td>\n<td><span style=\"font-weight: 400;\">99OK<\/span><\/td>\n<\/tr>\n<tr>\n<td><span style=\"font-weight: 400;\">Phi\u00ean b\u1ea3n<\/span><\/td>\n<td><span style=\"font-weight: 400;\">Android 2.3.1 \/ iOS 2.3.1<\/span><\/td>\n<\/tr>\n<tr>\n<td><span style=\"font-weight: 400;\">Dung l\u01b0\u1ee3ng<\/span><\/td>\n<td><span style=\"font-weight: 400;\">Android: ~ 85MB \/ iOS: ~ 90MB<\/span><\/td>\n<\/tr>\n<tr>\n<td><span style=\"font-weight: 400;\">H\u1ec7 \u0111i\u1ec1u h\u00e0nh<\/span><\/td>\n<td><span style=\"font-weight: 400;\">Android 5.0 tr\u1edf l\u00ean \/ iOS 12.0 tr\u1edf l\u00ean<\/span><\/td>\n<\/tr>\n<tr>\n<td><span style=\"font-weight: 400;\">T\u00ednh n\u0103ng ch\u00ednh<\/span><\/td>\n<td>\n<ul>\n<li style=\"font-weight: 400;\" aria-level=\"1\"><span style=\"font-weight: 400;\">C\u00e1 c\u01b0\u1ee3c th\u1ec3 thao tr\u1ef1c tuy\u1ebfn<\/span><\/li>\n<li style=\"font-weight: 400;\" aria-level=\"1\"><span style=\"font-weight: 400;\">Casino online livestream<\/span><\/li>\n<li style=\"font-weight: 400;\" aria-level=\"1\"><span style=\"font-weight: 400;\">Game n\u1ed5 h\u0169, b\u1eafn c\u00e1, t\u00e0i x\u1ec9u<\/span><\/li>\n<li style=\"font-weight: 400;\" aria-level=\"1\"><span style=\"font-weight: 400;\">\u0110\u00e1 g\u00e0 tr\u1ef1c ti\u1ebfp<\/span><\/li>\n<\/ul>\n<\/td>\n<\/tr>\n<tr>\n<td><span style=\"font-weight: 400;\">B\u1ea3o m\u1eadt<\/span><\/td>\n<td><span style=\"font-weight: 400;\">SSL 128-bit, x\u00e1c th\u1ef1c 2 l\u1edbp<\/span><\/td>\n<\/tr>\n<tr>\n<td><span style=\"font-weight: 400;\">Khuy\u1ebfn m\u00e3i<\/span><\/td>\n<td><span style=\"font-weight: 400;\">50K freebet khi \u0111\u0103ng k\u00fd, ho\u00e0n tr\u1ea3 c\u01b0\u1ee3c h\u00e0ng tu\u1ea7n<\/span><\/td>\n<\/tr>\n<\/tbody>\n<\/table>\n<h2><span class=\"ez-toc-section\" id=\"Huong_dan_tai_app_9OK_danh_cho_Android_va_iOS\"><\/span><b>H\u01b0\u1edbng d\u1eabn t\u1ea3i app 9OK d\u00e0nh cho Android v\u00e0 iOS<\/b><span class=\"ez-toc-section-end\"><\/span><\/h2>\n<p><b>T\u1ea3i app 99OK <\/b><span style=\"font-weight: 400;\">\u0111\u1ec3 tr\u1ea3i nghi\u1ec7m kho tr\u00f2 ch\u01a1i \u0111a d\u1ea1ng v\u00e0 nh\u1eadn th\u01b0\u1edfng t\u1eeb lo\u1ea1t khuy\u1ebfn m\u00e3i h\u1ea5p d\u1eabn t\u1eeb nh\u00e0 c\u00e1i. Ch\u1ec9 v\u1edbi v\u00e0i b\u01b0\u1edbc \u0111\u01a1n gi\u1ea3n, b\u1ea1n c\u00f3 th\u1ec3 c\u00e0i \u0111\u1eb7t tr\u00ean c\u1ea3 Android v\u00e0 iOS, s\u1eb5n s\u00e0ng tham gia c\u00e1 c\u01b0\u1ee3c m\u1ecdi l\u00fac m\u1ecdi n\u01a1i.<\/span><\/p>\n<h3><span class=\"ez-toc-section\" id=\"Cach_tai_nhanh_cho_Android\"><\/span><b>C\u00e1ch t\u1ea3i nhanh cho Android<\/b><span class=\"ez-toc-section-end\"><\/span><\/h3>\n<p><span style=\"font-weight: 400;\">Mu\u1ed1n tr\u1ea3i nghi\u1ec7m \u1ee9ng d\u1ee5ng\u00a0<strong>T\u1ea3i App 99OK<\/strong> tr\u00ean Android, b\u1ea1n ch\u1ec9 c\u1ea7n th\u1ef1c hi\u1ec7n v\u00e0i b\u01b0\u1edbc \u0111\u01a1n gi\u1ea3n l\u00e0 c\u00f3 th\u1ec3 c\u00e0i \u0111\u1eb7t v\u00e0 \u0111\u0103ng nh\u1eadp \u0111\u1ec3 tham gia c\u00e1c tr\u00f2 ch\u01a1i h\u1ea5p d\u1eabn. T\u1ea3i tr\u1ef1c ti\u1ebfp t\u1eeb link ch\u00ednh th\u1ee9c gi\u00fap \u0111\u1ea3m b\u1ea3o an to\u00e0n v\u00e0 \u1ed5n \u0111\u1ecbnh cho thi\u1ebft b\u1ecb.<\/span><\/p>\n<ul>\n<li style=\"font-weight: 400;\" aria-level=\"1\"><span style=\"font-weight: 400;\">B\u01b0\u1edbc 1: M\u1edf tr\u00ecnh duy\u1ec7t tr\u00ean \u0111i\u1ec7n tho\u1ea1i v\u00e0 v\u00e0o trang 99OK. Nh\u1ea5n v\u00e0o \u201cT\u1ea3i app Android\u201d \u0111\u1ec3 t\u1ea3i phi\u00ean b\u1ea3n APK m\u1edbi nh\u1ea5t.<\/span><\/li>\n<li style=\"font-weight: 400;\" aria-level=\"1\"><span style=\"font-weight: 400;\">B\u01b0\u1edbc 2: V\u00e0o C\u00e0i \u0111\u1eb7t =&gt; B\u1ea3o m\u1eadt =&gt; Cho ph\u00e9p c\u00e0i \u0111\u1eb7t t\u1eeb ngu\u1ed3n kh\u00f4ng r\u00f5 \u0111\u1ec3 \u0111i\u1ec7n tho\u1ea1i ch\u1ea5p nh\u1eadn file APK.<\/span><\/li>\n<li style=\"font-weight: 400;\" aria-level=\"1\"><span style=\"font-weight: 400;\">B\u01b0\u1edbc 3: M\u1edf file APK \u0111\u00e3 t\u1ea3i, ch\u1ecdn \u201cC\u00e0i \u0111\u1eb7t\u201d v\u00e0 ch\u1edd h\u1ec7 th\u1ed1ng ho\u00e0n t\u1ea5t.<\/span><\/li>\n<li style=\"font-weight: 400;\" aria-level=\"1\"><span style=\"font-weight: 400;\">B\u01b0\u1edbc 4: Sau khi c\u00e0i xong, m\u1edf \u1ee9ng d\u1ee5ng 99OK, \u0111\u0103ng nh\u1eadp ho\u1eb7c t\u1ea1o t\u00e0i kho\u1ea3n m\u1edbi \u0111\u1ec3 tr\u1ea3i nghi\u1ec7m c\u00e1c tr\u00f2 ch\u01a1i \u0111a d\u1ea1ng v\u00e0 t\u00ednh n\u0103ng h\u1ea5p d\u1eabn.<\/span><\/li>\n<li style=\"font-weight: 400;\" aria-level=\"1\"><span style=\"font-weight: 400;\">B\u01b0\u1edbc 5: L\u1ea7n \u0111\u1ea7u m\u1edf, h\u1ec7 th\u1ed1ng\u00a0<strong><span data-sheets-root=\"1\">99ok 123win<\/span><\/strong> s\u1ebd th\u00f4ng b\u00e1o n\u1ebfu c\u00f3 b\u1ea3n c\u1eadp nh\u1eadt \u0111\u1ec3 \u0111\u1ea3m b\u1ea3o tr\u1ea3i nghi\u1ec7m lu\u00f4n m\u01b0\u1ee3t m\u00e0 v\u00e0 \u0111\u1ea7y \u0111\u1ee7 t\u00ednh n\u0103ng.<\/span><\/li>\n<\/ul>\n<h3><span class=\"ez-toc-section\" id=\"Huong_dan_tai_app_99OK_cho_iOS\"><\/span><b>H\u01b0\u1edbng d\u1eabn t\u1ea3i app 99OK cho iOS<\/b><span class=\"ez-toc-section-end\"><\/span><\/h3>\n<p><span style=\"font-weight: 400;\">B\u1ea1n c\u00f3 th\u1ec3 <\/span><b>t\u1ea3i app 99OK<\/b><span style=\"font-weight: 400;\"> tr\u00ean iOS nhanh ch\u00f3ng \u0111\u1ec3 t\u1eadn h\u01b0\u1edfng kho tr\u00f2 ch\u01a1i \u0111a d\u1ea1ng v\u00e0 c\u00e1c ch\u01b0\u01a1ng tr\u00ecnh khuy\u1ebfn m\u00e3i h\u1ea5p d\u1eabn. Vi\u1ec7c t\u1ea3i tr\u1ef1c ti\u1ebfp t\u1eeb ngu\u1ed3n ch\u00ednh th\u1ee9c gi\u00fap thi\u1ebft b\u1ecb an to\u00e0n, tr\u00e1nh l\u1ed7i v\u00e0 gi\u00e1n \u0111o\u1ea1n tr\u1ea3i nghi\u1ec7m.<\/span><\/p>\n<figure id=\"attachment_51\" aria-describedby=\"caption-attachment-51\" style=\"width: 800px\" class=\"wp-caption aligncenter\"><img loading=\"lazy\" decoding=\"async\" class=\"size-full wp-image-51\" src=\"https:\/\/firstconsultingservices.com\/wp-content\/uploads\/2025\/09\/thao-tac-tai-app-99ok-chi-tiet-danh-cho-hoi-vien-nha-cai.jpg\" alt=\"Thao t\u00e1c t\u1ea3i app 99OK chi ti\u1ebft d\u00e0nh cho h\u1ed9i vi\u00ean nh\u00e0 c\u00e1i\" width=\"800\" height=\"400\" title=\"\" srcset=\"https:\/\/firstconsultingservices.com\/wp-content\/uploads\/2025\/09\/thao-tac-tai-app-99ok-chi-tiet-danh-cho-hoi-vien-nha-cai.jpg 800w, https:\/\/firstconsultingservices.com\/wp-content\/uploads\/2025\/09\/thao-tac-tai-app-99ok-chi-tiet-danh-cho-hoi-vien-nha-cai-300x150.jpg 300w, https:\/\/firstconsultingservices.com\/wp-content\/uploads\/2025\/09\/thao-tac-tai-app-99ok-chi-tiet-danh-cho-hoi-vien-nha-cai-768x384.jpg 768w\" sizes=\"auto, (max-width: 800px) 100vw, 800px\" \/><figcaption id=\"caption-attachment-51\" class=\"wp-caption-text\">Thao t\u00e1c t\u1ea3i app 99OK chi ti\u1ebft d\u00e0nh cho h\u1ed9i vi\u00ean nh\u00e0 c\u00e1i<\/figcaption><\/figure>\n<ul>\n<li style=\"font-weight: 400;\" aria-level=\"1\"><span style=\"font-weight: 400;\">B\u01b0\u1edbc 1: M\u1edf tr\u00ecnh duy\u1ec7t Safari tr\u00ean iPhone v\u00e0 truy c\u1eadp trang web ch\u00ednh th\u1ee9c c\u1ee7a 99OK. Nh\u1ea5n v\u00e0o \u201cT\u1ea3i app iOS\u201d \u0111\u1ec3 b\u1eaft \u0111\u1ea7u qu\u00e1 tr\u00ecnh t\u1ea3i.<\/span><\/li>\n<li style=\"font-weight: 400;\" aria-level=\"1\"><span style=\"font-weight: 400;\">B\u01b0\u1edbc 2: Khi xu\u1ea5t hi\u1ec7n th\u00f4ng b\u00e1o, nh\u1ea5n \u201cCho ph\u00e9p\u201d \u0111\u1ec3 t\u1ea3i c\u1ea5u h\u00ecnh c\u00e0i \u0111\u1eb7t. Sau \u0111\u00f3 v\u00e0o C\u00e0i \u0111\u1eb7t =&gt; C\u00e0i \u0111\u1eb7t chung =&gt; Qu\u1ea3n l\u00fd c\u1ea5u h\u00ecnh &amp; thi\u1ebft b\u1ecb \u0111\u1ec3 tin t\u01b0\u1edfng nh\u00e0 ph\u00e1t tri\u1ec3n.<\/span><\/li>\n<li style=\"font-weight: 400;\" aria-level=\"1\"><span style=\"font-weight: 400;\">B\u01b0\u1edbc 3: Nh\u1ea5n v\u00e0o c\u1ea5u h\u00ecnh \u0111\u00e3 t\u1ea3i v\u00e0 ch\u1ecdn \u201cC\u00e0i \u0111\u1eb7t\u201d \u0111\u1ec3 th\u00eam \u1ee9ng d\u1ee5ng nh\u00e0 c\u00e1i v\u00e0o m\u00e0n h\u00ecnh ch\u00ednh.<\/span><\/li>\n<li style=\"font-weight: 400;\" aria-level=\"1\"><span style=\"font-weight: 400;\">B\u01b0\u1edbc 4: Sau khi c\u00e0i xong, m\u1edf \u1ee9ng d\u1ee5ng \u0111\u1ec3 \u0111\u0103ng nh\u1eadp t\u00e0i kho\u1ea3n hi\u1ec7n c\u00f3 ho\u1eb7c \u0111\u0103ng k\u00fd m\u1edbi =&gt; B\u1eaft \u0111\u1ea7u tham gia c\u00e1c tr\u00f2 ch\u01a1i v\u00e0 t\u00ednh n\u0103ng n\u1ed5i b\u1eadt.<\/span><\/li>\n<li style=\"font-weight: 400;\" aria-level=\"1\"><span style=\"font-weight: 400;\">B\u01b0\u1edbc 5: L\u1ea7n \u0111\u1ea7u m\u1edf \u1ee9ng d\u1ee5ng <a href=\"https:\/\/firstconsultingservices.com\/vi-vn\/tai-app-99ok\/\"><strong>T\u1ea3i App 99OK<\/strong><\/a>, h\u1ec7 th\u1ed1ng s\u1ebd th\u00f4ng b\u00e1o n\u1ebfu c\u00f3 phi\u00ean b\u1ea3n m\u1edbi \u0111\u1ec3 \u0111\u1ea3m b\u1ea3o tr\u1ea3i nghi\u1ec7m m\u01b0\u1ee3t m\u00e0 v\u00e0 \u0111\u1ea7y \u0111\u1ee7 t\u00ednh n\u0103ng.<\/span><\/li>\n<\/ul>\n<h2><span class=\"ez-toc-section\" id=\"Cach_them_app_web_99OK_vao_man_hinh_chinh_khong_can_tai\"><\/span><b>C\u00e1ch th\u00eam app web 99OK v\u00e0o m\u00e0n h\u00ecnh ch\u00ednh (kh\u00f4ng c\u1ea7n t\u1ea3i)<\/b><span class=\"ez-toc-section-end\"><\/span><\/h2>\n<p><span style=\"font-weight: 400;\">B\u1ea1n c\u00f3 th\u1ec3 m\u1edf app web tr\u1ef1c ti\u1ebfp tr\u00ean tr\u00ecnh duy\u1ec7t m\u00e0 kh\u00f4ng c\u1ea7n t\u1ea3i v\u1ec1, v\u1eabn tr\u1ea3i nghi\u1ec7m \u0111\u1ea7y \u0111\u1ee7 c\u00e1c tr\u00f2 ch\u01a1i v\u00e0 t\u00ednh n\u0103ng h\u1ea5p d\u1eabn. Th\u00eam v\u00e0o m\u00e0n h\u00ecnh ch\u00ednh gi\u00fap m\u1edf nhanh v\u00e0 ti\u1ec7n l\u1ee3i h\u01a1n m\u1ed7i l\u1ea7n truy c\u1eadp.<\/span><\/p>\n<table>\n<tbody>\n<tr>\n<td><span style=\"font-weight: 400;\">B\u01b0\u1edbc<\/span><\/td>\n<td><span style=\"font-weight: 400;\">H\u01b0\u1edbng d\u1eabn chi ti\u1ebft<\/span><\/td>\n<\/tr>\n<tr>\n<td><span style=\"font-weight: 400;\">1. M\u1edf tr\u00ecnh duy\u1ec7t<\/span><\/td>\n<td><span style=\"font-weight: 400;\">S\u1eed d\u1ee5ng Safari tr\u00ean iOS ho\u1eb7c Chrome tr\u00ean Android, truy c\u1eadp trang ch\u00ednh th\u1ee9c c\u1ee7a 99OK<\/span><\/td>\n<\/tr>\n<tr>\n<td><span style=\"font-weight: 400;\">2. M\u1edf menu<\/span><\/td>\n<td>\n<ul>\n<li style=\"font-weight: 400;\" aria-level=\"1\"><span style=\"font-weight: 400;\">iOS: Nh\u1ea5n bi\u1ec3u t\u01b0\u1ee3ng chia s\u1ebb (Share)<\/span><\/li>\n<li style=\"font-weight: 400;\" aria-level=\"1\"><span style=\"font-weight: 400;\">Android: Nh\u1ea5n bi\u1ec3u t\u01b0\u1ee3ng ba ch\u1ea5m \u1edf g\u00f3c tr\u00ecnh duy\u1ec7t<\/span><\/li>\n<\/ul>\n<\/td>\n<\/tr>\n<tr>\n<td><span style=\"font-weight: 400;\">3. Th\u00eam v\u00e0o m\u00e0n h\u00ecnh ch\u00ednh<\/span><\/td>\n<td>\n<ul>\n<li style=\"font-weight: 400;\" aria-level=\"1\"><span style=\"font-weight: 400;\">iOS: ch\u1ecdn \u201cAdd to Home Screen\u201d<\/span><\/li>\n<li style=\"font-weight: 400;\" aria-level=\"1\"><span style=\"font-weight: 400;\">Android: ch\u1ecdn \u201cTh\u00eam v\u00e0o m\u00e0n h\u00ecnh ch\u00ednh\u201d<\/span><\/li>\n<\/ul>\n<\/td>\n<\/tr>\n<tr>\n<td><span style=\"font-weight: 400;\">4. \u0110\u1eb7t t\u00ean bi\u1ec3u t\u01b0\u1ee3ng<\/span><\/td>\n<td><span style=\"font-weight: 400;\">Nh\u1eadp t\u00ean hi\u1ec3n th\u1ecb cho \u1ee9ng d\u1ee5ng 99OK tr\u00ean m\u00e0n h\u00ecnh ch\u00ednh \u0111\u1ec3 d\u1ec5 nh\u1eadn di\u1ec7n<\/span><\/td>\n<\/tr>\n<tr>\n<td><span style=\"font-weight: 400;\">5. Ho\u00e0n t\u1ea5t<\/span><\/td>\n<td><span style=\"font-weight: 400;\">Nh\u1ea5n \u201cTh\u00eam\u201d (iOS) ho\u1eb7c \u201cAdd\u201d (Android). Bi\u1ec3u t\u01b0\u1ee3ng app 99OK s\u1ebd xu\u1ea5t hi\u1ec7n tr\u00ean m\u00e0n h\u00ecnh ch\u00ednh, c\u00f3 th\u1ec3 m\u1edf tr\u1ef1c ti\u1ebfp m\u00e0 kh\u00f4ng c\u1ea7n t\u1ea3i<\/span><\/td>\n<\/tr>\n<\/tbody>\n<\/table>\n<h2><span class=\"ez-toc-section\" id=\"Luu_y_khi_tai_app_99OK_nguoi_choi_can_nam_ro\"><\/span><b>L\u01b0u \u00fd khi t\u1ea3i app 99OK ng\u01b0\u1eddi ch\u01a1i c\u1ea7n n\u1eafm r\u00f5<\/b><span class=\"ez-toc-section-end\"><\/span><\/h2>\n<p><span style=\"font-weight: 400;\">Khi<\/span><b> t\u1ea3i app 99OK<\/b><span style=\"font-weight: 400;\">, ng\u01b0\u1eddi ch\u01a1i c\u1ea7n n\u1eafm r\u00f5 m\u1ed9t s\u1ed1 l\u01b0u \u00fd quan tr\u1ecdng \u0111\u1ec3 \u0111\u1ea3m b\u1ea3o an to\u00e0n thi\u1ebft b\u1ecb v\u00e0 tr\u1ea3i nghi\u1ec7m m\u01b0\u1ee3t m\u00e0. Vi\u1ec7c hi\u1ec3u r\u00f5 nh\u1eefng l\u01b0u \u00fd <strong>T\u1ea3i App 99OK<\/strong> n\u00e0y gi\u00fap b\u1ea1n tr\u00e1nh c\u00e1c r\u1ee7i ro kh\u00f4ng \u0111\u00e1ng c\u00f3 khi c\u00e0i \u0111\u1eb7t v\u00e0 s\u1eed d\u1ee5ng.<\/span><\/p>\n<figure id=\"attachment_50\" aria-describedby=\"caption-attachment-50\" style=\"width: 800px\" class=\"wp-caption aligncenter\"><img loading=\"lazy\" decoding=\"async\" class=\"size-full wp-image-50\" src=\"https:\/\/firstconsultingservices.com\/wp-content\/uploads\/2025\/09\/mot-so-luu-y-quan-trong-de-thuc-hien-viec-cai-dat-de-dang.jpg\" alt=\"M\u1ed9t s\u1ed1 l\u01b0u \u00fd quan tr\u1ecdng \u0111\u1ec3 th\u1ef1c hi\u1ec7n vi\u1ec7c c\u00e0i \u0111\u1eb7t d\u1ec5 d\u00e0ng\" width=\"800\" height=\"400\" title=\"\" srcset=\"https:\/\/firstconsultingservices.com\/wp-content\/uploads\/2025\/09\/mot-so-luu-y-quan-trong-de-thuc-hien-viec-cai-dat-de-dang.jpg 800w, https:\/\/firstconsultingservices.com\/wp-content\/uploads\/2025\/09\/mot-so-luu-y-quan-trong-de-thuc-hien-viec-cai-dat-de-dang-300x150.jpg 300w, https:\/\/firstconsultingservices.com\/wp-content\/uploads\/2025\/09\/mot-so-luu-y-quan-trong-de-thuc-hien-viec-cai-dat-de-dang-768x384.jpg 768w\" sizes=\"auto, (max-width: 800px) 100vw, 800px\" \/><figcaption id=\"caption-attachment-50\" class=\"wp-caption-text\">M\u1ed9t s\u1ed1 l\u01b0u \u00fd quan tr\u1ecdng \u0111\u1ec3 th\u1ef1c hi\u1ec7n vi\u1ec7c c\u00e0i \u0111\u1eb7t d\u1ec5 d\u00e0ng<\/figcaption><\/figure>\n<ul>\n<li style=\"font-weight: 400;\" aria-level=\"1\"><span style=\"font-weight: 400;\">Ch\u1ec9 t\u1ea3i t\u1eeb ngu\u1ed3n ch\u00ednh th\u1ee9c: Truy c\u1eadp tr\u1ef1c ti\u1ebfp website c\u1ee7a 99OK ho\u1eb7c link \u0111\u01b0\u1ee3c cung c\u1ea5p ch\u00ednh th\u1ee9c, tr\u00e1nh t\u1ea3i t\u1eeb c\u00e1c trang web b\u00ean th\u1ee9 ba.<\/span><\/li>\n<li style=\"font-weight: 400;\" aria-level=\"1\"><span style=\"font-weight: 400;\">\u0110\u1ea3m b\u1ea3o dung l\u01b0\u1ee3ng v\u00e0 b\u1ed9 nh\u1edb tr\u1ed1ng: Ki\u1ec3m tra thi\u1ebft b\u1ecb c\u00f2n \u0111\u1ee7 dung l\u01b0\u1ee3ng, Android c\u1ea7n 100MB, iOS 120MB \u0111\u1ec3 \u1ee9ng d\u1ee5ng ch\u1ea1y \u1ed5n \u0111\u1ecbnh.<\/span><\/li>\n<li style=\"font-weight: 400;\" aria-level=\"1\"><span style=\"font-weight: 400;\">Ki\u1ec3m tra k\u1ebft n\u1ed1i m\u1ea1ng \u1ed5n \u0111\u1ecbnh: \u0110\u1ea3m b\u1ea3o \u0111i\u1ec7n tho\u1ea1i \u0111\u01b0\u1ee3c k\u1ebft n\u1ed1i wifi ho\u1eb7c 4G\/5G \u1ed5n \u0111\u1ecbnh \u0111\u1ec3 qu\u00e1 tr\u00ecnh t\u1ea3i v\u00e0 c\u00e0i \u0111\u1eb7t kh\u00f4ng b\u1ecb gi\u00e1n \u0111o\u1ea1n.<\/span><\/li>\n<li style=\"font-weight: 400;\" aria-level=\"1\"><span style=\"font-weight: 400;\">C\u1eadp nh\u1eadt phi\u00ean b\u1ea3n m\u1edbi nh\u1ea5t: Lu\u00f4n t\u1ea3i phi\u00ean b\u1ea3n m\u1edbi nh\u1ea5t \u0111\u1ec3 \u0111\u1ea3m b\u1ea3o \u0111\u1ea7y \u0111\u1ee7 t\u00ednh n\u0103ng, t\u1ed1i \u01b0u hi\u1ec7u su\u1ea5t v\u00e0 kh\u1eafc ph\u1ee5c l\u1ed7i b\u1ea3o m\u1eadt.<\/span><\/li>\n<\/ul>\n<blockquote><p><em><strong>&gt;&gt;&gt; Xem th\u00eam : <a href=\"https:\/\/firstconsultingservices.com\/vi-vn\/dang-ky-99ok\/\">\u0110\u0103ng K\u00fd 99OK<\/a> Ch\u1ec9 V\u1edbi 3 B\u01b0\u1edbc Nh\u1eadn 199k Mi\u1ec5n Ph\u00ed C\u1ef1c H\u1eddi<\/strong><\/em><\/p><\/blockquote>\n<h2><span class=\"ez-toc-section\" id=\"Ket_luan\"><\/span><b>K\u1ebft lu\u1eadn<\/b><span class=\"ez-toc-section-end\"><\/span><\/h2>\n<p><span style=\"font-weight: 400;\">B\u00e0i vi\u1ebft tr\u00ean \u0111\u00e3 h\u01b0\u1edbng d\u1eabn b\u1ea1n c\u00e1ch <\/span><b>t\u1ea3i app 99OK <\/b><span style=\"font-weight: 400;\">nhanh nh\u1ea5t. Nh\u00e0 c\u00e1i lu\u00f4n c\u1eadp nh\u1eadt \u1ee9ng d\u1ee5ng theo \u0111\u1ecbnh k\u1ef3 n\u00ean s\u1ebd lu\u00f4n mang \u0111\u1ebfn cho b\u1ea1n nh\u1eefng tr\u1ea3i nghi\u1ec7m c\u00e1 c\u01b0\u1ee3c li\u1ec1n m\u1ea1ch nh\u1ea5t. C\u00e0i \u0111\u1eb7t ngay \u0111\u1ec3 c\u00f3 c\u01a1 h\u1ed9i gi\u1ea3i tr\u00ed v\u00e0 nh\u1eadn th\u01b0\u1edfng m\u1ed7i ng\u00e0y.<\/span><\/p>","protected":false},"excerpt":{"rendered":"<p>T\u1ea3i App 99OK Nhanh Nh\u1ea5t V\u1ec1 \u0110i\u1ec7n Tho\u1ea1i Android V\u00e0 Ios T\u1ea3i app 99OK ngay h\u00f4m nay \u0111\u1ec3 tr\u1ea3i nghi\u1ec7m kho tr\u00f2 ch\u01a1i \u0111a d\u1ea1ng, giao d\u1ecbch nhanh ch\u00f3ng v\u00e0 c\u00e1c \u01b0u \u0111\u00e3i h\u1ea5p d\u1eabn ngay tr\u00ean \u0111i\u1ec7n tho\u1ea1i c\u1ee7a b\u1ea1n. V\u1edbi thi\u1ebft k\u1ebf t\u1ed1i \u01b0u cho Android\/iOS, \u1ee9ng d\u1ee5ng 99OK mang \u0111\u1ebfn tr\u1ea3i nghi\u1ec7m [&#8230;]\n","protected":false},"author":1,"featured_media":53,"parent":0,"menu_order":0,"comment_status":"closed","ping_status":"closed","template":"","meta":{"footnotes":""},"class_list":["post-30","page","type-page","status-publish","has-post-thumbnail","hentry"],"_links":{"self":[{"href":"https:\/\/firstconsultingservices.com\/vi-vn\/wp-json\/wp\/v2\/pages\/30","targetHints":{"allow":["GET"]}}],"collection":[{"href":"https:\/\/firstconsultingservices.com\/vi-vn\/wp-json\/wp\/v2\/pages"}],"about":[{"href":"https:\/\/firstconsultingservices.com\/vi-vn\/wp-json\/wp\/v2\/types\/page"}],"author":[{"embeddable":true,"href":"https:\/\/firstconsultingservices.com\/vi-vn\/wp-json\/wp\/v2\/users\/1"}],"replies":[{"embeddable":true,"href":"https:\/\/firstconsultingservices.com\/vi-vn\/wp-json\/wp\/v2\/comments?post=30"}],"version-history":[{"count":6,"href":"https:\/\/firstconsultingservices.com\/vi-vn\/wp-json\/wp\/v2\/pages\/30\/revisions"}],"predecessor-version":[{"id":510,"href":"https:\/\/firstconsultingservices.com\/vi-vn\/wp-json\/wp\/v2\/pages\/30\/revisions\/510"}],"wp:featuredmedia":[{"embeddable":true,"href":"https:\/\/firstconsultingservices.com\/vi-vn\/wp-json\/wp\/v2\/media\/53"}],"wp:attachment":[{"href":"https:\/\/firstconsultingservices.com\/vi-vn\/wp-json\/wp\/v2\/media?parent=30"}],"curies":[{"name":"wp","href":"https:\/\/api.w.org\/{rel}","templated":true}]}}