{"id":31,"date":"2025-09-10T12:35:53","date_gmt":"2025-09-10T05:35:53","guid":{"rendered":"https:\/\/zcsggp.sa.com\/?page_id=31"},"modified":"2025-10-10T19:44:15","modified_gmt":"2025-10-10T12:44:15","slug":"dang-nhap-99ok","status":"publish","type":"page","link":"https:\/\/firstconsultingservices.com\/vi-vn\/dang-nhap-99ok\/","title":{"rendered":"\u0110\u0103ng Nh\u1eadp 99OK"},"content":{"rendered":"<div id=\"ez-toc-container\" class=\"ez-toc-v2_0_76 counter-hierarchy ez-toc-counter ez-toc-grey ez-toc-container-direction\">\n<div class=\"ez-toc-title-container\">\n<p class=\"ez-toc-title\" style=\"cursor:inherit\">Table of Contents<\/p>\n<span class=\"ez-toc-title-toggle\"><a href=\"#\" class=\"ez-toc-pull-right ez-toc-btn ez-toc-btn-xs ez-toc-btn-default ez-toc-toggle\" aria-label=\"Toggle Table of Content\"><span class=\"ez-toc-js-icon-con\"><span class=\"\"><span class=\"eztoc-hide\" style=\"display:none;\">Toggle<\/span><span class=\"ez-toc-icon-toggle-span\"><svg style=\"fill: #999;color:#999\" xmlns=\"http:\/\/www.w3.org\/2000\/svg\" class=\"list-377408\" width=\"20px\" height=\"20px\" viewbox=\"0 0 24 24\" fill=\"none\"><path d=\"M6 6H4v2h2V6zm14 0H8v2h12V6zM4 11h2v2H4v-2zm16 0H8v2h12v-2zM4 16h2v2H4v-2zm16 0H8v2h12v-2z\" fill=\"currentColor\"><\/path><\/svg><svg style=\"fill: #999;color:#999\" class=\"arrow-unsorted-368013\" xmlns=\"http:\/\/www.w3.org\/2000\/svg\" width=\"10px\" height=\"10px\" viewbox=\"0 0 24 24\" version=\"1.2\" baseprofile=\"tiny\"><path d=\"M18.2 9.3l-6.2-6.3-6.2 6.3c-.2.2-.3.4-.3.7s.1.5.3.7c.2.2.4.3.7.3h11c.3 0 .5-.1.7-.3.2-.2.3-.5.3-.7s-.1-.5-.3-.7zM5.8 14.7l6.2 6.3 6.2-6.3c.2-.2.3-.5.3-.7s-.1-.5-.3-.7c-.2-.2-.4-.3-.7-.3h-11c-.3 0-.5.1-.7.3-.2.2-.3.5-.3.7s.1.5.3.7z\"\/><\/svg><\/span><\/span><\/span><\/a><\/span><\/div>\n<nav><ul class='ez-toc-list ez-toc-list-level-1' ><li class='ez-toc-page-1 ez-toc-heading-level-1'><a class=\"ez-toc-link ez-toc-heading-1\" href=\"https:\/\/firstconsultingservices.com\/vi-vn\/dang-nhap-99ok\/#Dang_Nhap_99OK_Sieu_De_Va_Cach_Xu_Ly_Khi_Loi_Truy_Cap\" >\u0110\u0103ng Nh\u1eadp 99OK Si\u00eau D\u1ec5 V\u00e0 C\u00e1ch X\u1eed L\u00fd Khi L\u1ed7i Truy C\u1eadp<\/a><ul class='ez-toc-list-level-2' ><li class='ez-toc-heading-level-2'><a class=\"ez-toc-link ez-toc-heading-2\" href=\"https:\/\/firstconsultingservices.com\/vi-vn\/dang-nhap-99ok\/#Dieu_kien_de_truy_cap_99OK_moi_ngay\" >\u0110i\u1ec1u ki\u1ec7n \u0111\u1ec3 truy c\u1eadp 99OK m\u1ed7i ng\u00e0y<\/a><\/li><li class='ez-toc-page-1 ez-toc-heading-level-2'><a class=\"ez-toc-link ez-toc-heading-3\" href=\"https:\/\/firstconsultingservices.com\/vi-vn\/dang-nhap-99ok\/#Huong_dan_cach_dang_nhap_99OK_nhanh_nhat\" >H\u01b0\u1edbng d\u1eabn c\u00e1ch \u0111\u0103ng nh\u1eadp 99OK nhanh nh\u1ea5t<\/a><\/li><li class='ez-toc-page-1 ez-toc-heading-level-2'><a class=\"ez-toc-link ez-toc-heading-4\" href=\"https:\/\/firstconsultingservices.com\/vi-vn\/dang-nhap-99ok\/#Cach_xu_ly_su_co_thuong_gap_khi_dang_nhap_99OK\" >C\u00e1ch x\u1eed l\u00fd s\u1ef1 c\u1ed1 th\u01b0\u1eddng g\u1eb7p khi \u0111\u0103ng nh\u1eadp 99OK<\/a><\/li><li class='ez-toc-page-1 ez-toc-heading-level-2'><a class=\"ez-toc-link ez-toc-heading-5\" href=\"https:\/\/firstconsultingservices.com\/vi-vn\/dang-nhap-99ok\/#Luu_y_khi_dang_nhap_99OK_can_nam_ro\" >L\u01b0u \u00fd khi \u0111\u0103ng nh\u1eadp 99OK c\u1ea7n n\u1eafm r\u00f5<\/a><ul class='ez-toc-list-level-3' ><li class='ez-toc-heading-level-3'><a class=\"ez-toc-link ez-toc-heading-6\" href=\"https:\/\/firstconsultingservices.com\/vi-vn\/dang-nhap-99ok\/#Nhap_dung_ten_tai_khoan_hoi_vien_va_mat_khau\" >Nh\u1eadp \u0111\u00fang t\u00ean t\u00e0i kho\u1ea3n h\u1ed9i vi\u00ean v\u00e0 m\u1eadt kh\u1ea9u<\/a><\/li><li class='ez-toc-page-1 ez-toc-heading-level-3'><a class=\"ez-toc-link ez-toc-heading-7\" href=\"https:\/\/firstconsultingservices.com\/vi-vn\/dang-nhap-99ok\/#Khong_dang_nhap_99OK_tren_thiet_bi_cong_cong\" >Kh\u00f4ng \u0111\u0103ng nh\u1eadp 99OK tr\u00ean thi\u1ebft b\u1ecb c\u00f4ng c\u1ed9ng<\/a><\/li><li class='ez-toc-page-1 ez-toc-heading-level-3'><a class=\"ez-toc-link ez-toc-heading-8\" href=\"https:\/\/firstconsultingservices.com\/vi-vn\/dang-nhap-99ok\/#Kiem_tra_trang_thai_tai_khoan_cuoc_truoc_khi_dang_nhap\" >Ki\u1ec3m tra tr\u1ea1ng th\u00e1i t\u00e0i kho\u1ea3n c\u01b0\u1ee3c tr\u01b0\u1edbc khi \u0111\u0103ng nh\u1eadp<\/a><\/li><\/ul><\/li><li class='ez-toc-page-1 ez-toc-heading-level-2'><a class=\"ez-toc-link ez-toc-heading-9\" href=\"https:\/\/firstconsultingservices.com\/vi-vn\/dang-nhap-99ok\/#Ly_do_nen_dang_nhap_99OK_moi_ngay\" >L\u00fd do n\u00ean \u0111\u0103ng nh\u1eadp 99OK m\u1ed7i ng\u00e0y<\/a><\/li><li class='ez-toc-page-1 ez-toc-heading-level-2'><a class=\"ez-toc-link ez-toc-heading-10\" href=\"https:\/\/firstconsultingservices.com\/vi-vn\/dang-nhap-99ok\/#Ket_luan\" >K\u1ebft lu\u1eadn<\/a><\/li><\/ul><\/li><\/ul><\/nav><\/div>\n<h1 style=\"text-align: center;\"><span class=\"ez-toc-section\" id=\"Dang_Nhap_99OK_Sieu_De_Va_Cach_Xu_Ly_Khi_Loi_Truy_Cap\"><\/span><b>\u0110\u0103ng Nh\u1eadp 99OK Si\u00eau D\u1ec5 V\u00e0 C\u00e1ch X\u1eed L\u00fd Khi L\u1ed7i Truy C\u1eadp<\/b><span class=\"ez-toc-section-end\"><\/span><\/h1>\n<p><b>\u0110\u0103ng nh\u1eadp 99OK <\/b><span style=\"font-weight: 400;\">ngay h\u00f4m nay \u0111\u1ec3 tr\u1ea3i nghi\u1ec7m kho game tr\u1ef1c tuy\u1ebfn \u0111a d\u1ea1ng, t\u1ef7 l\u1ec7 c\u01b0\u1ee3c h\u1ea5p d\u1eabn v\u00e0 h\u1ec7 th\u1ed1ng d\u1ecbch v\u1ee5 an to\u00e0n, minh b\u1ea1ch. Ch\u1ec9 c\u1ea7n truy c\u1eadp nh\u00e0 c\u00e1i <strong>99OK<\/strong> \u0111i\u1ec3m danh c\u00e1 c\u01b0\u1ee3c m\u1ed7i ng\u00e0y, h\u1ed9i vi\u00ean s\u1ebd c\u00f3 c\u01a1 h\u1ed9i nh\u1eadn th\u01b0\u1edfng 13.888K \u0111i c\u00f9ng v\u1edbi \u0111\u00f3 l\u00e0 nhi\u1ec1u \u01b0u \u0111\u00e3i h\u00e0ng tu\u1ea7n &#8211; th\u00e1ng h\u1ea5p d\u1eabn kh\u00e1c.<\/span><\/p>\n<h2><span class=\"ez-toc-section\" id=\"Dieu_kien_de_truy_cap_99OK_moi_ngay\"><\/span><b>\u0110i\u1ec1u ki\u1ec7n \u0111\u1ec3 truy c\u1eadp 99OK m\u1ed7i ng\u00e0y<\/b><span class=\"ez-toc-section-end\"><\/span><\/h2>\n<p><span style=\"font-weight: 400;\">\u0110\u1ec3 \u0111\u0103ng nh\u1eadp tr\u1ea3i nghi\u1ec7m \u0111\u1ea7y \u0111\u1ee7 c\u00e1c t\u00ednh n\u0103ng v\u00e0 \u01b0u \u0111\u00e3i t\u1ea1i 99OK, h\u1ed9i vi\u00ean c\u1ea7n \u0111\u00e1p \u1ee9ng m\u1ed9t s\u1ed1 \u0111i\u1ec1u ki\u1ec7n c\u01a1 b\u1ea3n. Vi\u1ec7c n\u1eafm r\u00f5 nh\u1eefng y\u00eau c\u1ea7u n\u00e0y gi\u00fap b\u1ea1n truy c\u1eadp m\u01b0\u1ee3t m\u00e0, tham gia c\u00e1 c\u01b0\u1ee3c an to\u00e0n v\u00e0 nh\u1eadn th\u01b0\u1edfng \u0111\u00fang quy \u0111\u1ecbnh.<\/span><\/p>\n<figure id=\"attachment_47\" aria-describedby=\"caption-attachment-47\" style=\"width: 800px\" class=\"wp-caption aligncenter\"><img loading=\"lazy\" decoding=\"async\" class=\"size-full wp-image-47\" src=\"https:\/\/firstconsultingservices.com\/wp-content\/uploads\/2025\/09\/huong-dan-dang-nhap-99ok-don-gian.jpg\" alt=\"H\u01b0\u1edbng d\u1eabn \u0111\u0103ng nh\u1eadp 99OK \u0111\u01a1n gi\u1ea3n\" width=\"800\" height=\"400\" title=\"\" srcset=\"https:\/\/firstconsultingservices.com\/wp-content\/uploads\/2025\/09\/huong-dan-dang-nhap-99ok-don-gian.jpg 800w, https:\/\/firstconsultingservices.com\/wp-content\/uploads\/2025\/09\/huong-dan-dang-nhap-99ok-don-gian-300x150.jpg 300w, https:\/\/firstconsultingservices.com\/wp-content\/uploads\/2025\/09\/huong-dan-dang-nhap-99ok-don-gian-768x384.jpg 768w\" sizes=\"auto, (max-width: 800px) 100vw, 800px\" \/><figcaption id=\"caption-attachment-47\" class=\"wp-caption-text\">H\u01b0\u1edbng d\u1eabn \u0111\u0103ng nh\u1eadp 99OK \u0111\u01a1n gi\u1ea3n<\/figcaption><\/figure>\n<table>\n<tbody>\n<tr>\n<td><b>\u0110i\u1ec1u ki\u1ec7n<\/b><\/td>\n<td><b>Chi ti\u1ebft<\/b><\/td>\n<\/tr>\n<tr>\n<td><span style=\"font-weight: 400;\">T\u00e0i kho\u1ea3n h\u1ee3p l\u1ec7<\/span><\/td>\n<td><span style=\"font-weight: 400;\">H\u1ed9i vi\u00ean ph\u1ea3i c\u00f3 t\u00e0i kho\u1ea3n \u0111\u00e3 \u0111\u0103ng k\u00fd v\u00e0 x\u00e1c minh th\u00e0nh c\u00f4ng<\/span><\/td>\n<\/tr>\n<tr>\n<td><span style=\"font-weight: 400;\">Tu\u00e2n th\u1ee7 quy \u0111\u1ecbnh<\/span><\/td>\n<td><span style=\"font-weight: 400;\">Kh\u00f4ng vi ph\u1ea1m c\u00e1c \u0111i\u1ec1u kho\u1ea3n s\u1eed d\u1ee5ng, bao g\u1ed3m vi\u1ec7c t\u1ea1o nhi\u1ec1u t\u00e0i kho\u1ea3n ho\u1eb7c gian l\u1eadn<\/span><\/td>\n<\/tr>\n<tr>\n<td><span style=\"font-weight: 400;\">K\u1ebft n\u1ed1i internet \u1ed5n \u0111\u1ecbnh<\/span><\/td>\n<td><span style=\"font-weight: 400;\">Truy c\u1eadp n\u1ec1n t\u1ea3ng c\u1ea7n \u0111\u01b0\u1eddng truy\u1ec1n \u1ed5n \u0111\u1ecbnh \u0111\u1ec3 ch\u01a1i game v\u00e0 th\u1ef1c hi\u1ec7n giao d\u1ecbch.<\/span><\/td>\n<\/tr>\n<tr>\n<td><span style=\"font-weight: 400;\">Thi\u1ebft b\u1ecb t\u01b0\u01a1ng th\u00edch<\/span><\/td>\n<td><span style=\"font-weight: 400;\">S\u1eed d\u1ee5ng m\u00e1y t\u00ednh, \u0111i\u1ec7n tho\u1ea1i ho\u1eb7c app h\u1ed7 tr\u1ee3 c\u00e1c tr\u00ecnh duy\u1ec7t link v\u00e0o uy t\u00edn<\/span><\/td>\n<\/tr>\n<tr>\n<td><span style=\"font-weight: 400;\">\u0110\u1ee7 tu\u1ed5i tham gia<\/span><\/td>\n<td><span style=\"font-weight: 400;\">Ng\u01b0\u1eddi ch\u01a1i ph\u1ea3i t\u1eeb 18 tu\u1ed5i tr\u1edf l\u00ean \u0111\u1ec3 \u0111\u1ea3m b\u1ea3o h\u1ee3p ph\u00e1p v\u00e0 an to\u00e0n khi tham gia c\u00e1 c\u01b0\u1ee3c<\/span><\/td>\n<\/tr>\n<\/tbody>\n<\/table>\n<h2><span class=\"ez-toc-section\" id=\"Huong_dan_cach_dang_nhap_99OK_nhanh_nhat\"><\/span><b>H\u01b0\u1edbng d\u1eabn c\u00e1ch \u0111\u0103ng nh\u1eadp 99OK nhanh nh\u1ea5t<\/b><span class=\"ez-toc-section-end\"><\/span><\/h2>\n<p><a href=\"https:\/\/firstconsultingservices.com\/vi-vn\/dang-nhap-99ok\/\"><b>\u0110\u0103ng nh\u1eadp 99OK<\/b><\/a><span style=\"font-weight: 400;\"> gi\u00fap b\u1ea1n ti\u1ebfp c\u1eadn c\u00e1c tr\u00f2 ch\u01a1i v\u00e0 \u01b0u \u0111\u00e3i h\u1ea5p d\u1eabn ch\u1ec9 trong v\u00e0i gi\u00e2y. B\u1eb1ng c\u00e1ch n\u1eafm r\u00f5 c\u00e1c b\u01b0\u1edbc \u0111\u01a1n gi\u1ea3n v\u00e0 chu\u1ea9n x\u00e1c, h\u1ed9i vi\u00ean s\u1ebd ti\u1ebft ki\u1ec7m th\u1eddi gian v\u00e0 tr\u1ea3i nghi\u1ec7m tr\u1ecdn v\u1eb9n m\u1ecdi d\u1ecbch v\u1ee5 m\u00e0 n\u1ec1n t\u1ea3ng cung c\u1ea5p.<\/span><\/p>\n<ul>\n<li style=\"font-weight: 400;\" aria-level=\"1\"><span style=\"font-weight: 400;\">B\u01b0\u1edbc 1 &#8211; Nh\u1eadp th\u00f4ng tin t\u00e0i kho\u1ea3n: \u0110i\u1ec1n t\u00e0i kho\u1ea3n id v\u00e0 m\u1eadt kh\u1ea9u c\u1ee7a b\u1ea1n v\u00e0o c\u00e1c \u00f4 t\u01b0\u01a1ng \u1ee9ng.<\/span><\/li>\n<\/ul>\n<ul>\n<li style=\"font-weight: 400;\" aria-level=\"1\"><span style=\"font-weight: 400;\">B\u01b0\u1edbc 2 &#8211; Nh\u1eadp m\u00e3 x\u00e1c minh: Nh\u1eadp ch\u00ednh x\u00e1c m\u00e3 x\u00e1c minh \u0111\u01b0\u1ee3c hi\u1ec3n th\u1ecb tr\u00ean m\u00e0n h\u00ecnh.<\/span><\/li>\n<li style=\"font-weight: 400;\" aria-level=\"1\"><span style=\"font-weight: 400;\">B\u01b0\u1edbc 3 &#8211; Ho\u00e0n t\u1ea5t \u0111\u0103ng nh\u1eadp: Nh\u1ea5n n\u00fat &#8220;\u0110\u0103ng nh\u1eadp&#8221; \u0111\u1ec3 truy c\u1eadp v\u00e0o t\u00e0i kho\u1ea3n c\u1ee7a b\u1ea1n.<\/span><\/li>\n<\/ul>\n<h2><span class=\"ez-toc-section\" id=\"Cach_xu_ly_su_co_thuong_gap_khi_dang_nhap_99OK\"><\/span><b>C\u00e1ch x\u1eed l\u00fd s\u1ef1 c\u1ed1 th\u01b0\u1eddng g\u1eb7p khi \u0111\u0103ng nh\u1eadp 99OK<\/b><span class=\"ez-toc-section-end\"><\/span><\/h2>\n<p><span style=\"font-weight: 400;\">Trong qu\u00e1 tr\u00ecnh <\/span><b>\u0111\u0103ng nh\u1eadp 99OK<\/b><span style=\"font-weight: 400;\">, ng\u01b0\u1eddi ch\u01a1i \u0111\u00f4i khi g\u1eb7p ph\u1ea3i m\u1ed9t s\u1ed1 s\u1ef1 c\u1ed1 ph\u1ed5 bi\u1ebfn. Vi\u1ec7c n\u1eafm tr\u01b0\u1edbc c\u00e1ch x\u1eed l\u00fd gi\u00fap b\u1ea1n kh\u1eafc ph\u1ee5c nhanh ch\u00f3ng, \u0111\u1ea3m b\u1ea3o truy c\u1eadp n\u1ec1n t\u1ea3ng an to\u00e0n v\u00e0 kh\u00f4ng gi\u00e1n \u0111o\u1ea1n tr\u1ea3i nghi\u1ec7m.<\/span><\/p>\n<table>\n<tbody>\n<tr>\n<td><b>S\u1ef1 c\u1ed1<\/b><\/td>\n<td><b>C\u00e1ch x\u1eed l\u00fd<\/b><\/td>\n<\/tr>\n<tr>\n<td><span style=\"font-weight: 400;\">Qu\u00ean m\u1eadt kh\u1ea9u<\/span><\/td>\n<td><span style=\"font-weight: 400;\">Click ch\u1ecdn \u201cQu\u00ean m\u1eadt kh\u1ea9u\u201d, nh\u1eadp email ho\u1eb7c s\u1ed1 \u0111i\u1ec7n tho\u1ea1i \u0111\u1ec3 nh\u1eadn li\u00ean k\u1ebft \u0111\u1eb7t l\u1ea1i m\u1eadt kh\u1ea9u<\/span><\/td>\n<\/tr>\n<tr>\n<td><span style=\"font-weight: 400;\">T\u00e0i kho\u1ea3n b\u1ecb kh\u00f3a<\/span><\/td>\n<td><span style=\"font-weight: 400;\">Li\u00ean h\u1ec7 \u0111\u1ed9i ng\u0169 CSKH 24\/7 \u0111\u1ec3 x\u00e1c minh th\u00f4ng tin v\u00e0 m\u1edf l\u1ea1i t\u00e0i kho\u1ea3n<\/span><\/td>\n<\/tr>\n<tr>\n<td><span style=\"font-weight: 400;\">Kh\u00f4ng nh\u1eadn \u0111\u01b0\u1ee3c m\u00e3<\/span><\/td>\n<td><span style=\"font-weight: 400;\">Ki\u1ec3m tra l\u1ea1i s\u1ed1 \u0111i\u1ec7n tho\u1ea1i, k\u1ebft n\u1ed1i m\u1ea1ng ho\u1eb7c y\u00eau c\u1ea7u g\u1eedi l\u1ea1i m\u00e3 OTP t\u1eeb h\u1ec7 th\u1ed1ng<\/span><\/td>\n<\/tr>\n<tr>\n<td><span style=\"font-weight: 400;\">L\u1ed7i k\u1ebft n\u1ed1i internet<\/span><\/td>\n<td><span style=\"font-weight: 400;\">\u0110\u1ea3m b\u1ea3o \u0111\u01b0\u1eddng truy\u1ec1n \u1ed5n \u0111\u1ecbnh ho\u1eb7c th\u1eed truy c\u1eadp tr\u00ecnh duy\u1ec7t web b\u1eb1ng thi\u1ebft b\u1ecb kh\u00e1c<\/span><\/td>\n<\/tr>\n<tr>\n<td><span style=\"font-weight: 400;\">\u0110\u0103ng nh\u1eadp l\u1ed7i tr\u00ean app<\/span><\/td>\n<td><span style=\"font-weight: 400;\">C\u1eadp nh\u1eadt phi\u00ean b\u1ea3n app m\u1edbi nh\u1ea5t ho\u1eb7c x\u00f3a cache, \u0111\u0103ng nh\u1eadp l\u1ea1i t\u1eeb \u0111\u1ea7u<\/span><\/td>\n<\/tr>\n<\/tbody>\n<\/table>\n<h2><span class=\"ez-toc-section\" id=\"Luu_y_khi_dang_nhap_99OK_can_nam_ro\"><\/span><b>L\u01b0u \u00fd khi \u0111\u0103ng nh\u1eadp 99OK c\u1ea7n n\u1eafm r\u00f5<\/b><span class=\"ez-toc-section-end\"><\/span><\/h2>\n<p><b>\u0110\u0103ng nh\u1eadp 99OK<\/b><span style=\"font-weight: 400;\"> r\u1ea5t \u0111\u01a1n gi\u1ea3n nh\u01b0ng \u0111\u1ec3 \u0111\u1ea3m b\u1ea3o an to\u00e0n v\u00e0 tr\u1ea3i nghi\u1ec7m m\u01b0\u1ee3t m\u00e0, h\u1ed9i vi\u00ean c\u1ea7n n\u1eafm r\u00f5 m\u1ed9t s\u1ed1 l\u01b0u \u00fd quan tr\u1ecdng. Nh\u1eefng th\u00f4ng tin n\u00e0y gi\u00fap b\u1ea1n tr\u00e1nh sai s\u00f3t, b\u1ea3o v\u1ec7 t\u00e0i kho\u1ea3n v\u00e0 t\u1eadn d\u1ee5ng t\u1ed1i \u0111a c\u00e1c \u01b0u \u0111\u00e3i khi truy c\u1eadp.<\/span><\/p>\n<figure id=\"attachment_46\" aria-describedby=\"caption-attachment-46\" style=\"width: 800px\" class=\"wp-caption aligncenter\"><img loading=\"lazy\" decoding=\"async\" class=\"size-full wp-image-46\" src=\"https:\/\/firstconsultingservices.com\/wp-content\/uploads\/2025\/09\/luu-y-khi-truy-cap-tai-khoan-nha-cai.jpg\" alt=\"L\u01b0u \u00fd khi truy c\u1eadp t\u00e0i kho\u1ea3n nh\u00e0 c\u00e1i\" width=\"800\" height=\"400\" title=\"\" srcset=\"https:\/\/firstconsultingservices.com\/wp-content\/uploads\/2025\/09\/luu-y-khi-truy-cap-tai-khoan-nha-cai.jpg 800w, https:\/\/firstconsultingservices.com\/wp-content\/uploads\/2025\/09\/luu-y-khi-truy-cap-tai-khoan-nha-cai-300x150.jpg 300w, https:\/\/firstconsultingservices.com\/wp-content\/uploads\/2025\/09\/luu-y-khi-truy-cap-tai-khoan-nha-cai-768x384.jpg 768w\" sizes=\"auto, (max-width: 800px) 100vw, 800px\" \/><figcaption id=\"caption-attachment-46\" class=\"wp-caption-text\">L\u01b0u \u00fd khi truy c\u1eadp t\u00e0i kho\u1ea3n nh\u00e0 c\u00e1i<\/figcaption><\/figure>\n<h3><span class=\"ez-toc-section\" id=\"Nhap_dung_ten_tai_khoan_hoi_vien_va_mat_khau\"><\/span><b>Nh\u1eadp \u0111\u00fang t\u00ean t\u00e0i kho\u1ea3n h\u1ed9i vi\u00ean v\u00e0 m\u1eadt kh\u1ea9u<\/b><span class=\"ez-toc-section-end\"><\/span><\/h3>\n<p><span style=\"font-weight: 400;\">M\u1ed9t trong nh\u1eefng v\u1ea5n \u0111\u1ec1 ph\u1ed5 bi\u1ebfn nh\u1ea5t l\u00e0 nh\u1eadp sai m\u1eadt kh\u1ea9u ho\u1eb7c t\u00ean t\u00e0i kho\u1ea3n. Ng\u01b0\u1eddi ch\u01a1i\u00a0<strong><span data-sheets-root=\"1\"><a class=\"in-cell-link\" href=\"https:\/\/firstconsultingservices.com\/vi-vn\/\" target=\"_blank\" rel=\"noopener\">99ok 123win<\/a><\/span><\/strong> th\u01b0\u1eddng g\u1eb7p l\u1ed7i do b\u1eadt caps lock, d\u00f9ng k\u00fd t\u1ef1 \u0111\u1eb7c bi\u1ec7t kh\u00f4ng \u0111\u00fang ho\u1eb7c copy\/paste b\u1ecb th\u1eeba kho\u1ea3ng tr\u1eafng. N\u1ebfu nh\u1eadp sai qu\u00e1 nhi\u1ec1u l\u1ea7n, h\u1ec7 th\u1ed1ng s\u1ebd t\u1ea1m kh\u00f3a t\u00e0i kho\u1ea3n trong m\u1ed9t kho\u1ea3ng th\u1eddi gian nh\u1ea5t \u0111\u1ecbnh.<\/span><\/p>\n<h3><span class=\"ez-toc-section\" id=\"Khong_dang_nhap_99OK_tren_thiet_bi_cong_cong\"><\/span><b>Kh\u00f4ng \u0111\u0103ng nh\u1eadp 99OK tr\u00ean thi\u1ebft b\u1ecb c\u00f4ng c\u1ed9ng<\/b><span class=\"ez-toc-section-end\"><\/span><\/h3>\n<p><span style=\"font-weight: 400;\">Vi\u1ec7c s\u1eed d\u1ee5ng m\u00e1y t\u00ednh ho\u1eb7c \u0111i\u1ec7n tho\u1ea1i c\u1ee7a ng\u01b0\u1eddi kh\u00e1c \u0111\u1ec3 \u0111\u0103ng nh\u1eadp c\u00f3 th\u1ec3 g\u00e2y r\u1ee7i ro b\u1ea3o m\u1eadt. Nhi\u1ec1u ng\u01b0\u1eddi qu\u00ean \u0111\u0103ng xu\u1ea5t ho\u1eb7c l\u01b0u th\u00f4ng tin tr\u00ean thi\u1ebft b\u1ecb c\u00f4ng c\u1ed9ng d\u1eabn \u0111\u1ebfn vi\u1ec7c b\u1ecb truy c\u1eadp tr\u00e1i ph\u00e9p ho\u1eb7c th\u00f4ng tin c\u00e1 nh\u00e2n b\u1ecb l\u1ed9. S\u1eed d\u1ee5ng thi\u1ebft b\u1ecb c\u00e1 nh\u00e2n l\u00e0 c\u00e1ch t\u1ed1t nh\u1ea5t \u0111\u1ec3 b\u1ea3o v\u1ec7 t\u00e0i kho\u1ea3n.<\/span><\/p>\n<h3><span class=\"ez-toc-section\" id=\"Kiem_tra_trang_thai_tai_khoan_cuoc_truoc_khi_dang_nhap\"><\/span><b>Ki\u1ec3m tra tr\u1ea1ng th\u00e1i t\u00e0i kho\u1ea3n c\u01b0\u1ee3c tr\u01b0\u1edbc khi \u0111\u0103ng nh\u1eadp<\/b><span class=\"ez-toc-section-end\"><\/span><\/h3>\n<p><span style=\"font-weight: 400;\">Tr\u01b0\u1edbc khi \u0111\u0103ng nh\u1eadp, b\u1ea1n c\u1ea7n ch\u1eafc ch\u1eafn r\u1eb1ng id \u0111\u00e3 \u0111\u01b0\u1ee3c x\u00e1c minh s\u1ed1 \u0111i\u1ec7n tho\u1ea1i. N\u1ebfu t\u00e0i kho\u1ea3n b\u1ecb t\u1ea1m kh\u00f3a do vi ph\u1ea1m quy \u0111\u1ecbnh, ch\u01b0a li\u00ean k\u1ebft th\u1ebb atm ho\u1eb7c b\u1ecb h\u1ec7 th\u1ed1ng c\u1ea3nh b\u00e1o, b\u1ea1n s\u1ebd kh\u00f4ng th\u1ec3 truy c\u1eadp n\u1ec1n t\u1ea3ng. \u0110i\u1ec1u n\u00e0y gi\u00fap b\u1ea1n ch\u1ee7 \u0111\u1ed9ng gi\u1ea3i quy\u1ebft v\u1ea5n \u0111\u1ec1 v\u00e0 tr\u00e1nh m\u1ea5t th\u1eddi gian.<\/span><\/p>\n<h2><span class=\"ez-toc-section\" id=\"Ly_do_nen_dang_nhap_99OK_moi_ngay\"><\/span><b>L\u00fd do n\u00ean \u0111\u0103ng nh\u1eadp 99OK m\u1ed7i ng\u00e0y<\/b><span class=\"ez-toc-section-end\"><\/span><\/h2>\n<p><span style=\"font-weight: 400;\"><strong>\u0110\u0103ng nh\u1eadp 99OK<\/strong> m\u1ed7i ng\u00e0y gi\u00fap b\u1ea1n kh\u00f4ng b\u1ecf l\u1ee1 c\u01a1 h\u1ed9i th\u1eed s\u1ee9c v\u1edbi c\u00e1c tr\u00f2 ch\u01a1i m\u1edbi v\u00e0 nh\u1eadn nh\u1eefng \u01b0u \u0111\u00e3i\u00a0<strong><span data-sheets-root=\"1\">99ok nh\u00e0 c\u00e1i<\/span><\/strong> h\u1ea5p d\u1eabn. Ngo\u00e0i ra, truy c\u1eadp th\u01b0\u1eddng xuy\u00ean s\u1ebd c\u1eadp nh\u1eadt nhanh c\u00e1c ch\u01b0\u01a1ng tr\u00ecnh khuy\u1ebfn m\u00e3i t\u1ea1i trang ch\u1ee7.<\/span><\/p>\n<figure id=\"attachment_45\" aria-describedby=\"caption-attachment-45\" style=\"width: 800px\" class=\"wp-caption aligncenter\"><img loading=\"lazy\" decoding=\"async\" class=\"size-full wp-image-45\" src=\"https:\/\/firstconsultingservices.com\/wp-content\/uploads\/2025\/09\/uu-diem-khi-dang-nhap-tai-khoan-99ok.jpg\" alt=\"\u01afu \u0111i\u1ec3m khi \u0111\u0103ng nh\u1eadp t\u00e0i kho\u1ea3n 99OK\" width=\"800\" height=\"400\" title=\"\" srcset=\"https:\/\/firstconsultingservices.com\/wp-content\/uploads\/2025\/09\/uu-diem-khi-dang-nhap-tai-khoan-99ok.jpg 800w, https:\/\/firstconsultingservices.com\/wp-content\/uploads\/2025\/09\/uu-diem-khi-dang-nhap-tai-khoan-99ok-300x150.jpg 300w, https:\/\/firstconsultingservices.com\/wp-content\/uploads\/2025\/09\/uu-diem-khi-dang-nhap-tai-khoan-99ok-768x384.jpg 768w\" sizes=\"auto, (max-width: 800px) 100vw, 800px\" \/><figcaption id=\"caption-attachment-45\" class=\"wp-caption-text\">\u01afu \u0111i\u1ec3m khi \u0111\u0103ng nh\u1eadp t\u00e0i kho\u1ea3n 99OK<\/figcaption><\/figure>\n<ul>\n<li style=\"font-weight: 400;\" aria-level=\"1\"><span style=\"font-weight: 400;\">Nh\u1eadn th\u01b0\u1edfng v\u00e0 khuy\u1ebfn m\u00e3i li\u00ean t\u1ee5c: C\u00e1c ch\u01b0\u01a1ng tr\u00ecnh t\u1eb7ng th\u01b0\u1edfng n\u1ea1p l\u1ea1i, ho\u00e0n tr\u1ea3 ho\u1eb7c s\u1ef1 ki\u1ec7n \u0111\u1eb7c bi\u1ec7t \u0111\u01b0\u1ee3c c\u1eadp nh\u1eadt m\u1ed7i ng\u00e0y.<\/span><\/li>\n<\/ul>\n<ul>\n<li style=\"font-weight: 400;\" aria-level=\"1\"><span style=\"font-weight: 400;\">Kho game h\u1ea5p d\u1eabn: H\u00e0ng ng\u00e0n tr\u00f2 ch\u01a1i \u0111\u01b0\u1ee3c b\u1ed5 sung v\u00e0 c\u1eadp nh\u1eadt li\u00ean t\u1ee5c, t\u1eeb casino tr\u1ef1c tuy\u1ebfn, slot game \u0111\u1ebfn c\u00e1c tr\u00f2 ch\u01a1i b\u1eafn c\u00e1, x\u1ed5 s\u1ed1,&#8230;<\/span><\/li>\n<li style=\"font-weight: 400;\" aria-level=\"1\"><span style=\"font-weight: 400;\">Theo d\u00f5i k\u1ebft qu\u1ea3 v\u00e0 t\u1ef7 l\u1ec7 c\u01b0\u1ee3c: B\u1ea1n c\u00f3 th\u1ec3 n\u1eafm r\u00f5 t\u1ef7 l\u1ec7 c\u01b0\u1ee3c, bi\u1ebfn \u0111\u1ed9ng k\u00e8o v\u00e0 k\u1ebft qu\u1ea3 c\u00e1c tr\u1eadn \u0111\u1ea5u \u0111\u1ec3 \u0111\u01b0a ra quy\u1ebft \u0111\u1ecbnh ch\u00ednh x\u00e1c.<\/span><\/li>\n<li style=\"font-weight: 400;\" aria-level=\"1\"><span style=\"font-weight: 400;\">Giao d\u1ecbch nhanh ch\u00f3ng: N\u1ea1p r\u00fat, ki\u1ec3m tra s\u1ed1 d\u01b0 v\u00e0 qu\u1ea3n l\u00fd t\u00e0i kho\u1ea3n d\u1ec5 d\u00e0ng, kh\u00f4ng b\u1ecf l\u1ee1 c\u01a1 h\u1ed9i tham gia tr\u00f2 ch\u01a1i h\u1ea5p d\u1eabn.<\/span><\/li>\n<li style=\"font-weight: 400;\" aria-level=\"1\"><span style=\"font-weight: 400;\">Th\u00f4ng b\u00e1o t\u00ednh n\u0103ng m\u1edbi: T\u1ea5t c\u1ea3 th\u00f4ng b\u00e1o v\u1ec1 trang web s\u1ebd \u0111\u01b0\u1ee3c c\u1eadp nh\u1eadt ngay khi b\u1ea1n \u0111\u0103ng nh\u1eadp.<\/span><\/li>\n<\/ul>\n<blockquote><p><strong><em>&gt;&gt;&gt; Xem th\u00eam :<\/em> <a href=\"https:\/\/firstconsultingservices.com\/vi-vn\/nap-tien-99ok\/\">N\u1ea1p Ti\u1ec1n 99OK<\/a> C\u1ef1c \u0110\u01a1n Gi\u1ea3n V\u1edbi 3 C\u00e1ch Si\u00eau Nhanh G\u1ecdn<\/strong><\/p><\/blockquote>\n<h2><span class=\"ez-toc-section\" id=\"Ket_luan\"><\/span><b>K\u1ebft lu\u1eadn<\/b><span class=\"ez-toc-section-end\"><\/span><\/h2>\n<p><b>\u0110\u0103ng nh\u1eadp 99OK <\/b><span style=\"font-weight: 400;\">theo \u0111\u00fang h\u01b0\u1edbng d\u1eabn \u0111\u1ec3 c\u00f3 ngay c\u01a1 h\u1ed9i nh\u1eadn 12.888K khi c\u00e1 c\u01b0\u1ee3c \u0111\u1ec1u \u0111\u1eb7n m\u1ed7i tu\u1ea7n. Nh\u00e0 c\u00e1i hi\u1ec7n \u0111ang t\u1ed5 ch\u1ee9c h\u00e0ng lo\u1ea1t khuy\u1ebfn m\u00e3i si\u00eau h\u1ea5p d\u1eabn t\u1ea1i trang ch\u1ee7 ch\u00ednh th\u1ee9c cho b\u1ea1n tho\u1ea3i m\u00e1i tham gia. N\u1ebfu c\u00f3 tr\u1ee5c tr\u1eb7c, h\u00e3y li\u00ean h\u1ec7 CSKH \u0111\u1ec3 \u0111\u01b0\u1ee3c h\u1ed7 tr\u1ee3 nhanh ch\u00f3ng.<\/span><\/p>","protected":false},"excerpt":{"rendered":"<p>\u0110\u0103ng Nh\u1eadp 99OK Si\u00eau D\u1ec5 V\u00e0 C\u00e1ch X\u1eed L\u00fd Khi L\u1ed7i Truy C\u1eadp \u0110\u0103ng nh\u1eadp 99OK ngay h\u00f4m nay \u0111\u1ec3 tr\u1ea3i nghi\u1ec7m kho game tr\u1ef1c tuy\u1ebfn \u0111a d\u1ea1ng, t\u1ef7 l\u1ec7 c\u01b0\u1ee3c h\u1ea5p d\u1eabn v\u00e0 h\u1ec7 th\u1ed1ng d\u1ecbch v\u1ee5 an to\u00e0n, minh b\u1ea1ch. Ch\u1ec9 c\u1ea7n truy c\u1eadp nh\u00e0 c\u00e1i 99OK \u0111i\u1ec3m danh c\u00e1 c\u01b0\u1ee3c m\u1ed7i ng\u00e0y, [&#8230;]\n","protected":false},"author":1,"featured_media":48,"parent":0,"menu_order":0,"comment_status":"closed","ping_status":"closed","template":"","meta":{"footnotes":""},"class_list":["post-31","page","type-page","status-publish","has-post-thumbnail","hentry"],"_links":{"self":[{"href":"https:\/\/firstconsultingservices.com\/vi-vn\/wp-json\/wp\/v2\/pages\/31","targetHints":{"allow":["GET"]}}],"collection":[{"href":"https:\/\/firstconsultingservices.com\/vi-vn\/wp-json\/wp\/v2\/pages"}],"about":[{"href":"https:\/\/firstconsultingservices.com\/vi-vn\/wp-json\/wp\/v2\/types\/page"}],"author":[{"embeddable":true,"href":"https:\/\/firstconsultingservices.com\/vi-vn\/wp-json\/wp\/v2\/users\/1"}],"replies":[{"embeddable":true,"href":"https:\/\/firstconsultingservices.com\/vi-vn\/wp-json\/wp\/v2\/comments?post=31"}],"version-history":[{"count":6,"href":"https:\/\/firstconsultingservices.com\/vi-vn\/wp-json\/wp\/v2\/pages\/31\/revisions"}],"predecessor-version":[{"id":503,"href":"https:\/\/firstconsultingservices.com\/vi-vn\/wp-json\/wp\/v2\/pages\/31\/revisions\/503"}],"wp:featuredmedia":[{"embeddable":true,"href":"https:\/\/firstconsultingservices.com\/vi-vn\/wp-json\/wp\/v2\/media\/48"}],"wp:attachment":[{"href":"https:\/\/firstconsultingservices.com\/vi-vn\/wp-json\/wp\/v2\/media?parent=31"}],"curies":[{"name":"wp","href":"https:\/\/api.w.org\/{rel}","templated":true}]}}