{"id":32,"date":"2025-09-10T12:32:24","date_gmt":"2025-09-10T05:32:24","guid":{"rendered":"https:\/\/zcsggp.sa.com\/?page_id=32"},"modified":"2025-10-10T19:43:59","modified_gmt":"2025-10-10T12:43:59","slug":"dang-ky-99ok","status":"publish","type":"page","link":"https:\/\/firstconsultingservices.com\/vi-vn\/dang-ky-99ok\/","title":{"rendered":"\u0110\u0103ng K\u00fd 99OK"},"content":{"rendered":"<div id=\"ez-toc-container\" class=\"ez-toc-v2_0_76 counter-hierarchy ez-toc-counter ez-toc-grey ez-toc-container-direction\">\n<div class=\"ez-toc-title-container\">\n<p class=\"ez-toc-title\" style=\"cursor:inherit\">Table of Contents<\/p>\n<span class=\"ez-toc-title-toggle\"><a href=\"#\" class=\"ez-toc-pull-right ez-toc-btn ez-toc-btn-xs ez-toc-btn-default ez-toc-toggle\" aria-label=\"Toggle Table of Content\"><span class=\"ez-toc-js-icon-con\"><span class=\"\"><span class=\"eztoc-hide\" style=\"display:none;\">Toggle<\/span><span class=\"ez-toc-icon-toggle-span\"><svg style=\"fill: #999;color:#999\" xmlns=\"http:\/\/www.w3.org\/2000\/svg\" class=\"list-377408\" width=\"20px\" height=\"20px\" viewbox=\"0 0 24 24\" fill=\"none\"><path d=\"M6 6H4v2h2V6zm14 0H8v2h12V6zM4 11h2v2H4v-2zm16 0H8v2h12v-2zM4 16h2v2H4v-2zm16 0H8v2h12v-2z\" fill=\"currentColor\"><\/path><\/svg><svg style=\"fill: #999;color:#999\" class=\"arrow-unsorted-368013\" xmlns=\"http:\/\/www.w3.org\/2000\/svg\" width=\"10px\" height=\"10px\" viewbox=\"0 0 24 24\" version=\"1.2\" baseprofile=\"tiny\"><path d=\"M18.2 9.3l-6.2-6.3-6.2 6.3c-.2.2-.3.4-.3.7s.1.5.3.7c.2.2.4.3.7.3h11c.3 0 .5-.1.7-.3.2-.2.3-.5.3-.7s-.1-.5-.3-.7zM5.8 14.7l6.2 6.3 6.2-6.3c.2-.2.3-.5.3-.7s-.1-.5-.3-.7c-.2-.2-.4-.3-.7-.3h-11c-.3 0-.5.1-.7.3-.2.2-.3.5-.3.7s.1.5.3.7z\"\/><\/svg><\/span><\/span><\/span><\/a><\/span><\/div>\n<nav><ul class='ez-toc-list ez-toc-list-level-1' ><li class='ez-toc-page-1 ez-toc-heading-level-1'><a class=\"ez-toc-link ez-toc-heading-1\" href=\"https:\/\/firstconsultingservices.com\/vi-vn\/dang-ky-99ok\/#Dang_Ky_99OK_Chi_Voi_3_Buoc_Nhan_199k_Mien_Phi_Cuc_Hoi\" >\u0110\u0103ng K\u00fd 99OK Ch\u1ec9 V\u1edbi 3 B\u01b0\u1edbc Nh\u1eadn 199k Mi\u1ec5n Ph\u00ed C\u1ef1c H\u1eddi<\/a><ul class='ez-toc-list-level-2' ><li class='ez-toc-heading-level-2'><a class=\"ez-toc-link ez-toc-heading-2\" href=\"https:\/\/firstconsultingservices.com\/vi-vn\/dang-ky-99ok\/#Huong_dan_dang_ky_99OK_nhan_199K_mien_phi\" >H\u01b0\u1edbng d\u1eabn \u0111\u0103ng k\u00fd 99OK nh\u1eadn 199K mi\u1ec5n ph\u00ed<\/a><\/li><li class='ez-toc-page-1 ez-toc-heading-level-2'><a class=\"ez-toc-link ez-toc-heading-3\" href=\"https:\/\/firstconsultingservices.com\/vi-vn\/dang-ky-99ok\/#Luu_y_khi_tao_tai_khoan_99OK\" >L\u01b0u \u00fd khi t\u1ea1o t\u00e0i kho\u1ea3n 99OK<\/a><ul class='ez-toc-list-level-3' ><li class='ez-toc-heading-level-3'><a class=\"ez-toc-link ez-toc-heading-4\" href=\"https:\/\/firstconsultingservices.com\/vi-vn\/dang-ky-99ok\/#Nhap_thong_tin_tai_khoan_cuoc_chinh_xac_va_day_du\" >Nh\u1eadp th\u00f4ng tin t\u00e0i kho\u1ea3n c\u01b0\u1ee3c ch\u00ednh x\u00e1c v\u00e0 \u0111\u1ea7y \u0111\u1ee7<\/a><\/li><li class='ez-toc-page-1 ez-toc-heading-level-3'><a class=\"ez-toc-link ez-toc-heading-5\" href=\"https:\/\/firstconsultingservices.com\/vi-vn\/dang-ky-99ok\/#Bao_mat_mat_khau_hoi_vien_va_thong_tin_ca_nhan\" >B\u1ea3o m\u1eadt m\u1eadt kh\u1ea9u h\u1ed9i vi\u00ean v\u00e0 th\u00f4ng tin c\u00e1 nh\u00e2n<\/a><\/li><li class='ez-toc-page-1 ez-toc-heading-level-3'><a class=\"ez-toc-link ez-toc-heading-6\" href=\"https:\/\/firstconsultingservices.com\/vi-vn\/dang-ky-99ok\/#Kiem_tra_ky_cac_dieu_khoan_va_khuyen_mai_khi_dang_ky_99OK\" >Ki\u1ec3m tra k\u1ef9 c\u00e1c \u0111i\u1ec1u kho\u1ea3n v\u00e0 khuy\u1ebfn m\u00e3i khi \u0111\u0103ng k\u00fd 99OK<\/a><\/li><\/ul><\/li><li class='ez-toc-page-1 ez-toc-heading-level-2'><a class=\"ez-toc-link ez-toc-heading-7\" href=\"https:\/\/firstconsultingservices.com\/vi-vn\/dang-ky-99ok\/#Uu_diem_khi_dang_ky_99OK_hom_nay\" >\u01afu \u0111i\u1ec3m khi \u0111\u0103ng k\u00fd 99OK h\u00f4m nay<\/a><\/li><li class='ez-toc-page-1 ez-toc-heading-level-2'><a class=\"ez-toc-link ez-toc-heading-8\" href=\"https:\/\/firstconsultingservices.com\/vi-vn\/dang-ky-99ok\/#Thac_mac_khi_thao_tac_dang_ky_tai_khoan_99OK\" >Th\u1eafc m\u1eafc khi thao t\u00e1c \u0111\u0103ng k\u00fd t\u00e0i kho\u1ea3n 99OK<\/a><ul class='ez-toc-list-level-3' ><li class='ez-toc-heading-level-3'><a class=\"ez-toc-link ez-toc-heading-9\" href=\"https:\/\/firstconsultingservices.com\/vi-vn\/dang-ky-99ok\/#Dang_ky_99OK_co_mat_phi_khong\" >\u0110\u0103ng k\u00fd 99OK c\u00f3 m\u1ea5t ph\u00ed kh\u00f4ng?<\/a><\/li><li class='ez-toc-page-1 ez-toc-heading-level-3'><a class=\"ez-toc-link ez-toc-heading-10\" href=\"https:\/\/firstconsultingservices.com\/vi-vn\/dang-ky-99ok\/#Toi_co_the_su_dung_so_dien_thoai_ao_de_dang_ky_khong\" >T\u00f4i c\u00f3 th\u1ec3 s\u1eed d\u1ee5ng s\u1ed1 \u0111i\u1ec7n tho\u1ea1i \u1ea3o \u0111\u1ec3 \u0111\u0103ng k\u00fd kh\u00f4ng?<\/a><\/li><li class='ez-toc-page-1 ez-toc-heading-level-3'><a class=\"ez-toc-link ez-toc-heading-11\" href=\"https:\/\/firstconsultingservices.com\/vi-vn\/dang-ky-99ok\/#Mot_nguoi_co_the_tao_nhieu_tai_khoan_cuoc_tai_99OK_khong\" >M\u1ed9t ng\u01b0\u1eddi c\u00f3 th\u1ec3 t\u1ea1o nhi\u1ec1u t\u00e0i kho\u1ea3n c\u01b0\u1ee3c t\u1ea1i 99OK kh\u00f4ng?<\/a><\/li><\/ul><\/li><li class='ez-toc-page-1 ez-toc-heading-level-2'><a class=\"ez-toc-link ez-toc-heading-12\" href=\"https:\/\/firstconsultingservices.com\/vi-vn\/dang-ky-99ok\/#Ket_luan\" >K\u1ebft lu\u1eadn<\/a><\/li><\/ul><\/li><\/ul><\/nav><\/div>\n<h1 style=\"text-align: center;\"><span class=\"ez-toc-section\" id=\"Dang_Ky_99OK_Chi_Voi_3_Buoc_Nhan_199k_Mien_Phi_Cuc_Hoi\"><\/span><b>\u0110\u0103ng K\u00fd 99OK Ch\u1ec9 V\u1edbi 3 B\u01b0\u1edbc Nh\u1eadn 199k Mi\u1ec5n Ph\u00ed C\u1ef1c H\u1eddi<\/b><span class=\"ez-toc-section-end\"><\/span><\/h1>\n<p><b>\u0110\u0103ng k\u00fd 99OK<\/b><span style=\"font-weight: 400;\"> th\u00e0nh c\u00f4ng, ng\u01b0\u1eddi ch\u01a1i s\u1ebd c\u00f3 c\u01a1 h\u1ed9i nh\u1eadn 199K mi\u1ec5n ph\u00ed \u0111\u1ec3 tr\u1ea3i nghi\u1ec7m kho game kh\u1ee7ng v\u00e0 d\u1ecbch v\u1ee5 CSKH \u0111\u1ea1t chu\u1ea9n. \u0110\u1ec3 m\u1edf t\u00e0i kho\u1ea3n nhanh &#8211; kh\u00f4ng b\u1ecb sai s\u00f3t, b\u1ea1n c\u1ea7n n\u1eafm r\u00f5 c\u00e1c l\u01b0u \u00fd trong qu\u00e1 tr\u00ecnh th\u1ef1c hi\u1ec7n, \u0111\u1eb7c bi\u1ec7t l\u00e0 nh\u1edb x\u00e1c th\u1ef1c s\u1ed1 \u0111i\u1ec7n tho\u1ea1i \u0111\u1ec3 \u0111\u01b0\u1ee3c <strong><a class=\"in-cell-link\" href=\"https:\/\/firstconsultingservices.com\/vi-vn\/\" target=\"_blank\" rel=\"noopener\">99OK<\/a><\/strong> t\u1eb7ng v\u1ed1n kh\u1edfi nghi\u1ec7p!<\/span><\/p>\n<h2><span class=\"ez-toc-section\" id=\"Huong_dan_dang_ky_99OK_nhan_199K_mien_phi\"><\/span><b>H\u01b0\u1edbng d\u1eabn \u0111\u0103ng k\u00fd 99OK nh\u1eadn 199K mi\u1ec5n ph\u00ed<\/b><span class=\"ez-toc-section-end\"><\/span><\/h2>\n<p><span style=\"font-weight: 400;\">Tham gia 99OK ch\u01b0a bao gi\u1edd d\u1ec5 d\u00e0ng \u0111\u1ebfn v\u1eady, v\u00ec h\u1ec7 th\u1ed1ng \u0111\u0103ng k\u00fd \u0111\u00e3 \u0111\u01b0\u1ee3c t\u1ed1i \u01b0u nhanh ch\u00f3ng, thu\u1eadn ti\u1ec7n cho m\u1ecdi ng\u01b0\u1eddi ch\u01a1i. Ch\u1ec9 c\u1ea7n t\u1ea1o t\u00e0i kho\u1ea3n th\u00e0nh c\u00f4ng v\u00e0 th\u1ef1c hi\u1ec7n n\u1ea1p \u0111\u1ea7u, b\u1ea1n s\u1ebd \u0111\u01b0\u1ee3c t\u1eb7ng ngay 199K mi\u1ec5n ph\u00ed.<\/span><\/p>\n<figure id=\"attachment_42\" aria-describedby=\"caption-attachment-42\" style=\"width: 800px\" class=\"wp-caption aligncenter\"><img loading=\"lazy\" decoding=\"async\" class=\"size-full wp-image-42\" src=\"https:\/\/firstconsultingservices.com\/wp-content\/uploads\/2025\/09\/huong-dan-dang-ky-99ok-nhanh-chi-voi-3-buoc.jpg\" alt=\"H\u01b0\u1edbng d\u1eabn \u0111\u0103ng k\u00fd 99OK nhanh ch\u1ec9 v\u1edbi 3 b\u01b0\u1edbc\" width=\"800\" height=\"400\" title=\"\" srcset=\"https:\/\/firstconsultingservices.com\/wp-content\/uploads\/2025\/09\/huong-dan-dang-ky-99ok-nhanh-chi-voi-3-buoc.jpg 800w, https:\/\/firstconsultingservices.com\/wp-content\/uploads\/2025\/09\/huong-dan-dang-ky-99ok-nhanh-chi-voi-3-buoc-300x150.jpg 300w, https:\/\/firstconsultingservices.com\/wp-content\/uploads\/2025\/09\/huong-dan-dang-ky-99ok-nhanh-chi-voi-3-buoc-768x384.jpg 768w\" sizes=\"auto, (max-width: 800px) 100vw, 800px\" \/><figcaption id=\"caption-attachment-42\" class=\"wp-caption-text\">H\u01b0\u1edbng d\u1eabn \u0111\u0103ng k\u00fd 99OK nhanh ch\u1ec9 v\u1edbi 3 b\u01b0\u1edbc<\/figcaption><\/figure>\n<ul>\n<li style=\"font-weight: 400;\" aria-level=\"1\"><span style=\"font-weight: 400;\">B\u01b0\u1edbc 1 &#8211; \u0110i\u1ec1n th\u00f4ng tin \u0111\u0103ng nh\u1eadp: B\u1ea1n c\u1ea7n nh\u1eadp t\u00ean t\u00e0i kho\u1ea3n, m\u1eadt kh\u1ea9u th\u00e0nh vi\u00ean, v\u00e0 x\u00e1c nh\u1eadn m\u1eadt kh\u1ea9u \u0111\u1ec3 t\u1ea1o th\u00f4ng tin \u0111\u0103ng nh\u1eadp cho m\u00ecnh.<\/span><\/li>\n<li style=\"font-weight: 400;\" aria-level=\"1\"><span style=\"font-weight: 400;\">B\u01b0\u1edbc 2 &#8211; Cung c\u1ea5p th\u00f4ng tin c\u00e1 nh\u00e2n: Nh\u1eadp t\u00ean th\u1eadt (gi\u1ed1ng v\u1edbi t\u00ean tr\u00ean t\u00e0i kho\u1ea3n ng\u00e2n h\u00e0ng), t\u1ea1o m\u1eadt kh\u1ea9u r\u00fat ti\u1ec1n v\u00e0 \u0111i\u1ec1n m\u00e3 x\u00e1c minh \u0111\u1ec3 ho\u00e0n t\u1ea5t th\u00f4ng tin c\u00e1 nh\u00e2n.<\/span><\/li>\n<li style=\"font-weight: 400;\" aria-level=\"1\"><span style=\"font-weight: 400;\">B\u01b0\u1edbc 3 &#8211; Ho\u00e0n t\u1ea5t \u0111\u0103ng k\u00fd: T\u00edch v\u00e0o \u00f4 x\u00e1c nh\u1eadn \u0111\u00e3 \u0111\u1ee7 18 tu\u1ed5i v\u00e0 \u0111\u1ed3ng \u00fd v\u1edbi c\u00e1c \u0111i\u1ec1u kho\u1ea3n, sau \u0111\u00f3 nh\u1ea5n \u0110\u0103ng k\u00fd ngay \u0111\u1ec3 ho\u00e0n t\u1ea5t.<\/span><\/li>\n<\/ul>\n<h2><span class=\"ez-toc-section\" id=\"Luu_y_khi_tao_tai_khoan_99OK\"><\/span><b>L\u01b0u \u00fd khi t\u1ea1o t\u00e0i kho\u1ea3n 99OK<\/b><span class=\"ez-toc-section-end\"><\/span><\/h2>\n<p><span style=\"font-weight: 400;\">Vi\u1ec7c <\/span><b>\u0111\u0103ng k\u00fd 99OK<\/b><span style=\"font-weight: 400;\"> r\u1ea5t \u0111\u01a1n gi\u1ea3n, nh\u01b0ng \u0111\u1ec3 \u0111\u1ea3m b\u1ea3o qu\u00e1 tr\u00ecnh di\u1ec5n ra thu\u1eadn l\u1ee3i v\u00e0 an to\u00e0n, ng\u01b0\u1eddi ch\u01a1i c\u1ea7n n\u1eafm r\u00f5 m\u1ed9t s\u1ed1 \u0111i\u1ec3m quan tr\u1ecdng. Nh\u1eefng l\u01b0u \u00fd n\u00e0y s\u1ebd gi\u00fap b\u1ea1n tr\u00e1nh sai s\u00f3t kh\u00f4ng \u0111\u00e1ng c\u00f3 v\u1ec1 sau.<\/span><\/p>\n<h3><span class=\"ez-toc-section\" id=\"Nhap_thong_tin_tai_khoan_cuoc_chinh_xac_va_day_du\"><\/span><b>Nh\u1eadp th\u00f4ng tin t\u00e0i kho\u1ea3n c\u01b0\u1ee3c ch\u00ednh x\u00e1c v\u00e0 \u0111\u1ea7y \u0111\u1ee7<\/b><span class=\"ez-toc-section-end\"><\/span><\/h3>\n<p><span style=\"font-weight: 400;\">Khi <\/span><b>\u0111\u0103ng k\u00fd 99OK<\/b><span style=\"font-weight: 400;\">, b\u1ea1n c\u1ea7n \u0111i\u1ec1n ch\u00ednh x\u00e1c h\u1ecd t\u00ean, s\u1ed1 \u0111i\u1ec7n tho\u1ea1i, email v\u00e0 t\u00e0i kho\u1ea3n ng\u00e2n h\u00e0ng. Nh\u1eefng th\u00f4ng tin n\u00e0y ph\u1ea3i tr\u00f9ng kh\u1edbp v\u1edbi gi\u1ea5y t\u1edd c\u00e1 nh\u00e2n \u0111\u1ec3 thu\u1eadn ti\u1ec7n cho vi\u1ec7c x\u00e1c minh c\u0169ng nh\u01b0 giao d\u1ecbch sau n\u00e0y. N\u1ebfu nh\u1eadp sai, b\u1ea1n c\u00f3 th\u1ec3 g\u1eb7p kh\u00f3 kh\u0103n khi r\u00fat ti\u1ec1n ho\u1eb7c tham gia c\u00e1c ch\u01b0\u01a1ng tr\u00ecnh khuy\u1ebfn m\u00e3i.<\/span><\/p>\n<h3><span class=\"ez-toc-section\" id=\"Bao_mat_mat_khau_hoi_vien_va_thong_tin_ca_nhan\"><\/span><b>B\u1ea3o m\u1eadt m\u1eadt kh\u1ea9u h\u1ed9i vi\u00ean v\u00e0 th\u00f4ng tin c\u00e1 nh\u00e2n<\/b><span class=\"ez-toc-section-end\"><\/span><\/h3>\n<p><span style=\"font-weight: 400;\">M\u1eadt kh\u1ea9u n\u00ean \u0111\u01b0\u1ee3c \u0111\u1eb7t theo ti\u00eau chu\u1ea9n an to\u00e0n g\u1ed3m c\u1ea3 ch\u1eef hoa, ch\u1eef th\u01b0\u1eddng, s\u1ed1 v\u00e0 k\u00fd t\u1ef1 \u0111\u1eb7c bi\u1ec7t. \u0110\u1ed3ng th\u1eddi, tuy\u1ec7t \u0111\u1ed1i kh\u00f4ng chia s\u1ebb t\u00e0i kho\u1ea3n v\u1edbi ng\u01b0\u1eddi kh\u00e1c \u0111\u1ec3 tr\u00e1nh r\u1ee7i ro b\u1ecb x\u00e2m nh\u1eadp ho\u1eb7c m\u1ea5t quy\u1ec1n ki\u1ec3m so\u00e1t. \u0110\u00e2y l\u00e0 y\u1ebfu t\u1ed1 quan tr\u1ecdng gi\u00fap b\u1ea3o v\u1ec7 to\u00e0n b\u1ed9 t\u00e0i s\u1ea3n c\u1ee7a b\u1ea1n t\u1ea1i 99OK.<\/span><\/p>\n<h3><span class=\"ez-toc-section\" id=\"Kiem_tra_ky_cac_dieu_khoan_va_khuyen_mai_khi_dang_ky_99OK\"><\/span><b>Ki\u1ec3m tra k\u1ef9 c\u00e1c \u0111i\u1ec1u kho\u1ea3n v\u00e0 khuy\u1ebfn m\u00e3i khi \u0111\u0103ng k\u00fd 99OK<\/b><span class=\"ez-toc-section-end\"><\/span><\/h3>\n<p><span style=\"font-weight: 400;\">Tr\u01b0\u1edbc khi ho\u00e0n t\u1ea5t \u0111\u0103ng k\u00fd <strong><span data-sheets-root=\"1\">99ok. com<\/span><\/strong>, h\u00e3y \u0111\u1ecdc k\u1ef9 \u0111i\u1ec1u kho\u1ea3n s\u1eed d\u1ee5ng v\u00e0 c\u00e1c ch\u00ednh s\u00e1ch li\u00ean quan \u0111\u1ebfn khuy\u1ebfn m\u00e3i. Vi\u1ec7c n\u1eafm r\u00f5 quy \u0111\u1ecbnh s\u1ebd gi\u00fap b\u1ea1n hi\u1ec3u r\u00f5 quy\u1ec1n l\u1ee3i v\u00e0 tr\u00e1ch nhi\u1ec7m c\u1ee7a m\u00ecnh, \u0111\u1ed3ng th\u1eddi t\u1eadn d\u1ee5ng t\u1ed1i \u0111a \u01b0u \u0111\u00e3i nh\u01b0 ch\u01b0\u01a1ng tr\u00ecnh t\u1eb7ng 199K cho h\u1ed9i vi\u00ean m\u1edbi.<\/span><\/p>\n<figure id=\"attachment_41\" aria-describedby=\"caption-attachment-41\" style=\"width: 800px\" class=\"wp-caption aligncenter\"><img loading=\"lazy\" decoding=\"async\" class=\"size-full wp-image-41\" src=\"https:\/\/firstconsultingservices.com\/wp-content\/uploads\/2025\/09\/luu-y-khi-dang-ky-tai-khoan.jpg\" alt=\"L\u01b0u \u00fd khi \u0111\u0103ng k\u00fd t\u00e0i kho\u1ea3n\" width=\"800\" height=\"400\" title=\"\" srcset=\"https:\/\/firstconsultingservices.com\/wp-content\/uploads\/2025\/09\/luu-y-khi-dang-ky-tai-khoan.jpg 800w, https:\/\/firstconsultingservices.com\/wp-content\/uploads\/2025\/09\/luu-y-khi-dang-ky-tai-khoan-300x150.jpg 300w, https:\/\/firstconsultingservices.com\/wp-content\/uploads\/2025\/09\/luu-y-khi-dang-ky-tai-khoan-768x384.jpg 768w\" sizes=\"auto, (max-width: 800px) 100vw, 800px\" \/><figcaption id=\"caption-attachment-41\" class=\"wp-caption-text\">L\u01b0u \u00fd khi \u0111\u0103ng k\u00fd t\u00e0i kho\u1ea3n<\/figcaption><\/figure>\n<h2><span class=\"ez-toc-section\" id=\"Uu_diem_khi_dang_ky_99OK_hom_nay\"><\/span><b>\u01afu \u0111i\u1ec3m khi \u0111\u0103ng k\u00fd 99OK h\u00f4m nay<\/b><span class=\"ez-toc-section-end\"><\/span><\/h2>\n<p><a href=\"https:\/\/firstconsultingservices.com\/vi-vn\/dang-ky-99ok\/\"><b>\u0110\u0103ng k\u00fd 99OK<\/b><\/a> <span style=\"font-weight: 400;\">h\u00f4m nay kh\u00f4ng ch\u1ec9 gi\u00fap b\u1ea1n tr\u1ea3i nghi\u1ec7m n\u1ec1n t\u1ea3ng c\u00e1 c\u01b0\u1ee3c hi\u1ec7n \u0111\u1ea1i m\u00e0 c\u00f2n nh\u1eadn \u0111\u01b0\u1ee3c nhi\u1ec1u quy\u1ec1n l\u1ee3i v\u01b0\u1ee3t tr\u1ed9i. D\u01b0\u1edbi \u0111\u00e2y l\u00e0 \u01b0u \u0111i\u1ec3m n\u1ed5i b\u1eadt m\u00e0 h\u1ed9i vi\u00ean\u00a0<strong><span data-sheets-root=\"1\">99okvip top<\/span><\/strong> m\u1edbi c\u00f3 th\u1ec3 t\u1eadn h\u01b0\u1edfng ngay sau khi s\u1edf h\u1eefu t\u00e0i kho\u1ea3n.<\/span><\/p>\n<table>\n<tbody>\n<tr>\n<td><b>\u01afu \u0111i\u1ec3m<\/b><\/td>\n<td><b>Chi ti\u1ebft<\/b><\/td>\n<\/tr>\n<tr>\n<td><span style=\"font-weight: 400;\">Th\u01b0\u1edfng ch\u00e0o m\u1eebng<\/span><\/td>\n<td><span style=\"font-weight: 400;\">Ngay sau khi \u0111\u0103ng k\u00fd v\u00e0 n\u1ea1p \u0111\u1ea7u, h\u1ed9i vi\u00ean m\u1edbi \u0111\u01b0\u1ee3c c\u1ed9ng th\u00eam 199K mi\u1ec5n ph\u00ed \u0111\u1ec3 kh\u1edfi \u0111\u1ed9ng<\/span><\/td>\n<\/tr>\n<tr>\n<td><span style=\"font-weight: 400;\">Nhi\u1ec1u khuy\u1ebfn m\u00e3i<\/span><\/td>\n<td><span style=\"font-weight: 400;\">Th\u01b0\u1edfng n\u1ea1p l\u1ea1i, ho\u00e0n tr\u1ea3 h\u00e0ng ng\u00e0y\/tu\u1ea7n, s\u1ef1 ki\u1ec7n l\u1edbn theo m\u00f9a cho t\u1ea5t c\u1ea3 th\u00e0nh vi\u00ean<\/span><\/td>\n<\/tr>\n<tr>\n<td><span style=\"font-weight: 400;\">Gi\u1ea5y ph\u00e9p qu\u1ed1c t\u1ebf uy t\u00edn<\/span><\/td>\n<td><span style=\"font-weight: 400;\">\u0110\u01b0\u1ee3c c\u1ea5p ph\u00e9p b\u1edfi c\u00e1c t\u1ed5 ch\u1ee9c qu\u1ea3n l\u00fd h\u00e0ng \u0111\u1ea7u, \u0111\u1ea3m b\u1ea3o ho\u1ea1t \u0111\u1ed9ng minh b\u1ea1ch v\u00e0 h\u1ee3p ph\u00e1p<\/span><\/td>\n<\/tr>\n<tr>\n<td><span style=\"font-weight: 400;\">Kho game phong ph\u00fa<\/span><\/td>\n<td><span style=\"font-weight: 400;\">H\u01a1n 1.500 t\u1ef1a game t\u1eeb c\u00e1c NPH l\u1edbn nh\u01b0 EVO, PP, RTG, WM, DG, TP, SA, AG,&#8230;<\/span><\/td>\n<\/tr>\n<tr>\n<td><span style=\"font-weight: 400;\">T\u1ef7 l\u1ec7 c\u01b0\u1ee3c c\u1ea1nh tranh<\/span><\/td>\n<td><span style=\"font-weight: 400;\">Cung c\u1ea5p k\u00e8o \u0111a d\u1ea1ng, t\u1ef7 l\u1ec7 tr\u1ea3 th\u01b0\u1edfng cao h\u01a1n m\u1eb7t b\u1eb1ng chung th\u1ecb tr\u01b0\u1eddng<\/span><\/td>\n<\/tr>\n<tr>\n<td><span style=\"font-weight: 400;\">Giao d\u1ecbch si\u00eau t\u1ed1c<\/span><\/td>\n<td><span style=\"font-weight: 400;\">N\u1ea1p r\u00fat trong 1-3 ph\u00fat, h\u1ed7 tr\u1ee3 nhi\u1ec1u ph\u01b0\u01a1ng th\u1ee9c t\u1eeb ng\u00e2n h\u00e0ng n\u1ed9i \u0111\u1ecba, v\u00ed \u0111i\u1ec7n t\u1eed \u0111\u1ebfn QR Pay<\/span><\/td>\n<\/tr>\n<tr>\n<td><span style=\"font-weight: 400;\">\u1ee8ng d\u1ee5ng di \u0111\u1ed9ng ti\u1ec7n l\u1ee3i<\/span><\/td>\n<td><span style=\"font-weight: 400;\">App nh\u00e0 c\u00e1i t\u01b0\u01a1ng th\u00edch Android, iOS, giao di\u1ec7n m\u01b0\u1ee3t m\u00e0, t\u1ed1i \u01b0u cho m\u1ecdi thi\u1ebft b\u1ecb<\/span><\/td>\n<\/tr>\n<tr>\n<td><span style=\"font-weight: 400;\">CSKH chuy\u00ean nghi\u1ec7p<\/span><\/td>\n<td><span style=\"font-weight: 400;\">\u0110\u1ed9i ng\u0169 h\u1ed7 tr\u1ee3 24\/7 qua nhi\u1ec1u k\u00eanh, s\u1eb5n s\u00e0ng gi\u1ea3i \u0111\u00e1p v\u00e0 x\u1eed l\u00fd y\u00eau c\u1ea7u nhanh ch\u00f3ng<\/span><\/td>\n<\/tr>\n<tr>\n<td><span style=\"font-weight: 400;\">Ch\u01b0\u01a1ng tr\u00ecnh \u0111\u1ea1i l\u00fd h\u1ea5p d\u1eabn<\/span><\/td>\n<td><span style=\"font-weight: 400;\">C\u01a1 h\u1ed9i h\u1ee3p t\u00e1c v\u1edbi hoa h\u1ed3ng cao, th\u01b0\u1edfng th\u00eam khi ph\u00e1t tri\u1ec3n h\u1ed9i vi\u00ean m\u1edbi<\/span><\/td>\n<\/tr>\n<\/tbody>\n<\/table>\n<h2><span class=\"ez-toc-section\" id=\"Thac_mac_khi_thao_tac_dang_ky_tai_khoan_99OK\"><\/span><b>Th\u1eafc m\u1eafc khi thao t\u00e1c \u0111\u0103ng k\u00fd t\u00e0i kho\u1ea3n 99OK<\/b><span class=\"ez-toc-section-end\"><\/span><\/h2>\n<p><span style=\"font-weight: 400;\">Trong qu\u00e1 tr\u00ecnh \u0111\u0103ng k\u00fd t\u00e0i kho\u1ea3n c\u01b0\u1ee3c, nhi\u1ec1u ng\u01b0\u1eddi m\u1edbi th\u01b0\u1eddng g\u1eb7p ph\u1ea3i m\u1ed9t s\u1ed1 b\u0103n kho\u0103n ho\u1eb7c ch\u01b0a hi\u1ec3u r\u00f5 quy tr\u00ecnh. Vi\u1ec7c n\u1eafm tr\u01b0\u1edbc c\u00e1c th\u1eafc m\u1eafc ph\u1ed5 bi\u1ebfn s\u1ebd gi\u00fap b\u1ea1n ho\u00e0n t\u1ea5t thao t\u00e1c nhanh ch\u00f3ng.<\/span><\/p>\n<figure id=\"attachment_40\" aria-describedby=\"caption-attachment-40\" style=\"width: 800px\" class=\"wp-caption aligncenter\"><img loading=\"lazy\" decoding=\"async\" class=\"size-full wp-image-40\" src=\"https:\/\/firstconsultingservices.com\/wp-content\/uploads\/2025\/09\/thac-mac-khi-dang-ky-tai-khoan.jpg\" alt=\"Th\u1eafc m\u1eafc khi \u0111\u0103ng k\u00fd t\u00e0i kho\u1ea3n\" width=\"800\" height=\"400\" title=\"\" srcset=\"https:\/\/firstconsultingservices.com\/wp-content\/uploads\/2025\/09\/thac-mac-khi-dang-ky-tai-khoan.jpg 800w, https:\/\/firstconsultingservices.com\/wp-content\/uploads\/2025\/09\/thac-mac-khi-dang-ky-tai-khoan-300x150.jpg 300w, https:\/\/firstconsultingservices.com\/wp-content\/uploads\/2025\/09\/thac-mac-khi-dang-ky-tai-khoan-768x384.jpg 768w\" sizes=\"auto, (max-width: 800px) 100vw, 800px\" \/><figcaption id=\"caption-attachment-40\" class=\"wp-caption-text\">Th\u1eafc m\u1eafc khi \u0111\u0103ng k\u00fd t\u00e0i kho\u1ea3n<\/figcaption><\/figure>\n<h3><span class=\"ez-toc-section\" id=\"Dang_ky_99OK_co_mat_phi_khong\"><\/span><b>\u0110\u0103ng k\u00fd 99OK c\u00f3 m\u1ea5t ph\u00ed kh\u00f4ng?<\/b><span class=\"ez-toc-section-end\"><\/span><\/h3>\n<p><span style=\"font-weight: 400;\">Ho\u00e0n to\u00e0n mi\u1ec5n ph\u00ed, b\u1ea1n kh\u00f4ng ph\u1ea3i tr\u1ea3 b\u1ea5t c\u1ee9 kho\u1ea3n ph\u00ed n\u00e0o khi t\u1ea1o t\u00e0i kho\u1ea3n. Sau khi <\/span><b>\u0111\u0103ng k\u00fd 99OK<\/b><span style=\"font-weight: 400;\"> th\u00e0nh c\u00f4ng, b\u1ea1n c\u00f2n \u0111\u01b0\u1ee3c nh\u1eadn 199K th\u01b0\u1edfng n\u1ea1p \u0111\u1ea7u \u0111\u1ec3 tr\u1ea3i nghi\u1ec7m kho game.<\/span><\/p>\n<h3><span class=\"ez-toc-section\" id=\"Toi_co_the_su_dung_so_dien_thoai_ao_de_dang_ky_khong\"><\/span><b>T\u00f4i c\u00f3 th\u1ec3 s\u1eed d\u1ee5ng s\u1ed1 \u0111i\u1ec7n tho\u1ea1i \u1ea3o \u0111\u1ec3 \u0111\u0103ng k\u00fd kh\u00f4ng?<\/b><span class=\"ez-toc-section-end\"><\/span><\/h3>\n<p><span style=\"font-weight: 400;\">Kh\u00f4ng n\u00ean s\u1eed d\u1ee5ng s\u1ed1 \u0111i\u1ec7n tho\u1ea1i \u1ea3o ho\u1eb7c kh\u00f4ng ch\u00ednh ch\u1ee7. 99OK y\u00eau c\u1ea7u s\u1ed1 \u0111i\u1ec7n tho\u1ea1i th\u1eadt \u0111\u1ec3 x\u00e1c minh t\u00e0i kho\u1ea3n, b\u1ea3o v\u1ec7 quy\u1ec1n l\u1ee3i v\u00e0 h\u1ed7 tr\u1ee3 kh\u00f4i ph\u1ee5c trong tr\u01b0\u1eddng h\u1ee3p qu\u00ean m\u1eadt kh\u1ea9u ho\u1eb7c g\u1eb7p s\u1ef1 c\u1ed1.<\/span><\/p>\n<h3><span class=\"ez-toc-section\" id=\"Mot_nguoi_co_the_tao_nhieu_tai_khoan_cuoc_tai_99OK_khong\"><\/span><b>M\u1ed9t ng\u01b0\u1eddi c\u00f3 th\u1ec3 t\u1ea1o nhi\u1ec1u t\u00e0i kho\u1ea3n c\u01b0\u1ee3c t\u1ea1i 99OK kh\u00f4ng?<\/b><span class=\"ez-toc-section-end\"><\/span><\/h3>\n<p><span style=\"font-weight: 400;\">M\u1ed7i c\u00e1 nh\u00e2n ch\u1ec9 \u0111\u01b0\u1ee3c ph\u00e9p s\u1edf h\u1eefu m\u1ed9t t\u00e0i kho\u1ea3n duy nh\u1ea5t. Vi\u1ec7c t\u1ea1o nhi\u1ec1u t\u00e0i kho\u1ea3n c\u00f3 th\u1ec3 d\u1eabn \u0111\u1ebfn h\u1ee7y quy\u1ec1n l\u1ee3i, kh\u00f4ng \u0111\u01b0\u1ee3c nh\u1eadn th\u01b0\u1edfng v\u00e0 th\u1eadm ch\u00ed b\u1ecb kh\u00f3a quy\u1ec1n truy c\u1eadp theo quy \u0111\u1ecbnh \u0111\u1ec3 \u0111\u1ea3m b\u1ea3o s\u1ef1 c\u00f4ng b\u1eb1ng.<\/span><\/p>\n<blockquote><p><em><strong>&gt;&gt;&gt; Xem th\u00eam : <a href=\"https:\/\/firstconsultingservices.com\/vi-vn\/dang-nhap-99ok\/\">\u0110\u0103ng Nh\u1eadp 99OK<\/a> Si\u00eau D\u1ec5 V\u00e0 C\u00e1ch X\u1eed L\u00fd Khi L\u1ed7i Truy C\u1eadp<\/strong><\/em><\/p><\/blockquote>\n<h2><span class=\"ez-toc-section\" id=\"Ket_luan\"><\/span><b>K\u1ebft lu\u1eadn<\/b><span class=\"ez-toc-section-end\"><\/span><\/h2>\n<p><span style=\"font-weight: 400;\">B\u00e0i vi\u1ebft tr\u00ean \u0111\u00e3 h\u01b0\u1edbng d\u1eabn b\u1ea1n c\u00e1ch <\/span><b>\u0111\u0103ng k\u00fd 99OK <\/b><span style=\"font-weight: 400;\">nhanh nh\u1ea5t. Th\u1ef1c hi\u1ec7n theo \u0111\u00fang c\u00e1c b\u01b0\u1edbc \u0111\u1ec3 tr\u1edf th\u00e0nh h\u1ed9i vi\u00ean ngay l\u1eadp t\u1ee9c. Nh\u00e0 c\u00e1i hi\u1ec7n \u0111ang t\u1ed5 ch\u1ee9c nhi\u1ec1u s\u1ef1 ki\u1ec7n si\u00eau h\u1ea5p d\u1eabn t\u1ea1i trang ch\u1ee7 ch\u00ednh th\u1ee9c cho b\u1ea1n tho\u1ea3i m\u00e1i l\u1ef1a ch\u1ecdn v\u00e0 tham gia m\u1ed7i ng\u00e0y.<\/span><\/p>","protected":false},"excerpt":{"rendered":"<p>\u0110\u0103ng K\u00fd 99OK Ch\u1ec9 V\u1edbi 3 B\u01b0\u1edbc Nh\u1eadn 199k Mi\u1ec5n Ph\u00ed C\u1ef1c H\u1eddi \u0110\u0103ng k\u00fd 99OK th\u00e0nh c\u00f4ng, ng\u01b0\u1eddi ch\u01a1i s\u1ebd c\u00f3 c\u01a1 h\u1ed9i nh\u1eadn 199K mi\u1ec5n ph\u00ed \u0111\u1ec3 tr\u1ea3i nghi\u1ec7m kho game kh\u1ee7ng v\u00e0 d\u1ecbch v\u1ee5 CSKH \u0111\u1ea1t chu\u1ea9n. \u0110\u1ec3 m\u1edf t\u00e0i kho\u1ea3n nhanh &#8211; kh\u00f4ng b\u1ecb sai s\u00f3t, b\u1ea1n c\u1ea7n n\u1eafm r\u00f5 c\u00e1c [&#8230;]\n","protected":false},"author":1,"featured_media":43,"parent":0,"menu_order":0,"comment_status":"closed","ping_status":"closed","template":"","meta":{"footnotes":""},"class_list":["post-32","page","type-page","status-publish","has-post-thumbnail","hentry"],"_links":{"self":[{"href":"https:\/\/firstconsultingservices.com\/vi-vn\/wp-json\/wp\/v2\/pages\/32","targetHints":{"allow":["GET"]}}],"collection":[{"href":"https:\/\/firstconsultingservices.com\/vi-vn\/wp-json\/wp\/v2\/pages"}],"about":[{"href":"https:\/\/firstconsultingservices.com\/vi-vn\/wp-json\/wp\/v2\/types\/page"}],"author":[{"embeddable":true,"href":"https:\/\/firstconsultingservices.com\/vi-vn\/wp-json\/wp\/v2\/users\/1"}],"replies":[{"embeddable":true,"href":"https:\/\/firstconsultingservices.com\/vi-vn\/wp-json\/wp\/v2\/comments?post=32"}],"version-history":[{"count":6,"href":"https:\/\/firstconsultingservices.com\/vi-vn\/wp-json\/wp\/v2\/pages\/32\/revisions"}],"predecessor-version":[{"id":502,"href":"https:\/\/firstconsultingservices.com\/vi-vn\/wp-json\/wp\/v2\/pages\/32\/revisions\/502"}],"wp:featuredmedia":[{"embeddable":true,"href":"https:\/\/firstconsultingservices.com\/vi-vn\/wp-json\/wp\/v2\/media\/43"}],"wp:attachment":[{"href":"https:\/\/firstconsultingservices.com\/vi-vn\/wp-json\/wp\/v2\/media?parent=32"}],"curies":[{"name":"wp","href":"https:\/\/api.w.org\/{rel}","templated":true}]}}