{"id":33,"date":"2025-09-10T12:29:21","date_gmt":"2025-09-10T05:29:21","guid":{"rendered":"https:\/\/zcsggp.sa.com\/?page_id=33"},"modified":"2025-10-10T19:44:36","modified_gmt":"2025-10-10T12:44:36","slug":"gioi-thieu-99ok","status":"publish","type":"page","link":"https:\/\/firstconsultingservices.com\/vi-vn\/gioi-thieu-99ok\/","title":{"rendered":"Gi\u1edbi Thi\u1ec7u 99OK"},"content":{"rendered":"<div id=\"ez-toc-container\" class=\"ez-toc-v2_0_76 counter-hierarchy ez-toc-counter ez-toc-grey ez-toc-container-direction\">\n<div class=\"ez-toc-title-container\">\n<p class=\"ez-toc-title\" style=\"cursor:inherit\">Table of Contents<\/p>\n<span class=\"ez-toc-title-toggle\"><a href=\"#\" class=\"ez-toc-pull-right ez-toc-btn ez-toc-btn-xs ez-toc-btn-default ez-toc-toggle\" aria-label=\"Toggle Table of Content\"><span class=\"ez-toc-js-icon-con\"><span class=\"\"><span class=\"eztoc-hide\" style=\"display:none;\">Toggle<\/span><span class=\"ez-toc-icon-toggle-span\"><svg style=\"fill: #999;color:#999\" xmlns=\"http:\/\/www.w3.org\/2000\/svg\" class=\"list-377408\" width=\"20px\" height=\"20px\" viewbox=\"0 0 24 24\" fill=\"none\"><path d=\"M6 6H4v2h2V6zm14 0H8v2h12V6zM4 11h2v2H4v-2zm16 0H8v2h12v-2zM4 16h2v2H4v-2zm16 0H8v2h12v-2z\" fill=\"currentColor\"><\/path><\/svg><svg style=\"fill: #999;color:#999\" class=\"arrow-unsorted-368013\" xmlns=\"http:\/\/www.w3.org\/2000\/svg\" width=\"10px\" height=\"10px\" viewbox=\"0 0 24 24\" version=\"1.2\" baseprofile=\"tiny\"><path d=\"M18.2 9.3l-6.2-6.3-6.2 6.3c-.2.2-.3.4-.3.7s.1.5.3.7c.2.2.4.3.7.3h11c.3 0 .5-.1.7-.3.2-.2.3-.5.3-.7s-.1-.5-.3-.7zM5.8 14.7l6.2 6.3 6.2-6.3c.2-.2.3-.5.3-.7s-.1-.5-.3-.7c-.2-.2-.4-.3-.7-.3h-11c-.3 0-.5.1-.7.3-.2.2-.3.5-.3.7s.1.5.3.7z\"\/><\/svg><\/span><\/span><\/span><\/a><\/span><\/div>\n<nav><ul class='ez-toc-list ez-toc-list-level-1' ><li class='ez-toc-page-1 ez-toc-heading-level-1'><a class=\"ez-toc-link ez-toc-heading-1\" href=\"https:\/\/firstconsultingservices.com\/vi-vn\/gioi-thieu-99ok\/#Gioi_Thieu_99OK_Ve_Giay_Phep_Muc_Tieu_Va_Cam_Ket_Chung\" >Gi\u1edbi Thi\u1ec7u 99OK V\u1ec1 Gi\u1ea5y Ph\u00e9p, M\u1ee5c Ti\u00eau V\u00e0 Cam K\u1ebft Chung<\/a><ul class='ez-toc-list-level-2' ><li class='ez-toc-heading-level-2'><a class=\"ez-toc-link ez-toc-heading-2\" href=\"https:\/\/firstconsultingservices.com\/vi-vn\/gioi-thieu-99ok\/#Gioi_thieu_99OK_ve_giay_phep_hoat_dong_chinh_thuc\" >Gi\u1edbi thi\u1ec7u 99OK v\u1ec1 gi\u1ea5y ph\u00e9p ho\u1ea1t \u0111\u1ed9ng ch\u00ednh th\u1ee9c<\/a><\/li><li class='ez-toc-page-1 ez-toc-heading-level-2'><a class=\"ez-toc-link ez-toc-heading-3\" href=\"https:\/\/firstconsultingservices.com\/vi-vn\/gioi-thieu-99ok\/#Muc_tieu_phat_trien_cua_thuong_hieu_trong_hien_tai_va_tuong_lai\" >M\u1ee5c ti\u00eau ph\u00e1t tri\u1ec3n c\u1ee7a th\u01b0\u01a1ng hi\u1ec7u trong hi\u1ec7n t\u1ea1i v\u00e0 t\u01b0\u01a1ng lai<\/a><ul class='ez-toc-list-level-3' ><li class='ez-toc-heading-level-3'><a class=\"ez-toc-link ez-toc-heading-4\" href=\"https:\/\/firstconsultingservices.com\/vi-vn\/gioi-thieu-99ok\/#Gioi_thieu_99OK_ve_muc_tieu_nang_cao_trai_nghiem_nguoi_choi\" >Gi\u1edbi thi\u1ec7u 99OK v\u1ec1 m\u1ee5c ti\u00eau n\u00e2ng cao tr\u1ea3i nghi\u1ec7m ng\u01b0\u1eddi ch\u01a1i<\/a><\/li><li class='ez-toc-page-1 ez-toc-heading-level-3'><a class=\"ez-toc-link ez-toc-heading-5\" href=\"https:\/\/firstconsultingservices.com\/vi-vn\/gioi-thieu-99ok\/#Thuong_xuyen_cap_nhat_game_va_dich_vu\" >Th\u01b0\u1eddng xuy\u00ean c\u1eadp nh\u1eadt game v\u00e0 d\u1ecbch v\u1ee5<\/a><\/li><li class='ez-toc-page-1 ez-toc-heading-level-3'><a class=\"ez-toc-link ez-toc-heading-6\" href=\"https:\/\/firstconsultingservices.com\/vi-vn\/gioi-thieu-99ok\/#Cung_co_uy_tin_va_cam_ket_minh_bach\" >C\u1ee7ng c\u1ed1 uy t\u00edn v\u00e0 cam k\u1ebft minh b\u1ea1ch<\/a><\/li><\/ul><\/li><li class='ez-toc-page-1 ez-toc-heading-level-2'><a class=\"ez-toc-link ez-toc-heading-7\" href=\"https:\/\/firstconsultingservices.com\/vi-vn\/gioi-thieu-99ok\/#Gioi_thieu_99OK_ve_cam_ket_hoat_dong_chung\" >Gi\u1edbi thi\u1ec7u 99OK v\u1ec1 cam k\u1ebft ho\u1ea1t \u0111\u1ed9ng chung<\/a><ul class='ez-toc-list-level-3' ><li class='ez-toc-heading-level-3'><a class=\"ez-toc-link ez-toc-heading-8\" href=\"https:\/\/firstconsultingservices.com\/vi-vn\/gioi-thieu-99ok\/#Cam_ket_minh_bach_va_cong_bang\" >Cam k\u1ebft minh b\u1ea1ch v\u00e0 c\u00f4ng b\u1eb1ng<\/a><\/li><li class='ez-toc-page-1 ez-toc-heading-level-3'><a class=\"ez-toc-link ez-toc-heading-9\" href=\"https:\/\/firstconsultingservices.com\/vi-vn\/gioi-thieu-99ok\/#Gioi_thieu_99OK_ve_cam_ket_bao_mat_thong_tin\" >Gi\u1edbi thi\u1ec7u 99OK v\u1ec1 cam k\u1ebft b\u1ea3o m\u1eadt th\u00f4ng tin<\/a><\/li><li class='ez-toc-page-1 ez-toc-heading-level-3'><a class=\"ez-toc-link ez-toc-heading-10\" href=\"https:\/\/firstconsultingservices.com\/vi-vn\/gioi-thieu-99ok\/#Cam_ket_ho_tro_tan_tam\" >Cam k\u1ebft h\u1ed7 tr\u1ee3 t\u1eadn t\u00e2m<\/a><\/li><\/ul><\/li><li class='ez-toc-page-1 ez-toc-heading-level-2'><a class=\"ez-toc-link ez-toc-heading-11\" href=\"https:\/\/firstconsultingservices.com\/vi-vn\/gioi-thieu-99ok\/#Danh_gia_thuc_te_cua_khach_hang_ve_99OK\" >\u0110\u00e1nh gi\u00e1 th\u1ef1c t\u1ebf c\u1ee7a kh\u00e1ch h\u00e0ng v\u1ec1 99OK<\/a><\/li><li class='ez-toc-page-1 ez-toc-heading-level-2'><a class=\"ez-toc-link ez-toc-heading-12\" href=\"https:\/\/firstconsultingservices.com\/vi-vn\/gioi-thieu-99ok\/#Ket_luan\" >K\u1ebft lu\u1eadn<\/a><\/li><\/ul><\/li><\/ul><\/nav><\/div>\n<h1 style=\"text-align: center;\"><span class=\"ez-toc-section\" id=\"Gioi_Thieu_99OK_Ve_Giay_Phep_Muc_Tieu_Va_Cam_Ket_Chung\"><\/span><b>Gi\u1edbi Thi\u1ec7u 99OK V\u1ec1 Gi\u1ea5y Ph\u00e9p, M\u1ee5c Ti\u00eau V\u00e0 Cam K\u1ebft Chung<\/b><span class=\"ez-toc-section-end\"><\/span><\/h1>\n<p><b>Gi\u1edbi thi\u1ec7u 99OK<\/b><span style=\"font-weight: 400;\"> &#8211; nh\u00e0 c\u00e1i c\u00e1 c\u01b0\u1ee3c tr\u1ef1c tuy\u1ebfn <strong>99OK<\/strong> \u0111\u01b0\u1ee3c c\u1ea5p ph\u00e9p h\u1ee3p ph\u00e1p b\u1edfi c\u00e1c t\u1ed5 ch\u1ee9c qu\u1ed1c t\u1ebf uy t\u00edn. V\u1edbi cam k\u1ebft mang \u0111\u1ebfn m\u00f4i tr\u01b0\u1eddng minh b\u1ea1ch, an to\u00e0n v\u00e0 c\u00f4ng b\u1eb1ng tuy\u1ec7t \u0111\u1ed1i, n\u1ec1n t\u1ea3ng \u0111\u1eb7t quy\u1ec1n l\u1ee3i c\u1ee7a ng\u01b0\u1eddi ch\u01a1i l\u00ean h\u00e0ng \u0111\u1ea7u. Kh\u00e1ch h\u00e0ng l\u00e0 s\u1ed1 1 l\u00e0 s\u1ee9 m\u1ec7nh h\u00e0ng \u0111\u1ea7u m\u00e0 ch\u00fang t\u00f4i v\u1eabn lu\u00f4n h\u01b0\u1edbng \u0111\u1ebfn.<\/span><\/p>\n<h2><span class=\"ez-toc-section\" id=\"Gioi_thieu_99OK_ve_giay_phep_hoat_dong_chinh_thuc\"><\/span><b>Gi\u1edbi thi\u1ec7u 99OK v\u1ec1 gi\u1ea5y ph\u00e9p ho\u1ea1t \u0111\u1ed9ng ch\u00ednh th\u1ee9c<\/b><span class=\"ez-toc-section-end\"><\/span><\/h2>\n<p><span style=\"font-weight: 400;\">Nh\u00e0 c\u00e1i kh\u1eb3ng \u0111\u1ecbnh v\u1ecb th\u1ebf tr\u00ean th\u1ecb tr\u01b0\u1eddng nh\u1edd v\u00e0o s\u1ef1 minh b\u1ea1ch, h\u1ee3p ph\u00e1p v\u00e0 an to\u00e0n tuy\u1ec7t \u0111\u1ed1i trong m\u1ecdi ho\u1ea1t \u0111\u1ed9ng. V\u1edbi c\u00f4ng ngh\u1ec7 hi\u1ec7n \u0111\u1ea1i c\u00f9ng h\u1ec7 th\u1ed1ng qu\u1ea3n l\u00fd ch\u1eb7t ch\u1ebd, nh\u00e0 c\u00e1i \u0111\u00e3 t\u1ea1o d\u1ef1ng th\u01b0\u01a1ng hi\u1ec7u nh\u1edd s\u1ef1 uy t\u00edn kh\u00f4ng ch\u1ec9 \u0111\u1ebfn t\u1eeb tr\u1ea3i nghi\u1ec7m m\u01b0\u1ee3t m\u00e0, m\u00e0 c\u00f2n t\u1eeb vi\u1ec7c tu\u00e2n th\u1ee7 \u0111\u1ea7y \u0111\u1ee7 c\u00e1c ti\u00eau chu\u1ea9n qu\u1ed1c t\u1ebf.<\/span><\/p>\n<figure id=\"attachment_36\" aria-describedby=\"caption-attachment-36\" style=\"width: 800px\" class=\"wp-caption aligncenter\"><img loading=\"lazy\" decoding=\"async\" class=\"size-full wp-image-36\" src=\"https:\/\/firstconsultingservices.com\/wp-content\/uploads\/2025\/09\/gioi-thieu-99ok-ve-do-uy-tin.jpg\" alt=\"Gi\u1edbi thi\u1ec7u 99OK v\u1ec1 \u0111\u1ed9 uy t\u00edn\" width=\"800\" height=\"400\" title=\"\" srcset=\"https:\/\/firstconsultingservices.com\/wp-content\/uploads\/2025\/09\/gioi-thieu-99ok-ve-do-uy-tin.jpg 800w, https:\/\/firstconsultingservices.com\/wp-content\/uploads\/2025\/09\/gioi-thieu-99ok-ve-do-uy-tin-300x150.jpg 300w, https:\/\/firstconsultingservices.com\/wp-content\/uploads\/2025\/09\/gioi-thieu-99ok-ve-do-uy-tin-768x384.jpg 768w\" sizes=\"auto, (max-width: 800px) 100vw, 800px\" \/><figcaption id=\"caption-attachment-36\" class=\"wp-caption-text\">Gi\u1edbi thi\u1ec7u 99OK v\u1ec1 \u0111\u1ed9 uy t\u00edn<\/figcaption><\/figure>\n<p><a href=\"https:\/\/firstconsultingservices.com\/vi-vn\/gioi-thieu-99ok\/\"><b>Gi\u1edbi thi\u1ec7u 99OK<\/b><\/a> <span style=\"font-weight: 400;\">v\u1ec1 gi\u1ea5y ph\u00e9p ho\u1ea1t \u0111\u1ed9ng h\u1ee3p ph\u00e1p ngay d\u01b0\u1edbi \u0111\u00e2y:<\/span><\/p>\n<table>\n<tbody>\n<tr>\n<td><b>MGA<\/b><\/td>\n<td><span style=\"font-weight: 400;\">C\u01a1 quan qu\u1ea3n l\u00fd n\u1ed5i ti\u1ebfng Ch\u00e2u \u00c2u, c\u1ea5p ph\u00e9p cho c\u00e1c th\u01b0\u01a1ng hi\u1ec7u c\u00e1 c\u01b0\u1ee3c \u0111\u00e1p \u1ee9ng \u0111\u1ee7 \u0111i\u1ec1u ki\u1ec7n minh b\u1ea1ch v\u00e0 c\u00f4ng b\u1eb1ng.<\/span><\/td>\n<\/tr>\n<tr>\n<td><b>eCORGA<\/b><\/td>\n<td><span style=\"font-weight: 400;\">T\u1ed5 ch\u1ee9c ki\u1ec3m to\u00e1n \u0111\u1ed9c l\u1eadp, chuy\u00ean gi\u00e1m s\u00e1t t\u00ednh c\u00f4ng b\u1eb1ng c\u1ee7a tr\u00f2 ch\u01a1i v\u00e0 b\u1ea3o v\u1ec7 quy\u1ec1n l\u1ee3i h\u1ed9i vi\u00ean.<\/span><\/td>\n<\/tr>\n<tr>\n<td><b>GLI<\/b><\/td>\n<td><span style=\"font-weight: 400;\">\u0110\u01a1n v\u1ecb ki\u1ec3m \u0111\u1ecbnh ph\u1ea7n m\u1ec1m v\u00e0 h\u1ec7 th\u1ed1ng c\u00e1 c\u01b0\u1ee3c h\u00e0ng \u0111\u1ea7u, \u0111\u1ea3m b\u1ea3o m\u1ecdi tr\u00f2 ch\u01a1i v\u1eadn h\u00e0nh chu\u1ea9n x\u00e1c v\u00e0 an to\u00e0n.<\/span><\/td>\n<\/tr>\n<\/tbody>\n<\/table>\n<h2><span class=\"ez-toc-section\" id=\"Muc_tieu_phat_trien_cua_thuong_hieu_trong_hien_tai_va_tuong_lai\"><\/span><b>M\u1ee5c ti\u00eau ph\u00e1t tri\u1ec3n c\u1ee7a th\u01b0\u01a1ng hi\u1ec7u trong hi\u1ec7n t\u1ea1i v\u00e0 t\u01b0\u01a1ng lai<\/b><span class=\"ez-toc-section-end\"><\/span><\/h2>\n<p><span style=\"font-weight: 400;\">Nh\u00e0 c\u00e1i li\u00ean t\u1ee5c \u0111\u1eb7t ra nh\u1eefng m\u1ee5c ti\u00eau c\u1ee5 th\u1ec3 \u0111\u1ec3 c\u1ea3i thi\u1ec7n d\u1ecbch v\u1ee5 v\u00e0 m\u1edf r\u1ed9ng s\u1ea3n ph\u1ea9m. Ngay b\u00e2y gi\u1edd c\u0169ng nh\u01b0 trong t\u01b0\u01a1ng lai, nh\u00e0 c\u00e1i \u0111\u1ecbnh h\u01b0\u1edbng ph\u00e1t tri\u1ec3n b\u1ec1n v\u1eefng, mang \u0111\u1ebfn tr\u1ea3i nghi\u1ec7m t\u1ed1t nh\u1ea5t cho ng\u01b0\u1eddi ch\u01a1i.<\/span><\/p>\n<h3><span class=\"ez-toc-section\" id=\"Gioi_thieu_99OK_ve_muc_tieu_nang_cao_trai_nghiem_nguoi_choi\"><\/span><b>Gi\u1edbi thi\u1ec7u 99OK v\u1ec1 m\u1ee5c ti\u00eau n\u00e2ng cao tr\u1ea3i nghi\u1ec7m ng\u01b0\u1eddi ch\u01a1i<\/b><span class=\"ez-toc-section-end\"><\/span><\/h3>\n<p><span style=\"font-weight: 400;\">Nh\u00e0 c\u00e1i h\u01b0\u1edbng \u0111\u1ebfn vi\u1ec7c ho\u00e0n thi\u1ec7n to\u00e0n b\u1ed9 quy tr\u00ecnh tham gia gi\u1ea3i tr\u00ed c\u1ee7a m\u1ecdi h\u1ed9i vi\u00ean. T\u1eeb \u0111\u0103ng k\u00fd t\u00e0i kho\u1ea3n, x\u00e1c minh, n\u1ea1p r\u00fat \u0111\u1ebfn \u0111\u1eb7t c\u01b0\u1ee3c, t\u1ea5t c\u1ea3 c\u00e1c b\u01b0\u1edbc \u0111\u1ec1u \u0111\u01b0\u1ee3c t\u1ed1i \u01b0u ho\u00e1 \u0111\u1ec3 thao t\u00e1c nhanh g\u1ecdn v\u00e0 ch\u00ednh x\u00e1c. Ngo\u00e0i ra, h\u1ec7 th\u1ed1ng giao di\u1ec7n c\u0169ng c\u00f3 thi\u1ebft k\u1ebf \u0111\u01a1n gi\u1ea3n gi\u00fap t\u00e2n th\u1ee7 d\u1ec5 ti\u1ebfp c\u1eadn h\u01a1n.<\/span><\/p>\n<h3><span class=\"ez-toc-section\" id=\"Thuong_xuyen_cap_nhat_game_va_dich_vu\"><\/span><b>Th\u01b0\u1eddng xuy\u00ean c\u1eadp nh\u1eadt game v\u00e0 d\u1ecbch v\u1ee5<\/b><span class=\"ez-toc-section-end\"><\/span><\/h3>\n<p><b>Gi\u1edbi thi\u1ec7u 99OK <\/b><span style=\"font-weight: 400;\">v\u1ec1 m\u1ee5c ti\u00eau m\u1edf r\u1ed9ng danh m\u1ee5c tr\u00f2 ch\u01a1i v\u00e0 d\u1ecbch v\u1ee5 gi\u1ea3i tr\u00ed. Nh\u00e0 c\u00e1i <strong><a class=\"in-cell-link\" href=\"https:\/\/firstconsultingservices.com\/vi-vn\/\" target=\"_blank\" rel=\"noopener\">99okvip.top<\/a><\/strong> h\u1ee3p t\u00e1c v\u1edbi c\u00e1c nh\u00e0 ph\u00e1t h\u00e0nh l\u1edbn nh\u01b0 EVO, PP, RTG,&#8230; \u0111\u1ec3 c\u1eadp nh\u1eadt th\u00eam game casino tr\u1ef1c tuy\u1ebfn, slot, th\u1ec3 thao,&#8230; m\u1ed7i ng\u00e0y. \u0110i\u1ec1u n\u00e0y gi\u00fap h\u1ed9i vi\u00ean c\u00f3 nhi\u1ec1u l\u1ef1a ch\u1ecdn ph\u00f9 h\u1ee3p v\u1edbi s\u1edf th\u00edch c\u00e1 nh\u00e2n.<\/span><\/p>\n<figure id=\"attachment_35\" aria-describedby=\"caption-attachment-35\" style=\"width: 800px\" class=\"wp-caption aligncenter\"><img loading=\"lazy\" decoding=\"async\" class=\"size-full wp-image-35\" src=\"https:\/\/firstconsultingservices.com\/wp-content\/uploads\/2025\/09\/nha-cai-khong-ngung-cap-nhat-game-hot.jpg\" alt=\"Nh\u00e0 c\u00e1i kh\u00f4ng ng\u1eebng c\u1eadp nh\u1eadt game hot\" width=\"800\" height=\"400\" title=\"\" srcset=\"https:\/\/firstconsultingservices.com\/wp-content\/uploads\/2025\/09\/nha-cai-khong-ngung-cap-nhat-game-hot.jpg 800w, https:\/\/firstconsultingservices.com\/wp-content\/uploads\/2025\/09\/nha-cai-khong-ngung-cap-nhat-game-hot-300x150.jpg 300w, https:\/\/firstconsultingservices.com\/wp-content\/uploads\/2025\/09\/nha-cai-khong-ngung-cap-nhat-game-hot-768x384.jpg 768w\" sizes=\"auto, (max-width: 800px) 100vw, 800px\" \/><figcaption id=\"caption-attachment-35\" class=\"wp-caption-text\">Nh\u00e0 c\u00e1i kh\u00f4ng ng\u1eebng c\u1eadp nh\u1eadt game hot<\/figcaption><\/figure>\n<h3><span class=\"ez-toc-section\" id=\"Cung_co_uy_tin_va_cam_ket_minh_bach\"><\/span><b>C\u1ee7ng c\u1ed1 uy t\u00edn v\u00e0 cam k\u1ebft minh b\u1ea1ch<\/b><span class=\"ez-toc-section-end\"><\/span><\/h3>\n<p><span style=\"font-weight: 400;\">\u0110\u1ec3 duy tr\u00ec s\u1ef1 tin t\u01b0\u1edfng c\u1ee7a ng\u01b0\u1eddi ch\u01a1i, n\u1ec1n t\u1ea3ng \u00e1p d\u1ee5ng h\u1ec7 th\u1ed1ng b\u1ea3o m\u1eadt chu\u1ea9n qu\u1ed1c t\u1ebf, \u0111\u1ed3ng th\u1eddi c\u00f4ng khai r\u00f5 r\u00e0ng c\u00e1c quy \u0111\u1ecbnh v\u1ec1 n\u1ea1p r\u00fat, t\u1ef7 l\u1ec7 tr\u1ea3 th\u01b0\u1edfng v\u00e0 \u0111i\u1ec1u ki\u1ec7n khuy\u1ebfn m\u00e3i. M\u1ecdi giao d\u1ecbch \u0111\u1ec1u \u0111\u01b0\u1ee3c x\u1eed l\u00fd minh b\u1ea1ch, h\u1ea1n ch\u1ebf t\u1ed1i \u0111a r\u1ee7i ro v\u00e0 b\u1ea3o \u0111\u1ea3m quy\u1ec1n l\u1ee3i cho h\u1ed9i vi\u00ean<\/span><\/p>\n<h2><span class=\"ez-toc-section\" id=\"Gioi_thieu_99OK_ve_cam_ket_hoat_dong_chung\"><\/span><b>Gi\u1edbi thi\u1ec7u 99OK v\u1ec1 cam k\u1ebft ho\u1ea1t \u0111\u1ed9ng chung<\/b><span class=\"ez-toc-section-end\"><\/span><\/h2>\n<p><b>Gi\u1edbi thi\u1ec7u 99OK <\/b><span style=\"font-weight: 400;\">&#8211; nh\u00e0 c\u00e1i lu\u00f4n \u0111\u1eb7t ra cam k\u1ebft r\u00f5 r\u00e0ng trong qu\u00e1 tr\u00ecnh v\u1eadn h\u00e0nh. \u0110\u00e2y l\u00e0 c\u01a1 s\u1edf \u0111\u1ec3 ng\u01b0\u1eddi ch\u01a1i y\u00ean t\u00e2m tr\u1ea3i nghi\u1ec7m trong m\u1ed9t m\u00f4i tr\u01b0\u1eddng an to\u00e0n, minh b\u1ea1ch v\u00e0 chuy\u00ean nghi\u1ec7p.<\/span><\/p>\n<h3><span class=\"ez-toc-section\" id=\"Cam_ket_minh_bach_va_cong_bang\"><\/span><b>Cam k\u1ebft minh b\u1ea1ch v\u00e0 c\u00f4ng b\u1eb1ng<\/b><span class=\"ez-toc-section-end\"><\/span><\/h3>\n<p><span style=\"font-weight: 400;\">Nh\u00e0 c\u00e1i cam k\u1ebft m\u1ecdi tr\u00f2 ch\u01a1i tr\u00ean h\u1ec7 th\u1ed1ng \u0111\u1ec1u \u0111\u01b0\u1ee3c ki\u1ec3m \u0111\u1ecbnh ch\u1eb7t ch\u1ebd t\u1eeb c\u00e1c t\u1ed5 ch\u1ee9c qu\u1ed1c t\u1ebf \u0111\u1ed9c l\u1eadp, \u0111\u1ea3m b\u1ea3o kh\u00f4ng c\u00f3 s\u1ef1 can thi\u1ec7p k\u1ebft qu\u1ea3. C\u00e1c t\u1ef7 l\u1ec7 tr\u1ea3 th\u01b0\u1edfng, quy t\u1eafc \u0111\u1eb7t c\u01b0\u1ee3c v\u00e0 \u0111i\u1ec1u ki\u1ec7n khuy\u1ebfn m\u00e3i \u0111\u1ec1u \u0111\u01b0\u1ee3c c\u00f4ng khai r\u00f5 r\u00e0ng tr\u00ean trang ch\u1ee7, gi\u00fap h\u1ed9i vi\u00ean\u00a0<strong><span data-sheets-root=\"1\">99ok..com<\/span><\/strong> d\u1ec5 d\u00e0ng n\u1eafm b\u1eaft.<\/span><\/p>\n<h3><span class=\"ez-toc-section\" id=\"Gioi_thieu_99OK_ve_cam_ket_bao_mat_thong_tin\"><\/span><b>Gi\u1edbi thi\u1ec7u 99OK v\u1ec1 cam k\u1ebft b\u1ea3o m\u1eadt th\u00f4ng tin<\/b><span class=\"ez-toc-section-end\"><\/span><\/h3>\n<p><span style=\"font-weight: 400;\">Nh\u00e0 c\u00e1i tri\u1ec3n khai h\u1ec7 th\u1ed1ng b\u1ea3o m\u1eadt \u0111a t\u1ea7ng v\u1edbi c\u00f4ng ngh\u1ec7 m\u00e3 h\u00f3a SSL 256-bit k\u1ebft h\u1ee3p t\u01b0\u1eddng l\u1eeda n\u00e2ng cao, nh\u1eb1m b\u1ea3o v\u1ec7 t\u1ed1i \u0111a d\u1eef li\u1ec7u c\u00e1 nh\u00e2n c\u1ee7a h\u1ed9i vi\u00ean. B\u00ean c\u1ea1nh \u0111\u00f3, s\u00e2n ch\u01a1i c\u00f2n tu\u00e2n th\u1ee7 nghi\u00eam ng\u1eb7t c\u00e1c y\u00eau c\u1ea7u qu\u1ed1c t\u1ebf v\u1ec1 an to\u00e0n, ng\u0103n ch\u1eb7n nguy c\u01a1 r\u00f2 r\u1ec9 d\u1eef li\u1ec7u.<\/span><\/p>\n<figure id=\"attachment_34\" aria-describedby=\"caption-attachment-34\" style=\"width: 800px\" class=\"wp-caption aligncenter\"><img loading=\"lazy\" decoding=\"async\" class=\"size-full wp-image-34\" src=\"https:\/\/firstconsultingservices.com\/wp-content\/uploads\/2025\/09\/cam-ket-chung-cua-nha-cai-ke-tu-khi-thanh-lap.jpg\" alt=\"Cam k\u1ebft chung c\u1ee7a nh\u00e0 c\u00e1i k\u1ec3 t\u1eeb khi th\u00e0nh l\u1eadp\" width=\"800\" height=\"400\" title=\"\" srcset=\"https:\/\/firstconsultingservices.com\/wp-content\/uploads\/2025\/09\/cam-ket-chung-cua-nha-cai-ke-tu-khi-thanh-lap.jpg 800w, https:\/\/firstconsultingservices.com\/wp-content\/uploads\/2025\/09\/cam-ket-chung-cua-nha-cai-ke-tu-khi-thanh-lap-300x150.jpg 300w, https:\/\/firstconsultingservices.com\/wp-content\/uploads\/2025\/09\/cam-ket-chung-cua-nha-cai-ke-tu-khi-thanh-lap-768x384.jpg 768w\" sizes=\"auto, (max-width: 800px) 100vw, 800px\" \/><figcaption id=\"caption-attachment-34\" class=\"wp-caption-text\">Cam k\u1ebft chung c\u1ee7a nh\u00e0 c\u00e1i k\u1ec3 t\u1eeb khi th\u00e0nh l\u1eadp<\/figcaption><\/figure>\n<h3><span class=\"ez-toc-section\" id=\"Cam_ket_ho_tro_tan_tam\"><\/span><b>Cam k\u1ebft h\u1ed7 tr\u1ee3 t\u1eadn t\u00e2m<\/b><span class=\"ez-toc-section-end\"><\/span><\/h3>\n<p><span style=\"font-weight: 400;\">\u0110\u1ed9i ng\u0169 CSKH lu\u00f4n \u0111\u01b0\u1ee3c \u0111\u00e0o t\u1ea1o b\u00e0i b\u1ea3n, ho\u1ea1t \u0111\u1ed9ng li\u00ean t\u1ee5c 24\/7 \u0111\u1ec3 k\u1ecbp th\u1eddi h\u1ed7 tr\u1ee3 h\u1ed9i vi\u00ean trong m\u1ecdi t\u00ecnh hu\u1ed1ng. Vi\u1ec7c h\u01b0\u1edbng d\u1eabn \u0111\u0103ng k\u00fd, x\u1eed l\u00fd s\u1ef1 c\u1ed1 n\u1ea1p r\u00fat,&#8230; \u0111\u1ec1u \u0111\u01b0\u1ee3c h\u1ec7 th\u1ed1ng gi\u1ea3i quy\u1ebft nhanh ch\u00f3ng v\u00e0 r\u00f5 r\u00e0ng. Nh\u00e2n vi\u00ean h\u1ed7 tr\u1ee3 \u0111a k\u00eanh gi\u00fap h\u1ed9i vi\u00ean k\u1ebft n\u1ed1i d\u1ec5 d\u00e0ng.<\/span><\/p>\n<blockquote><p><em><strong>&gt;&gt;&gt; Xem th\u00eam : 5+ <a href=\"https:\/\/firstconsultingservices.com\/vi-vn\/khuyen-mai-99ok\/\">Khuy\u1ebfn M\u1ea1i 99OK<\/a> Th\u01b0\u1edfng C\u1ef1c L\u1edbn Cho To\u00e0n B\u1ed9 H\u1ed9i Vi\u00ean<\/strong><\/em><\/p><\/blockquote>\n<h2><span class=\"ez-toc-section\" id=\"Danh_gia_thuc_te_cua_khach_hang_ve_99OK\"><\/span><b>\u0110\u00e1nh gi\u00e1 th\u1ef1c t\u1ebf c\u1ee7a kh\u00e1ch h\u00e0ng v\u1ec1 99OK<\/b><span class=\"ez-toc-section-end\"><\/span><\/h2>\n<p><span style=\"font-weight: 400;\">Ng\u01b0\u1eddi ch\u01a1i sau khi tr\u1ea3i nghi\u1ec7m t\u1ea1i nh\u00e0 c\u00e1i \u0111\u1ec1u \u0111\u01b0a ra nhi\u1ec1u ph\u1ea3n h\u1ed3i t\u00edch c\u1ef1c v\u1ec1 d\u1ecbch v\u1ee5 v\u00e0 s\u1ea3n ph\u1ea9m m\u00e0 nh\u00e0 c\u00e1i mang l\u1ea1i. \u0110\u00e2y c\u0169ng l\u00e0 l\u00fd do t\u1ea1i sao nhi\u1ec1u h\u1ed9i vi\u00ean lu\u00f4n <\/span><b>gi\u1edbi thi\u1ec7u 99OK <\/b><span style=\"font-weight: 400;\">cho nh\u1eefng ai \u0111ang t\u00ecm ki\u1ebfm \u0111\u1ecba ch\u1ec9 c\u00e1 c\u01b0\u1ee3c uy t\u00edn.<\/span><\/p>\n<table>\n<tbody>\n<tr>\n<td><span style=\"font-weight: 400;\">\u2b50\u2b50\u2b50\u2b50\u2b50<\/span><\/td>\n<td><span style=\"font-weight: 400;\">\u2b50\u2b50\u2b50\u2b50\u2b50<\/span><\/td>\n<td><span style=\"font-weight: 400;\">\u2b50\u2b50\u2b50\u2b50\u2b50<\/span><\/td>\n<\/tr>\n<tr>\n<td><span style=\"font-weight: 400;\">T\u00f4i th\u01b0\u1eddng xuy\u00ean tham gia c\u00e1c s\u1ef1 ki\u1ec7n khuy\u1ebfn m\u00e3i t\u1ea1i 99OK v\u00e0 th\u1ea5y \u0111i\u1ec1u \u0111\u1eb7c bi\u1ec7t l\u00e0 th\u1ec3 l\u1ec7 lu\u00f4n r\u00f5 r\u00e0ng, ph\u1ea7n th\u01b0\u1edfng trao \u0111\u00fang h\u1eb9n, t\u1ea1o cho t\u00f4i s\u1ef1 tin t\u01b0\u1edfng tuy\u1ec7t \u0111\u1ed1i<\/span><\/td>\n<td><span style=\"font-weight: 400;\">T\u00f4i kh\u00e1 b\u1ea5t ng\u1edd khi \u1ee9ng d\u1ee5ng c\u1ee7a nh\u00e0 c\u00e1i li\u00ean t\u1ee5c \u0111\u01b0\u1ee3c c\u1eadp nh\u1eadt t\u00ednh n\u0103ng m\u1edbi, m\u1ed7i l\u1ea7n n\u00e2ng c\u1ea5p l\u1ea1i th\u1ea5y ti\u1ec7n h\u01a1n v\u00e0 nhanh h\u01a1n tr\u01b0\u1edbc<\/span><\/td>\n<td><span style=\"font-weight: 400;\">T\u00f4i t\u1eebng th\u1eed r\u00fat th\u01b0\u1edfng s\u1ed1 ti\u1ec1n l\u1edbn t\u1ea1i 99OK, ban \u0111\u1ea7u kh\u00e1 lo l\u1eafng nh\u01b0ng qu\u00e1 tr\u00ecnh \u0111\u01b0\u1ee3c x\u1eed l\u00fd r\u00f5 r\u00e0ng v\u00e0 minh b\u1ea1ch, khi\u1ebfn t\u00f4i y\u00ean t\u00e2m ti\u1ebfp t\u1ee5c tham gia m\u1ed7i ng\u00e0y<\/span><\/td>\n<\/tr>\n<tr>\n<td><span style=\"font-weight: 400;\">Minh Nguy\u1ec5n<\/span><\/td>\n<td><span style=\"font-weight: 400;\">Nam M\u1ef9<\/span><\/td>\n<td><span style=\"font-weight: 400;\">T\u00e2m Ph\u1ea1m<\/span><\/td>\n<\/tr>\n<\/tbody>\n<\/table>\n<h2><span class=\"ez-toc-section\" id=\"Ket_luan\"><\/span><b>K\u1ebft lu\u1eadn<\/b><span class=\"ez-toc-section-end\"><\/span><\/h2>\n<p><b>Gi\u1edbi thi\u1ec7u 99OK <\/b><span style=\"font-weight: 400;\">&#8211; trang web c\u00e1 c\u01b0\u1ee3c tr\u1ef1c tuy\u1ebfn uy t\u00edn h\u00e0ng \u0111\u1ea7u th\u1ecb tr\u01b0\u1eddng hi\u1ec7n nay. Tr\u1edf th\u00e0nh h\u1ed9i vi\u00ean ch\u00ednh th\u1ee9c t\u1ea1i nh\u00e0 c\u00e1i ngay trong h\u00f4m nay, ch\u1eafc ch\u1eafn b\u1ea1n s\u1ebd nh\u1eadn \u0111\u01b0\u1ee3c nh\u1eefng \u0111\u00e3i ng\u1ed9 t\u1ed1t nh\u1ea5t. Hi\u1ec7n t\u1ea1i, ch\u00fang t\u00f4i v\u1eabn lu\u00f4n theo \u0111u\u1ed5i m\u1ee5c ti\u00eau duy tr\u00ec v\u1ecb th\u1ebf l\u00e0 m\u1ed9t n\u1ec1n t\u1ea3ng giai t\u00ed \u0111\u00e1ng tin c\u1eady.<\/span><\/p>","protected":false},"excerpt":{"rendered":"<p>Gi\u1edbi Thi\u1ec7u 99OK V\u1ec1 Gi\u1ea5y Ph\u00e9p, M\u1ee5c Ti\u00eau V\u00e0 Cam K\u1ebft Chung Gi\u1edbi thi\u1ec7u 99OK &#8211; nh\u00e0 c\u00e1i c\u00e1 c\u01b0\u1ee3c tr\u1ef1c tuy\u1ebfn 99OK \u0111\u01b0\u1ee3c c\u1ea5p ph\u00e9p h\u1ee3p ph\u00e1p b\u1edfi c\u00e1c t\u1ed5 ch\u1ee9c qu\u1ed1c t\u1ebf uy t\u00edn. V\u1edbi cam k\u1ebft mang \u0111\u1ebfn m\u00f4i tr\u01b0\u1eddng minh b\u1ea1ch, an to\u00e0n v\u00e0 c\u00f4ng b\u1eb1ng tuy\u1ec7t \u0111\u1ed1i, n\u1ec1n t\u1ea3ng \u0111\u1eb7t [&#8230;]\n","protected":false},"author":1,"featured_media":37,"parent":0,"menu_order":0,"comment_status":"closed","ping_status":"closed","template":"","meta":{"footnotes":""},"class_list":["post-33","page","type-page","status-publish","has-post-thumbnail","hentry"],"_links":{"self":[{"href":"https:\/\/firstconsultingservices.com\/vi-vn\/wp-json\/wp\/v2\/pages\/33","targetHints":{"allow":["GET"]}}],"collection":[{"href":"https:\/\/firstconsultingservices.com\/vi-vn\/wp-json\/wp\/v2\/pages"}],"about":[{"href":"https:\/\/firstconsultingservices.com\/vi-vn\/wp-json\/wp\/v2\/types\/page"}],"author":[{"embeddable":true,"href":"https:\/\/firstconsultingservices.com\/vi-vn\/wp-json\/wp\/v2\/users\/1"}],"replies":[{"embeddable":true,"href":"https:\/\/firstconsultingservices.com\/vi-vn\/wp-json\/wp\/v2\/comments?post=33"}],"version-history":[{"count":7,"href":"https:\/\/firstconsultingservices.com\/vi-vn\/wp-json\/wp\/v2\/pages\/33\/revisions"}],"predecessor-version":[{"id":504,"href":"https:\/\/firstconsultingservices.com\/vi-vn\/wp-json\/wp\/v2\/pages\/33\/revisions\/504"}],"wp:featuredmedia":[{"embeddable":true,"href":"https:\/\/firstconsultingservices.com\/vi-vn\/wp-json\/wp\/v2\/media\/37"}],"wp:attachment":[{"href":"https:\/\/firstconsultingservices.com\/vi-vn\/wp-json\/wp\/v2\/media?parent=33"}],"curies":[{"name":"wp","href":"https:\/\/api.w.org\/{rel}","templated":true}]}}